{"id":997,"date":"2015-07-01T15:05:27","date_gmt":"2015-07-01T15:05:27","guid":{"rendered":"http:\/\/natural-womanhood.local\/?page_id=997"},"modified":"2025-02-26T10:41:33","modified_gmt":"2025-02-26T16:41:33","slug":"film","status":"publish","type":"page","link":"https:\/\/naturalwomanhood.org\/fr\/film\/","title":{"rendered":"Histoires d'amour naturelles : Un documentaire sur la f\u00e9minit\u00e9 naturelle"},"content":{"rendered":"<div style=\"padding:56.25% 0 0 0;position:relative;\"><iframe src=\"https:\/\/player.vimeo.com\/video\/148578366?title=0&amp;byline=0&amp;portrait=0\" style=\"position:absolute;top:0;left:0;width:100%;height:100%;\" frameborder=\"0\" allow=\"autoplay; fullscreen\" allowfullscreen=\"\"><\/iframe><\/div><script src=\"https:\/\/player.vimeo.com\/api\/player.js\"><\/script>\n\n\n\n<div class=\"wp-block-buttons pt-5 is-horizontal is-content-justification-center is-layout-flex wp-container-core-buttons-is-layout-499968f5 wp-block-buttons-is-layout-flex\">\n<div class=\"wp-block-button\"><a class=\"wp-block-button__link has-white-color has-text-color has-background wp-element-button\" href=\"https:\/\/naturalwomanhood.org\/fr\/donner\/\" style=\"background-color:#25990a\">Acheter le DVD pour $15<\/a><\/div>\n\n\n\n<div class=\"wp-block-button\"><a class=\"wp-block-button__link has-white-color has-text-color has-background wp-element-button\" href=\"https:\/\/naturalwomanhood.org\/fr\/bande-annonce-du-film\/\" style=\"background-color:#4089fd\">Voir la bande-annonce<\/a><\/div>\n<\/div>\n\n\n\n<p><em><a href=\"https:\/\/naturalwomanhood.org\/fr\/film\/\" target=\"_blank\" rel=\"noreferrer noopener\">Histoires d'amour naturelles<\/a><\/em>&nbsp;est un documentaire sur trois couples qui, apr\u00e8s avoir rencontr\u00e9 divers probl\u00e8mes avec les contraceptifs hormonaux, ont opt\u00e9 pour une m\u00e9thode naturelle de prise de conscience de la fertilit\u00e9. Plusieurs professionnels de la sant\u00e9 apportent leur expertise sur les dangers des contraceptifs et les avantages des m\u00e9thodes naturelles.<\/p>\n\n\n\n<p>Ce film de 2015 est une production de Natural Womanhood et est d\u00e9di\u00e9 \u00e0 la m\u00e9moire de la jeune femme de 24 ans.&nbsp;<a href=\"https:\/\/naturalwomanhood.org\/fr\/souvenez-vous-derika-langhart-victime-du-nuvaring\/\" target=\"_blank\" rel=\"noreferrer noopener\">Erika Langhart<\/a>et&nbsp;<a href=\"https:\/\/naturalwomanhood.org\/fr\/se-souvenir-dalexandra-williams-un-an-apres-sa-mort-2019\/\" target=\"_blank\" rel=\"noreferrer noopener\">autres victimes<\/a>&nbsp;des contraceptifs hormonaux.<\/p>\n\n\n\n<h4 class=\"wp-block-heading\" id=\"h-share-with-friends\"><span id=\"share-with-friends\">Partager avec des amis<\/span><\/h4>\n\n\n\n<p>Connaissez-vous quelqu'un qui aurait int\u00e9r\u00eat \u00e0 voir ce film ? Cliquez sur les boutons des m\u00e9dias sociaux ci-dessous pour le partager avec vos amis.<\/p>\n\n\n\n<h4 class=\"wp-block-heading\" id=\"h-order-a-dvd\"><span id=\"order-a-dvd\">Commander un DVD<\/span><\/h4>\n\n\n\n<p>Vous pouvez acheter une copie du DVD en faisant un don de $15 par unit\u00e9 (y compris les frais d'exp\u00e9dition aux \u00c9tats-Unis) sur notre site Web. <a href=\"https:\/\/naturalwomanhood.org\/fr\/donner\/\">page des dons<\/a>. N'oubliez pas de pr\u00e9ciser que le don est destin\u00e9 \u00e0 l'achat d'un DVD. <\/p>\n\n\n\n<h4 class=\"wp-block-heading\" id=\"h-support-natural-love-stories\"><span id=\"support-natural-love-stories\">Soutenir les histoires d'amour naturelles<\/span><\/h4>\n\n\n\n<p>Votre&nbsp;<a href=\"https:\/\/naturalwomanhood.org\/fr\/boutique\/\">achat<\/a>&nbsp;du documentaire Natural Love Stories ou don d\u00e9ductible des imp\u00f4ts&nbsp;<a href=\"https:\/\/naturalwomanhood.org\/fr\/donner\/\">ici<\/a>&nbsp;soutient le travail de Natural Womanhood, une organisation \u00e0 but non lucratif qui se consacre \u00e0 la sensibilisation aux avantages de la cartographie de la fertilit\u00e9.<\/p>\n\n\n\n<p><\/p>","protected":false},"excerpt":{"rendered":"Natural Love Stories est un documentaire r\u00e9volutionnaire sur trois couples qui, apr\u00e8s avoir rencontr\u00e9 divers probl\u00e8mes avec la contraception hormonale,...","protected":false},"author":1,"featured_media":0,"parent":0,"menu_order":0,"comment_status":"open","ping_status":"closed","template":"","meta":{"_acf_changed":false,"_kad_blocks_custom_css":"","_kad_blocks_head_custom_js":"","_kad_blocks_body_custom_js":"","_kad_blocks_footer_custom_js":"","csco_singular_sidebar":"","csco_page_header_type":"","csco_page_load_nextpost":"","csco_post_video_location":[],"csco_post_video_url":"","csco_post_video_bg_start_time":0,"csco_post_video_bg_end_time":0,"footnotes":""},"class_list":{"0":"post-997","1":"page","2":"type-page","3":"status-publish","5":"cs-entry","6":"cs-video-wrap"},"acf":[],"yoast_head":"<!-- This site is optimized with the Yoast SEO Premium plugin v27.2 (Yoast SEO v27.2) - https:\/\/yoast.com\/product\/yoast-seo-premium-wordpress\/ -->\n<title>Natural Love Stories: A NW Documentary - Natural Womanhood<\/title>\n<meta name=\"description\" content=\"Watch Natural Womanhood&#039;s documentary, Natural Love Stories, here, or ask permission to screen it for your larger group.\" \/>\n<meta name=\"robots\" content=\"index, follow, max-snippet:-1, max-image-preview:large, max-video-preview:-1\" \/>\n<link rel=\"canonical\" href=\"https:\/\/naturalwomanhood.org\/fr\/film\/\" \/>\n<meta property=\"og:locale\" content=\"fr_FR\" \/>\n<meta property=\"og:type\" content=\"article\" \/>\n<meta property=\"og:title\" content=\"Natural Love Stories: A Natural Womanhood Documentary\" \/>\n<meta property=\"og:description\" content=\"Buy the DVD for $15 Watch the Trailer Natural Love Stories&nbsp;is a breakthrough documentary about three couples who, after experiencing various problems\" \/>\n<meta property=\"og:url\" content=\"https:\/\/naturalwomanhood.org\/fr\/film\/\" \/>\n<meta property=\"og:site_name\" content=\"Natural Womanhood\" \/>\n<meta property=\"article:publisher\" content=\"https:\/\/www.facebook.com\/NaturalWomanhood\" \/>\n<meta property=\"article:modified_time\" content=\"2025-02-26T16:41:33+00:00\" \/>\n<meta property=\"og:image\" content=\"https:\/\/naturalwomanhood.org\/wp-content\/uploads\/nw-logo-social.jpg\" \/>\n\t<meta property=\"og:image:width\" content=\"1200\" \/>\n\t<meta property=\"og:image:height\" content=\"630\" \/>\n\t<meta property=\"og:image:type\" content=\"image\/jpeg\" \/>\n<meta name=\"twitter:card\" content=\"summary_large_image\" \/>\n<meta name=\"twitter:site\" content=\"@naturwomanhood\" \/>\n<meta name=\"twitter:label1\" content=\"Dur\u00e9e de lecture estim\u00e9e\" \/>\n\t<meta name=\"twitter:data1\" content=\"1 minute\" \/>\n<script type=\"application\/ld+json\" class=\"yoast-schema-graph\">{\"@context\":\"https:\/\/schema.org\",\"@graph\":[{\"@type\":\"WebPage\",\"@id\":\"https:\/\/naturalwomanhood.org\/film\/\",\"url\":\"https:\/\/naturalwomanhood.org\/film\/\",\"name\":\"Natural Love Stories: A NW Documentary - Natural Womanhood\",\"isPartOf\":{\"@id\":\"https:\/\/naturalwomanhood.org\/#website\"},\"datePublished\":\"2015-07-01T15:05:27+00:00\",\"dateModified\":\"2025-02-26T16:41:33+00:00\",\"description\":\"Watch Natural Womanhood's documentary, Natural Love Stories, here, or ask permission to screen it for your larger group.\",\"breadcrumb\":{\"@id\":\"https:\/\/naturalwomanhood.org\/film\/#breadcrumb\"},\"inLanguage\":\"fr-FR\",\"potentialAction\":[{\"@type\":\"ReadAction\",\"target\":[\"https:\/\/naturalwomanhood.org\/film\/\"]}]},{\"@type\":\"BreadcrumbList\",\"@id\":\"https:\/\/naturalwomanhood.org\/film\/#breadcrumb\",\"itemListElement\":[{\"@type\":\"ListItem\",\"position\":1,\"name\":\"Home\",\"item\":\"https:\/\/naturalwomanhood.org\/\"},{\"@type\":\"ListItem\",\"position\":2,\"name\":\"Natural Love Stories: A Natural Womanhood Documentary\"}]},{\"@type\":\"WebSite\",\"@id\":\"https:\/\/naturalwomanhood.org\/#website\",\"url\":\"https:\/\/naturalwomanhood.org\/\",\"name\":\"Natural Womanhood\",\"description\":\"\",\"publisher\":{\"@id\":\"https:\/\/naturalwomanhood.org\/#organization\"},\"potentialAction\":[{\"@type\":\"SearchAction\",\"target\":{\"@type\":\"EntryPoint\",\"urlTemplate\":\"https:\/\/naturalwomanhood.org\/?s={search_term_string}\"},\"query-input\":{\"@type\":\"PropertyValueSpecification\",\"valueRequired\":true,\"valueName\":\"search_term_string\"}}],\"inLanguage\":\"fr-FR\"},{\"@type\":\"Organization\",\"@id\":\"https:\/\/naturalwomanhood.org\/#organization\",\"name\":\"Natural Womanhood\",\"url\":\"https:\/\/naturalwomanhood.org\/\",\"logo\":{\"@type\":\"ImageObject\",\"inLanguage\":\"fr-FR\",\"@id\":\"https:\/\/naturalwomanhood.org\/#\/schema\/logo\/image\/\",\"url\":\"\",\"contentUrl\":\"\",\"caption\":\"Natural Womanhood\"},\"image\":{\"@id\":\"https:\/\/naturalwomanhood.org\/#\/schema\/logo\/image\/\"},\"sameAs\":[\"https:\/\/www.facebook.com\/NaturalWomanhood\",\"https:\/\/x.com\/naturwomanhood\",\"https:\/\/www.instagram.com\/naturalwomanhood\/\",\"https:\/\/www.linkedin.com\/company\/natural-womanhood\/\",\"https:\/\/www.youtube.com\/channel\/UCt5gjuXYioYkx31Iq4tHLGg\"]}]}<\/script>\n<!-- \/ Yoast SEO Premium plugin. -->","yoast_head_json":{"title":"Histoires d'amour naturelles : Un documentaire NW - Natural Womanhood","description":"Regardez le documentaire de Natural Womanhood, Natural Love Stories, ici, ou demandez la permission de le projeter pour votre groupe.","robots":{"index":"index","follow":"follow","max-snippet":"max-snippet:-1","max-image-preview":"max-image-preview:large","max-video-preview":"max-video-preview:-1"},"canonical":"https:\/\/naturalwomanhood.org\/fr\/film\/","og_locale":"fr_FR","og_type":"article","og_title":"Natural Love Stories: A Natural Womanhood Documentary","og_description":"Buy the DVD for $15 Watch the Trailer Natural Love Stories&nbsp;is a breakthrough documentary about three couples who, after experiencing various problems","og_url":"https:\/\/naturalwomanhood.org\/fr\/film\/","og_site_name":"Natural Womanhood","article_publisher":"https:\/\/www.facebook.com\/NaturalWomanhood","article_modified_time":"2025-02-26T16:41:33+00:00","og_image":[{"width":1200,"height":630,"url":"https:\/\/naturalwomanhood.org\/wp-content\/uploads\/nw-logo-social.jpg","type":"image\/jpeg"}],"twitter_card":"summary_large_image","twitter_site":"@naturwomanhood","twitter_misc":{"Dur\u00e9e de lecture estim\u00e9e":"1 minute"},"schema":{"@context":"https:\/\/schema.org","@graph":[{"@type":"WebPage","@id":"https:\/\/naturalwomanhood.org\/film\/","url":"https:\/\/naturalwomanhood.org\/film\/","name":"Histoires d'amour naturelles : Un documentaire NW - Natural Womanhood","isPartOf":{"@id":"https:\/\/naturalwomanhood.org\/#website"},"datePublished":"2015-07-01T15:05:27+00:00","dateModified":"2025-02-26T16:41:33+00:00","description":"Regardez le documentaire de Natural Womanhood, Natural Love Stories, ici, ou demandez la permission de le projeter pour votre groupe.","breadcrumb":{"@id":"https:\/\/naturalwomanhood.org\/film\/#breadcrumb"},"inLanguage":"fr-FR","potentialAction":[{"@type":"ReadAction","target":["https:\/\/naturalwomanhood.org\/film\/"]}]},{"@type":"BreadcrumbList","@id":"https:\/\/naturalwomanhood.org\/film\/#breadcrumb","itemListElement":[{"@type":"ListItem","position":1,"name":"Home","item":"https:\/\/naturalwomanhood.org\/"},{"@type":"ListItem","position":2,"name":"Natural Love Stories: A Natural Womanhood Documentary"}]},{"@type":"WebSite","@id":"https:\/\/naturalwomanhood.org\/#website","url":"https:\/\/naturalwomanhood.org\/","name":"La f\u00e9minit\u00e9 naturelle","description":"","publisher":{"@id":"https:\/\/naturalwomanhood.org\/#organization"},"potentialAction":[{"@type":"SearchAction","target":{"@type":"EntryPoint","urlTemplate":"https:\/\/naturalwomanhood.org\/?s={search_term_string}"},"query-input":{"@type":"PropertyValueSpecification","valueRequired":true,"valueName":"search_term_string"}}],"inLanguage":"fr-FR"},{"@type":"Organization","@id":"https:\/\/naturalwomanhood.org\/#organization","name":"La f\u00e9minit\u00e9 naturelle","url":"https:\/\/naturalwomanhood.org\/","logo":{"@type":"ImageObject","inLanguage":"fr-FR","@id":"https:\/\/naturalwomanhood.org\/#\/schema\/logo\/image\/","url":"","contentUrl":"","caption":"Natural Womanhood"},"image":{"@id":"https:\/\/naturalwomanhood.org\/#\/schema\/logo\/image\/"},"sameAs":["https:\/\/www.facebook.com\/NaturalWomanhood","https:\/\/x.com\/naturwomanhood","https:\/\/www.instagram.com\/naturalwomanhood\/","https:\/\/www.linkedin.com\/company\/natural-womanhood\/","https:\/\/www.youtube.com\/channel\/UCt5gjuXYioYkx31Iq4tHLGg"]}]}},"taxonomy_info":[],"featured_image_src_large":false,"author_info":{"display_name":"Natural Womanhood","author_link":"https:\/\/naturalwomanhood.org\/fr\/author\/fiatadmin\/"},"comment_info":0,"_links":{"self":[{"href":"https:\/\/naturalwomanhood.org\/fr\/wp-json\/wp\/v2\/pages\/997","targetHints":{"allow":["GET"]}}],"collection":[{"href":"https:\/\/naturalwomanhood.org\/fr\/wp-json\/wp\/v2\/pages"}],"about":[{"href":"https:\/\/naturalwomanhood.org\/fr\/wp-json\/wp\/v2\/types\/page"}],"author":[{"embeddable":true,"href":"https:\/\/naturalwomanhood.org\/fr\/wp-json\/wp\/v2\/users\/1"}],"replies":[{"embeddable":true,"href":"https:\/\/naturalwomanhood.org\/fr\/wp-json\/wp\/v2\/comments?post=997"}],"version-history":[{"count":0,"href":"https:\/\/naturalwomanhood.org\/fr\/wp-json\/wp\/v2\/pages\/997\/revisions"}],"wp:attachment":[{"href":"https:\/\/naturalwomanhood.org\/fr\/wp-json\/wp\/v2\/media?parent=997"}],"curies":[{"name":"wp","href":"https:\/\/api.w.org\/{rel}","templated":true}]}}