{"id":799,"date":"2015-05-05T11:19:59","date_gmt":"2015-05-05T11:19:59","guid":{"rendered":"http:\/\/natural-womanhood.local\/?page_id=799"},"modified":"2020-11-09T10:04:21","modified_gmt":"2020-11-09T16:04:21","slug":"1flesh","status":"publish","type":"page","link":"https:\/\/naturalwomanhood.org\/fr\/1flesh\/","title":{"rendered":"1flesh"},"content":{"rendered":"<h1 id=\"thanks-for-visiting-1flesh-org\">merci de visiter 1Flesh.org<\/h1>\n<p>1Flesh a officiellement rejoint Natural Womanhood, une organisation \u00e0 but non lucratif fond\u00e9e pour am\u00e9liorer les connaissances des femmes en mati\u00e8re de sant\u00e9 par la promotion de la sensibilisation \u00e0 la fertilit\u00e9. Veuillez consulter notre site web pour en savoir plus.<\/p>","protected":false},"excerpt":{"rendered":"Merci d'avoir visit\u00e9 1Flesh.org 1Flesh a officiellement rejoint Natural Womanhood, une organisation \u00e0 but non lucratif fond\u00e9e pour am\u00e9liorer la sant\u00e9 des femmes...","protected":false},"author":1,"featured_media":0,"parent":0,"menu_order":0,"comment_status":"closed","ping_status":"closed","template":"","meta":{"_acf_changed":false,"_kad_blocks_custom_css":"","_kad_blocks_head_custom_js":"","_kad_blocks_body_custom_js":"","_kad_blocks_footer_custom_js":"","csco_singular_sidebar":"","csco_page_header_type":"","csco_page_load_nextpost":"","csco_post_video_location":[],"csco_post_video_url":"","csco_post_video_bg_start_time":0,"csco_post_video_bg_end_time":0,"footnotes":""},"class_list":{"0":"post-799","1":"page","2":"type-page","3":"status-publish","5":"cs-entry","6":"cs-video-wrap"},"acf":[],"yoast_head":"<!-- This site is optimized with the Yoast SEO Premium plugin v27.2 (Yoast SEO v27.2) - https:\/\/yoast.com\/product\/yoast-seo-premium-wordpress\/ -->\n<title>1Flesh | Natural Womanhood<\/title>\n<meta name=\"description\" content=\"1Flesh, a movement in opposition to the use of artificial contraception for women, has officially joined Natural Womanhood.\" \/>\n<meta name=\"robots\" content=\"index, follow, max-snippet:-1, max-image-preview:large, max-video-preview:-1\" \/>\n<link rel=\"canonical\" href=\"https:\/\/naturalwomanhood.org\/fr\/1flesh\/\" \/>\n<meta property=\"og:locale\" content=\"fr_FR\" \/>\n<meta property=\"og:type\" content=\"article\" \/>\n<meta property=\"og:title\" content=\"1flesh\" \/>\n<meta property=\"og:description\" content=\"thanks for visiting 1Flesh.org 1Flesh has officially joined Natural Womanhood, a non-profit organization founded to improve women&#039;s health literacy\" \/>\n<meta property=\"og:url\" content=\"https:\/\/naturalwomanhood.org\/fr\/1flesh\/\" \/>\n<meta property=\"og:site_name\" content=\"Natural Womanhood\" \/>\n<meta property=\"article:publisher\" content=\"https:\/\/www.facebook.com\/NaturalWomanhood\" \/>\n<meta property=\"article:modified_time\" content=\"2020-11-09T16:04:21+00:00\" \/>\n<meta property=\"og:image\" content=\"https:\/\/naturalwomanhood.org\/wp-content\/uploads\/nw-logo-social.jpg\" \/>\n\t<meta property=\"og:image:width\" content=\"1200\" \/>\n\t<meta property=\"og:image:height\" content=\"630\" \/>\n\t<meta property=\"og:image:type\" content=\"image\/jpeg\" \/>\n<meta name=\"twitter:card\" content=\"summary_large_image\" \/>\n<meta name=\"twitter:site\" content=\"@naturwomanhood\" \/>\n<script type=\"application\/ld+json\" class=\"yoast-schema-graph\">{\"@context\":\"https:\/\/schema.org\",\"@graph\":[{\"@type\":\"WebPage\",\"@id\":\"https:\/\/naturalwomanhood.org\/1flesh\/\",\"url\":\"https:\/\/naturalwomanhood.org\/1flesh\/\",\"name\":\"1Flesh | Natural Womanhood\",\"isPartOf\":{\"@id\":\"https:\/\/naturalwomanhood.org\/#website\"},\"datePublished\":\"2015-05-05T11:19:59+00:00\",\"dateModified\":\"2020-11-09T16:04:21+00:00\",\"description\":\"1Flesh, a movement in opposition to the use of artificial contraception for women, has officially joined Natural Womanhood.\",\"breadcrumb\":{\"@id\":\"https:\/\/naturalwomanhood.org\/1flesh\/#breadcrumb\"},\"inLanguage\":\"fr-FR\",\"potentialAction\":[{\"@type\":\"ReadAction\",\"target\":[\"https:\/\/naturalwomanhood.org\/1flesh\/\"]}]},{\"@type\":\"BreadcrumbList\",\"@id\":\"https:\/\/naturalwomanhood.org\/1flesh\/#breadcrumb\",\"itemListElement\":[{\"@type\":\"ListItem\",\"position\":1,\"name\":\"Home\",\"item\":\"https:\/\/naturalwomanhood.org\/\"},{\"@type\":\"ListItem\",\"position\":2,\"name\":\"1flesh\"}]},{\"@type\":\"WebSite\",\"@id\":\"https:\/\/naturalwomanhood.org\/#website\",\"url\":\"https:\/\/naturalwomanhood.org\/\",\"name\":\"Natural Womanhood\",\"description\":\"\",\"publisher\":{\"@id\":\"https:\/\/naturalwomanhood.org\/#organization\"},\"potentialAction\":[{\"@type\":\"SearchAction\",\"target\":{\"@type\":\"EntryPoint\",\"urlTemplate\":\"https:\/\/naturalwomanhood.org\/?s={search_term_string}\"},\"query-input\":{\"@type\":\"PropertyValueSpecification\",\"valueRequired\":true,\"valueName\":\"search_term_string\"}}],\"inLanguage\":\"fr-FR\"},{\"@type\":\"Organization\",\"@id\":\"https:\/\/naturalwomanhood.org\/#organization\",\"name\":\"Natural Womanhood\",\"url\":\"https:\/\/naturalwomanhood.org\/\",\"logo\":{\"@type\":\"ImageObject\",\"inLanguage\":\"fr-FR\",\"@id\":\"https:\/\/naturalwomanhood.org\/#\/schema\/logo\/image\/\",\"url\":\"\",\"contentUrl\":\"\",\"caption\":\"Natural Womanhood\"},\"image\":{\"@id\":\"https:\/\/naturalwomanhood.org\/#\/schema\/logo\/image\/\"},\"sameAs\":[\"https:\/\/www.facebook.com\/NaturalWomanhood\",\"https:\/\/x.com\/naturwomanhood\",\"https:\/\/www.instagram.com\/naturalwomanhood\/\",\"https:\/\/www.linkedin.com\/company\/natural-womanhood\/\",\"https:\/\/www.youtube.com\/channel\/UCt5gjuXYioYkx31Iq4tHLGg\"]}]}<\/script>\n<!-- \/ Yoast SEO Premium plugin. -->","yoast_head_json":{"title":"1Chair | Femme naturelle","description":"1Flesh, un mouvement qui s'oppose \u00e0 l'utilisation de la contraception artificielle pour les femmes, a officiellement rejoint Natural Womanhood.","robots":{"index":"index","follow":"follow","max-snippet":"max-snippet:-1","max-image-preview":"max-image-preview:large","max-video-preview":"max-video-preview:-1"},"canonical":"https:\/\/naturalwomanhood.org\/fr\/1flesh\/","og_locale":"fr_FR","og_type":"article","og_title":"1flesh","og_description":"thanks for visiting 1Flesh.org 1Flesh has officially joined Natural Womanhood, a non-profit organization founded to improve women's health literacy","og_url":"https:\/\/naturalwomanhood.org\/fr\/1flesh\/","og_site_name":"Natural Womanhood","article_publisher":"https:\/\/www.facebook.com\/NaturalWomanhood","article_modified_time":"2020-11-09T16:04:21+00:00","og_image":[{"width":1200,"height":630,"url":"https:\/\/naturalwomanhood.org\/wp-content\/uploads\/nw-logo-social.jpg","type":"image\/jpeg"}],"twitter_card":"summary_large_image","twitter_site":"@naturwomanhood","schema":{"@context":"https:\/\/schema.org","@graph":[{"@type":"WebPage","@id":"https:\/\/naturalwomanhood.org\/1flesh\/","url":"https:\/\/naturalwomanhood.org\/1flesh\/","name":"1Chair | Femme naturelle","isPartOf":{"@id":"https:\/\/naturalwomanhood.org\/#website"},"datePublished":"2015-05-05T11:19:59+00:00","dateModified":"2020-11-09T16:04:21+00:00","description":"1Flesh, un mouvement qui s'oppose \u00e0 l'utilisation de la contraception artificielle pour les femmes, a officiellement rejoint Natural Womanhood.","breadcrumb":{"@id":"https:\/\/naturalwomanhood.org\/1flesh\/#breadcrumb"},"inLanguage":"fr-FR","potentialAction":[{"@type":"ReadAction","target":["https:\/\/naturalwomanhood.org\/1flesh\/"]}]},{"@type":"BreadcrumbList","@id":"https:\/\/naturalwomanhood.org\/1flesh\/#breadcrumb","itemListElement":[{"@type":"ListItem","position":1,"name":"Home","item":"https:\/\/naturalwomanhood.org\/"},{"@type":"ListItem","position":2,"name":"1flesh"}]},{"@type":"WebSite","@id":"https:\/\/naturalwomanhood.org\/#website","url":"https:\/\/naturalwomanhood.org\/","name":"La f\u00e9minit\u00e9 naturelle","description":"","publisher":{"@id":"https:\/\/naturalwomanhood.org\/#organization"},"potentialAction":[{"@type":"SearchAction","target":{"@type":"EntryPoint","urlTemplate":"https:\/\/naturalwomanhood.org\/?s={search_term_string}"},"query-input":{"@type":"PropertyValueSpecification","valueRequired":true,"valueName":"search_term_string"}}],"inLanguage":"fr-FR"},{"@type":"Organization","@id":"https:\/\/naturalwomanhood.org\/#organization","name":"La f\u00e9minit\u00e9 naturelle","url":"https:\/\/naturalwomanhood.org\/","logo":{"@type":"ImageObject","inLanguage":"fr-FR","@id":"https:\/\/naturalwomanhood.org\/#\/schema\/logo\/image\/","url":"","contentUrl":"","caption":"Natural Womanhood"},"image":{"@id":"https:\/\/naturalwomanhood.org\/#\/schema\/logo\/image\/"},"sameAs":["https:\/\/www.facebook.com\/NaturalWomanhood","https:\/\/x.com\/naturwomanhood","https:\/\/www.instagram.com\/naturalwomanhood\/","https:\/\/www.linkedin.com\/company\/natural-womanhood\/","https:\/\/www.youtube.com\/channel\/UCt5gjuXYioYkx31Iq4tHLGg"]}]}},"taxonomy_info":[],"featured_image_src_large":false,"author_info":{"display_name":"Natural Womanhood","author_link":"https:\/\/naturalwomanhood.org\/fr\/author\/fiatadmin\/"},"comment_info":0,"_links":{"self":[{"href":"https:\/\/naturalwomanhood.org\/fr\/wp-json\/wp\/v2\/pages\/799","targetHints":{"allow":["GET"]}}],"collection":[{"href":"https:\/\/naturalwomanhood.org\/fr\/wp-json\/wp\/v2\/pages"}],"about":[{"href":"https:\/\/naturalwomanhood.org\/fr\/wp-json\/wp\/v2\/types\/page"}],"author":[{"embeddable":true,"href":"https:\/\/naturalwomanhood.org\/fr\/wp-json\/wp\/v2\/users\/1"}],"replies":[{"embeddable":true,"href":"https:\/\/naturalwomanhood.org\/fr\/wp-json\/wp\/v2\/comments?post=799"}],"version-history":[{"count":0,"href":"https:\/\/naturalwomanhood.org\/fr\/wp-json\/wp\/v2\/pages\/799\/revisions"}],"wp:attachment":[{"href":"https:\/\/naturalwomanhood.org\/fr\/wp-json\/wp\/v2\/media?parent=799"}],"curies":[{"name":"wp","href":"https:\/\/api.w.org\/{rel}","templated":true}]}}