{"id":34,"date":"2014-04-21T14:50:13","date_gmt":"2014-04-21T14:50:13","guid":{"rendered":"http:\/\/nw.fiatinsight.com\/?page_id=34"},"modified":"2021-01-05T16:56:49","modified_gmt":"2021-01-05T22:56:49","slug":"les-problemes-lies-aux-contraceptifs","status":"publish","type":"page","link":"https:\/\/naturalwomanhood.org\/fr\/learn\/problems-with-contraceptives\/","title":{"rendered":"Effets secondaires des contraceptifs"},"content":{"rendered":"<h2 id=\"birth-control-side-effects\">Effets secondaires des contraceptifs<\/h2>\n<p>De nombreuses femmes n'aiment pas l'id\u00e9e d'ing\u00e9rer des hormones artificielles ou d'implanter des dispositifs dans leur corps. Les effets secondaires du contr\u00f4le des naissances et ses effets sur la sant\u00e9 des femmes sont de plus en plus \u00e9vidents.<\/p>\n<p>Parmi les effets secondaires r\u00e9sultant de l'utilisation de contraceptifs hormonaux, on peut citer<\/p>\n<ul>\n<li>perte de libido<\/li>\n<li>\u00e9ruptions cutan\u00e9es<\/li>\n<li>d\u00e9coloration de la peau (m\u00e9lasma\/chloasma)<\/li>\n<li>des changements de poids ou d'app\u00e9tit<\/li>\n<li>naus\u00e9es, vomissements<\/li>\n<li>migraines<\/li>\n<li>des changements d'humeur, y compris la d\u00e9pression<\/li>\n<li>aggravation des varices<\/li>\n<li>des sympt\u00f4mes gastro-intestinaux (douleurs, crampes, ballonnements)<\/li>\n<li>rep\u00e9rage<\/li>\n<li>vaginite (infection \u00e0 levures)<\/li>\n<li>les carences en vitamines<\/li>\n<li>r\u00e9tention d'eau<\/li>\n<li>d\u00e9ficience visuelle<\/li>\n<li>dysfonctionnement du foie (jaunisse)<\/li>\n<\/ul>\n<p>En outre, de nombreuses \u00e9tudes montrent que l'utilisation de contraceptifs hormonaux augmente le risque de cancer et de caillots sanguins.<\/p>\n<p>Des milliers d'actions en justice ont \u00e9t\u00e9 intent\u00e9es ces derni\u00e8res ann\u00e9es contre les fabricants de diverses pilules contraceptives en raison des graves complications de sant\u00e9 subies :<\/p>\n<ul>\n<li>Crise cardiaque<\/li>\n<li>Accident vasculaire c\u00e9r\u00e9bral<\/li>\n<li>Thrombose veineuse profonde (caillots sanguins dans les jambes)<\/li>\n<li>Embolie pulmonaire (blocage des poumons)<\/li>\n<li>Maladie de la v\u00e9sicule biliaire<\/li>\n<\/ul>\n<p>De m\u00eame, des milliers de femmes ont port\u00e9 plainte contre les fabricants du st\u00e9rilet Mirena\u00ae (dispositif intra-ut\u00e9rin) en raison d'effets secondaires graves. En g\u00e9n\u00e9ral, les st\u00e9rilets augmentent le risque de :<\/p>\n<ul>\n<li>Grossesse extra-ut\u00e9rine (grossesse tubaire)<\/li>\n<li>Maladie inflammatoire pelvienne<\/li>\n<li>Saignement anormal<\/li>\n<li>Infection<\/li>\n<li>Le d\u00e9placement du dispositif, qui peut entra\u00eener de graves complications.<\/li>\n<\/ul>\n<p>Des centaines de femmes ont \u00e9galement signal\u00e9 des effets ind\u00e9sirables de la proc\u00e9dure de st\u00e9rilisation Essure\u00ae, dont au moins 91 ont d\u00fb subir une hyst\u00e9rectomie \u00e0 la suite des dommages subis.<\/p>\n<p>Cliquez ici pour en savoir plus sur <a href=\"https:\/\/naturalwomanhood.org\/fr\/apprendre\/les-methodes-naturelles-de-controle-des-naissances\/#natural-methods\">M\u00e9thodes de sensibilisation \u00e0 la fertilit\u00e9<\/a> comme alternative naturelle au contr\u00f4le des naissances.<\/p>\n<address>Mirena, Essure sont des marques d\u00e9pos\u00e9es de Bayer.<\/address>","protected":false},"excerpt":{"rendered":"Birth Control Side Effects Many women dislike the idea of ingesting artificial hormones or of devices implanted in&hellip;","protected":false},"author":1,"featured_media":0,"parent":6,"menu_order":0,"comment_status":"closed","ping_status":"closed","template":"","meta":{"_acf_changed":false,"_kad_blocks_custom_css":"","_kad_blocks_head_custom_js":"","_kad_blocks_body_custom_js":"","_kad_blocks_footer_custom_js":"","csco_singular_sidebar":"","csco_page_header_type":"","csco_page_load_nextpost":"","csco_post_video_location":[],"csco_post_video_url":"","csco_post_video_bg_start_time":0,"csco_post_video_bg_end_time":0,"footnotes":""},"class_list":{"0":"post-34","1":"page","2":"type-page","3":"status-publish","5":"cs-entry","6":"cs-video-wrap"},"acf":[],"yoast_head":"<!-- This site is optimized with the Yoast SEO Premium plugin v27.2 (Yoast SEO v27.2) - https:\/\/yoast.com\/product\/yoast-seo-premium-wordpress\/ -->\n<title>Birth Control Side Effects | Natural Womanhood<\/title>\n<meta name=\"description\" content=\"Natural Womanhood outlines all the birth control side effects and health risks that affect women who use hormonal contraceptives.\" \/>\n<meta name=\"robots\" content=\"index, follow, max-snippet:-1, max-image-preview:large, max-video-preview:-1\" \/>\n<link rel=\"canonical\" href=\"https:\/\/naturalwomanhood.org\/fr\/apprendre\/les-problemes-lies-aux-contraceptifs\/\" \/>\n<meta property=\"og:locale\" content=\"fr_FR\" \/>\n<meta property=\"og:type\" content=\"article\" \/>\n<meta property=\"og:title\" content=\"Birth Control Side Effects\" \/>\n<meta property=\"og:description\" content=\"Birth Control Side Effects Many women dislike the idea of ingesting artificial hormones or of devices implanted in their bodies. Increasingly, the side\" \/>\n<meta property=\"og:url\" content=\"https:\/\/naturalwomanhood.org\/fr\/apprendre\/les-problemes-lies-aux-contraceptifs\/\" \/>\n<meta property=\"og:site_name\" content=\"Natural Womanhood\" \/>\n<meta property=\"article:publisher\" content=\"https:\/\/www.facebook.com\/NaturalWomanhood\" \/>\n<meta property=\"article:modified_time\" content=\"2021-01-05T22:56:49+00:00\" \/>\n<meta property=\"og:image\" content=\"https:\/\/naturalwomanhood.org\/wp-content\/uploads\/nw-logo-social.jpg\" \/>\n\t<meta property=\"og:image:width\" content=\"1200\" \/>\n\t<meta property=\"og:image:height\" content=\"630\" \/>\n\t<meta property=\"og:image:type\" content=\"image\/jpeg\" \/>\n<meta name=\"twitter:card\" content=\"summary_large_image\" \/>\n<meta name=\"twitter:site\" content=\"@naturwomanhood\" \/>\n<meta name=\"twitter:label1\" content=\"Dur\u00e9e de lecture estim\u00e9e\" \/>\n\t<meta name=\"twitter:data1\" content=\"1 minute\" \/>\n<script type=\"application\/ld+json\" class=\"yoast-schema-graph\">{\"@context\":\"https:\/\/schema.org\",\"@graph\":[{\"@type\":\"WebPage\",\"@id\":\"https:\/\/naturalwomanhood.org\/learn\/problems-with-contraceptives\/\",\"url\":\"https:\/\/naturalwomanhood.org\/learn\/problems-with-contraceptives\/\",\"name\":\"Birth Control Side Effects | Natural Womanhood\",\"isPartOf\":{\"@id\":\"https:\/\/naturalwomanhood.org\/#website\"},\"datePublished\":\"2014-04-21T14:50:13+00:00\",\"dateModified\":\"2021-01-05T22:56:49+00:00\",\"description\":\"Natural Womanhood outlines all the birth control side effects and health risks that affect women who use hormonal contraceptives.\",\"breadcrumb\":{\"@id\":\"https:\/\/naturalwomanhood.org\/learn\/problems-with-contraceptives\/#breadcrumb\"},\"inLanguage\":\"fr-FR\",\"potentialAction\":[{\"@type\":\"ReadAction\",\"target\":[\"https:\/\/naturalwomanhood.org\/learn\/problems-with-contraceptives\/\"]}]},{\"@type\":\"BreadcrumbList\",\"@id\":\"https:\/\/naturalwomanhood.org\/learn\/problems-with-contraceptives\/#breadcrumb\",\"itemListElement\":[{\"@type\":\"ListItem\",\"position\":1,\"name\":\"Home\",\"item\":\"https:\/\/naturalwomanhood.org\/\"},{\"@type\":\"ListItem\",\"position\":2,\"name\":\"Learn\",\"item\":\"https:\/\/naturalwomanhood.org\/learn\/\"},{\"@type\":\"ListItem\",\"position\":3,\"name\":\"Birth Control Side Effects\"}]},{\"@type\":\"WebSite\",\"@id\":\"https:\/\/naturalwomanhood.org\/#website\",\"url\":\"https:\/\/naturalwomanhood.org\/\",\"name\":\"Natural Womanhood\",\"description\":\"\",\"publisher\":{\"@id\":\"https:\/\/naturalwomanhood.org\/#organization\"},\"potentialAction\":[{\"@type\":\"SearchAction\",\"target\":{\"@type\":\"EntryPoint\",\"urlTemplate\":\"https:\/\/naturalwomanhood.org\/?s={search_term_string}\"},\"query-input\":{\"@type\":\"PropertyValueSpecification\",\"valueRequired\":true,\"valueName\":\"search_term_string\"}}],\"inLanguage\":\"fr-FR\"},{\"@type\":\"Organization\",\"@id\":\"https:\/\/naturalwomanhood.org\/#organization\",\"name\":\"Natural Womanhood\",\"url\":\"https:\/\/naturalwomanhood.org\/\",\"logo\":{\"@type\":\"ImageObject\",\"inLanguage\":\"fr-FR\",\"@id\":\"https:\/\/naturalwomanhood.org\/#\/schema\/logo\/image\/\",\"url\":\"\",\"contentUrl\":\"\",\"caption\":\"Natural Womanhood\"},\"image\":{\"@id\":\"https:\/\/naturalwomanhood.org\/#\/schema\/logo\/image\/\"},\"sameAs\":[\"https:\/\/www.facebook.com\/NaturalWomanhood\",\"https:\/\/x.com\/naturwomanhood\",\"https:\/\/www.instagram.com\/naturalwomanhood\/\",\"https:\/\/www.linkedin.com\/company\/natural-womanhood\/\",\"https:\/\/www.youtube.com\/channel\/UCt5gjuXYioYkx31Iq4tHLGg\"]}]}<\/script>\n<!-- \/ Yoast SEO Premium plugin. -->","yoast_head_json":{"title":"Effets secondaires de la contraception | Natural Womanhood","description":"Natural Womanhood pr\u00e9sente tous les effets secondaires des contraceptifs et les risques pour la sant\u00e9 des femmes qui utilisent des contraceptifs hormonaux.","robots":{"index":"index","follow":"follow","max-snippet":"max-snippet:-1","max-image-preview":"max-image-preview:large","max-video-preview":"max-video-preview:-1"},"canonical":"https:\/\/naturalwomanhood.org\/fr\/apprendre\/les-problemes-lies-aux-contraceptifs\/","og_locale":"fr_FR","og_type":"article","og_title":"Birth Control Side Effects","og_description":"Birth Control Side Effects Many women dislike the idea of ingesting artificial hormones or of devices implanted in their bodies. Increasingly, the side","og_url":"https:\/\/naturalwomanhood.org\/fr\/apprendre\/les-problemes-lies-aux-contraceptifs\/","og_site_name":"Natural Womanhood","article_publisher":"https:\/\/www.facebook.com\/NaturalWomanhood","article_modified_time":"2021-01-05T22:56:49+00:00","og_image":[{"width":1200,"height":630,"url":"https:\/\/naturalwomanhood.org\/wp-content\/uploads\/nw-logo-social.jpg","type":"image\/jpeg"}],"twitter_card":"summary_large_image","twitter_site":"@naturwomanhood","twitter_misc":{"Dur\u00e9e de lecture estim\u00e9e":"1 minute"},"schema":{"@context":"https:\/\/schema.org","@graph":[{"@type":"WebPage","@id":"https:\/\/naturalwomanhood.org\/learn\/problems-with-contraceptives\/","url":"https:\/\/naturalwomanhood.org\/learn\/problems-with-contraceptives\/","name":"Effets secondaires de la contraception | Natural Womanhood","isPartOf":{"@id":"https:\/\/naturalwomanhood.org\/#website"},"datePublished":"2014-04-21T14:50:13+00:00","dateModified":"2021-01-05T22:56:49+00:00","description":"Natural Womanhood pr\u00e9sente tous les effets secondaires des contraceptifs et les risques pour la sant\u00e9 des femmes qui utilisent des contraceptifs hormonaux.","breadcrumb":{"@id":"https:\/\/naturalwomanhood.org\/learn\/problems-with-contraceptives\/#breadcrumb"},"inLanguage":"fr-FR","potentialAction":[{"@type":"ReadAction","target":["https:\/\/naturalwomanhood.org\/learn\/problems-with-contraceptives\/"]}]},{"@type":"BreadcrumbList","@id":"https:\/\/naturalwomanhood.org\/learn\/problems-with-contraceptives\/#breadcrumb","itemListElement":[{"@type":"ListItem","position":1,"name":"Home","item":"https:\/\/naturalwomanhood.org\/"},{"@type":"ListItem","position":2,"name":"Learn","item":"https:\/\/naturalwomanhood.org\/learn\/"},{"@type":"ListItem","position":3,"name":"Birth Control Side Effects"}]},{"@type":"WebSite","@id":"https:\/\/naturalwomanhood.org\/#website","url":"https:\/\/naturalwomanhood.org\/","name":"La f\u00e9minit\u00e9 naturelle","description":"","publisher":{"@id":"https:\/\/naturalwomanhood.org\/#organization"},"potentialAction":[{"@type":"SearchAction","target":{"@type":"EntryPoint","urlTemplate":"https:\/\/naturalwomanhood.org\/?s={search_term_string}"},"query-input":{"@type":"PropertyValueSpecification","valueRequired":true,"valueName":"search_term_string"}}],"inLanguage":"fr-FR"},{"@type":"Organization","@id":"https:\/\/naturalwomanhood.org\/#organization","name":"La f\u00e9minit\u00e9 naturelle","url":"https:\/\/naturalwomanhood.org\/","logo":{"@type":"ImageObject","inLanguage":"fr-FR","@id":"https:\/\/naturalwomanhood.org\/#\/schema\/logo\/image\/","url":"","contentUrl":"","caption":"Natural Womanhood"},"image":{"@id":"https:\/\/naturalwomanhood.org\/#\/schema\/logo\/image\/"},"sameAs":["https:\/\/www.facebook.com\/NaturalWomanhood","https:\/\/x.com\/naturwomanhood","https:\/\/www.instagram.com\/naturalwomanhood\/","https:\/\/www.linkedin.com\/company\/natural-womanhood\/","https:\/\/www.youtube.com\/channel\/UCt5gjuXYioYkx31Iq4tHLGg"]}]}},"taxonomy_info":[],"featured_image_src_large":false,"author_info":{"display_name":"Natural Womanhood","author_link":"https:\/\/naturalwomanhood.org\/fr\/author\/fiatadmin\/"},"comment_info":0,"_links":{"self":[{"href":"https:\/\/naturalwomanhood.org\/fr\/wp-json\/wp\/v2\/pages\/34","targetHints":{"allow":["GET"]}}],"collection":[{"href":"https:\/\/naturalwomanhood.org\/fr\/wp-json\/wp\/v2\/pages"}],"about":[{"href":"https:\/\/naturalwomanhood.org\/fr\/wp-json\/wp\/v2\/types\/page"}],"author":[{"embeddable":true,"href":"https:\/\/naturalwomanhood.org\/fr\/wp-json\/wp\/v2\/users\/1"}],"replies":[{"embeddable":true,"href":"https:\/\/naturalwomanhood.org\/fr\/wp-json\/wp\/v2\/comments?post=34"}],"version-history":[{"count":0,"href":"https:\/\/naturalwomanhood.org\/fr\/wp-json\/wp\/v2\/pages\/34\/revisions"}],"up":[{"embeddable":true,"href":"https:\/\/naturalwomanhood.org\/fr\/wp-json\/wp\/v2\/pages\/6"}],"wp:attachment":[{"href":"https:\/\/naturalwomanhood.org\/fr\/wp-json\/wp\/v2\/media?parent=34"}],"curies":[{"name":"wp","href":"https:\/\/api.w.org\/{rel}","templated":true}]}}