{"id":2244,"date":"2020-11-13T07:46:24","date_gmt":"2020-11-13T13:46:24","guid":{"rendered":"https:\/\/natural-womanhood.local\/?page_id=2244"},"modified":"2021-04-21T18:12:00","modified_gmt":"2021-04-21T23:12:00","slug":"politique-de-confidentialite","status":"publish","type":"page","link":"https:\/\/naturalwomanhood.org\/fr\/privacy-policy\/","title":{"rendered":"Politique de confidentialit\u00e9"},"content":{"rendered":"<p>La politique de Natural Womanhood est de respecter la vie priv\u00e9e de ceux qui visitent notre site web. Cette politique de protection de la vie priv\u00e9e concerne les pratiques en mati\u00e8re de protection de la vie priv\u00e9e pour&nbsp;<a href=\"https:\/\/naturalwomanhood.org\/fr\/\" target=\"_blank\" rel=\"noreferrer noopener\">www.naturalwomanhood.org<\/a>.<\/p>\n\n\n\n<h1 id=\"information-collection-use-and-sharing\" class=\"wp-block-heading\">Collecte, utilisation et partage d'informations<\/h1>\n\n\n\n<p>Les informations suivantes sont collect\u00e9es et stock\u00e9es automatiquement par tous les utilisateurs qui acc\u00e8dent au site web de Natural Womanhood :<\/p>\n\n\n\n<ul class=\"wp-block-list\"><li>Le domaine Internet (par exemple, \"<a href=\"http:\/\/xcompany.com\/\" target=\"_blank\" rel=\"noreferrer noopener\">xcompany.com<\/a>\"si vous utilisez un compte d'acc\u00e8s priv\u00e9 \u00e0 l'Internet, ou \"<a href=\"http:\/\/yourschool.edu\/\" target=\"_blank\" rel=\"noreferrer noopener\">votre\u00e9cole.edu<\/a>\"si vous vous connectez \u00e0 partir d'un domaine universitaire) et l'adresse IP (Internet Protocol) \u00e0 partir de laquelle vous acc\u00e9dez \u00e0 notre site ;<\/li><li>Le type de mat\u00e9riel, de navigateur et de syst\u00e8me d'exploitation utilis\u00e9 pour acc\u00e9der \u00e0 notre site ;<\/li><li>La date et l'heure auxquelles vous acc\u00e9dez \u00e0 notre site ;<\/li><li>Le nombre d'octets de donn\u00e9es transmis lors de votre visite ;<\/li><li>les informations relatives aux transactions et \u00e0 l'acheminement \u00e0 destination et en provenance de votre ordinateur ;<\/li><li>les pages que vous visitez<\/li><li>Si vous avez acc\u00e9d\u00e9 \u00e0 notre site \u00e0 partir d'un autre site web, l'adresse de ce site web (URL).<\/li><\/ul>\n\n\n\n<p>Ces informations sont utilis\u00e9es \u00e0 des fins telles que l'\u00e9valuation des informations qui int\u00e9ressent le plus les utilisateurs et l'am\u00e9lioration du syst\u00e8me.<\/p>\n\n\n\n<p>\u00c0 moins que vous ne choisissiez de le faire (par exemple, en envoyant un e-mail, en r\u00e9pondant \u00e0 un formulaire de commentaires ou de \"contact\", en effectuant un achat dans la boutique en ligne), le site Web de Natural Womanhood n'obtient pas d'informations d'identification personnelle.<\/p>\n\n\n\n<p>Nous consid\u00e9rons toute information qui pourrait raisonnablement \u00eatre utilis\u00e9e pour vous identifier comme une \"information d'identification personnelle\". Il peut s'agir, entre autres, des \u00e9l\u00e9ments suivants<\/p>\n\n\n\n<ul class=\"wp-block-list\"><li>Votre nom ;<\/li><li>Votre adresse (sans le code postal) ;<\/li><li>Votre adresse e-mail ;<\/li><li>Carte de cr\u00e9dit ou informations bancaires ;<\/li><li>Num\u00e9ro de t\u00e9l\u00e9phone.<\/li><\/ul>\n\n\n\n<p>Toute information personnelle que vous fournissez via le site Web de Natural Womanhood n'est collect\u00e9e qu'\u00e0 des fins de transaction et n'est jamais partag\u00e9e avec des tiers, sauf si cela est n\u00e9cessaire pour r\u00e9pondre \u00e0 votre demande, par exemple pour exp\u00e9dier une commande. Nous ne stockons pas, \u00e9lectroniquement ou autrement, votre carte de cr\u00e9dit ou vos informations bancaires.<\/p>\n\n\n\n<p>\u00c0 moins que vous ne nous demandiez de ne pas le faire, nous pourrons vous contacter par courrier \u00e9lectronique \u00e0 l'avenir pour vous informer de nos offres sp\u00e9ciales, de nos nouveaux produits ou services, ou des modifications apport\u00e9es \u00e0 la pr\u00e9sente politique de confidentialit\u00e9. Vous pouvez \u00e0 tout moment choisir de ne plus \u00eatre contact\u00e9 par nous.<\/p>\n\n\n\n<h1 id=\"surveys\" class=\"wp-block-heading\">Enqu\u00eates<\/h1>\n\n\n\n<p>De temps \u00e0 autre, nous pouvons demander des informations par le biais d'enqu\u00eates. La participation \u00e0 ces enqu\u00eates est totalement volontaire et vous pouvez choisir d'y participer ou non et donc de divulguer ces informations. Les informations recueillies dans le cadre des enqu\u00eates seront utilis\u00e9es pour contr\u00f4ler ou am\u00e9liorer l'utilisation et la satisfaction de ce site et des services que nous fournissons.<\/p>\n\n\n\n<h1 id=\"links\" class=\"wp-block-heading\">Liens<\/h1>\n\n\n\n<p>Ce site web contient des liens vers d'autres sites. Veuillez noter que nous ne sommes pas responsables du contenu ou des pratiques en mati\u00e8re de protection de la vie priv\u00e9e de ces autres sites. Nous encourageons nos utilisateurs \u00e0 \u00eatre attentifs lorsqu'ils quittent notre site et \u00e0 lire les d\u00e9clarations de confidentialit\u00e9 de tout autre site qui recueille des informations d'identification personnelle.<\/p>\n\n\n\n<h1 id=\"updates\" class=\"wp-block-heading\">Mises \u00e0 jour<\/h1>\n\n\n\n<p>Notre politique de confidentialit\u00e9 peut \u00eatre modifi\u00e9e de temps \u00e0 autre et toutes les mises \u00e0 jour seront publi\u00e9es sur cette page.<\/p>","protected":false},"excerpt":{"rendered":"La politique de Natural Womanhood est de respecter la vie priv\u00e9e de ceux qui visitent notre site web. Cette politique de confidentialit\u00e9...","protected":false},"author":2,"featured_media":0,"parent":0,"menu_order":0,"comment_status":"closed","ping_status":"closed","template":"","meta":{"_acf_changed":false,"_kad_blocks_custom_css":"","_kad_blocks_head_custom_js":"","_kad_blocks_body_custom_js":"","_kad_blocks_footer_custom_js":"","csco_singular_sidebar":"","csco_page_header_type":"","csco_page_load_nextpost":"","csco_post_video_location":[],"csco_post_video_url":"","csco_post_video_bg_start_time":0,"csco_post_video_bg_end_time":0,"footnotes":""},"class_list":{"0":"post-2244","1":"page","2":"type-page","3":"status-publish","5":"cs-entry","6":"cs-video-wrap"},"acf":[],"yoast_head":"<!-- This site is optimized with the Yoast SEO Premium plugin v27.2 (Yoast SEO v27.2) - https:\/\/yoast.com\/product\/yoast-seo-premium-wordpress\/ -->\n<title>Natural Womanhood&#039;s Privacy Policy - Natural Womanhood<\/title>\n<meta name=\"description\" content=\"It is Natural Womanhood&#039;s policy to respect the privacy of those who visit our website. Read Natural Womanhood&#039;s full privacy policy, here.\" \/>\n<meta name=\"robots\" content=\"index, follow, max-snippet:-1, max-image-preview:large, max-video-preview:-1\" \/>\n<link rel=\"canonical\" href=\"https:\/\/naturalwomanhood.org\/fr\/politique-de-confidentialite\/\" \/>\n<meta property=\"og:locale\" content=\"fr_FR\" \/>\n<meta property=\"og:type\" content=\"article\" \/>\n<meta property=\"og:title\" content=\"Privacy Policy\" \/>\n<meta property=\"og:description\" content=\"It is Natural Womanhood&#039;s policy to respect the privacy of those who visit our website. This privacy policy discloses the privacy practices\" \/>\n<meta property=\"og:url\" content=\"https:\/\/naturalwomanhood.org\/fr\/politique-de-confidentialite\/\" \/>\n<meta property=\"og:site_name\" content=\"Natural Womanhood\" \/>\n<meta property=\"article:publisher\" content=\"https:\/\/www.facebook.com\/NaturalWomanhood\" \/>\n<meta property=\"article:modified_time\" content=\"2021-04-21T23:12:00+00:00\" \/>\n<meta property=\"og:image\" content=\"https:\/\/naturalwomanhood.org\/wp-content\/uploads\/nw-logo-social.jpg\" \/>\n\t<meta property=\"og:image:width\" content=\"1200\" \/>\n\t<meta property=\"og:image:height\" content=\"630\" \/>\n\t<meta property=\"og:image:type\" content=\"image\/jpeg\" \/>\n<meta name=\"twitter:card\" content=\"summary_large_image\" \/>\n<meta name=\"twitter:site\" content=\"@naturwomanhood\" \/>\n<meta name=\"twitter:label1\" content=\"Dur\u00e9e de lecture estim\u00e9e\" \/>\n\t<meta name=\"twitter:data1\" content=\"2 minutes\" \/>\n<script type=\"application\/ld+json\" class=\"yoast-schema-graph\">{\"@context\":\"https:\/\/schema.org\",\"@graph\":[{\"@type\":\"WebPage\",\"@id\":\"https:\/\/naturalwomanhood.org\/privacy-policy\/\",\"url\":\"https:\/\/naturalwomanhood.org\/privacy-policy\/\",\"name\":\"Natural Womanhood's Privacy Policy - Natural Womanhood\",\"isPartOf\":{\"@id\":\"https:\/\/naturalwomanhood.org\/#website\"},\"datePublished\":\"2020-11-13T13:46:24+00:00\",\"dateModified\":\"2021-04-21T23:12:00+00:00\",\"description\":\"It is Natural Womanhood's policy to respect the privacy of those who visit our website. Read Natural Womanhood's full privacy policy, here.\",\"breadcrumb\":{\"@id\":\"https:\/\/naturalwomanhood.org\/privacy-policy\/#breadcrumb\"},\"inLanguage\":\"fr-FR\",\"potentialAction\":[{\"@type\":\"ReadAction\",\"target\":[\"https:\/\/naturalwomanhood.org\/privacy-policy\/\"]}]},{\"@type\":\"BreadcrumbList\",\"@id\":\"https:\/\/naturalwomanhood.org\/privacy-policy\/#breadcrumb\",\"itemListElement\":[{\"@type\":\"ListItem\",\"position\":1,\"name\":\"Home\",\"item\":\"https:\/\/naturalwomanhood.org\/\"},{\"@type\":\"ListItem\",\"position\":2,\"name\":\"Privacy Policy\"}]},{\"@type\":\"WebSite\",\"@id\":\"https:\/\/naturalwomanhood.org\/#website\",\"url\":\"https:\/\/naturalwomanhood.org\/\",\"name\":\"Natural Womanhood\",\"description\":\"\",\"publisher\":{\"@id\":\"https:\/\/naturalwomanhood.org\/#organization\"},\"potentialAction\":[{\"@type\":\"SearchAction\",\"target\":{\"@type\":\"EntryPoint\",\"urlTemplate\":\"https:\/\/naturalwomanhood.org\/?s={search_term_string}\"},\"query-input\":{\"@type\":\"PropertyValueSpecification\",\"valueRequired\":true,\"valueName\":\"search_term_string\"}}],\"inLanguage\":\"fr-FR\"},{\"@type\":\"Organization\",\"@id\":\"https:\/\/naturalwomanhood.org\/#organization\",\"name\":\"Natural Womanhood\",\"url\":\"https:\/\/naturalwomanhood.org\/\",\"logo\":{\"@type\":\"ImageObject\",\"inLanguage\":\"fr-FR\",\"@id\":\"https:\/\/naturalwomanhood.org\/#\/schema\/logo\/image\/\",\"url\":\"\",\"contentUrl\":\"\",\"caption\":\"Natural Womanhood\"},\"image\":{\"@id\":\"https:\/\/naturalwomanhood.org\/#\/schema\/logo\/image\/\"},\"sameAs\":[\"https:\/\/www.facebook.com\/NaturalWomanhood\",\"https:\/\/x.com\/naturwomanhood\",\"https:\/\/www.instagram.com\/naturalwomanhood\/\",\"https:\/\/www.linkedin.com\/company\/natural-womanhood\/\",\"https:\/\/www.youtube.com\/channel\/UCt5gjuXYioYkx31Iq4tHLGg\"]}]}<\/script>\n<!-- \/ Yoast SEO Premium plugin. -->","yoast_head_json":{"title":"Politique de confidentialit\u00e9 de Natural Womanhood - Natural Womanhood","description":"La politique de Natural Womanhood est de respecter la vie priv\u00e9e des personnes qui visitent notre site web. Lisez la politique de confidentialit\u00e9 compl\u00e8te de Natural Womanhood, ici.","robots":{"index":"index","follow":"follow","max-snippet":"max-snippet:-1","max-image-preview":"max-image-preview:large","max-video-preview":"max-video-preview:-1"},"canonical":"https:\/\/naturalwomanhood.org\/fr\/politique-de-confidentialite\/","og_locale":"fr_FR","og_type":"article","og_title":"Privacy Policy","og_description":"It is Natural Womanhood's policy to respect the privacy of those who visit our website. This privacy policy discloses the privacy practices","og_url":"https:\/\/naturalwomanhood.org\/fr\/politique-de-confidentialite\/","og_site_name":"Natural Womanhood","article_publisher":"https:\/\/www.facebook.com\/NaturalWomanhood","article_modified_time":"2021-04-21T23:12:00+00:00","og_image":[{"width":1200,"height":630,"url":"https:\/\/naturalwomanhood.org\/wp-content\/uploads\/nw-logo-social.jpg","type":"image\/jpeg"}],"twitter_card":"summary_large_image","twitter_site":"@naturwomanhood","twitter_misc":{"Dur\u00e9e de lecture estim\u00e9e":"2 minutes"},"schema":{"@context":"https:\/\/schema.org","@graph":[{"@type":"WebPage","@id":"https:\/\/naturalwomanhood.org\/privacy-policy\/","url":"https:\/\/naturalwomanhood.org\/privacy-policy\/","name":"Politique de confidentialit\u00e9 de Natural Womanhood - Natural Womanhood","isPartOf":{"@id":"https:\/\/naturalwomanhood.org\/#website"},"datePublished":"2020-11-13T13:46:24+00:00","dateModified":"2021-04-21T23:12:00+00:00","description":"La politique de Natural Womanhood est de respecter la vie priv\u00e9e des personnes qui visitent notre site web. Lisez la politique de confidentialit\u00e9 compl\u00e8te de Natural Womanhood, ici.","breadcrumb":{"@id":"https:\/\/naturalwomanhood.org\/privacy-policy\/#breadcrumb"},"inLanguage":"fr-FR","potentialAction":[{"@type":"ReadAction","target":["https:\/\/naturalwomanhood.org\/privacy-policy\/"]}]},{"@type":"BreadcrumbList","@id":"https:\/\/naturalwomanhood.org\/privacy-policy\/#breadcrumb","itemListElement":[{"@type":"ListItem","position":1,"name":"Home","item":"https:\/\/naturalwomanhood.org\/"},{"@type":"ListItem","position":2,"name":"Privacy Policy"}]},{"@type":"WebSite","@id":"https:\/\/naturalwomanhood.org\/#website","url":"https:\/\/naturalwomanhood.org\/","name":"La f\u00e9minit\u00e9 naturelle","description":"","publisher":{"@id":"https:\/\/naturalwomanhood.org\/#organization"},"potentialAction":[{"@type":"SearchAction","target":{"@type":"EntryPoint","urlTemplate":"https:\/\/naturalwomanhood.org\/?s={search_term_string}"},"query-input":{"@type":"PropertyValueSpecification","valueRequired":true,"valueName":"search_term_string"}}],"inLanguage":"fr-FR"},{"@type":"Organization","@id":"https:\/\/naturalwomanhood.org\/#organization","name":"La f\u00e9minit\u00e9 naturelle","url":"https:\/\/naturalwomanhood.org\/","logo":{"@type":"ImageObject","inLanguage":"fr-FR","@id":"https:\/\/naturalwomanhood.org\/#\/schema\/logo\/image\/","url":"","contentUrl":"","caption":"Natural Womanhood"},"image":{"@id":"https:\/\/naturalwomanhood.org\/#\/schema\/logo\/image\/"},"sameAs":["https:\/\/www.facebook.com\/NaturalWomanhood","https:\/\/x.com\/naturwomanhood","https:\/\/www.instagram.com\/naturalwomanhood\/","https:\/\/www.linkedin.com\/company\/natural-womanhood\/","https:\/\/www.youtube.com\/channel\/UCt5gjuXYioYkx31Iq4tHLGg"]}]}},"taxonomy_info":[],"featured_image_src_large":false,"author_info":{"display_name":"Gerard Migeon","author_link":"https:\/\/naturalwomanhood.org\/fr\/author\/gerard\/"},"comment_info":0,"_links":{"self":[{"href":"https:\/\/naturalwomanhood.org\/fr\/wp-json\/wp\/v2\/pages\/2244","targetHints":{"allow":["GET"]}}],"collection":[{"href":"https:\/\/naturalwomanhood.org\/fr\/wp-json\/wp\/v2\/pages"}],"about":[{"href":"https:\/\/naturalwomanhood.org\/fr\/wp-json\/wp\/v2\/types\/page"}],"author":[{"embeddable":true,"href":"https:\/\/naturalwomanhood.org\/fr\/wp-json\/wp\/v2\/users\/2"}],"replies":[{"embeddable":true,"href":"https:\/\/naturalwomanhood.org\/fr\/wp-json\/wp\/v2\/comments?post=2244"}],"version-history":[{"count":0,"href":"https:\/\/naturalwomanhood.org\/fr\/wp-json\/wp\/v2\/pages\/2244\/revisions"}],"wp:attachment":[{"href":"https:\/\/naturalwomanhood.org\/fr\/wp-json\/wp\/v2\/media?parent=2244"}],"curies":[{"name":"wp","href":"https:\/\/api.w.org\/{rel}","templated":true}]}}