{"id":20094,"date":"2024-03-27T17:58:56","date_gmt":"2024-03-27T22:58:56","guid":{"rendered":"https:\/\/naturalwomanhood.org\/?page_id=20094"},"modified":"2024-09-06T11:15:53","modified_gmt":"2024-09-06T16:15:53","slug":"charlottebrunch2024","status":"publish","type":"page","link":"https:\/\/naturalwomanhood.org\/fr\/charlottebrunch2024\/","title":{"rendered":"Brunch \u00e0 Charlotte 2024"},"content":{"rendered":"<figure class=\"wp-block-image alignfull size-full\"><img decoding=\"async\" src=\"https:\/\/naturalwomanhood.org\/wp-content\/uploads\/Reclaiming-Authentic-Womens-Health-banner-1.png\" alt=\"\"\/><\/figure>\n\n\n\n<div class=\"wp-block-buttons is-layout-flex wp-block-buttons-is-layout-flex\">\n<div class=\"wp-block-button\"><a class=\"wp-block-button__link has-text-color has-background has-link-color wp-element-button\" href=\"#gform_wrapper_57\" style=\"color:#2b3468;background-color:#f7df5b\">S'inscrire ici<\/a><\/div>\n<\/div>\n\n\n\n<p>Rejoignez-nous et d'autres amis pro-vie et pro-famille pour un moment amusant et inspirant ! En plus d'un d\u00e9licieux brunch, vous en apprendrez plus sur <strong>des strat\u00e9gies efficaces pour changer la \u201cculture contraceptive\u201d <\/strong>et comment vous pouvez d\u00e9fendre la v\u00e9rit\u00e9 au sein de votre propre communaut\u00e9. Vous serez inspir\u00e9 par <strong>L'histoire de la \u201cconversion\u201d du Dr Blaha \u00e0 la pratique de la PFN uniquement<\/strong>. L'espace de r\u00e9servation est limit\u00e9 \u00e0 160 personnes.<\/p>\n\n\n\n<p>Programme :&nbsp;<\/p>\n\n\n\n<ul class=\"wp-block-list\">\n<li>10h00 Brunch et convivialit\u00e9<\/li>\n\n\n\n<li>10h30 Accueil par Kallah Oakes et Invocation par le P\u00e8re Jonathan Torres<\/li>\n\n\n\n<li>10 h 50 G\u00e9rard et Anna Migeon, cofondateurs de Natural Womanhood<\/li>\n\n\n\n<li>11h00 T\u00e9moignage d'un \u00e9tudiant<\/li>\n\n\n\n<li>11:10 Dr. Stephen Blaha<\/li>\n\n\n\n<li>11h30 Appel \u00e0 l'action par G\u00e9rard Migeon&nbsp;<\/li>\n\n\n\n<li>11 h 50 B\u00e9n\u00e9diction de cl\u00f4ture<\/li>\n<\/ul>\n\n\n\n<p><strong><em>Dr. Stephen Blaha<\/em><\/strong><em> est titulaire d'un dipl\u00f4me de m\u00e9decine de l'universit\u00e9 Wake Forest et a effectu\u00e9 son internat en gyn\u00e9cologie-obst\u00e9trique au Carolinas Medical Center.  Il a \u00e9t\u00e9 chef du service d'obst\u00e9trique et de gyn\u00e9cologie au CMC-Main \u00e0 Charlotte et a enseign\u00e9 \u00e0 la facult\u00e9 de m\u00e9decine de l'UNC aux \u00e9tudiants en m\u00e9decine.  Plus r\u00e9cemment, il a ouvert un cabinet de planification familiale naturelle (Natural Family Planning OB\/GYN) chez Atrium Health \u00e0 Indian Trail, qu'il dirige aujourd'hui. Il vit \u00e0 Charlotte avec sa femme et ses six enfants.<\/em><\/p>\n\n\n\n<p><strong><em>La f\u00e9minit\u00e9 naturelle<\/em><\/strong><em> est une organisation catholique mondiale \u00e0 but non lucratif (501c3) et l'\u00e9diteur du Magazine de sensibilisation \u00e0 la fertilit\u00e9 et \u00e0 la sant\u00e9 des femmes. Nous croyons que la fertilit\u00e9 n'est pas une maladie \u00e0 gu\u00e9rir et nous promouvons des alternatives \u00e0 la contraception et \u00e0 la FIV. Notre vision est que toutes les femmes apprennent \u00e0 revendiquer leur fertilit\u00e9 naturelle comme \u00e9tant belle, puissante et saine. Nous donnons aux femmes les moyens de conna\u00eetre et d'aimer leur corps gr\u00e2ce \u00e0 la sensibilisation \u00e0 la fertilit\u00e9, \u00e0 la connaissance du corps et \u00e0 une sant\u00e9 f\u00e9minine authentique. Pour en savoir plus <a href=\"https:\/\/naturalwomanhood.org\/fr\/\">www.naturalwomanhood.org<\/a>.<\/em><\/p>\n\n\n\n<p class=\"has-text-align-center\">Les inscriptions sont closes. Merci de votre int\u00e9r\u00eat, veuillez contacter silvia@naturalwomanhood.org pour plus d'informations.<\/p>\n\n\n\n<p class=\"has-small-font-size\"><\/p>","protected":false},"excerpt":{"rendered":"Rejoignez-nous et d'autres amis pro-vie et pro-famille pour un moment amusant et inspirant ! En plus d'un d\u00e9licieux brunch, vous...","protected":false},"author":70,"featured_media":0,"parent":0,"menu_order":0,"comment_status":"closed","ping_status":"closed","template":"","meta":{"_acf_changed":false,"_kad_blocks_custom_css":"","_kad_blocks_head_custom_js":"","_kad_blocks_body_custom_js":"","_kad_blocks_footer_custom_js":"","csco_singular_sidebar":"","csco_page_header_type":"none","csco_page_load_nextpost":"","csco_post_video_location":[],"csco_post_video_url":"","csco_post_video_bg_start_time":0,"csco_post_video_bg_end_time":0,"footnotes":""},"class_list":{"0":"post-20094","1":"page","2":"type-page","3":"status-publish","5":"cs-entry","6":"cs-video-wrap"},"acf":[],"yoast_head":"<!-- This site is optimized with the Yoast SEO Premium plugin v27.2 (Yoast SEO v27.2) - https:\/\/yoast.com\/product\/yoast-seo-premium-wordpress\/ -->\n<title>Charlotte Brunch 2024 - Natural Womanhood<\/title>\n<meta name=\"robots\" content=\"index, follow, max-snippet:-1, max-image-preview:large, max-video-preview:-1\" \/>\n<link rel=\"canonical\" href=\"https:\/\/naturalwomanhood.org\/fr\/charlottebrunch2024\/\" \/>\n<meta property=\"og:locale\" content=\"fr_FR\" \/>\n<meta property=\"og:type\" content=\"article\" \/>\n<meta property=\"og:title\" content=\"Charlotte Brunch 2024\" \/>\n<meta property=\"og:description\" content=\"Register here Join us and other pro-life, pro-family friends for a fun and inspiring time! Besides a delicious brunch, you will learn more about effective\" \/>\n<meta property=\"og:url\" content=\"https:\/\/naturalwomanhood.org\/fr\/charlottebrunch2024\/\" \/>\n<meta property=\"og:site_name\" content=\"Natural Womanhood\" \/>\n<meta property=\"article:publisher\" content=\"https:\/\/www.facebook.com\/NaturalWomanhood\" \/>\n<meta property=\"article:modified_time\" content=\"2024-09-06T16:15:53+00:00\" \/>\n<meta property=\"og:image\" content=\"https:\/\/naturalwomanhood.org\/wp-content\/uploads\/Reclaiming-Authentic-Womens-Health-banner-1.png\" \/>\n<meta name=\"twitter:card\" content=\"summary_large_image\" \/>\n<meta name=\"twitter:site\" content=\"@naturwomanhood\" \/>\n<meta name=\"twitter:label1\" content=\"Dur\u00e9e de lecture estim\u00e9e\" \/>\n\t<meta name=\"twitter:data1\" content=\"1 minute\" \/>\n<script type=\"application\/ld+json\" class=\"yoast-schema-graph\">{\"@context\":\"https:\/\/schema.org\",\"@graph\":[{\"@type\":\"WebPage\",\"@id\":\"https:\/\/naturalwomanhood.org\/charlottebrunch2024\/\",\"url\":\"https:\/\/naturalwomanhood.org\/charlottebrunch2024\/\",\"name\":\"Charlotte Brunch 2024 - Natural Womanhood\",\"isPartOf\":{\"@id\":\"https:\/\/naturalwomanhood.org\/#website\"},\"primaryImageOfPage\":{\"@id\":\"https:\/\/naturalwomanhood.org\/charlottebrunch2024\/#primaryimage\"},\"image\":{\"@id\":\"https:\/\/naturalwomanhood.org\/charlottebrunch2024\/#primaryimage\"},\"thumbnailUrl\":\"https:\/\/naturalwomanhood.org\/wp-content\/uploads\/Reclaiming-Authentic-Womens-Health-banner-1.png\",\"datePublished\":\"2024-03-27T22:58:56+00:00\",\"dateModified\":\"2024-09-06T16:15:53+00:00\",\"breadcrumb\":{\"@id\":\"https:\/\/naturalwomanhood.org\/charlottebrunch2024\/#breadcrumb\"},\"inLanguage\":\"fr-FR\",\"potentialAction\":[{\"@type\":\"ReadAction\",\"target\":[\"https:\/\/naturalwomanhood.org\/charlottebrunch2024\/\"]}]},{\"@type\":\"ImageObject\",\"inLanguage\":\"fr-FR\",\"@id\":\"https:\/\/naturalwomanhood.org\/charlottebrunch2024\/#primaryimage\",\"url\":\"https:\/\/naturalwomanhood.org\/wp-content\/uploads\/Reclaiming-Authentic-Womens-Health-banner-1.png\",\"contentUrl\":\"https:\/\/naturalwomanhood.org\/wp-content\/uploads\/Reclaiming-Authentic-Womens-Health-banner-1.png\"},{\"@type\":\"BreadcrumbList\",\"@id\":\"https:\/\/naturalwomanhood.org\/charlottebrunch2024\/#breadcrumb\",\"itemListElement\":[{\"@type\":\"ListItem\",\"position\":1,\"name\":\"Home\",\"item\":\"https:\/\/naturalwomanhood.org\/\"},{\"@type\":\"ListItem\",\"position\":2,\"name\":\"Charlotte Brunch 2024\"}]},{\"@type\":\"WebSite\",\"@id\":\"https:\/\/naturalwomanhood.org\/#website\",\"url\":\"https:\/\/naturalwomanhood.org\/\",\"name\":\"Natural Womanhood\",\"description\":\"\",\"publisher\":{\"@id\":\"https:\/\/naturalwomanhood.org\/#organization\"},\"potentialAction\":[{\"@type\":\"SearchAction\",\"target\":{\"@type\":\"EntryPoint\",\"urlTemplate\":\"https:\/\/naturalwomanhood.org\/?s={search_term_string}\"},\"query-input\":{\"@type\":\"PropertyValueSpecification\",\"valueRequired\":true,\"valueName\":\"search_term_string\"}}],\"inLanguage\":\"fr-FR\"},{\"@type\":\"Organization\",\"@id\":\"https:\/\/naturalwomanhood.org\/#organization\",\"name\":\"Natural Womanhood\",\"url\":\"https:\/\/naturalwomanhood.org\/\",\"logo\":{\"@type\":\"ImageObject\",\"inLanguage\":\"fr-FR\",\"@id\":\"https:\/\/naturalwomanhood.org\/#\/schema\/logo\/image\/\",\"url\":\"\",\"contentUrl\":\"\",\"caption\":\"Natural Womanhood\"},\"image\":{\"@id\":\"https:\/\/naturalwomanhood.org\/#\/schema\/logo\/image\/\"},\"sameAs\":[\"https:\/\/www.facebook.com\/NaturalWomanhood\",\"https:\/\/x.com\/naturwomanhood\",\"https:\/\/www.instagram.com\/naturalwomanhood\/\",\"https:\/\/www.linkedin.com\/company\/natural-womanhood\/\",\"https:\/\/www.youtube.com\/channel\/UCt5gjuXYioYkx31Iq4tHLGg\"]}]}<\/script>\n<!-- \/ Yoast SEO Premium plugin. -->","yoast_head_json":{"title":"Charlotte Brunch 2024 - La femme naturelle","robots":{"index":"index","follow":"follow","max-snippet":"max-snippet:-1","max-image-preview":"max-image-preview:large","max-video-preview":"max-video-preview:-1"},"canonical":"https:\/\/naturalwomanhood.org\/fr\/charlottebrunch2024\/","og_locale":"fr_FR","og_type":"article","og_title":"Charlotte Brunch 2024","og_description":"Register here Join us and other pro-life, pro-family friends for a fun and inspiring time! Besides a delicious brunch, you will learn more about effective","og_url":"https:\/\/naturalwomanhood.org\/fr\/charlottebrunch2024\/","og_site_name":"Natural Womanhood","article_publisher":"https:\/\/www.facebook.com\/NaturalWomanhood","article_modified_time":"2024-09-06T16:15:53+00:00","og_image":[{"url":"https:\/\/naturalwomanhood.org\/wp-content\/uploads\/Reclaiming-Authentic-Womens-Health-banner-1.png","type":"","width":"","height":""}],"twitter_card":"summary_large_image","twitter_site":"@naturwomanhood","twitter_misc":{"Dur\u00e9e de lecture estim\u00e9e":"1 minute"},"schema":{"@context":"https:\/\/schema.org","@graph":[{"@type":"WebPage","@id":"https:\/\/naturalwomanhood.org\/charlottebrunch2024\/","url":"https:\/\/naturalwomanhood.org\/charlottebrunch2024\/","name":"Charlotte Brunch 2024 - La femme naturelle","isPartOf":{"@id":"https:\/\/naturalwomanhood.org\/#website"},"primaryImageOfPage":{"@id":"https:\/\/naturalwomanhood.org\/charlottebrunch2024\/#primaryimage"},"image":{"@id":"https:\/\/naturalwomanhood.org\/charlottebrunch2024\/#primaryimage"},"thumbnailUrl":"https:\/\/naturalwomanhood.org\/wp-content\/uploads\/Reclaiming-Authentic-Womens-Health-banner-1.png","datePublished":"2024-03-27T22:58:56+00:00","dateModified":"2024-09-06T16:15:53+00:00","breadcrumb":{"@id":"https:\/\/naturalwomanhood.org\/charlottebrunch2024\/#breadcrumb"},"inLanguage":"fr-FR","potentialAction":[{"@type":"ReadAction","target":["https:\/\/naturalwomanhood.org\/charlottebrunch2024\/"]}]},{"@type":"ImageObject","inLanguage":"fr-FR","@id":"https:\/\/naturalwomanhood.org\/charlottebrunch2024\/#primaryimage","url":"https:\/\/naturalwomanhood.org\/wp-content\/uploads\/Reclaiming-Authentic-Womens-Health-banner-1.png","contentUrl":"https:\/\/naturalwomanhood.org\/wp-content\/uploads\/Reclaiming-Authentic-Womens-Health-banner-1.png"},{"@type":"BreadcrumbList","@id":"https:\/\/naturalwomanhood.org\/charlottebrunch2024\/#breadcrumb","itemListElement":[{"@type":"ListItem","position":1,"name":"Home","item":"https:\/\/naturalwomanhood.org\/"},{"@type":"ListItem","position":2,"name":"Charlotte Brunch 2024"}]},{"@type":"WebSite","@id":"https:\/\/naturalwomanhood.org\/#website","url":"https:\/\/naturalwomanhood.org\/","name":"La f\u00e9minit\u00e9 naturelle","description":"","publisher":{"@id":"https:\/\/naturalwomanhood.org\/#organization"},"potentialAction":[{"@type":"SearchAction","target":{"@type":"EntryPoint","urlTemplate":"https:\/\/naturalwomanhood.org\/?s={search_term_string}"},"query-input":{"@type":"PropertyValueSpecification","valueRequired":true,"valueName":"search_term_string"}}],"inLanguage":"fr-FR"},{"@type":"Organization","@id":"https:\/\/naturalwomanhood.org\/#organization","name":"La f\u00e9minit\u00e9 naturelle","url":"https:\/\/naturalwomanhood.org\/","logo":{"@type":"ImageObject","inLanguage":"fr-FR","@id":"https:\/\/naturalwomanhood.org\/#\/schema\/logo\/image\/","url":"","contentUrl":"","caption":"Natural Womanhood"},"image":{"@id":"https:\/\/naturalwomanhood.org\/#\/schema\/logo\/image\/"},"sameAs":["https:\/\/www.facebook.com\/NaturalWomanhood","https:\/\/x.com\/naturwomanhood","https:\/\/www.instagram.com\/naturalwomanhood\/","https:\/\/www.linkedin.com\/company\/natural-womanhood\/","https:\/\/www.youtube.com\/channel\/UCt5gjuXYioYkx31Iq4tHLGg"]}]}},"taxonomy_info":[],"featured_image_src_large":false,"author_info":{"display_name":"Silvia Coto","author_link":"https:\/\/naturalwomanhood.org\/fr\/author\/silvia\/"},"comment_info":0,"_links":{"self":[{"href":"https:\/\/naturalwomanhood.org\/fr\/wp-json\/wp\/v2\/pages\/20094","targetHints":{"allow":["GET"]}}],"collection":[{"href":"https:\/\/naturalwomanhood.org\/fr\/wp-json\/wp\/v2\/pages"}],"about":[{"href":"https:\/\/naturalwomanhood.org\/fr\/wp-json\/wp\/v2\/types\/page"}],"author":[{"embeddable":true,"href":"https:\/\/naturalwomanhood.org\/fr\/wp-json\/wp\/v2\/users\/70"}],"replies":[{"embeddable":true,"href":"https:\/\/naturalwomanhood.org\/fr\/wp-json\/wp\/v2\/comments?post=20094"}],"version-history":[{"count":0,"href":"https:\/\/naturalwomanhood.org\/fr\/wp-json\/wp\/v2\/pages\/20094\/revisions"}],"wp:attachment":[{"href":"https:\/\/naturalwomanhood.org\/fr\/wp-json\/wp\/v2\/media?parent=20094"}],"curies":[{"name":"wp","href":"https:\/\/api.w.org\/{rel}","templated":true}]}}