{"id":13990,"date":"2022-02-08T15:31:36","date_gmt":"2022-02-08T21:31:36","guid":{"rendered":"https:\/\/naturalwomanhood.org\/?p=13990"},"modified":"2024-02-20T15:05:30","modified_gmt":"2024-02-20T21:05:30","slug":"https-naturalwomanhood-org-planifier-un-appel-avec-un-conseiller-en-fertilite-maintenant","status":"publish","type":"page","link":"https:\/\/naturalwomanhood.org\/fr\/https-naturalwomanhood-org-schedule-a-call-with-a-fertility-awareness-advisor-now\/","title":{"rendered":"Ligne d'information sur le cycle et la fertilit\u00e9"},"content":{"rendered":"<div data-elementor-type=\"wp-page\" data-elementor-id=\"13990\" class=\"elementor elementor-13990\">\n\t\t\t\t\t\t<section class=\"elementor-section elementor-top-section elementor-element elementor-element-13b9b6da elementor-section-boxed elementor-section-height-default elementor-section-height-default\" data-id=\"13b9b6da\" data-element_type=\"section\" data-e-type=\"section\">\n\t\t\t\t\t\t<div class=\"elementor-container elementor-column-gap-default\">\n\t\t\t\t\t<div class=\"elementor-column elementor-col-100 elementor-top-column elementor-element elementor-element-7d18d4e1\" data-id=\"7d18d4e1\" data-element_type=\"column\" data-e-type=\"column\">\n\t\t\t<div class=\"elementor-widget-wrap elementor-element-populated\">\n\t\t\t\t\t\t<div class=\"elementor-element elementor-element-f075e38 elementor-widget elementor-widget-heading\" data-id=\"f075e38\" data-element_type=\"widget\" data-e-type=\"widget\" data-widget_type=\"heading.default\">\n\t\t\t\t<div class=\"elementor-widget-container\">\n\t\t\t\t\t<h2 id=\"free-20-minute-consultation-with-a-guidance-advisor\" class=\"elementor-heading-title elementor-size-default\">Consultation gratuite de 20 minutes avec un conseiller d'orientation<br><\/h2>\t\t\t\t<\/div>\n\t\t\t\t<\/div>\n\t\t\t\t<div class=\"elementor-element elementor-element-40c5449 elementor-widget elementor-widget-text-editor\" data-id=\"40c5449\" data-element_type=\"widget\" data-e-type=\"widget\" data-widget_type=\"text-editor.default\">\n\t\t\t\t<div class=\"elementor-widget-container\">\n\t\t\t\t\t\t\t\t\t<p><\/p>\n<p>Avez-vous des questions sans r\u00e9ponse sur le cycle, la planification familiale ou la fertilit\u00e9 ? Prendre la d\u00e9cision de consulter un m\u00e9decin ou de suivre un programme de sensibilisation \u00e0 la fertilit\u00e9 peut s'av\u00e9rer difficile.<\/p>\n<p>Parfois, une conversation br\u00e8ve et confidentielle avec un conseiller expert qui peut vraiment vous \u00e9couter, comprendre vos besoins et clarifier les informations que vous avez pu lire en ligne est un \u00e9norme avantage.<\/p>\n<p>Natural Womanhood, offre une consultation gratuite de 20 minutes par t\u00e9l\u00e9phone ou par zoom o\u00f9 vous pouvez parler de votre situation, de vos objectifs et de vos besoins.<\/p>\n<p>Ces conseill\u00e8res sont des femmes qui sont des instructrices agr\u00e9\u00e9es en mati\u00e8re de sensibilisation \u00e0 la fertilit\u00e9.  Elles ont toutes une grande exp\u00e9rience de l'aide apport\u00e9e aux femmes pour qu'elles atteignent leurs objectifs.  Une conversation avec elles peut vous guider dans les \u00e9tapes suivantes, sans engagement ni argumentaire de vente.<\/p>\n<p>Ne manquez pas cette occasion d'obtenir les conseils dont vous avez besoin.<\/p>\n<p>Remarque : les appels t\u00e9l\u00e9phoniques ne sont disponibles qu'aux \u00c9tats-Unis. Pour tous les autres pays, Zoom sera disponible.<\/p>\n<p><\/p>\n<p><\/p>\t\t\t\t\t\t\t\t<\/div>\n\t\t\t\t<\/div>\n\t\t\t\t<div class=\"elementor-element elementor-element-843a02e elementor-align-center elementor-widget elementor-widget-button\" data-id=\"843a02e\" data-element_type=\"widget\" data-e-type=\"widget\" data-widget_type=\"button.default\">\n\t\t\t\t<div class=\"elementor-widget-container\">\n\t\t\t\t\t\t\t\t\t<div class=\"elementor-button-wrapper\">\n\t\t\t\t\t<a class=\"elementor-button elementor-button-link elementor-size-xl\" href=\"https:\/\/calendly.com\/freeadvice_nw\/15min\">\n\t\t\t\t\t\t<span class=\"elementor-button-content-wrapper\">\n\t\t\t\t\t\t\t\t\t<span class=\"elementor-button-text\">R\u00e9servez votre appel maintenant<\/span>\n\t\t\t\t\t<\/span>\n\t\t\t\t\t<\/a>\n\t\t\t\t<\/div>\n\t\t\t\t\t\t\t\t<\/div>\n\t\t\t\t<\/div>\n\t\t\t\t<div class=\"elementor-element elementor-element-f7f9c24 elementor-widget elementor-widget-spacer\" data-id=\"f7f9c24\" data-element_type=\"widget\" data-e-type=\"widget\" data-widget_type=\"spacer.default\">\n\t\t\t\t<div class=\"elementor-widget-container\">\n\t\t\t\t\t\t\t<div class=\"elementor-spacer\">\n\t\t\t<div class=\"elementor-spacer-inner\"><\/div>\n\t\t<\/div>\n\t\t\t\t\t\t<\/div>\n\t\t\t\t<\/div>\n\t\t\t\t<div class=\"elementor-element elementor-element-20c7954 elementor-widget elementor-widget-text-editor\" data-id=\"20c7954\" data-element_type=\"widget\" data-e-type=\"widget\" data-widget_type=\"text-editor.default\">\n\t\t\t\t<div class=\"elementor-widget-container\">\n\t\t\t\t\t\t\t\t\t<p><span style=\"color: #1a1a1a; font-family: 'proxima nova', sans-serif; font-size: 16px;\">Il ne s'agit pas d'un service m\u00e9dical ni d'une visite de vente. Nous ne collectons ni ne conservons aucune des informations personnelles que vous nous communiquez. Votre adresse \u00e9lectronique sera ajout\u00e9e \u00e0 notre bulletin d'information gratuit sur la sant\u00e9 des femmes et la sensibilisation \u00e0 la fertilit\u00e9, et vous pourrez vous d\u00e9sabonner \u00e0 tout moment.\u00a0<\/span><\/p>\t\t\t\t\t\t\t\t<\/div>\n\t\t\t\t<\/div>\n\t\t\t\t\t<\/div>\n\t\t<\/div>\n\t\t\t\t\t<\/div>\n\t\t<\/section>\n\t\t\t\t<\/div>","protected":false},"excerpt":{"rendered":"Consultation gratuite de 20 minutes avec un conseiller d'orientation Vous avez des questions sans r\u00e9ponse sur le cycle, le planning familial ou la fertilit\u00e9 ? Faire...","protected":false},"author":70,"featured_media":0,"parent":0,"menu_order":0,"comment_status":"open","ping_status":"closed","template":"","meta":{"_acf_changed":false,"_kad_blocks_custom_css":"","_kad_blocks_head_custom_js":"","_kad_blocks_body_custom_js":"","_kad_blocks_footer_custom_js":"","csco_singular_sidebar":"","csco_page_header_type":"","csco_page_load_nextpost":"","csco_post_video_location":[],"csco_post_video_url":"","csco_post_video_bg_start_time":0,"csco_post_video_bg_end_time":0,"footnotes":""},"class_list":{"0":"post-13990","1":"page","2":"type-page","3":"status-publish","5":"cs-entry","6":"cs-video-wrap"},"acf":[],"yoast_head":"<!-- This site is optimized with the Yoast SEO Premium plugin v27.2 (Yoast SEO v27.2) - https:\/\/yoast.com\/product\/yoast-seo-premium-wordpress\/ -->\n<title>Cycle and Fertility Awareness Guidance Line - Natural Womanhood<\/title>\n<meta name=\"description\" content=\"Speak with experienced and certified fertility awareness instructors for personalized guidance. Book a Free 15-Minute Phone Call.\" \/>\n<meta name=\"robots\" content=\"index, follow, max-snippet:-1, max-image-preview:large, max-video-preview:-1\" \/>\n<link rel=\"canonical\" href=\"https:\/\/naturalwomanhood.org\/fr\/https-naturalwomanhood-org-planifier-un-appel-avec-un-conseiller-en-fertilite-maintenant\/\" \/>\n<meta property=\"og:locale\" content=\"fr_FR\" \/>\n<meta property=\"og:type\" content=\"article\" \/>\n<meta property=\"og:title\" content=\"Cycle and Fertility Awareness Guidance Line\" \/>\n<meta property=\"og:description\" content=\"Free 20-minute consultation with a guidance advisor Do you have unanswered cycle, family planning or fertility questions? Making the decision to seek a\" \/>\n<meta property=\"og:url\" content=\"https:\/\/naturalwomanhood.org\/fr\/https-naturalwomanhood-org-planifier-un-appel-avec-un-conseiller-en-fertilite-maintenant\/\" \/>\n<meta property=\"og:site_name\" content=\"Natural Womanhood\" \/>\n<meta property=\"article:publisher\" content=\"https:\/\/www.facebook.com\/NaturalWomanhood\" \/>\n<meta property=\"article:modified_time\" content=\"2024-02-20T21:05:30+00:00\" \/>\n<meta property=\"og:image\" content=\"https:\/\/naturalwomanhood.org\/wp-content\/uploads\/nw-logo-social.jpg\" \/>\n\t<meta property=\"og:image:width\" content=\"1200\" \/>\n\t<meta property=\"og:image:height\" content=\"630\" \/>\n\t<meta property=\"og:image:type\" content=\"image\/jpeg\" \/>\n<meta name=\"twitter:card\" content=\"summary_large_image\" \/>\n<meta name=\"twitter:site\" content=\"@naturwomanhood\" \/>\n<meta name=\"twitter:label1\" content=\"Dur\u00e9e de lecture estim\u00e9e\" \/>\n\t<meta name=\"twitter:data1\" content=\"1 minute\" \/>\n<script type=\"application\/ld+json\" class=\"yoast-schema-graph\">{\"@context\":\"https:\/\/schema.org\",\"@graph\":[{\"@type\":\"WebPage\",\"@id\":\"https:\/\/naturalwomanhood.org\/https-naturalwomanhood-org-schedule-a-call-with-a-fertility-awareness-advisor-now\/\",\"url\":\"https:\/\/naturalwomanhood.org\/https-naturalwomanhood-org-schedule-a-call-with-a-fertility-awareness-advisor-now\/\",\"name\":\"Cycle and Fertility Awareness Guidance Line - Natural Womanhood\",\"isPartOf\":{\"@id\":\"https:\/\/naturalwomanhood.org\/#website\"},\"datePublished\":\"2022-02-08T21:31:36+00:00\",\"dateModified\":\"2024-02-20T21:05:30+00:00\",\"description\":\"Speak with experienced and certified fertility awareness instructors for personalized guidance. Book a Free 15-Minute Phone Call.\",\"breadcrumb\":{\"@id\":\"https:\/\/naturalwomanhood.org\/https-naturalwomanhood-org-schedule-a-call-with-a-fertility-awareness-advisor-now\/#breadcrumb\"},\"inLanguage\":\"fr-FR\",\"potentialAction\":[{\"@type\":\"ReadAction\",\"target\":[\"https:\/\/naturalwomanhood.org\/https-naturalwomanhood-org-schedule-a-call-with-a-fertility-awareness-advisor-now\/\"]}]},{\"@type\":\"BreadcrumbList\",\"@id\":\"https:\/\/naturalwomanhood.org\/https-naturalwomanhood-org-schedule-a-call-with-a-fertility-awareness-advisor-now\/#breadcrumb\",\"itemListElement\":[{\"@type\":\"ListItem\",\"position\":1,\"name\":\"Home\",\"item\":\"https:\/\/naturalwomanhood.org\/\"},{\"@type\":\"ListItem\",\"position\":2,\"name\":\"Cycle and Fertility Awareness Guidance Line\"}]},{\"@type\":\"WebSite\",\"@id\":\"https:\/\/naturalwomanhood.org\/#website\",\"url\":\"https:\/\/naturalwomanhood.org\/\",\"name\":\"Natural Womanhood\",\"description\":\"\",\"publisher\":{\"@id\":\"https:\/\/naturalwomanhood.org\/#organization\"},\"potentialAction\":[{\"@type\":\"SearchAction\",\"target\":{\"@type\":\"EntryPoint\",\"urlTemplate\":\"https:\/\/naturalwomanhood.org\/?s={search_term_string}\"},\"query-input\":{\"@type\":\"PropertyValueSpecification\",\"valueRequired\":true,\"valueName\":\"search_term_string\"}}],\"inLanguage\":\"fr-FR\"},{\"@type\":\"Organization\",\"@id\":\"https:\/\/naturalwomanhood.org\/#organization\",\"name\":\"Natural Womanhood\",\"url\":\"https:\/\/naturalwomanhood.org\/\",\"logo\":{\"@type\":\"ImageObject\",\"inLanguage\":\"fr-FR\",\"@id\":\"https:\/\/naturalwomanhood.org\/#\/schema\/logo\/image\/\",\"url\":\"\",\"contentUrl\":\"\",\"caption\":\"Natural Womanhood\"},\"image\":{\"@id\":\"https:\/\/naturalwomanhood.org\/#\/schema\/logo\/image\/\"},\"sameAs\":[\"https:\/\/www.facebook.com\/NaturalWomanhood\",\"https:\/\/x.com\/naturwomanhood\",\"https:\/\/www.instagram.com\/naturalwomanhood\/\",\"https:\/\/www.linkedin.com\/company\/natural-womanhood\/\",\"https:\/\/www.youtube.com\/channel\/UCt5gjuXYioYkx31Iq4tHLGg\"]}]}<\/script>\n<!-- \/ Yoast SEO Premium plugin. -->","yoast_head_json":{"title":"Ligne d'information sur le cycle et la fertilit\u00e9 - Natural Womanhood","description":"Parlez avec des instructeurs exp\u00e9riment\u00e9s et certifi\u00e9s en sensibilisation \u00e0 la fertilit\u00e9 pour obtenir des conseils personnalis\u00e9s. R\u00e9servez un appel t\u00e9l\u00e9phonique gratuit de 15 minutes.","robots":{"index":"index","follow":"follow","max-snippet":"max-snippet:-1","max-image-preview":"max-image-preview:large","max-video-preview":"max-video-preview:-1"},"canonical":"https:\/\/naturalwomanhood.org\/fr\/https-naturalwomanhood-org-planifier-un-appel-avec-un-conseiller-en-fertilite-maintenant\/","og_locale":"fr_FR","og_type":"article","og_title":"Cycle and Fertility Awareness Guidance Line","og_description":"Free 20-minute consultation with a guidance advisor Do you have unanswered cycle, family planning or fertility questions? Making the decision to seek a","og_url":"https:\/\/naturalwomanhood.org\/fr\/https-naturalwomanhood-org-planifier-un-appel-avec-un-conseiller-en-fertilite-maintenant\/","og_site_name":"Natural Womanhood","article_publisher":"https:\/\/www.facebook.com\/NaturalWomanhood","article_modified_time":"2024-02-20T21:05:30+00:00","og_image":[{"width":1200,"height":630,"url":"https:\/\/naturalwomanhood.org\/wp-content\/uploads\/nw-logo-social.jpg","type":"image\/jpeg"}],"twitter_card":"summary_large_image","twitter_site":"@naturwomanhood","twitter_misc":{"Dur\u00e9e de lecture estim\u00e9e":"1 minute"},"schema":{"@context":"https:\/\/schema.org","@graph":[{"@type":"WebPage","@id":"https:\/\/naturalwomanhood.org\/https-naturalwomanhood-org-schedule-a-call-with-a-fertility-awareness-advisor-now\/","url":"https:\/\/naturalwomanhood.org\/https-naturalwomanhood-org-schedule-a-call-with-a-fertility-awareness-advisor-now\/","name":"Ligne d'information sur le cycle et la fertilit\u00e9 - Natural Womanhood","isPartOf":{"@id":"https:\/\/naturalwomanhood.org\/#website"},"datePublished":"2022-02-08T21:31:36+00:00","dateModified":"2024-02-20T21:05:30+00:00","description":"Parlez avec des instructeurs exp\u00e9riment\u00e9s et certifi\u00e9s en sensibilisation \u00e0 la fertilit\u00e9 pour obtenir des conseils personnalis\u00e9s. R\u00e9servez un appel t\u00e9l\u00e9phonique gratuit de 15 minutes.","breadcrumb":{"@id":"https:\/\/naturalwomanhood.org\/https-naturalwomanhood-org-schedule-a-call-with-a-fertility-awareness-advisor-now\/#breadcrumb"},"inLanguage":"fr-FR","potentialAction":[{"@type":"ReadAction","target":["https:\/\/naturalwomanhood.org\/https-naturalwomanhood-org-schedule-a-call-with-a-fertility-awareness-advisor-now\/"]}]},{"@type":"BreadcrumbList","@id":"https:\/\/naturalwomanhood.org\/https-naturalwomanhood-org-schedule-a-call-with-a-fertility-awareness-advisor-now\/#breadcrumb","itemListElement":[{"@type":"ListItem","position":1,"name":"Home","item":"https:\/\/naturalwomanhood.org\/"},{"@type":"ListItem","position":2,"name":"Cycle and Fertility Awareness Guidance Line"}]},{"@type":"WebSite","@id":"https:\/\/naturalwomanhood.org\/#website","url":"https:\/\/naturalwomanhood.org\/","name":"La f\u00e9minit\u00e9 naturelle","description":"","publisher":{"@id":"https:\/\/naturalwomanhood.org\/#organization"},"potentialAction":[{"@type":"SearchAction","target":{"@type":"EntryPoint","urlTemplate":"https:\/\/naturalwomanhood.org\/?s={search_term_string}"},"query-input":{"@type":"PropertyValueSpecification","valueRequired":true,"valueName":"search_term_string"}}],"inLanguage":"fr-FR"},{"@type":"Organization","@id":"https:\/\/naturalwomanhood.org\/#organization","name":"La f\u00e9minit\u00e9 naturelle","url":"https:\/\/naturalwomanhood.org\/","logo":{"@type":"ImageObject","inLanguage":"fr-FR","@id":"https:\/\/naturalwomanhood.org\/#\/schema\/logo\/image\/","url":"","contentUrl":"","caption":"Natural Womanhood"},"image":{"@id":"https:\/\/naturalwomanhood.org\/#\/schema\/logo\/image\/"},"sameAs":["https:\/\/www.facebook.com\/NaturalWomanhood","https:\/\/x.com\/naturwomanhood","https:\/\/www.instagram.com\/naturalwomanhood\/","https:\/\/www.linkedin.com\/company\/natural-womanhood\/","https:\/\/www.youtube.com\/channel\/UCt5gjuXYioYkx31Iq4tHLGg"]}]}},"taxonomy_info":[],"featured_image_src_large":false,"author_info":{"display_name":"Silvia Coto","author_link":"https:\/\/naturalwomanhood.org\/fr\/author\/silvia\/"},"comment_info":0,"_links":{"self":[{"href":"https:\/\/naturalwomanhood.org\/fr\/wp-json\/wp\/v2\/pages\/13990","targetHints":{"allow":["GET"]}}],"collection":[{"href":"https:\/\/naturalwomanhood.org\/fr\/wp-json\/wp\/v2\/pages"}],"about":[{"href":"https:\/\/naturalwomanhood.org\/fr\/wp-json\/wp\/v2\/types\/page"}],"author":[{"embeddable":true,"href":"https:\/\/naturalwomanhood.org\/fr\/wp-json\/wp\/v2\/users\/70"}],"replies":[{"embeddable":true,"href":"https:\/\/naturalwomanhood.org\/fr\/wp-json\/wp\/v2\/comments?post=13990"}],"version-history":[{"count":0,"href":"https:\/\/naturalwomanhood.org\/fr\/wp-json\/wp\/v2\/pages\/13990\/revisions"}],"wp:attachment":[{"href":"https:\/\/naturalwomanhood.org\/fr\/wp-json\/wp\/v2\/media?parent=13990"}],"curies":[{"name":"wp","href":"https:\/\/api.w.org\/{rel}","templated":true}]}}