{"id":13017,"date":"2021-08-18T12:00:35","date_gmt":"2021-08-18T17:00:35","guid":{"rendered":"https:\/\/naturalwomanhood.org\/?page_id=13017"},"modified":"2024-02-29T14:50:45","modified_gmt":"2024-02-29T20:50:45","slug":"fdapetition","status":"publish","type":"page","link":"https:\/\/naturalwomanhood.org\/fr\/fdapetition\/","title":{"rendered":"P\u00e9tition de la FDA"},"content":{"rendered":"\n<div class=\"wp-block-columns py-4 px-3 px-lg-0 is-layout-flex wp-container-core-columns-is-layout-9d6595d7 wp-block-columns-is-layout-flex\">\n<div class=\"wp-block-column is-layout-flow wp-block-column-is-layout-flow\">\n<div class=\"wp-block-group is-style-normal-width\"><div class=\"wp-block-group__inner-container is-layout-flow wp-block-group-is-layout-flow\">\n<div class=\"wp-block-columns is-layout-flex wp-container-core-columns-is-layout-9d6595d7 wp-block-columns-is-layout-flex\">\n<div class=\"wp-block-column pb-5 is-layout-flow wp-block-column-is-layout-flow\">\n<figure class=\"wp-block-image size-full\"><img fetchpriority=\"high\" decoding=\"async\" width=\"730\" height=\"425\" src=\"https:\/\/naturalwomanhood.org\/wp-content\/uploads\/AdobeStock_191357814-730x425-1.jpeg\" alt=\"\" class=\"wp-image-13030\" srcset=\"https:\/\/naturalwomanhood.org\/wp-content\/uploads\/AdobeStock_191357814-730x425-1.jpeg 730w, https:\/\/naturalwomanhood.org\/wp-content\/uploads\/AdobeStock_191357814-730x425-1-500x291.jpeg 500w, https:\/\/naturalwomanhood.org\/wp-content\/uploads\/AdobeStock_191357814-730x425-1-380x221.jpeg 380w\" sizes=\"(max-width: 730px) 100vw, 730px\" \/><\/figure>\n\n\n\n<p>At the age of 23, Alex Rowan had a promising writing career ahead of her when she collapsed from a massive pulmonary embolism caused by the hormonal birth control pill.&nbsp; <strong>\u201cShe was on it for six months and dropped dead with no warning<\/strong>,\u201d reports her father.<\/p>\n\n\n\n<p>A <a href=\"https:\/\/naturalwomanhood.org\/fda-petition-hormonal-contraceptives-birth-control-side-effects-2019\/\">comprehensive review of the scientific literature<\/a> concerning the side effects of hormonal contraceptives conducted by a team of experts showed the magnitude of the problem.<\/p>\n\n\n\n<p>According to the review, approximately <strong>1.2 million American women <\/strong>are currently affected by one or more serious medical conditions directly as a result of their past or current use of hormonal contraceptives.<\/p>\n\n\n\n<p>These conditions include: <strong>Breast cancer, Blood clots and other cardiovascular risks, Cervical cancer, Osteoporosis, Auto-immune diseases, Female sexual dysfunction, Depression, Anxiety, and other mood disorders, and even suicide.<\/strong> In particular, the Depo-Provera \u201cbirth control shot,\u201d is known to <a href=\"https:\/\/naturalwomanhood.org\/risk-of-hiv-transmission-depo-provera-birth-control-shot\/\">increase a woman\u2019s risk of contracting Human Immunodeficiency Virus<\/a> (HIV), the virus that causes Acquired Immunodeficiency Syndrome (AIDs).<\/p>\n\n\n\n<p><strong>That\u2019s why in 2019, <a href=\"https:\/\/www.regulations.gov\/document\/FDA-2019-P-2289-0001\" target=\"_blank\" rel=\"noreferrer noopener\">we petitioned the FDA<\/a><\/strong> to request the complete removal of long-acting injectable contraceptive Depo-Provera from the market, and to require pharmaceutical companies to update the prescribing information of other contraceptives so that patients would be better warned about the myriad risks and side effects hormonal contraceptives pose to all women.<\/p>\n\n\n\n<p>This petition has been met by a deafening silence: <strong>2 years later, we\u2019re still waiting for the FDA to respond<\/strong>.<\/p>\n\n\n\n<p>This is unacceptable. That is why <strong>your signature is urgently needed.<\/strong> If we don\u2019t take action, nothing will change, and big pharma will continue to ignore the plight of the many girls, women, and their families, who have been directly harmed by hormonal contraceptives.<\/p>\n\n\n\n<p>With your signature supporting the petition in hand, we will go back to the FDA, and make sure the voices of thousands of Americans are no longer ignored. <strong>But first, we need as many signatures as possible<\/strong>.<\/p>\n\n\n\n<p>Rest assured that our website is highly secured, and your contact information will remain strictly confidential. Thank you very much for your support. Respectfully,<\/p>\n\n\n\n<p><strong>Deacon William V. Williams<\/strong>, MD, FACP, main author of the FDA Petition<\/p>\n\n\n\n<p><strong>Kathleen M. Raviele<\/strong>, MD, FACOG<\/p>\n\n\n\n<p><strong>Gerard Migeon<\/strong>, CEO of Natural Womanhood<\/p>\n<\/div>\n\n\n\n<div class=\"wp-block-column pl-lg-5 is-layout-flow wp-block-column-is-layout-flow\">\n<p class=\"has-text-align-center mb-0 text-decoration-none has-blue-dark-color has-green-background-color has-text-color has-background\" style=\"font-size:24px\"><strong><a href=\"#anchorforsign\" class=\"text-decoration-none\">Sign this petition now!<\/a><\/strong><\/p>\n\n\n\n<div class=\"wp-block-group border p-4 border-top-0\"><div class=\"wp-block-group__inner-container is-layout-flow wp-block-group-is-layout-flow\">\n<p>Goal: 25,000 signatures<\/p>\n\n\n\n<p>TO: Dr. Janet Woodcock, acting Commissioner, U.S. Food and Drug Administration,<\/p>\n\n\n\n<p id=\"anchorforsign\"><em>The double standard for safety when it comes to birth control is unacceptable. Equally unacceptable is the lack of information given to girls and women about the known risks of hormonal contraception. I demand the FDA require pharmaceutical manufacturers of hormonal birth control to update their prescribing information and packaging inserts to reflect the evidence-based risks and side effects of their products, as outlined in <a href=\"https:\/\/naturalwomanhood.org\/wp-content\/uploads\/Letter-to-Janet-Woodcock-September-2021.pdf\" target=\"_blank\" rel=\"noreferrer noopener\">this official petition letter<\/a>.&nbsp;<\/em><\/p>\n\n\n\n<p>Sincerely,&nbsp;<br>[Your name]\n<\/div><\/div>\n\n\n\n<div class=\"text-center my-n4\"><span class=\"p-arrow-wrap\"><i class=\"fas fa-arrow-down fa-2x\"><\/i><\/span><\/div>\n\n\n\n<div class=\"wp-block-group is-style-full-width px-4 pt-5 mb-5 has-green-background-color has-background\"><div class=\"wp-block-group__inner-container is-layout-flow wp-block-group-is-layout-flow\">\n\n\n<p><\/p>\n<\/div><\/div>\n\n\n\n<p class=\"p-4 has-gray-light-background-color has-background\">Read more about the evidence-based <a href=\"https:\/\/naturalwomanhood.org\/topic\/birth-control-side-effects\/\">side effects and risks of hormonal contraceptives here<\/a> and about <a href=\"https:\/\/naturalwomanhood.org\/fda-petition-hormonal-contraceptives-birth-control-side-effects-2019\/\">the original FDA petition here<\/a>. <\/p>\n\n\n\n<p class=\"p-4 has-gray-light-background-color has-background\">To learn more about the history of birth control, be sure to tune in to Episode 4 of the Natural Womanhood podcast: <a href=\"https:\/\/naturalwomanhood.org\/podcast\/ep-4-history-of-birth-control\" target=\"_blank\" rel=\"noreferrer noopener\">&#8220;The surprising (and sordid) history of hormonal birth control.&#8221;<\/a><\/p>\n<\/div>\n<\/div>\n<\/div><\/div>\n<\/div>\n<\/div>\n\n\n\n<p><\/p>\n","protected":false},"excerpt":{"rendered":"\u00c0 l'\u00e2ge de 23 ans, Alex Rowan avait une carri\u00e8re d'\u00e9crivain prometteuse devant elle lorsqu'elle s'est effondr\u00e9e...","protected":false},"author":1,"featured_media":0,"parent":0,"menu_order":0,"comment_status":"closed","ping_status":"closed","template":"","meta":{"_acf_changed":false,"_kad_blocks_custom_css":"","_kad_blocks_head_custom_js":"","_kad_blocks_body_custom_js":"","_kad_blocks_footer_custom_js":"","csco_singular_sidebar":"","csco_page_header_type":"","csco_page_load_nextpost":"","csco_post_video_location":[],"csco_post_video_url":"","csco_post_video_bg_start_time":0,"csco_post_video_bg_end_time":0,"footnotes":""},"class_list":{"0":"post-13017","1":"page","2":"type-page","3":"status-publish","5":"cs-entry","6":"cs-video-wrap"},"acf":[],"yoast_head":"<!-- This site is optimized with the Yoast SEO Premium plugin v27.2 (Yoast SEO v27.2) - https:\/\/yoast.com\/product\/yoast-seo-premium-wordpress\/ -->\n<title>FDA Petition - Natural Womanhood<\/title>\n<meta name=\"robots\" content=\"index, follow, max-snippet:-1, max-image-preview:large, max-video-preview:-1\" \/>\n<link rel=\"canonical\" href=\"https:\/\/naturalwomanhood.org\/fr\/fdapetition\/\" \/>\n<meta property=\"og:locale\" content=\"fr_FR\" \/>\n<meta property=\"og:type\" content=\"article\" \/>\n<meta property=\"og:title\" content=\"FDA Petition\" \/>\n<meta property=\"og:description\" content=\"At the age of 23, Alex Rowan had a promising writing career ahead of her when she collapsed from a massive pulmonary embolism caused by the hormonal birth\" \/>\n<meta property=\"og:url\" content=\"https:\/\/naturalwomanhood.org\/fr\/fdapetition\/\" \/>\n<meta property=\"og:site_name\" content=\"Natural Womanhood\" \/>\n<meta property=\"article:publisher\" content=\"https:\/\/www.facebook.com\/NaturalWomanhood\" \/>\n<meta property=\"article:modified_time\" content=\"2024-02-29T20:50:45+00:00\" \/>\n<meta property=\"og:image\" content=\"https:\/\/naturalwomanhood.org\/wp-content\/uploads\/AdobeStock_191357814-730x425-1.jpeg\" \/>\n<meta name=\"twitter:card\" content=\"summary_large_image\" \/>\n<meta name=\"twitter:site\" content=\"@naturwomanhood\" \/>\n<meta name=\"twitter:label1\" content=\"Dur\u00e9e de lecture estim\u00e9e\" \/>\n\t<meta name=\"twitter:data1\" content=\"3 minutes\" \/>\n<script type=\"application\/ld+json\" class=\"yoast-schema-graph\">{\"@context\":\"https:\/\/schema.org\",\"@graph\":[{\"@type\":\"WebPage\",\"@id\":\"https:\/\/naturalwomanhood.org\/fdapetition\/\",\"url\":\"https:\/\/naturalwomanhood.org\/fdapetition\/\",\"name\":\"FDA Petition - Natural Womanhood\",\"isPartOf\":{\"@id\":\"https:\/\/naturalwomanhood.org\/#website\"},\"primaryImageOfPage\":{\"@id\":\"https:\/\/naturalwomanhood.org\/fdapetition\/#primaryimage\"},\"image\":{\"@id\":\"https:\/\/naturalwomanhood.org\/fdapetition\/#primaryimage\"},\"thumbnailUrl\":\"https:\/\/naturalwomanhood.org\/wp-content\/uploads\/AdobeStock_191357814-730x425-1.jpeg\",\"datePublished\":\"2021-08-18T17:00:35+00:00\",\"dateModified\":\"2024-02-29T20:50:45+00:00\",\"breadcrumb\":{\"@id\":\"https:\/\/naturalwomanhood.org\/fdapetition\/#breadcrumb\"},\"inLanguage\":\"fr-FR\",\"potentialAction\":[{\"@type\":\"ReadAction\",\"target\":[\"https:\/\/naturalwomanhood.org\/fdapetition\/\"]}]},{\"@type\":\"ImageObject\",\"inLanguage\":\"fr-FR\",\"@id\":\"https:\/\/naturalwomanhood.org\/fdapetition\/#primaryimage\",\"url\":\"https:\/\/naturalwomanhood.org\/wp-content\/uploads\/AdobeStock_191357814-730x425-1.jpeg\",\"contentUrl\":\"https:\/\/naturalwomanhood.org\/wp-content\/uploads\/AdobeStock_191357814-730x425-1.jpeg\"},{\"@type\":\"BreadcrumbList\",\"@id\":\"https:\/\/naturalwomanhood.org\/fdapetition\/#breadcrumb\",\"itemListElement\":[{\"@type\":\"ListItem\",\"position\":1,\"name\":\"Home\",\"item\":\"https:\/\/naturalwomanhood.org\/\"},{\"@type\":\"ListItem\",\"position\":2,\"name\":\"FDA Petition\"}]},{\"@type\":\"WebSite\",\"@id\":\"https:\/\/naturalwomanhood.org\/#website\",\"url\":\"https:\/\/naturalwomanhood.org\/\",\"name\":\"Natural Womanhood\",\"description\":\"\",\"publisher\":{\"@id\":\"https:\/\/naturalwomanhood.org\/#organization\"},\"potentialAction\":[{\"@type\":\"SearchAction\",\"target\":{\"@type\":\"EntryPoint\",\"urlTemplate\":\"https:\/\/naturalwomanhood.org\/?s={search_term_string}\"},\"query-input\":{\"@type\":\"PropertyValueSpecification\",\"valueRequired\":true,\"valueName\":\"search_term_string\"}}],\"inLanguage\":\"fr-FR\"},{\"@type\":\"Organization\",\"@id\":\"https:\/\/naturalwomanhood.org\/#organization\",\"name\":\"Natural Womanhood\",\"url\":\"https:\/\/naturalwomanhood.org\/\",\"logo\":{\"@type\":\"ImageObject\",\"inLanguage\":\"fr-FR\",\"@id\":\"https:\/\/naturalwomanhood.org\/#\/schema\/logo\/image\/\",\"url\":\"\",\"contentUrl\":\"\",\"caption\":\"Natural Womanhood\"},\"image\":{\"@id\":\"https:\/\/naturalwomanhood.org\/#\/schema\/logo\/image\/\"},\"sameAs\":[\"https:\/\/www.facebook.com\/NaturalWomanhood\",\"https:\/\/x.com\/naturwomanhood\",\"https:\/\/www.instagram.com\/naturalwomanhood\/\",\"https:\/\/www.linkedin.com\/company\/natural-womanhood\/\",\"https:\/\/www.youtube.com\/channel\/UCt5gjuXYioYkx31Iq4tHLGg\"]}]}<\/script>\n<!-- \/ Yoast SEO Premium plugin. -->","yoast_head_json":{"title":"P\u00e9tition de la FDA - Natural Womanhood","robots":{"index":"index","follow":"follow","max-snippet":"max-snippet:-1","max-image-preview":"max-image-preview:large","max-video-preview":"max-video-preview:-1"},"canonical":"https:\/\/naturalwomanhood.org\/fr\/fdapetition\/","og_locale":"fr_FR","og_type":"article","og_title":"FDA Petition","og_description":"At the age of 23, Alex Rowan had a promising writing career ahead of her when she collapsed from a massive pulmonary embolism caused by the hormonal birth","og_url":"https:\/\/naturalwomanhood.org\/fr\/fdapetition\/","og_site_name":"Natural Womanhood","article_publisher":"https:\/\/www.facebook.com\/NaturalWomanhood","article_modified_time":"2024-02-29T20:50:45+00:00","og_image":[{"url":"https:\/\/naturalwomanhood.org\/wp-content\/uploads\/AdobeStock_191357814-730x425-1.jpeg","type":"","width":"","height":""}],"twitter_card":"summary_large_image","twitter_site":"@naturwomanhood","twitter_misc":{"Dur\u00e9e de lecture estim\u00e9e":"3 minutes"},"schema":{"@context":"https:\/\/schema.org","@graph":[{"@type":"WebPage","@id":"https:\/\/naturalwomanhood.org\/fdapetition\/","url":"https:\/\/naturalwomanhood.org\/fdapetition\/","name":"P\u00e9tition de la FDA - Natural Womanhood","isPartOf":{"@id":"https:\/\/naturalwomanhood.org\/#website"},"primaryImageOfPage":{"@id":"https:\/\/naturalwomanhood.org\/fdapetition\/#primaryimage"},"image":{"@id":"https:\/\/naturalwomanhood.org\/fdapetition\/#primaryimage"},"thumbnailUrl":"https:\/\/naturalwomanhood.org\/wp-content\/uploads\/AdobeStock_191357814-730x425-1.jpeg","datePublished":"2021-08-18T17:00:35+00:00","dateModified":"2024-02-29T20:50:45+00:00","breadcrumb":{"@id":"https:\/\/naturalwomanhood.org\/fdapetition\/#breadcrumb"},"inLanguage":"fr-FR","potentialAction":[{"@type":"ReadAction","target":["https:\/\/naturalwomanhood.org\/fdapetition\/"]}]},{"@type":"ImageObject","inLanguage":"fr-FR","@id":"https:\/\/naturalwomanhood.org\/fdapetition\/#primaryimage","url":"https:\/\/naturalwomanhood.org\/wp-content\/uploads\/AdobeStock_191357814-730x425-1.jpeg","contentUrl":"https:\/\/naturalwomanhood.org\/wp-content\/uploads\/AdobeStock_191357814-730x425-1.jpeg"},{"@type":"BreadcrumbList","@id":"https:\/\/naturalwomanhood.org\/fdapetition\/#breadcrumb","itemListElement":[{"@type":"ListItem","position":1,"name":"Home","item":"https:\/\/naturalwomanhood.org\/"},{"@type":"ListItem","position":2,"name":"FDA Petition"}]},{"@type":"WebSite","@id":"https:\/\/naturalwomanhood.org\/#website","url":"https:\/\/naturalwomanhood.org\/","name":"La f\u00e9minit\u00e9 naturelle","description":"","publisher":{"@id":"https:\/\/naturalwomanhood.org\/#organization"},"potentialAction":[{"@type":"SearchAction","target":{"@type":"EntryPoint","urlTemplate":"https:\/\/naturalwomanhood.org\/?s={search_term_string}"},"query-input":{"@type":"PropertyValueSpecification","valueRequired":true,"valueName":"search_term_string"}}],"inLanguage":"fr-FR"},{"@type":"Organization","@id":"https:\/\/naturalwomanhood.org\/#organization","name":"La f\u00e9minit\u00e9 naturelle","url":"https:\/\/naturalwomanhood.org\/","logo":{"@type":"ImageObject","inLanguage":"fr-FR","@id":"https:\/\/naturalwomanhood.org\/#\/schema\/logo\/image\/","url":"","contentUrl":"","caption":"Natural Womanhood"},"image":{"@id":"https:\/\/naturalwomanhood.org\/#\/schema\/logo\/image\/"},"sameAs":["https:\/\/www.facebook.com\/NaturalWomanhood","https:\/\/x.com\/naturwomanhood","https:\/\/www.instagram.com\/naturalwomanhood\/","https:\/\/www.linkedin.com\/company\/natural-womanhood\/","https:\/\/www.youtube.com\/channel\/UCt5gjuXYioYkx31Iq4tHLGg"]}]}},"taxonomy_info":[],"featured_image_src_large":false,"author_info":{"display_name":"Natural Womanhood","author_link":"https:\/\/naturalwomanhood.org\/fr\/author\/fiatadmin\/"},"comment_info":0,"_links":{"self":[{"href":"https:\/\/naturalwomanhood.org\/fr\/wp-json\/wp\/v2\/pages\/13017","targetHints":{"allow":["GET"]}}],"collection":[{"href":"https:\/\/naturalwomanhood.org\/fr\/wp-json\/wp\/v2\/pages"}],"about":[{"href":"https:\/\/naturalwomanhood.org\/fr\/wp-json\/wp\/v2\/types\/page"}],"author":[{"embeddable":true,"href":"https:\/\/naturalwomanhood.org\/fr\/wp-json\/wp\/v2\/users\/1"}],"replies":[{"embeddable":true,"href":"https:\/\/naturalwomanhood.org\/fr\/wp-json\/wp\/v2\/comments?post=13017"}],"version-history":[{"count":0,"href":"https:\/\/naturalwomanhood.org\/fr\/wp-json\/wp\/v2\/pages\/13017\/revisions"}],"wp:attachment":[{"href":"https:\/\/naturalwomanhood.org\/fr\/wp-json\/wp\/v2\/media?parent=13017"}],"curies":[{"name":"wp","href":"https:\/\/api.w.org\/{rel}","templated":true}]}}