{"id":12011,"date":"2021-04-13T22:18:26","date_gmt":"2021-04-14T03:18:26","guid":{"rendered":"https:\/\/naturalwomanhood.org\/?page_id=12011"},"modified":"2024-06-27T10:38:03","modified_gmt":"2024-06-27T15:38:03","slug":"conseil-scientifique","status":"publish","type":"page","link":"https:\/\/naturalwomanhood.org\/fr\/scientific-advisory-board\/","title":{"rendered":"Conseil scientifique"},"content":{"rendered":"<p>Natural Womanhood prend tr\u00e8s au s\u00e9rieux la fourniture d'un contenu bas\u00e9 sur des preuves, c'est pourquoi nos articles les plus r\u00e9cents et les plus populaires sont r\u00e9vis\u00e9s scientifiquement et m\u00e9dicalement par les docteurs en m\u00e9decine et les experts en sant\u00e9 de la fertilit\u00e9 suivants, qui ensemble constituent le Comit\u00e9 consultatif scientifique (CCS) de Natural Womanhood. Pour obtenir la liste des articles r\u00e9vis\u00e9s par chaque expert du CCS, il suffit de cliquer sur son nom, ci-dessous. Tous les articles qui ont \u00e9t\u00e9 r\u00e9vis\u00e9s par un expert du CCS sont clairement identifi\u00e9s par le nom de l'expert sous la date de publication. <\/p>\n\n\n\n<h2 id=\"amy-fathman-dnp-fnp-bc\" class=\"wp-block-heading\"><a href=\"https:\/\/naturalwomanhood.org\/fr\/reviseur\/amy-fathman-dnp-fnp-bc\/\">Amy Fathman, DNP, FNP-BC<\/a><\/h2>\n\n\n\n<p>Infirmi\u00e8re praticienne de famille<br>FEMM et Creighton certifi\u00e9s<br>M\u00e9decins de St. Elizabeth, Taylor Mill, KY<br>Professeur associ\u00e9 - clinique, Universit\u00e9 de Cincinnati College of Nursing<br>Cincinnati, OH<\/p>\n\n\n\n<h2 id=\"patricia-jay-md\" class=\"wp-block-heading\"><a href=\"https:\/\/naturalwomanhood.org\/fr\/reviseur\/patricia-jay-md\/\">Patricia Jay, MD<\/a><\/h2>\n\n\n\n<p>Obst\u00e9trique et gyn\u00e9cologie<br>Certifi\u00e9 NaProTechnology<br>Centre m\u00e9dical St Elizabeth<br>Brookline, MA<\/p>\n\n\n\n<h2 class=\"wp-block-heading\" id=\"h-trish-rawicki-md\"><span id=\"trish-rawicki-md\"><a href=\"https:\/\/naturalwomanhood.org\/fr\/reviseur\/trish-rawicki-md\/\" target=\"_blank\" rel=\"noreferrer noopener\">Trish Rawicki, MD<\/a><\/span><\/h2>\n\n\n\n<p>M\u00e9decine familiale<br>Certifi\u00e9 NaProTechnology et FEMM <br>Mon m\u00e9decin catholique<br>Dallas, TX<\/p>\n\n\n\n<h2 class=\"wp-block-heading\" id=\"h-lester-a-ruppersberger-do-facoog-dist\"><span id=\"lester-a-ruppersberger-do-facoog-dist\"><a href=\"https:\/\/naturalwomanhood.org\/fr\/reviseur\/lester-ruppersberger-md\/\" target=\"_blank\" rel=\"noreferrer noopener\">Lester A. Ruppersberger, DO, FACOOG (DIST)<\/a><\/span><\/h2>\n\n\n\n<p>Obst\u00e9trique et gyn\u00e9cologie<br>Formation \u00e0 la m\u00e9thode sympto-thermique<br>Membre du conseil d'administration, Couple to Couple League<br>Langhorne, PA<\/p>\n\n\n\n<h2 class=\"wp-block-heading\" id=\"h-william-williams-md\"><span id=\"william-williams-md\"><a href=\"https:\/\/naturalwomanhood.org\/fr\/reviseur\/william-williams-md\/\" target=\"_blank\" rel=\"noreferrer noopener\">William Williams, MD<\/a><\/span><\/h2>\n\n\n\n<p>M\u00e9decine interne, rhumatologie, immunologie<br>Pr\u00e9sident et directeur g\u00e9n\u00e9ral<br>BriaCell Therapeutics Corporation<br>Havertown, PA<\/p>\n\n\n\n<h2 class=\"wp-block-heading\" id=\"h-j-stuart-wolf-jr-md-facs\"><span id=\"j-stuart-wolf-jr-md-facs\"><a href=\"https:\/\/naturalwomanhood.org\/fr\/reviseur\/j-stuart-wolf-jr-md-facs\/\" target=\"_blank\" rel=\"noreferrer noopener\">J. Stuart Wolf, Jr, MD, FACS<\/a><\/span><\/h2>\n\n\n\n<p>Urologie<br>Chaire associ\u00e9e pour l'int\u00e9gration et les op\u00e9rations cliniques<br>Chef de la division des sous-sp\u00e9cialit\u00e9s chirurgicales<br>D\u00e9partement de chirurgie et de soins p\u00e9riop\u00e9ratoires<br>Dell Medical School, Universit\u00e9 du Texas \u00e0 Austin<br>Austin, TX<\/p>\n\n\n\n<h2 id=\"past-sab-reviewers\" class=\"wp-block-heading\">Anciens r\u00e9viseurs du CCS :<\/h2>\n\n\n\n<h2 class=\"wp-block-heading\" id=\"h-lynn-keenan-md\"><span id=\"lynn-keenan-md\"><a href=\"https:\/\/naturalwomanhood.org\/fr\/reviseur\/lynn-keenan-md\/\">Lynn Keenan, MD<\/a><\/span><\/h2>\n\n\n\n<p>M\u00e9decine interne, M\u00e9decine du sommeil<br>Sciences de la sant\u00e9 Professeur de m\u00e9decine clinique<br>D\u00e9partement de m\u00e9decine interne<br>Universit\u00e9 de Californie, San Francisco\/Fresno<br>Fresno, CA<\/p>\n\n\n\n<h2 id=\"nicholas-kongoasa-md-facog\" class=\"wp-block-heading\"><a href=\"https:\/\/naturalwomanhood.org\/fr\/reviseur\/nicholas-kongoasa-md-facog\/\">Nicholas Kongoasa, MD, FACOG<\/a><\/h2>\n\n\n\n<p>Obst\u00e9trique et gyn\u00e9cologie<br>Creighton et FEMM certifi\u00e9s<br>Directeur m\u00e9dical, chirurgien de la reproduction r\u00e9paratrice<br>M\u00e9decine et gyn\u00e9cologie de la sant\u00e9 reproductive<br>Centre de chirurgie r\u00e9paratrice de la reproduction<br>Atlanta, GA<\/p>\n\n\n\n<h2 class=\"wp-block-heading\" id=\"h-monique-ruberu-md-facog\"><span id=\"monique-ruberu-md-facog\"><a href=\"https:\/\/naturalwomanhood.org\/fr\/reviseur\/monique-ruberu-md-facog\/\" target=\"_blank\" rel=\"noreferrer noopener\">Monique Ruberu, MD, FACOG<\/a><\/span><\/h2>\n\n\n\n<p>Obst\u00e9trique et gyn\u00e9cologie <br>Pratique naturelle de la sant\u00e9 des femmes<br>Meadowbrook, PA<\/p>\n\n\n\n<h2 id=\"craig-turczynski-ph-d\" class=\"wp-block-heading\"><a href=\"https:\/\/naturalwomanhood.org\/fr\/reviseur\/craig-turczynski-ph-d\/\">Craig Turczynski, Ph.D.<\/a><\/h2>\n\n\n\n<p>Physiologiste de la reproduction<br>Enseignante certifi\u00e9e de la M\u00e9thode de l'Ovulation Billings\u00ae.<br>Directeur de la strat\u00e9gie et des affaires scientifiques de BOMA-USA<br>Dallas, TX<\/p>\n\n\n\n<div class=\"wp-block-group\"><div class=\"wp-block-group__inner-container is-layout-flow wp-block-group-is-layout-flow\">\n<div class=\"wp-block-group\"><div class=\"wp-block-group__inner-container is-layout-flow wp-block-group-is-layout-flow\">\n<div class=\"wp-block-group\"><div class=\"wp-block-group__inner-container is-layout-flow wp-block-group-is-layout-flow\"><\/div><\/div>\n<\/div><\/div>\n<\/div><\/div>","protected":false},"excerpt":{"rendered":"Natural Womanhood prend tr\u00e8s au s\u00e9rieux la fourniture de contenu bas\u00e9 sur des preuves, c'est pourquoi nos articles les plus r\u00e9cents et les plus populaires sont...","protected":false},"author":30,"featured_media":0,"parent":0,"menu_order":0,"comment_status":"closed","ping_status":"closed","template":"","meta":{"_acf_changed":false,"_kad_blocks_custom_css":"","_kad_blocks_head_custom_js":"","_kad_blocks_body_custom_js":"","_kad_blocks_footer_custom_js":"","csco_singular_sidebar":"","csco_page_header_type":"","csco_page_load_nextpost":"","csco_post_video_location":[],"csco_post_video_url":"","csco_post_video_bg_start_time":0,"csco_post_video_bg_end_time":0,"footnotes":""},"class_list":{"0":"post-12011","1":"page","2":"type-page","3":"status-publish","5":"cs-entry","6":"cs-video-wrap"},"acf":[],"yoast_head":"<!-- This site is optimized with the Yoast SEO Premium plugin v27.2 (Yoast SEO v27.2) - https:\/\/yoast.com\/product\/yoast-seo-premium-wordpress\/ -->\n<title>Scientific Advisory Board - Natural Womanhood<\/title>\n<meta name=\"description\" content=\"Natural Womanhood&#039;s latest articles are scientifically and medically reviewed by the following medical doctors and fertility health experts.\" \/>\n<meta name=\"robots\" content=\"index, follow, max-snippet:-1, max-image-preview:large, max-video-preview:-1\" \/>\n<link rel=\"canonical\" href=\"https:\/\/naturalwomanhood.org\/fr\/conseil-scientifique\/\" \/>\n<meta property=\"og:locale\" content=\"fr_FR\" \/>\n<meta property=\"og:type\" content=\"article\" \/>\n<meta property=\"og:title\" content=\"Scientific Advisory Board\" \/>\n<meta property=\"og:description\" content=\"Natural Womanhood takes delivering evidence-based content very seriously, which is why our latest and most popular articles are scientifically and\" \/>\n<meta property=\"og:url\" content=\"https:\/\/naturalwomanhood.org\/fr\/conseil-scientifique\/\" \/>\n<meta property=\"og:site_name\" content=\"Natural Womanhood\" \/>\n<meta property=\"article:publisher\" content=\"https:\/\/www.facebook.com\/NaturalWomanhood\" \/>\n<meta property=\"article:modified_time\" content=\"2024-06-27T15:38:03+00:00\" \/>\n<meta property=\"og:image\" content=\"https:\/\/naturalwomanhood.org\/wp-content\/uploads\/nw-logo-social.jpg\" \/>\n\t<meta property=\"og:image:width\" content=\"1200\" \/>\n\t<meta property=\"og:image:height\" content=\"630\" \/>\n\t<meta property=\"og:image:type\" content=\"image\/jpeg\" \/>\n<meta name=\"twitter:card\" content=\"summary_large_image\" \/>\n<meta name=\"twitter:site\" content=\"@naturwomanhood\" \/>\n<meta name=\"twitter:label1\" content=\"Dur\u00e9e de lecture estim\u00e9e\" \/>\n\t<meta name=\"twitter:data1\" content=\"2 minutes\" \/>\n<script type=\"application\/ld+json\" class=\"yoast-schema-graph\">{\"@context\":\"https:\/\/schema.org\",\"@graph\":[{\"@type\":\"WebPage\",\"@id\":\"https:\/\/naturalwomanhood.org\/scientific-advisory-board\/\",\"url\":\"https:\/\/naturalwomanhood.org\/scientific-advisory-board\/\",\"name\":\"Scientific Advisory Board - Natural Womanhood\",\"isPartOf\":{\"@id\":\"https:\/\/naturalwomanhood.org\/#website\"},\"datePublished\":\"2021-04-14T03:18:26+00:00\",\"dateModified\":\"2024-06-27T15:38:03+00:00\",\"description\":\"Natural Womanhood's latest articles are scientifically and medically reviewed by the following medical doctors and fertility health experts.\",\"breadcrumb\":{\"@id\":\"https:\/\/naturalwomanhood.org\/scientific-advisory-board\/#breadcrumb\"},\"inLanguage\":\"fr-FR\",\"potentialAction\":[{\"@type\":\"ReadAction\",\"target\":[\"https:\/\/naturalwomanhood.org\/scientific-advisory-board\/\"]}]},{\"@type\":\"BreadcrumbList\",\"@id\":\"https:\/\/naturalwomanhood.org\/scientific-advisory-board\/#breadcrumb\",\"itemListElement\":[{\"@type\":\"ListItem\",\"position\":1,\"name\":\"Home\",\"item\":\"https:\/\/naturalwomanhood.org\/\"},{\"@type\":\"ListItem\",\"position\":2,\"name\":\"Scientific Advisory Board\"}]},{\"@type\":\"WebSite\",\"@id\":\"https:\/\/naturalwomanhood.org\/#website\",\"url\":\"https:\/\/naturalwomanhood.org\/\",\"name\":\"Natural Womanhood\",\"description\":\"\",\"publisher\":{\"@id\":\"https:\/\/naturalwomanhood.org\/#organization\"},\"potentialAction\":[{\"@type\":\"SearchAction\",\"target\":{\"@type\":\"EntryPoint\",\"urlTemplate\":\"https:\/\/naturalwomanhood.org\/?s={search_term_string}\"},\"query-input\":{\"@type\":\"PropertyValueSpecification\",\"valueRequired\":true,\"valueName\":\"search_term_string\"}}],\"inLanguage\":\"fr-FR\"},{\"@type\":\"Organization\",\"@id\":\"https:\/\/naturalwomanhood.org\/#organization\",\"name\":\"Natural Womanhood\",\"url\":\"https:\/\/naturalwomanhood.org\/\",\"logo\":{\"@type\":\"ImageObject\",\"inLanguage\":\"fr-FR\",\"@id\":\"https:\/\/naturalwomanhood.org\/#\/schema\/logo\/image\/\",\"url\":\"\",\"contentUrl\":\"\",\"caption\":\"Natural Womanhood\"},\"image\":{\"@id\":\"https:\/\/naturalwomanhood.org\/#\/schema\/logo\/image\/\"},\"sameAs\":[\"https:\/\/www.facebook.com\/NaturalWomanhood\",\"https:\/\/x.com\/naturwomanhood\",\"https:\/\/www.instagram.com\/naturalwomanhood\/\",\"https:\/\/www.linkedin.com\/company\/natural-womanhood\/\",\"https:\/\/www.youtube.com\/channel\/UCt5gjuXYioYkx31Iq4tHLGg\"]}]}<\/script>\n<!-- \/ Yoast SEO Premium plugin. -->","yoast_head_json":{"title":"Conseil scientifique - Natural Womanhood","description":"Les derniers articles de Natural Womanhood sont examin\u00e9s d'un point de vue scientifique et m\u00e9dical par les m\u00e9decins et les experts en fertilit\u00e9 suivants.","robots":{"index":"index","follow":"follow","max-snippet":"max-snippet:-1","max-image-preview":"max-image-preview:large","max-video-preview":"max-video-preview:-1"},"canonical":"https:\/\/naturalwomanhood.org\/fr\/conseil-scientifique\/","og_locale":"fr_FR","og_type":"article","og_title":"Scientific Advisory Board","og_description":"Natural Womanhood takes delivering evidence-based content very seriously, which is why our latest and most popular articles are scientifically and","og_url":"https:\/\/naturalwomanhood.org\/fr\/conseil-scientifique\/","og_site_name":"Natural Womanhood","article_publisher":"https:\/\/www.facebook.com\/NaturalWomanhood","article_modified_time":"2024-06-27T15:38:03+00:00","og_image":[{"width":1200,"height":630,"url":"https:\/\/naturalwomanhood.org\/wp-content\/uploads\/nw-logo-social.jpg","type":"image\/jpeg"}],"twitter_card":"summary_large_image","twitter_site":"@naturwomanhood","twitter_misc":{"Dur\u00e9e de lecture estim\u00e9e":"2 minutes"},"schema":{"@context":"https:\/\/schema.org","@graph":[{"@type":"WebPage","@id":"https:\/\/naturalwomanhood.org\/scientific-advisory-board\/","url":"https:\/\/naturalwomanhood.org\/scientific-advisory-board\/","name":"Conseil scientifique - Natural Womanhood","isPartOf":{"@id":"https:\/\/naturalwomanhood.org\/#website"},"datePublished":"2021-04-14T03:18:26+00:00","dateModified":"2024-06-27T15:38:03+00:00","description":"Les derniers articles de Natural Womanhood sont examin\u00e9s d'un point de vue scientifique et m\u00e9dical par les m\u00e9decins et les experts en fertilit\u00e9 suivants.","breadcrumb":{"@id":"https:\/\/naturalwomanhood.org\/scientific-advisory-board\/#breadcrumb"},"inLanguage":"fr-FR","potentialAction":[{"@type":"ReadAction","target":["https:\/\/naturalwomanhood.org\/scientific-advisory-board\/"]}]},{"@type":"BreadcrumbList","@id":"https:\/\/naturalwomanhood.org\/scientific-advisory-board\/#breadcrumb","itemListElement":[{"@type":"ListItem","position":1,"name":"Home","item":"https:\/\/naturalwomanhood.org\/"},{"@type":"ListItem","position":2,"name":"Scientific Advisory Board"}]},{"@type":"WebSite","@id":"https:\/\/naturalwomanhood.org\/#website","url":"https:\/\/naturalwomanhood.org\/","name":"La f\u00e9minit\u00e9 naturelle","description":"","publisher":{"@id":"https:\/\/naturalwomanhood.org\/#organization"},"potentialAction":[{"@type":"SearchAction","target":{"@type":"EntryPoint","urlTemplate":"https:\/\/naturalwomanhood.org\/?s={search_term_string}"},"query-input":{"@type":"PropertyValueSpecification","valueRequired":true,"valueName":"search_term_string"}}],"inLanguage":"fr-FR"},{"@type":"Organization","@id":"https:\/\/naturalwomanhood.org\/#organization","name":"La f\u00e9minit\u00e9 naturelle","url":"https:\/\/naturalwomanhood.org\/","logo":{"@type":"ImageObject","inLanguage":"fr-FR","@id":"https:\/\/naturalwomanhood.org\/#\/schema\/logo\/image\/","url":"","contentUrl":"","caption":"Natural Womanhood"},"image":{"@id":"https:\/\/naturalwomanhood.org\/#\/schema\/logo\/image\/"},"sameAs":["https:\/\/www.facebook.com\/NaturalWomanhood","https:\/\/x.com\/naturwomanhood","https:\/\/www.instagram.com\/naturalwomanhood\/","https:\/\/www.linkedin.com\/company\/natural-womanhood\/","https:\/\/www.youtube.com\/channel\/UCt5gjuXYioYkx31Iq4tHLGg"]}]}},"taxonomy_info":[],"featured_image_src_large":false,"author_info":{"display_name":"Mary Rose Somarriba","author_link":"https:\/\/naturalwomanhood.org\/fr\/author\/maryrosesoma\/"},"comment_info":0,"_links":{"self":[{"href":"https:\/\/naturalwomanhood.org\/fr\/wp-json\/wp\/v2\/pages\/12011","targetHints":{"allow":["GET"]}}],"collection":[{"href":"https:\/\/naturalwomanhood.org\/fr\/wp-json\/wp\/v2\/pages"}],"about":[{"href":"https:\/\/naturalwomanhood.org\/fr\/wp-json\/wp\/v2\/types\/page"}],"author":[{"embeddable":true,"href":"https:\/\/naturalwomanhood.org\/fr\/wp-json\/wp\/v2\/users\/30"}],"replies":[{"embeddable":true,"href":"https:\/\/naturalwomanhood.org\/fr\/wp-json\/wp\/v2\/comments?post=12011"}],"version-history":[{"count":0,"href":"https:\/\/naturalwomanhood.org\/fr\/wp-json\/wp\/v2\/pages\/12011\/revisions"}],"wp:attachment":[{"href":"https:\/\/naturalwomanhood.org\/fr\/wp-json\/wp\/v2\/media?parent=12011"}],"curies":[{"name":"wp","href":"https:\/\/api.w.org\/{rel}","templated":true}]}}