{"id":11896,"date":"2021-03-27T16:21:16","date_gmt":"2021-03-27T21:21:16","guid":{"rendered":"https:\/\/naturalwomanhood.org\/?page_id=11896"},"modified":"2023-02-07T11:09:17","modified_gmt":"2023-02-07T17:09:17","slug":"demander-une-bourse-pour-apprendre-une-methode-de-connaissance-de-la-fertilite","status":"publish","type":"page","link":"https:\/\/naturalwomanhood.org\/fr\/find-a-fam-instructor\/request-a-scholarship-to-learn-a-fertility-awareness-method\/","title":{"rendered":"Demander une bourse pour apprendre une m\u00e9thode de sensibilisation \u00e0 la fertilit\u00e9"},"content":{"rendered":"<p><\/p>\n\n\n\n<p><strong>UPDATE :<\/strong><\/p>\n\n\n\n<p class=\"has-text-align-left\"><strong>En raison d'un financement limit\u00e9, nous ne sommes pas en mesure d'offrir une aide financi\u00e8re pour le reste de l'ann\u00e9e 2023 car nous avons atteint le budget qui nous \u00e9tait allou\u00e9.  Nous reprendrons nos activit\u00e9s lorsque la situation changera. En attendant, assurez-vous de visiter le site web de la m\u00e9thode de votre choix, car certaines d'entre elles offrent des bourses d'\u00e9tudes.<\/strong><\/p>\n\n\n\n<p>Natural Womanhood offre maintenant des bourses d'\u00e9tudes aux femmes qui en ont besoin pour les aider \u00e0 payer un cours de m\u00e9thode de connaissance de la fertilit\u00e9 (FAM) ou de planification familiale naturelle (PFN) ou l'\u00e9quipement n\u00e9cessaire \u00e0 la pratique.\u00a0<\/p>\n\n\n\n<p>Gr\u00e2ce au soutien de g\u00e9n\u00e9reux donateurs, Natural Womanhood a cr\u00e9\u00e9 une bourse qui permettra de payer jusqu'\u00e0 $150 pour les cours de GPA et de PFN.&nbsp;&nbsp;<\/p>\n\n\n\n<p>Voici comment cela fonctionnera : lorsqu'un couple nous contactera ou nous sera adress\u00e9 par vous, nous le mettrons en contact avec un coordinateur b\u00e9n\u00e9vole, un utilisateur form\u00e9 \u00e0 la PFN qui pourra comprendre ses besoins, l'aider \u00e0 choisir la m\u00e9thode qui lui convient (Billing, Creighton, Marquette, Family of the Americas, ou Sympto-Thermal\/CCL) et l'orienter vers un enseignant exp\u00e9riment\u00e9. Les conseils et les cours seront disponibles en anglais et en espagnol. Le couple remplit une simple demande de bourse. Natural Womanhood examinera la demande et d\u00e9cidera de leur accorder une bourse qui couvrira une partie ou la totalit\u00e9 du co\u00fbt du cours. Si la bourse est accord\u00e9e, Natural Womanhood paiera directement le professeur une fois que le cours aura \u00e9t\u00e9 dispens\u00e9.&nbsp;<\/p>\n\n\n\n<h4 class=\"wp-block-heading\" id=\"h-scholarship-application-english\"><span id=\"scholarship-application-english\">Demande de bourse en anglais<\/span><\/h4>\n\n\n\n<h4 class=\"wp-block-heading\" id=\"h-scholarship-application-spanish\"><span id=\"scholarship-application-spanish\">Demande de bourse en espagnol<\/span><\/h4>\n\n\n\n<p><\/p>\n\n\n\n<p>Note : Actuellement, en raison des fonds limit\u00e9s que nous pouvons consacrer aux bourses et pour des raisons juridiques, ces bourses ne sont disponibles que pour les couples aux \u00c9tats-Unis, avec une subvention maximale de $150 par couple jusqu'\u00e0 ce que notre financement soit \u00e9puis\u00e9. Si vous \u00eates un bailleur de fonds et que vous souhaitez travailler avec nous pour rendre la GPA et la PFN accessibles \u00e0 davantage de familles par le biais de ce processus, veuillez contacter Silvia Coto \u00e0 l'adresse suivante&nbsp;<a href=\"mailto:silvia@naturalwomanhood.org\" target=\"_blank\" rel=\"noreferrer noopener\">info@naturalwomanhood.org.<\/a><\/p>\n\n\n\n<h6 class=\"wp-block-heading\" id=\"h-all-rights-reserved\"><span id=\"all-rights-reserved\">Tous droits r\u00e9serv\u00e9s<\/span><\/h6>\n\n\n\n<p>Natural Womanhood se r\u00e9serve le droit de mettre fin \u00e0 cette offre de bourse en donnant un avis jug\u00e9 appropri\u00e9 sur ce site Web, et si un tel avis est donn\u00e9, la promotion prendra fin \u00e0 23 h 59 min 59 s (ET) le septi\u00e8me (7e) jour suivant.<\/p>\n\n\n\n<h6 class=\"wp-block-heading\" id=\"h-limitation-of-liability\"><span id=\"limitation-of-liability\">Limitation de la responsabilit\u00e9<\/span><\/h6>\n\n\n\n<p>Natural Womanhood n'est pas responsable des informations incorrectes ou inexactes, des erreurs techniques ou humaines qui peuvent survenir dans le traitement des inscriptions et des soumissions. Natural Womanhood n'assume aucune responsabilit\u00e9 en cas d'erreur, d'omission, d'interruption, de suppression, de d\u00e9faut ou d'alt\u00e9ration des inscriptions. Natural Womanhood se r\u00e9serve le droit, \u00e0 sa seule discr\u00e9tion, d'annuler, de mettre fin, de modifier ou de suspendre la bourse, en tout ou en partie, \u00e0 tout moment.<\/p>","protected":false},"excerpt":{"rendered":"MISE \u00c0 JOUR : En raison d'un financement limit\u00e9, nous ne sommes pas en mesure d'offrir une aide financi\u00e8re pour le reste de l'ann\u00e9e 2023...","protected":false},"author":30,"featured_media":0,"parent":10772,"menu_order":0,"comment_status":"closed","ping_status":"closed","template":"","meta":{"_acf_changed":false,"_kad_blocks_custom_css":"","_kad_blocks_head_custom_js":"","_kad_blocks_body_custom_js":"","_kad_blocks_footer_custom_js":"","csco_singular_sidebar":"","csco_page_header_type":"","csco_page_load_nextpost":"","csco_post_video_location":[],"csco_post_video_url":"","csco_post_video_bg_start_time":0,"csco_post_video_bg_end_time":0,"footnotes":""},"class_list":{"0":"post-11896","1":"page","2":"type-page","3":"status-publish","5":"cs-entry","6":"cs-video-wrap"},"acf":[],"yoast_head":"<!-- This site is optimized with the Yoast SEO Premium plugin v27.2 (Yoast SEO v27.2) - https:\/\/yoast.com\/product\/yoast-seo-premium-wordpress\/ -->\n<title>Request a Scholarship to Learn a Fertility Awareness Method - Natural Womanhood<\/title>\n<meta name=\"robots\" content=\"index, follow, max-snippet:-1, max-image-preview:large, max-video-preview:-1\" \/>\n<link rel=\"canonical\" href=\"https:\/\/naturalwomanhood.org\/fr\/trouver-un-instructeur-fam\/demander-une-bourse-pour-apprendre-une-methode-de-connaissance-de-la-fertilite\/\" \/>\n<meta property=\"og:locale\" content=\"fr_FR\" \/>\n<meta property=\"og:type\" content=\"article\" \/>\n<meta property=\"og:title\" content=\"Request a Scholarship to Learn a Fertility Awareness Method\" \/>\n<meta property=\"og:description\" content=\"UPDATE: Due to limited funding, we are not able to offer financial assistance for the rest of 2023 as we have reached our allocated budget. We will resume\" \/>\n<meta property=\"og:url\" content=\"https:\/\/naturalwomanhood.org\/fr\/trouver-un-instructeur-fam\/demander-une-bourse-pour-apprendre-une-methode-de-connaissance-de-la-fertilite\/\" \/>\n<meta property=\"og:site_name\" content=\"Natural Womanhood\" \/>\n<meta property=\"article:publisher\" content=\"https:\/\/www.facebook.com\/NaturalWomanhood\" \/>\n<meta property=\"article:modified_time\" content=\"2023-02-07T17:09:17+00:00\" \/>\n<meta property=\"og:image\" content=\"https:\/\/naturalwomanhood.org\/wp-content\/uploads\/nw-logo-social.jpg\" \/>\n\t<meta property=\"og:image:width\" content=\"1200\" \/>\n\t<meta property=\"og:image:height\" content=\"630\" \/>\n\t<meta property=\"og:image:type\" content=\"image\/jpeg\" \/>\n<meta name=\"twitter:card\" content=\"summary_large_image\" \/>\n<meta name=\"twitter:site\" content=\"@naturwomanhood\" \/>\n<meta name=\"twitter:label1\" content=\"Dur\u00e9e de lecture estim\u00e9e\" \/>\n\t<meta name=\"twitter:data1\" content=\"2 minutes\" \/>\n<script type=\"application\/ld+json\" class=\"yoast-schema-graph\">{\"@context\":\"https:\/\/schema.org\",\"@graph\":[{\"@type\":\"WebPage\",\"@id\":\"https:\/\/naturalwomanhood.org\/find-a-fam-instructor\/request-a-scholarship-to-learn-a-fertility-awareness-method\/\",\"url\":\"https:\/\/naturalwomanhood.org\/find-a-fam-instructor\/request-a-scholarship-to-learn-a-fertility-awareness-method\/\",\"name\":\"Request a Scholarship to Learn a Fertility Awareness Method - Natural Womanhood\",\"isPartOf\":{\"@id\":\"https:\/\/naturalwomanhood.org\/#website\"},\"datePublished\":\"2021-03-27T21:21:16+00:00\",\"dateModified\":\"2023-02-07T17:09:17+00:00\",\"breadcrumb\":{\"@id\":\"https:\/\/naturalwomanhood.org\/find-a-fam-instructor\/request-a-scholarship-to-learn-a-fertility-awareness-method\/#breadcrumb\"},\"inLanguage\":\"fr-FR\",\"potentialAction\":[{\"@type\":\"ReadAction\",\"target\":[\"https:\/\/naturalwomanhood.org\/find-a-fam-instructor\/request-a-scholarship-to-learn-a-fertility-awareness-method\/\"]}]},{\"@type\":\"BreadcrumbList\",\"@id\":\"https:\/\/naturalwomanhood.org\/find-a-fam-instructor\/request-a-scholarship-to-learn-a-fertility-awareness-method\/#breadcrumb\",\"itemListElement\":[{\"@type\":\"ListItem\",\"position\":1,\"name\":\"Home\",\"item\":\"https:\/\/naturalwomanhood.org\/\"},{\"@type\":\"ListItem\",\"position\":2,\"name\":\"Find a Fertility Awareness Class or Instructor\",\"item\":\"https:\/\/naturalwomanhood.org\/find-a-fam-instructor\/\"},{\"@type\":\"ListItem\",\"position\":3,\"name\":\"Request a Scholarship to Learn a Fertility Awareness Method\"}]},{\"@type\":\"WebSite\",\"@id\":\"https:\/\/naturalwomanhood.org\/#website\",\"url\":\"https:\/\/naturalwomanhood.org\/\",\"name\":\"Natural Womanhood\",\"description\":\"\",\"publisher\":{\"@id\":\"https:\/\/naturalwomanhood.org\/#organization\"},\"potentialAction\":[{\"@type\":\"SearchAction\",\"target\":{\"@type\":\"EntryPoint\",\"urlTemplate\":\"https:\/\/naturalwomanhood.org\/?s={search_term_string}\"},\"query-input\":{\"@type\":\"PropertyValueSpecification\",\"valueRequired\":true,\"valueName\":\"search_term_string\"}}],\"inLanguage\":\"fr-FR\"},{\"@type\":\"Organization\",\"@id\":\"https:\/\/naturalwomanhood.org\/#organization\",\"name\":\"Natural Womanhood\",\"url\":\"https:\/\/naturalwomanhood.org\/\",\"logo\":{\"@type\":\"ImageObject\",\"inLanguage\":\"fr-FR\",\"@id\":\"https:\/\/naturalwomanhood.org\/#\/schema\/logo\/image\/\",\"url\":\"\",\"contentUrl\":\"\",\"caption\":\"Natural Womanhood\"},\"image\":{\"@id\":\"https:\/\/naturalwomanhood.org\/#\/schema\/logo\/image\/\"},\"sameAs\":[\"https:\/\/www.facebook.com\/NaturalWomanhood\",\"https:\/\/x.com\/naturwomanhood\",\"https:\/\/www.instagram.com\/naturalwomanhood\/\",\"https:\/\/www.linkedin.com\/company\/natural-womanhood\/\",\"https:\/\/www.youtube.com\/channel\/UCt5gjuXYioYkx31Iq4tHLGg\"]}]}<\/script>\n<!-- \/ Yoast SEO Premium plugin. -->","yoast_head_json":{"title":"Demander une bourse pour apprendre une m\u00e9thode de sensibilisation \u00e0 la fertilit\u00e9 - Natural Womanhood","robots":{"index":"index","follow":"follow","max-snippet":"max-snippet:-1","max-image-preview":"max-image-preview:large","max-video-preview":"max-video-preview:-1"},"canonical":"https:\/\/naturalwomanhood.org\/fr\/trouver-un-instructeur-fam\/demander-une-bourse-pour-apprendre-une-methode-de-connaissance-de-la-fertilite\/","og_locale":"fr_FR","og_type":"article","og_title":"Request a Scholarship to Learn a Fertility Awareness Method","og_description":"UPDATE: Due to limited funding, we are not able to offer financial assistance for the rest of 2023 as we have reached our allocated budget. We will resume","og_url":"https:\/\/naturalwomanhood.org\/fr\/trouver-un-instructeur-fam\/demander-une-bourse-pour-apprendre-une-methode-de-connaissance-de-la-fertilite\/","og_site_name":"Natural Womanhood","article_publisher":"https:\/\/www.facebook.com\/NaturalWomanhood","article_modified_time":"2023-02-07T17:09:17+00:00","og_image":[{"width":1200,"height":630,"url":"https:\/\/naturalwomanhood.org\/wp-content\/uploads\/nw-logo-social.jpg","type":"image\/jpeg"}],"twitter_card":"summary_large_image","twitter_site":"@naturwomanhood","twitter_misc":{"Dur\u00e9e de lecture estim\u00e9e":"2 minutes"},"schema":{"@context":"https:\/\/schema.org","@graph":[{"@type":"WebPage","@id":"https:\/\/naturalwomanhood.org\/find-a-fam-instructor\/request-a-scholarship-to-learn-a-fertility-awareness-method\/","url":"https:\/\/naturalwomanhood.org\/find-a-fam-instructor\/request-a-scholarship-to-learn-a-fertility-awareness-method\/","name":"Demander une bourse pour apprendre une m\u00e9thode de sensibilisation \u00e0 la fertilit\u00e9 - Natural Womanhood","isPartOf":{"@id":"https:\/\/naturalwomanhood.org\/#website"},"datePublished":"2021-03-27T21:21:16+00:00","dateModified":"2023-02-07T17:09:17+00:00","breadcrumb":{"@id":"https:\/\/naturalwomanhood.org\/find-a-fam-instructor\/request-a-scholarship-to-learn-a-fertility-awareness-method\/#breadcrumb"},"inLanguage":"fr-FR","potentialAction":[{"@type":"ReadAction","target":["https:\/\/naturalwomanhood.org\/find-a-fam-instructor\/request-a-scholarship-to-learn-a-fertility-awareness-method\/"]}]},{"@type":"BreadcrumbList","@id":"https:\/\/naturalwomanhood.org\/find-a-fam-instructor\/request-a-scholarship-to-learn-a-fertility-awareness-method\/#breadcrumb","itemListElement":[{"@type":"ListItem","position":1,"name":"Home","item":"https:\/\/naturalwomanhood.org\/"},{"@type":"ListItem","position":2,"name":"Find a Fertility Awareness Class or Instructor","item":"https:\/\/naturalwomanhood.org\/find-a-fam-instructor\/"},{"@type":"ListItem","position":3,"name":"Request a Scholarship to Learn a Fertility Awareness Method"}]},{"@type":"WebSite","@id":"https:\/\/naturalwomanhood.org\/#website","url":"https:\/\/naturalwomanhood.org\/","name":"La f\u00e9minit\u00e9 naturelle","description":"","publisher":{"@id":"https:\/\/naturalwomanhood.org\/#organization"},"potentialAction":[{"@type":"SearchAction","target":{"@type":"EntryPoint","urlTemplate":"https:\/\/naturalwomanhood.org\/?s={search_term_string}"},"query-input":{"@type":"PropertyValueSpecification","valueRequired":true,"valueName":"search_term_string"}}],"inLanguage":"fr-FR"},{"@type":"Organization","@id":"https:\/\/naturalwomanhood.org\/#organization","name":"La f\u00e9minit\u00e9 naturelle","url":"https:\/\/naturalwomanhood.org\/","logo":{"@type":"ImageObject","inLanguage":"fr-FR","@id":"https:\/\/naturalwomanhood.org\/#\/schema\/logo\/image\/","url":"","contentUrl":"","caption":"Natural Womanhood"},"image":{"@id":"https:\/\/naturalwomanhood.org\/#\/schema\/logo\/image\/"},"sameAs":["https:\/\/www.facebook.com\/NaturalWomanhood","https:\/\/x.com\/naturwomanhood","https:\/\/www.instagram.com\/naturalwomanhood\/","https:\/\/www.linkedin.com\/company\/natural-womanhood\/","https:\/\/www.youtube.com\/channel\/UCt5gjuXYioYkx31Iq4tHLGg"]}]}},"taxonomy_info":[],"featured_image_src_large":false,"author_info":{"display_name":"Mary Rose Somarriba","author_link":"https:\/\/naturalwomanhood.org\/fr\/author\/maryrosesoma\/"},"comment_info":0,"_links":{"self":[{"href":"https:\/\/naturalwomanhood.org\/fr\/wp-json\/wp\/v2\/pages\/11896","targetHints":{"allow":["GET"]}}],"collection":[{"href":"https:\/\/naturalwomanhood.org\/fr\/wp-json\/wp\/v2\/pages"}],"about":[{"href":"https:\/\/naturalwomanhood.org\/fr\/wp-json\/wp\/v2\/types\/page"}],"author":[{"embeddable":true,"href":"https:\/\/naturalwomanhood.org\/fr\/wp-json\/wp\/v2\/users\/30"}],"replies":[{"embeddable":true,"href":"https:\/\/naturalwomanhood.org\/fr\/wp-json\/wp\/v2\/comments?post=11896"}],"version-history":[{"count":0,"href":"https:\/\/naturalwomanhood.org\/fr\/wp-json\/wp\/v2\/pages\/11896\/revisions"}],"up":[{"embeddable":true,"href":"https:\/\/naturalwomanhood.org\/fr\/wp-json\/wp\/v2\/pages\/10772"}],"wp:attachment":[{"href":"https:\/\/naturalwomanhood.org\/fr\/wp-json\/wp\/v2\/media?parent=11896"}],"curies":[{"name":"wp","href":"https:\/\/api.w.org\/{rel}","templated":true}]}}