{"id":10799,"date":"2020-10-14T14:19:37","date_gmt":"2020-10-14T18:19:37","guid":{"rendered":"https:\/\/naturalwomanhood.org\/?page_id=10799"},"modified":"2024-02-21T13:37:51","modified_gmt":"2024-02-21T19:37:51","slug":"applications","status":"publish","type":"page","link":"https:\/\/naturalwomanhood.org\/fr\/learning-materials\/apps\/","title":{"rendered":"Applications"},"content":{"rendered":"<div data-elementor-type=\"wp-page\" data-elementor-id=\"10799\" class=\"elementor elementor-10799\">\n\t\t\t\t\t\t<section class=\"elementor-section elementor-top-section elementor-element elementor-element-61877780 elementor-section-boxed elementor-section-height-default elementor-section-height-default\" data-id=\"61877780\" data-element_type=\"section\" data-e-type=\"section\">\n\t\t\t\t\t\t<div class=\"elementor-container elementor-column-gap-default\">\n\t\t\t\t\t<div class=\"elementor-column elementor-col-100 elementor-top-column elementor-element elementor-element-7b13897b\" data-id=\"7b13897b\" data-element_type=\"column\" data-e-type=\"column\">\n\t\t\t<div class=\"elementor-widget-wrap elementor-element-populated\">\n\t\t\t\t\t\t<div class=\"elementor-element elementor-element-20780829 elementor-widget elementor-widget-text-editor\" data-id=\"20780829\" data-element_type=\"widget\" data-e-type=\"widget\" data-widget_type=\"text-editor.default\">\n\t\t\t\t<div class=\"elementor-widget-container\">\n\t\t\t\t\t\t\t\t\t\n<p>\u00a0<\/p>\n\n<div class=\"wp-block-group\"><div class=\"wp-block-group__inner-container is-layout-flow wp-block-group-is-layout-flow\"> Nos amis de FACTS about Fertility <a href=\"https:\/\/www.factsaboutfertility.org\/wp-content\/uploads\/2022\/03\/FACTS_AppReview.pdf\">\u00e9valu\u00e9e<\/a> 39 applications commercialis\u00e9es pour aider les utilisateurs \u00e0 \u00e9viter une grossesse. FACTS a constat\u00e9 que \"la majorit\u00e9 des applications de fertilit\u00e9 ne sont ni con\u00e7ues pour \u00e9viter les grossesses, ni fond\u00e9es sur des FABM bas\u00e9s sur des preuves\". D\u00e9couvrez ci-dessous les applications qu'ils recommandent. Pour plus d'informations : <a href=\"https:\/\/naturalwomanhood.org\/fr\/comment-choisir-une-application-de-fertilite-qui-fonctionne-vraiment-pour-prevenir-les-grossesses\/\" target=\"_blank\" rel=\"noopener noreferrer\" data-saferedirecturl=\"https:\/\/www.google.com\/url?hl=en&amp;q=https:\/\/naturalwomanhood.org\/how-do-you-pick-a-fertility-app-that-really-works-to-prevent-pregnancy\/&amp;source=gmail&amp;ust=1529237784720000&amp;usg=AFQjCNFFgUwxU_0ABL0_kwxgD7GGmFtUeA\">https:\/\/naturalwomanhood.org\/<wbr \/>comment cueillir la f\u00e9condit\u00e9<wbr \/>L'application qui fonctionne vraiment<wbr \/>pr\u00e9venir la grossesse\/<\/a>.<u><\/u>\n<h2 id=\"books-apps\" style=\"text-align: center;\"><a href=\"https:\/\/naturalwomanhood.org\/fr\/stocker-des-livres\/\">Livres<\/a> | Apps<\/h2>\n\u00a0 \u00a0\n<table id=\"tablepress-3\" style=\"bgcolor: #fff;\" width=\"100%\">\n<tbody>\n<tr align=\"center\">\n<td colspan=\"4\">\n<h4 id=\"apps-that-predict-fertile-days\">Des applications pour pr\u00e9dire les jours de f\u00e9condit\u00e9<\/h4>\n<\/td>\n<\/tr>\n<tr align=\"center\" bgcolor=\"#FFF\">\n<td valign=\"top\"><a href=\"https:\/\/itunes.apple.com\/us\/app\/billingsmentor\/id1044939537?ls=1&amp;mt=8\" target=\"_blank\" rel=\"noopener noreferrer\"><img decoding=\"async\" class=\"alignnone size-full wp-image-2049\" src=\"https:\/\/naturalwomanhood.org\/wp-content\/uploads\/Screen-Shot-2018-05-03-at-8.01.12-PM.png\" alt=\"\" width=\"232\" srcset=\"https:\/\/naturalwomanhood.org\/wp-content\/uploads\/Screen-Shot-2018-05-03-at-8.01.12-PM.png 232w, https:\/\/naturalwomanhood.org\/wp-content\/uploads\/Screen-Shot-2018-05-03-at-8.01.12-PM-80x80.png 80w, https:\/\/naturalwomanhood.org\/wp-content\/uploads\/Screen-Shot-2018-05-03-at-8.01.12-PM-110x110.png 110w, https:\/\/naturalwomanhood.org\/wp-content\/uploads\/Screen-Shot-2018-05-03-at-8.01.12-PM-150x150.png 150w\" sizes=\"(max-width: 232px) 100vw, 232px\" \/>BillingsMentor<\/a><\/td>\n<td valign=\"top\"><a href=\"https:\/\/itunes.apple.com\/us\/app\/icyclebeads\/id401996963?mt=8\" target=\"_blank\" rel=\"noopener noreferrer\"><img decoding=\"async\" class=\"alignnone wp-image-2050\" src=\"https:\/\/naturalwomanhood.org\/wp-content\/uploads\/Screen-Shot-2018-05-03-at-8.08.41-PM.png\" alt=\"\" width=\"176\" height=\"180\" \/>iCycleBeads P\u00e9riode et ovulation<\/a><\/td>\n<td valign=\"top\"><a href=\"https:\/\/itunes.apple.com\/app\/id400529549\" target=\"_blank\" rel=\"noopener noreferrer\"><img fetchpriority=\"high\" decoding=\"async\" class=\"alignnone wp-image-2051\" src=\"https:\/\/naturalwomanhood.org\/wp-content\/uploads\/Screen-Shot-2018-05-03-at-8.10.57-PM.png\" alt=\"\" width=\"232\" height=\"237\" \/><\/a><a href=\"https:\/\/itunes.apple.com\/app\/id400529549\" target=\"_blank\" rel=\"noopener noreferrer\">Lily - Calculatrice de fertilit\u00e9<\/a><\/td>\n<td valign=\"top\"><a style=\"font-family: inherit; font-size: inherit;\" href=\"https:\/\/play.google.com\/store\/apps\/details?id=ch.unidesign.ladycycle\" target=\"_blank\" rel=\"noopener noreferrer\"><img decoding=\"async\" class=\"T75of ujDFqe alignnone\" src=\"https:\/\/lh3.ggpht.com\/bAWR9L83RK6k1LSvg_i-ZuIFWIAXqEOE9rTLS8UfiZh-A7E-YWAJXN9j5pxD_yLPLQ7t=s180\" alt=\"\" width=\"232\" height=\"180\" \/><\/a><a href=\"https:\/\/play.google.com\/store\/apps\/details?id=ch.unidesign.ladycycle\" target=\"_blank\" rel=\"noopener noreferrer\">Lady Cycle<\/a><\/td>\n<\/tr>\n<tr align=\"center\">\n<td colspan=\"4\">\n<h4 id=\"apps-that-dont-predict-fertile-days\">Les applications qui ne pr\u00e9disent pas les jours de fertilit\u00e9<\/h4>\n<\/td>\n<\/tr>\n<tr align=\"center\">\n<td valign=\"top\"><a href=\"https:\/\/itunes.apple.com\/us\/app\/nfp-charting\/id300767738?mt=8\" target=\"_blank\" rel=\"noopener noreferrer\"><img loading=\"lazy\" decoding=\"async\" class=\"alignnone wp-image-2052 size-full\" src=\"https:\/\/naturalwomanhood.org\/wp-content\/uploads\/Screen-Shot-2018-05-03-at-8.14.49-PM.png\" alt=\"\" width=\"236\" height=\"234\" srcset=\"https:\/\/naturalwomanhood.org\/wp-content\/uploads\/Screen-Shot-2018-05-03-at-8.14.49-PM.png 236w, https:\/\/naturalwomanhood.org\/wp-content\/uploads\/Screen-Shot-2018-05-03-at-8.14.49-PM-80x80.png 80w, https:\/\/naturalwomanhood.org\/wp-content\/uploads\/Screen-Shot-2018-05-03-at-8.14.49-PM-110x110.png 110w, https:\/\/naturalwomanhood.org\/wp-content\/uploads\/Screen-Shot-2018-05-03-at-8.14.49-PM-150x150.png 150w\" sizes=\"(max-width: 236px) 100vw, 236px\" \/><\/a> <a href=\"https:\/\/itunes.apple.com\/us\/app\/nfp-charting\/id300767738?mt=8\" target=\"_blank\" rel=\"noopener noreferrer\">Graphique du PFN<\/a><\/td>\n<td valign=\"top\"><a href=\"https:\/\/itunes.apple.com\/us\/app\/kindara-fertility-awareness\/id522674372?mt=8\" target=\"_blank\" rel=\"noopener noreferrer\"><img loading=\"lazy\" decoding=\"async\" class=\"alignnone wp-image-2053 size-full\" src=\"https:\/\/naturalwomanhood.org\/wp-content\/uploads\/Screen-Shot-2018-05-03-at-8.18.29-PM.png\" alt=\"\" width=\"237\" height=\"236\" srcset=\"https:\/\/naturalwomanhood.org\/wp-content\/uploads\/Screen-Shot-2018-05-03-at-8.18.29-PM.png 237w, https:\/\/naturalwomanhood.org\/wp-content\/uploads\/Screen-Shot-2018-05-03-at-8.18.29-PM-80x80.png 80w, https:\/\/naturalwomanhood.org\/wp-content\/uploads\/Screen-Shot-2018-05-03-at-8.18.29-PM-110x110.png 110w, https:\/\/naturalwomanhood.org\/wp-content\/uploads\/Screen-Shot-2018-05-03-at-8.18.29-PM-150x150.png 150w\" sizes=\"(max-width: 237px) 100vw, 237px\" \/><\/a> <a href=\"https:\/\/itunes.apple.com\/app\/id831795151\" target=\"_blank\" rel=\"noopener noreferrer\">Kindara : Suivi de la fertilit\u00e9\u00a0<\/a><\/td>\n<td valign=\"top\"><a href=\"https:\/\/itunes.apple.com\/app\/id831795151\" target=\"_blank\" rel=\"noopener noreferrer\"><img loading=\"lazy\" decoding=\"async\" class=\"alignnone wp-image-2055 size-full\" src=\"https:\/\/naturalwomanhood.org\/wp-content\/uploads\/Screen-Shot-2018-05-03-at-8.21.27-PM.png\" alt=\"\" width=\"235\" height=\"239\" srcset=\"https:\/\/naturalwomanhood.org\/wp-content\/uploads\/Screen-Shot-2018-05-03-at-8.21.27-PM.png 235w, https:\/\/naturalwomanhood.org\/wp-content\/uploads\/Screen-Shot-2018-05-03-at-8.21.27-PM-80x80.png 80w\" sizes=\"(max-width: 235px) 100vw, 235px\" \/><\/a> <a href=\"https:\/\/itunes.apple.com\/app\/id831795151\" target=\"_blank\" rel=\"noopener noreferrer\">Groove - Suivi des r\u00e8gles et de la fertilit\u00e9<\/a><\/td>\n<td valign=\"top\"><a href=\"https:\/\/itunes.apple.com\/us\/app\/femm-fertility-education-medical\/id944880989\" target=\"_blank\" rel=\"noopener noreferrer\"><img decoding=\"async\" class=\"alignnone wp-image-2056 size-full\" src=\"https:\/\/naturalwomanhood.org\/wp-content\/uploads\/Screen-Shot-2018-05-03-at-8.22.58-PM.png\" alt=\"\" width=\"235\" \/> FEMM Suivi des r\u00e8gles et de l'ovulation<\/a><\/td>\n<\/tr>\n<tr align=\"center\">\n<td colspan=\"4\">\n<h4 id=\"\">\u00a0<\/h4>\n<\/td>\n<\/tr>\n<\/tbody>\n<\/table>\n<\/div><\/div>\n\t\t\t\t\t\t\t\t<\/div>\n\t\t\t\t<\/div>\n\t\t\t\t\t<\/div>\n\t\t<\/div>\n\t\t\t\t\t<\/div>\n\t\t<\/section>\n\t\t\t\t<\/div>","protected":false},"excerpt":{"rendered":"\u00a0 Nos amis de FACTS about Fertility ont \u00e9valu\u00e9 39 applications commercialis\u00e9es pour aider les utilisateurs \u00e0 \u00e9viter une grossesse. FACTS a trouv\u00e9...","protected":false},"author":1,"featured_media":0,"parent":10795,"menu_order":0,"comment_status":"closed","ping_status":"closed","template":"","meta":{"_acf_changed":false,"_kad_blocks_custom_css":"","_kad_blocks_head_custom_js":"","_kad_blocks_body_custom_js":"","_kad_blocks_footer_custom_js":"","csco_singular_sidebar":"","csco_page_header_type":"","csco_page_load_nextpost":"","csco_post_video_location":[],"csco_post_video_url":"","csco_post_video_bg_start_time":0,"csco_post_video_bg_end_time":0,"footnotes":""},"class_list":{"0":"post-10799","1":"page","2":"type-page","3":"status-publish","5":"cs-entry","6":"cs-video-wrap"},"acf":[],"yoast_head":"<!-- This site is optimized with the Yoast SEO Premium plugin v27.2 (Yoast SEO v27.2) - https:\/\/yoast.com\/product\/yoast-seo-premium-wordpress\/ -->\n<title>Apps - Natural Womanhood<\/title>\n<meta name=\"robots\" content=\"index, follow, max-snippet:-1, max-image-preview:large, max-video-preview:-1\" \/>\n<link rel=\"canonical\" href=\"https:\/\/naturalwomanhood.org\/fr\/materiel-pedagogique\/applications\/\" \/>\n<meta property=\"og:locale\" content=\"fr_FR\" \/>\n<meta property=\"og:type\" content=\"article\" \/>\n<meta property=\"og:title\" content=\"Apps\" \/>\n<meta property=\"og:description\" content=\"\u00a0 Our friends at FACTS about Fertility rated 39 apps marketed to help users avoid pregnancy. FACTS found &quot;The majority of fertility apps are neither\" \/>\n<meta property=\"og:url\" content=\"https:\/\/naturalwomanhood.org\/fr\/materiel-pedagogique\/applications\/\" \/>\n<meta property=\"og:site_name\" content=\"Natural Womanhood\" \/>\n<meta property=\"article:publisher\" content=\"https:\/\/www.facebook.com\/NaturalWomanhood\" \/>\n<meta property=\"article:modified_time\" content=\"2024-02-21T19:37:51+00:00\" \/>\n<meta property=\"og:image\" content=\"https:\/\/naturalwomanhood.org\/wp-content\/uploads\/Screen-Shot-2018-05-03-at-8.01.12-PM.png\" \/>\n<meta name=\"twitter:card\" content=\"summary_large_image\" \/>\n<meta name=\"twitter:site\" content=\"@naturwomanhood\" \/>\n<script type=\"application\/ld+json\" class=\"yoast-schema-graph\">{\"@context\":\"https:\/\/schema.org\",\"@graph\":[{\"@type\":\"WebPage\",\"@id\":\"https:\/\/naturalwomanhood.org\/learning-materials\/apps\/\",\"url\":\"https:\/\/naturalwomanhood.org\/learning-materials\/apps\/\",\"name\":\"Apps - Natural Womanhood\",\"isPartOf\":{\"@id\":\"https:\/\/naturalwomanhood.org\/#website\"},\"primaryImageOfPage\":{\"@id\":\"https:\/\/naturalwomanhood.org\/learning-materials\/apps\/#primaryimage\"},\"image\":{\"@id\":\"https:\/\/naturalwomanhood.org\/learning-materials\/apps\/#primaryimage\"},\"thumbnailUrl\":\"https:\/\/naturalwomanhood.org\/wp-content\/uploads\/Screen-Shot-2018-05-03-at-8.01.12-PM.png\",\"datePublished\":\"2020-10-14T18:19:37+00:00\",\"dateModified\":\"2024-02-21T19:37:51+00:00\",\"breadcrumb\":{\"@id\":\"https:\/\/naturalwomanhood.org\/learning-materials\/apps\/#breadcrumb\"},\"inLanguage\":\"fr-FR\",\"potentialAction\":[{\"@type\":\"ReadAction\",\"target\":[\"https:\/\/naturalwomanhood.org\/learning-materials\/apps\/\"]}]},{\"@type\":\"ImageObject\",\"inLanguage\":\"fr-FR\",\"@id\":\"https:\/\/naturalwomanhood.org\/learning-materials\/apps\/#primaryimage\",\"url\":\"https:\/\/naturalwomanhood.org\/wp-content\/uploads\/Screen-Shot-2018-05-03-at-8.01.12-PM.png\",\"contentUrl\":\"https:\/\/naturalwomanhood.org\/wp-content\/uploads\/Screen-Shot-2018-05-03-at-8.01.12-PM.png\"},{\"@type\":\"BreadcrumbList\",\"@id\":\"https:\/\/naturalwomanhood.org\/learning-materials\/apps\/#breadcrumb\",\"itemListElement\":[{\"@type\":\"ListItem\",\"position\":1,\"name\":\"Home\",\"item\":\"https:\/\/naturalwomanhood.org\/\"},{\"@type\":\"ListItem\",\"position\":2,\"name\":\"Resources\",\"item\":\"https:\/\/naturalwomanhood.org\/learning-materials\/\"},{\"@type\":\"ListItem\",\"position\":3,\"name\":\"Apps\"}]},{\"@type\":\"WebSite\",\"@id\":\"https:\/\/naturalwomanhood.org\/#website\",\"url\":\"https:\/\/naturalwomanhood.org\/\",\"name\":\"Natural Womanhood\",\"description\":\"\",\"publisher\":{\"@id\":\"https:\/\/naturalwomanhood.org\/#organization\"},\"potentialAction\":[{\"@type\":\"SearchAction\",\"target\":{\"@type\":\"EntryPoint\",\"urlTemplate\":\"https:\/\/naturalwomanhood.org\/?s={search_term_string}\"},\"query-input\":{\"@type\":\"PropertyValueSpecification\",\"valueRequired\":true,\"valueName\":\"search_term_string\"}}],\"inLanguage\":\"fr-FR\"},{\"@type\":\"Organization\",\"@id\":\"https:\/\/naturalwomanhood.org\/#organization\",\"name\":\"Natural Womanhood\",\"url\":\"https:\/\/naturalwomanhood.org\/\",\"logo\":{\"@type\":\"ImageObject\",\"inLanguage\":\"fr-FR\",\"@id\":\"https:\/\/naturalwomanhood.org\/#\/schema\/logo\/image\/\",\"url\":\"\",\"contentUrl\":\"\",\"caption\":\"Natural Womanhood\"},\"image\":{\"@id\":\"https:\/\/naturalwomanhood.org\/#\/schema\/logo\/image\/\"},\"sameAs\":[\"https:\/\/www.facebook.com\/NaturalWomanhood\",\"https:\/\/x.com\/naturwomanhood\",\"https:\/\/www.instagram.com\/naturalwomanhood\/\",\"https:\/\/www.linkedin.com\/company\/natural-womanhood\/\",\"https:\/\/www.youtube.com\/channel\/UCt5gjuXYioYkx31Iq4tHLGg\"]}]}<\/script>\n<!-- \/ Yoast SEO Premium plugin. -->","yoast_head_json":{"title":"Apps - La f\u00e9minit\u00e9 naturelle","robots":{"index":"index","follow":"follow","max-snippet":"max-snippet:-1","max-image-preview":"max-image-preview:large","max-video-preview":"max-video-preview:-1"},"canonical":"https:\/\/naturalwomanhood.org\/fr\/materiel-pedagogique\/applications\/","og_locale":"fr_FR","og_type":"article","og_title":"Apps","og_description":"\u00a0 Our friends at FACTS about Fertility rated 39 apps marketed to help users avoid pregnancy. FACTS found \"The majority of fertility apps are neither","og_url":"https:\/\/naturalwomanhood.org\/fr\/materiel-pedagogique\/applications\/","og_site_name":"Natural Womanhood","article_publisher":"https:\/\/www.facebook.com\/NaturalWomanhood","article_modified_time":"2024-02-21T19:37:51+00:00","og_image":[{"url":"https:\/\/naturalwomanhood.org\/wp-content\/uploads\/Screen-Shot-2018-05-03-at-8.01.12-PM.png","type":"","width":"","height":""}],"twitter_card":"summary_large_image","twitter_site":"@naturwomanhood","schema":{"@context":"https:\/\/schema.org","@graph":[{"@type":"WebPage","@id":"https:\/\/naturalwomanhood.org\/learning-materials\/apps\/","url":"https:\/\/naturalwomanhood.org\/learning-materials\/apps\/","name":"Apps - La f\u00e9minit\u00e9 naturelle","isPartOf":{"@id":"https:\/\/naturalwomanhood.org\/#website"},"primaryImageOfPage":{"@id":"https:\/\/naturalwomanhood.org\/learning-materials\/apps\/#primaryimage"},"image":{"@id":"https:\/\/naturalwomanhood.org\/learning-materials\/apps\/#primaryimage"},"thumbnailUrl":"https:\/\/naturalwomanhood.org\/wp-content\/uploads\/Screen-Shot-2018-05-03-at-8.01.12-PM.png","datePublished":"2020-10-14T18:19:37+00:00","dateModified":"2024-02-21T19:37:51+00:00","breadcrumb":{"@id":"https:\/\/naturalwomanhood.org\/learning-materials\/apps\/#breadcrumb"},"inLanguage":"fr-FR","potentialAction":[{"@type":"ReadAction","target":["https:\/\/naturalwomanhood.org\/learning-materials\/apps\/"]}]},{"@type":"ImageObject","inLanguage":"fr-FR","@id":"https:\/\/naturalwomanhood.org\/learning-materials\/apps\/#primaryimage","url":"https:\/\/naturalwomanhood.org\/wp-content\/uploads\/Screen-Shot-2018-05-03-at-8.01.12-PM.png","contentUrl":"https:\/\/naturalwomanhood.org\/wp-content\/uploads\/Screen-Shot-2018-05-03-at-8.01.12-PM.png"},{"@type":"BreadcrumbList","@id":"https:\/\/naturalwomanhood.org\/learning-materials\/apps\/#breadcrumb","itemListElement":[{"@type":"ListItem","position":1,"name":"Home","item":"https:\/\/naturalwomanhood.org\/"},{"@type":"ListItem","position":2,"name":"Resources","item":"https:\/\/naturalwomanhood.org\/learning-materials\/"},{"@type":"ListItem","position":3,"name":"Apps"}]},{"@type":"WebSite","@id":"https:\/\/naturalwomanhood.org\/#website","url":"https:\/\/naturalwomanhood.org\/","name":"La f\u00e9minit\u00e9 naturelle","description":"","publisher":{"@id":"https:\/\/naturalwomanhood.org\/#organization"},"potentialAction":[{"@type":"SearchAction","target":{"@type":"EntryPoint","urlTemplate":"https:\/\/naturalwomanhood.org\/?s={search_term_string}"},"query-input":{"@type":"PropertyValueSpecification","valueRequired":true,"valueName":"search_term_string"}}],"inLanguage":"fr-FR"},{"@type":"Organization","@id":"https:\/\/naturalwomanhood.org\/#organization","name":"La f\u00e9minit\u00e9 naturelle","url":"https:\/\/naturalwomanhood.org\/","logo":{"@type":"ImageObject","inLanguage":"fr-FR","@id":"https:\/\/naturalwomanhood.org\/#\/schema\/logo\/image\/","url":"","contentUrl":"","caption":"Natural Womanhood"},"image":{"@id":"https:\/\/naturalwomanhood.org\/#\/schema\/logo\/image\/"},"sameAs":["https:\/\/www.facebook.com\/NaturalWomanhood","https:\/\/x.com\/naturwomanhood","https:\/\/www.instagram.com\/naturalwomanhood\/","https:\/\/www.linkedin.com\/company\/natural-womanhood\/","https:\/\/www.youtube.com\/channel\/UCt5gjuXYioYkx31Iq4tHLGg"]}]}},"taxonomy_info":[],"featured_image_src_large":false,"author_info":{"display_name":"Natural Womanhood","author_link":"https:\/\/naturalwomanhood.org\/fr\/author\/fiatadmin\/"},"comment_info":0,"_links":{"self":[{"href":"https:\/\/naturalwomanhood.org\/fr\/wp-json\/wp\/v2\/pages\/10799","targetHints":{"allow":["GET"]}}],"collection":[{"href":"https:\/\/naturalwomanhood.org\/fr\/wp-json\/wp\/v2\/pages"}],"about":[{"href":"https:\/\/naturalwomanhood.org\/fr\/wp-json\/wp\/v2\/types\/page"}],"author":[{"embeddable":true,"href":"https:\/\/naturalwomanhood.org\/fr\/wp-json\/wp\/v2\/users\/1"}],"replies":[{"embeddable":true,"href":"https:\/\/naturalwomanhood.org\/fr\/wp-json\/wp\/v2\/comments?post=10799"}],"version-history":[{"count":0,"href":"https:\/\/naturalwomanhood.org\/fr\/wp-json\/wp\/v2\/pages\/10799\/revisions"}],"up":[{"embeddable":true,"href":"https:\/\/naturalwomanhood.org\/fr\/wp-json\/wp\/v2\/pages\/10795"}],"wp:attachment":[{"href":"https:\/\/naturalwomanhood.org\/fr\/wp-json\/wp\/v2\/media?parent=10799"}],"curies":[{"name":"wp","href":"https:\/\/api.w.org\/{rel}","templated":true}]}}