{"id":10795,"date":"2020-10-14T14:18:43","date_gmt":"2020-10-14T18:18:43","guid":{"rendered":"https:\/\/naturalwomanhood.org\/?page_id=10795"},"modified":"2024-02-29T14:25:38","modified_gmt":"2024-02-29T20:25:38","slug":"materiel-pedagogique","status":"publish","type":"page","link":"https:\/\/naturalwomanhood.org\/fr\/learning-materials\/","title":{"rendered":"Ressources"},"content":{"rendered":"<p>Les ressources suivantes de sensibilisation \u00e0 la fertilit\u00e9 ont \u00e9t\u00e9 cr\u00e9\u00e9es et\/ou compil\u00e9es par Natural Womanhood pour nos lecteurs et sympathisants. Nous esp\u00e9rons que vous les utiliserez et les partagerez largement ! <\/p>\n\n\n\n<ul class=\"wp-block-list\">\n<li><a href=\"https:\/\/naturalwomanhood.org\/fr\/guide-complet-de-la-connaissance-de-la-fertilite\/\" target=\"_blank\" rel=\"noreferrer noopener\">Manuel FAM t\u00e9l\u00e9chargeable, \"The Complete Guide to Fertility Awareness\" (Guide complet de sensibilisation \u00e0 la fertilit\u00e9) <\/a><\/li>\n\n\n\n<li><a href=\"https:\/\/naturalwomanhood.org\/fr\/materiel-pedagogique\/manuel-de-la-famille-telechargeable\/\" target=\"_blank\" rel=\"noreferrer noopener\">Guide pour \"Comprendre son cycle\"<\/a><\/li>\n\n\n\n<li><a href=\"https:\/\/naturalwomanhood.org\/fr\/liste-de-controle-des-symptomes-du-cycle-par-natural-womanhood\/\" target=\"_blank\" rel=\"noreferrer noopener\">Liste de contr\u00f4le des sympt\u00f4mes du cycle<\/a><\/li>\n\n\n\n<li><a href=\"https:\/\/naturalwomanhood.org\/fr\/cours-en-ligne-pour-les-meres-de-preadolescents\/\" target=\"_blank\" rel=\"noreferrer noopener\">Cours d'\u00e9ducation corporelle en ligne pour les m\u00e8res de (pr\u00e9)adolescents<\/a><\/li>\n\n\n\n<li><a href=\"https:\/\/naturalwomanhood.org\/fr\/sensibilisation-des-professionnels-de-la-sante-a-la-fertilite\/brochures\/\" target=\"_blank\" rel=\"noreferrer noopener\">Brochures \"Conna\u00eetre son corps\" et \"Ce que les hommes doivent savoir sur la contraception\" (disponibles en anglais et en espagnol)<\/a><\/li>\n\n\n\n<li><a href=\"https:\/\/naturalwomanhood.org\/fr\/materiel-pedagogique\/livres\/\" target=\"_blank\" rel=\"noreferrer noopener\">Livres<\/a> <\/li>\n\n\n\n<li><a href=\"https:\/\/naturalwomanhood.org\/fr\/materiel-pedagogique\/quiz\/\" target=\"_blank\" rel=\"noreferrer noopener\">Quiz<\/a> <\/li>\n\n\n\n<li><a href=\"https:\/\/naturalwomanhood.org\/fr\/materiel-pedagogique\/applications\/\" target=\"_blank\" rel=\"noreferrer noopener\">Applications<\/a><\/li>\n<\/ul>\n\n\n\n<p><\/p>","protected":false},"excerpt":{"rendered":"Les ressources suivantes de sensibilisation \u00e0 la fertilit\u00e9 ont \u00e9t\u00e9 cr\u00e9\u00e9es et\/ou compil\u00e9es par Natural Womanhood pour nos lecteurs et sympathisants....","protected":false},"author":1,"featured_media":0,"parent":0,"menu_order":0,"comment_status":"closed","ping_status":"closed","template":"","meta":{"_acf_changed":false,"_kad_blocks_custom_css":"","_kad_blocks_head_custom_js":"","_kad_blocks_body_custom_js":"","_kad_blocks_footer_custom_js":"","csco_singular_sidebar":"","csco_page_header_type":"","csco_page_load_nextpost":"","csco_post_video_location":[],"csco_post_video_url":"","csco_post_video_bg_start_time":0,"csco_post_video_bg_end_time":0,"footnotes":""},"class_list":{"0":"post-10795","1":"page","2":"type-page","3":"status-publish","5":"cs-entry","6":"cs-video-wrap"},"acf":[],"yoast_head":"<!-- This site is optimized with the Yoast SEO Premium plugin v27.2 (Yoast SEO v27.2) - https:\/\/yoast.com\/product\/yoast-seo-premium-wordpress\/ -->\n<title>Fertility awareness resources - Natural Womanhood<\/title>\n<meta name=\"description\" content=\"Our fertility awareness resources include a downloadable FAM handbook, fertility awareness quizzes, recommended books, and more. Use &amp; share!\" \/>\n<meta name=\"robots\" content=\"index, follow, max-snippet:-1, max-image-preview:large, max-video-preview:-1\" \/>\n<link rel=\"canonical\" href=\"https:\/\/naturalwomanhood.org\/fr\/materiel-pedagogique\/\" \/>\n<meta property=\"og:locale\" content=\"fr_FR\" \/>\n<meta property=\"og:type\" content=\"article\" \/>\n<meta property=\"og:title\" content=\"Resources\" \/>\n<meta property=\"og:description\" content=\"The following fertility awareness resources have been created and\/or compiled by Natural Womanhood for our readers and supporters. We hope you will use\" \/>\n<meta property=\"og:url\" content=\"https:\/\/naturalwomanhood.org\/fr\/materiel-pedagogique\/\" \/>\n<meta property=\"og:site_name\" content=\"Natural Womanhood\" \/>\n<meta property=\"article:publisher\" content=\"https:\/\/www.facebook.com\/NaturalWomanhood\" \/>\n<meta property=\"article:modified_time\" content=\"2024-02-29T20:25:38+00:00\" \/>\n<meta property=\"og:image\" content=\"https:\/\/naturalwomanhood.org\/wp-content\/uploads\/nw-logo-social.jpg\" \/>\n\t<meta property=\"og:image:width\" content=\"1200\" \/>\n\t<meta property=\"og:image:height\" content=\"630\" \/>\n\t<meta property=\"og:image:type\" content=\"image\/jpeg\" \/>\n<meta name=\"twitter:card\" content=\"summary_large_image\" \/>\n<meta name=\"twitter:site\" content=\"@naturwomanhood\" \/>\n<meta name=\"twitter:label1\" content=\"Dur\u00e9e de lecture estim\u00e9e\" \/>\n\t<meta name=\"twitter:data1\" content=\"1 minute\" \/>\n<script type=\"application\/ld+json\" class=\"yoast-schema-graph\">{\"@context\":\"https:\/\/schema.org\",\"@graph\":[{\"@type\":\"WebPage\",\"@id\":\"https:\/\/naturalwomanhood.org\/learning-materials\/\",\"url\":\"https:\/\/naturalwomanhood.org\/learning-materials\/\",\"name\":\"Fertility awareness resources - Natural Womanhood\",\"isPartOf\":{\"@id\":\"https:\/\/naturalwomanhood.org\/#website\"},\"datePublished\":\"2020-10-14T18:18:43+00:00\",\"dateModified\":\"2024-02-29T20:25:38+00:00\",\"description\":\"Our fertility awareness resources include a downloadable FAM handbook, fertility awareness quizzes, recommended books, and more. Use & share!\",\"breadcrumb\":{\"@id\":\"https:\/\/naturalwomanhood.org\/learning-materials\/#breadcrumb\"},\"inLanguage\":\"fr-FR\",\"potentialAction\":[{\"@type\":\"ReadAction\",\"target\":[\"https:\/\/naturalwomanhood.org\/learning-materials\/\"]}]},{\"@type\":\"BreadcrumbList\",\"@id\":\"https:\/\/naturalwomanhood.org\/learning-materials\/#breadcrumb\",\"itemListElement\":[{\"@type\":\"ListItem\",\"position\":1,\"name\":\"Home\",\"item\":\"https:\/\/naturalwomanhood.org\/\"},{\"@type\":\"ListItem\",\"position\":2,\"name\":\"Resources\"}]},{\"@type\":\"WebSite\",\"@id\":\"https:\/\/naturalwomanhood.org\/#website\",\"url\":\"https:\/\/naturalwomanhood.org\/\",\"name\":\"Natural Womanhood\",\"description\":\"\",\"publisher\":{\"@id\":\"https:\/\/naturalwomanhood.org\/#organization\"},\"potentialAction\":[{\"@type\":\"SearchAction\",\"target\":{\"@type\":\"EntryPoint\",\"urlTemplate\":\"https:\/\/naturalwomanhood.org\/?s={search_term_string}\"},\"query-input\":{\"@type\":\"PropertyValueSpecification\",\"valueRequired\":true,\"valueName\":\"search_term_string\"}}],\"inLanguage\":\"fr-FR\"},{\"@type\":\"Organization\",\"@id\":\"https:\/\/naturalwomanhood.org\/#organization\",\"name\":\"Natural Womanhood\",\"url\":\"https:\/\/naturalwomanhood.org\/\",\"logo\":{\"@type\":\"ImageObject\",\"inLanguage\":\"fr-FR\",\"@id\":\"https:\/\/naturalwomanhood.org\/#\/schema\/logo\/image\/\",\"url\":\"\",\"contentUrl\":\"\",\"caption\":\"Natural Womanhood\"},\"image\":{\"@id\":\"https:\/\/naturalwomanhood.org\/#\/schema\/logo\/image\/\"},\"sameAs\":[\"https:\/\/www.facebook.com\/NaturalWomanhood\",\"https:\/\/x.com\/naturwomanhood\",\"https:\/\/www.instagram.com\/naturalwomanhood\/\",\"https:\/\/www.linkedin.com\/company\/natural-womanhood\/\",\"https:\/\/www.youtube.com\/channel\/UCt5gjuXYioYkx31Iq4tHLGg\"]}]}<\/script>\n<!-- \/ Yoast SEO Premium plugin. -->","yoast_head_json":{"title":"Ressources de sensibilisation \u00e0 la fertilit\u00e9 - Natural Womanhood","description":"Nos ressources en mati\u00e8re de sensibilisation \u00e0 la fertilit\u00e9 comprennent un manuel t\u00e9l\u00e9chargeable sur la GPA, des quiz sur la sensibilisation \u00e0 la fertilit\u00e9, des livres recommand\u00e9s, et bien plus encore. Utilisez et partagez !","robots":{"index":"index","follow":"follow","max-snippet":"max-snippet:-1","max-image-preview":"max-image-preview:large","max-video-preview":"max-video-preview:-1"},"canonical":"https:\/\/naturalwomanhood.org\/fr\/materiel-pedagogique\/","og_locale":"fr_FR","og_type":"article","og_title":"Resources","og_description":"The following fertility awareness resources have been created and\/or compiled by Natural Womanhood for our readers and supporters. We hope you will use","og_url":"https:\/\/naturalwomanhood.org\/fr\/materiel-pedagogique\/","og_site_name":"Natural Womanhood","article_publisher":"https:\/\/www.facebook.com\/NaturalWomanhood","article_modified_time":"2024-02-29T20:25:38+00:00","og_image":[{"width":1200,"height":630,"url":"https:\/\/naturalwomanhood.org\/wp-content\/uploads\/nw-logo-social.jpg","type":"image\/jpeg"}],"twitter_card":"summary_large_image","twitter_site":"@naturwomanhood","twitter_misc":{"Dur\u00e9e de lecture estim\u00e9e":"1 minute"},"schema":{"@context":"https:\/\/schema.org","@graph":[{"@type":"WebPage","@id":"https:\/\/naturalwomanhood.org\/learning-materials\/","url":"https:\/\/naturalwomanhood.org\/learning-materials\/","name":"Ressources de sensibilisation \u00e0 la fertilit\u00e9 - Natural Womanhood","isPartOf":{"@id":"https:\/\/naturalwomanhood.org\/#website"},"datePublished":"2020-10-14T18:18:43+00:00","dateModified":"2024-02-29T20:25:38+00:00","description":"Nos ressources en mati\u00e8re de sensibilisation \u00e0 la fertilit\u00e9 comprennent un manuel t\u00e9l\u00e9chargeable sur la GPA, des quiz sur la sensibilisation \u00e0 la fertilit\u00e9, des livres recommand\u00e9s, et bien plus encore. Utilisez et partagez !","breadcrumb":{"@id":"https:\/\/naturalwomanhood.org\/learning-materials\/#breadcrumb"},"inLanguage":"fr-FR","potentialAction":[{"@type":"ReadAction","target":["https:\/\/naturalwomanhood.org\/learning-materials\/"]}]},{"@type":"BreadcrumbList","@id":"https:\/\/naturalwomanhood.org\/learning-materials\/#breadcrumb","itemListElement":[{"@type":"ListItem","position":1,"name":"Home","item":"https:\/\/naturalwomanhood.org\/"},{"@type":"ListItem","position":2,"name":"Resources"}]},{"@type":"WebSite","@id":"https:\/\/naturalwomanhood.org\/#website","url":"https:\/\/naturalwomanhood.org\/","name":"La f\u00e9minit\u00e9 naturelle","description":"","publisher":{"@id":"https:\/\/naturalwomanhood.org\/#organization"},"potentialAction":[{"@type":"SearchAction","target":{"@type":"EntryPoint","urlTemplate":"https:\/\/naturalwomanhood.org\/?s={search_term_string}"},"query-input":{"@type":"PropertyValueSpecification","valueRequired":true,"valueName":"search_term_string"}}],"inLanguage":"fr-FR"},{"@type":"Organization","@id":"https:\/\/naturalwomanhood.org\/#organization","name":"La f\u00e9minit\u00e9 naturelle","url":"https:\/\/naturalwomanhood.org\/","logo":{"@type":"ImageObject","inLanguage":"fr-FR","@id":"https:\/\/naturalwomanhood.org\/#\/schema\/logo\/image\/","url":"","contentUrl":"","caption":"Natural Womanhood"},"image":{"@id":"https:\/\/naturalwomanhood.org\/#\/schema\/logo\/image\/"},"sameAs":["https:\/\/www.facebook.com\/NaturalWomanhood","https:\/\/x.com\/naturwomanhood","https:\/\/www.instagram.com\/naturalwomanhood\/","https:\/\/www.linkedin.com\/company\/natural-womanhood\/","https:\/\/www.youtube.com\/channel\/UCt5gjuXYioYkx31Iq4tHLGg"]}]}},"taxonomy_info":[],"featured_image_src_large":false,"author_info":{"display_name":"Natural Womanhood","author_link":"https:\/\/naturalwomanhood.org\/fr\/author\/fiatadmin\/"},"comment_info":0,"_links":{"self":[{"href":"https:\/\/naturalwomanhood.org\/fr\/wp-json\/wp\/v2\/pages\/10795","targetHints":{"allow":["GET"]}}],"collection":[{"href":"https:\/\/naturalwomanhood.org\/fr\/wp-json\/wp\/v2\/pages"}],"about":[{"href":"https:\/\/naturalwomanhood.org\/fr\/wp-json\/wp\/v2\/types\/page"}],"author":[{"embeddable":true,"href":"https:\/\/naturalwomanhood.org\/fr\/wp-json\/wp\/v2\/users\/1"}],"replies":[{"embeddable":true,"href":"https:\/\/naturalwomanhood.org\/fr\/wp-json\/wp\/v2\/comments?post=10795"}],"version-history":[{"count":0,"href":"https:\/\/naturalwomanhood.org\/fr\/wp-json\/wp\/v2\/pages\/10795\/revisions"}],"wp:attachment":[{"href":"https:\/\/naturalwomanhood.org\/fr\/wp-json\/wp\/v2\/media?parent=10795"}],"curies":[{"name":"wp","href":"https:\/\/api.w.org\/{rel}","templated":true}]}}