{"id":10786,"date":"2020-10-14T14:16:12","date_gmt":"2020-10-14T18:16:12","guid":{"rendered":"https:\/\/naturalwomanhood.org\/?page_id=10786"},"modified":"2021-04-20T17:57:49","modified_gmt":"2021-04-20T22:57:49","slug":"demander-a-un-orateur-les-signes-du-cycle-feminin-expliques","status":"publish","type":"page","link":"https:\/\/naturalwomanhood.org\/fr\/share-fam-with-your-community\/request-a-speaker-the-signs-of-the-female-cycle-explained\/","title":{"rendered":"Demander un conf\u00e9rencier : Les signes du cycle f\u00e9minin expliqu\u00e9s"},"content":{"rendered":"<p><strong>Inviter un conf\u00e9rencier qualifi\u00e9 \u00e0 pr\u00e9senter notre expos\u00e9 sur les m\u00e9thodes de sensibilisation \u00e0 la fertilit\u00e9, \u201cLes signes du cycle f\u00e9minin expliqu\u00e9s\u201d.\u201d<\/strong><\/p>\n\n\n\n<p>\u201cLes signes du cycle f\u00e9minin expliqu\u00e9s\u201d est une pr\u00e9sentation de 50 minutes qui pr\u00e9sente aux femmes et aux couples les signes de la fertilit\u00e9, les m\u00e9thodes de connaissance de la fertilit\u00e9 (MAF) et la fa\u00e7on dont les graphiques peuvent aider les femmes \u00e0 surveiller leur sant\u00e9 et \u00e0 planifier leur famille. Cette pr\u00e9sentation offre une vue d'ensemble parfaite pour un public g\u00e9n\u00e9ral qui n'a peut-\u00eatre jamais entendu parler des m\u00e9thodes de sensibilisation \u00e0 la fertilit\u00e9. Elle met en \u00e9vidence le fait que les m\u00e9thodes de sensibilisation \u00e0 la fertilit\u00e9 constituent non seulement une alternative saine \u00e0 la planification familiale, mais qu'elles peuvent \u00e9galement permettre de <a href=\"https:\/\/naturalwomanhood.org\/fr\/theme\/le-planning-familial-naturel\/sante-relationnelle\/\" target=\"_blank\" rel=\"noreferrer noopener\">relations b\u00e9n\u00e9fiques<\/a>. <\/p>\n\n\n\n<p>\u201cLes signes du cycle f\u00e9minin expliqu\u00e9s\u201d a \u00e9t\u00e9 con\u00e7u en partenariat avec\u00a0<a href=\"https:\/\/www.factsaboutfertility.org\/\" target=\"_blank\" rel=\"noreferrer noopener\">FAITS<\/a>, FACTS est une organisation de professionnels de la sant\u00e9 qui se consacre \u00e0 la promotion des m\u00e9thodes de sensibilisation \u00e0 la fertilit\u00e9. La pr\u00e9sentation est propos\u00e9e par le r\u00e9seau national de conf\u00e9renciers form\u00e9s de FACTS. <\/p>\n\n\n\n<p>Cette pr\u00e9sentation est bas\u00e9e sur la science, mais reste accessible. Elle a \u00e9t\u00e9 con\u00e7ue pour aider les gens \u00e0 prendre des d\u00e9cisions \u00e9clair\u00e9es sur leur sant\u00e9 g\u00e9n\u00e9sique et les options de planification familiale, et comprend une pr\u00e9sentation \u00e9quilibr\u00e9e des \u00e9l\u00e9ments suivants <a href=\"https:\/\/naturalwomanhood.org\/fr\/theme\/les-methodes-de-sensibilisation-a-la-fertilite\/apprendre-une-methode\/\" target=\"_blank\" rel=\"noreferrer noopener\">toutes les principales m\u00e9thodes de connaissance de la f\u00e9condit\u00e9<\/a>. \u00a0<\/p>\n\n\n\n<p>Vous souhaitez faire venir un orateur pour une pr\u00e9sentation \u00e0 votre groupe ? <a href=\"https:\/\/www.factsaboutfertility.org\/learn-more\/educational-presentations\/\" target=\"_blank\" rel=\"noreferrer noopener\">Cliquez ici<\/a>\u00a0pour r\u00e9server un conf\u00e9rencier pour notre pr\u00e9sentation \u201cLes signes du cycle f\u00e9minin expliqu\u00e9s\u201d, et <a href=\"https:\/\/www.factsaboutfertility.org\/learn-more\/webinars\/\" target=\"_blank\" rel=\"noreferrer noopener\">ici<\/a> pour assister \u00e0 un prochain webinaire de FACTS.<\/p>","protected":false},"excerpt":{"rendered":"Invitez un conf\u00e9rencier qualifi\u00e9 \u00e0 pr\u00e9senter notre expos\u00e9 sur les m\u00e9thodes de sensibilisation \u00e0 la fertilit\u00e9, \u201cLes signes du cycle f\u00e9minin expliqu\u00e9s\u201d...","protected":false},"author":1,"featured_media":0,"parent":10785,"menu_order":0,"comment_status":"closed","ping_status":"closed","template":"","meta":{"_acf_changed":false,"_kad_blocks_custom_css":"","_kad_blocks_head_custom_js":"","_kad_blocks_body_custom_js":"","_kad_blocks_footer_custom_js":"","csco_singular_sidebar":"","csco_page_header_type":"","csco_page_load_nextpost":"","csco_post_video_location":[],"csco_post_video_url":"","csco_post_video_bg_start_time":0,"csco_post_video_bg_end_time":0,"footnotes":""},"class_list":{"0":"post-10786","1":"page","2":"type-page","3":"status-publish","5":"cs-entry","6":"cs-video-wrap"},"acf":[],"yoast_head":"<!-- This site is optimized with the Yoast SEO Premium plugin v27.2 (Yoast SEO v27.2) - https:\/\/yoast.com\/product\/yoast-seo-premium-wordpress\/ -->\n<title>The Signs of the Female Cycle Explained - Natural Womanhood<\/title>\n<meta name=\"description\" content=\"Invite a trained speaker to give our presentation on fertility awareness methods, &quot;The Signs of the Female Cycle Explained.&quot;\" \/>\n<meta name=\"robots\" content=\"index, follow, max-snippet:-1, max-image-preview:large, max-video-preview:-1\" \/>\n<link rel=\"canonical\" href=\"https:\/\/naturalwomanhood.org\/fr\/partager-la-fam-avec-votre-communaute\/demander-a-un-orateur-les-signes-du-cycle-feminin-expliques\/\" \/>\n<meta property=\"og:locale\" content=\"fr_FR\" \/>\n<meta property=\"og:type\" content=\"article\" \/>\n<meta property=\"og:title\" content=\"Request a speaker: The Signs of the Female Cycle Explained\" \/>\n<meta property=\"og:description\" content=\"Invite a trained speaker to give our\u00a0presentation on fertility awareness methods, &quot;The Signs of the Female Cycle Explained&quot; &quot;The Signs of the Female Cycle\" \/>\n<meta property=\"og:url\" content=\"https:\/\/naturalwomanhood.org\/fr\/partager-la-fam-avec-votre-communaute\/demander-a-un-orateur-les-signes-du-cycle-feminin-expliques\/\" \/>\n<meta property=\"og:site_name\" content=\"Natural Womanhood\" \/>\n<meta property=\"article:publisher\" content=\"https:\/\/www.facebook.com\/NaturalWomanhood\" \/>\n<meta property=\"article:modified_time\" content=\"2021-04-20T22:57:49+00:00\" \/>\n<meta property=\"og:image\" content=\"https:\/\/naturalwomanhood.org\/wp-content\/uploads\/nw-logo-social.jpg\" \/>\n\t<meta property=\"og:image:width\" content=\"1200\" \/>\n\t<meta property=\"og:image:height\" content=\"630\" \/>\n\t<meta property=\"og:image:type\" content=\"image\/jpeg\" \/>\n<meta name=\"twitter:card\" content=\"summary_large_image\" \/>\n<meta name=\"twitter:site\" content=\"@naturwomanhood\" \/>\n<meta name=\"twitter:label1\" content=\"Dur\u00e9e de lecture estim\u00e9e\" \/>\n\t<meta name=\"twitter:data1\" content=\"1 minute\" \/>\n<script type=\"application\/ld+json\" class=\"yoast-schema-graph\">{\"@context\":\"https:\/\/schema.org\",\"@graph\":[{\"@type\":\"WebPage\",\"@id\":\"https:\/\/naturalwomanhood.org\/share-fam-with-your-community\/request-a-speaker-the-signs-of-the-female-cycle-explained\/\",\"url\":\"https:\/\/naturalwomanhood.org\/share-fam-with-your-community\/request-a-speaker-the-signs-of-the-female-cycle-explained\/\",\"name\":\"The Signs of the Female Cycle Explained - Natural Womanhood\",\"isPartOf\":{\"@id\":\"https:\/\/naturalwomanhood.org\/#website\"},\"datePublished\":\"2020-10-14T18:16:12+00:00\",\"dateModified\":\"2021-04-20T22:57:49+00:00\",\"description\":\"Invite a trained speaker to give our presentation on fertility awareness methods, \\\"The Signs of the Female Cycle Explained.\\\"\",\"breadcrumb\":{\"@id\":\"https:\/\/naturalwomanhood.org\/share-fam-with-your-community\/request-a-speaker-the-signs-of-the-female-cycle-explained\/#breadcrumb\"},\"inLanguage\":\"fr-FR\",\"potentialAction\":[{\"@type\":\"ReadAction\",\"target\":[\"https:\/\/naturalwomanhood.org\/share-fam-with-your-community\/request-a-speaker-the-signs-of-the-female-cycle-explained\/\"]}]},{\"@type\":\"BreadcrumbList\",\"@id\":\"https:\/\/naturalwomanhood.org\/share-fam-with-your-community\/request-a-speaker-the-signs-of-the-female-cycle-explained\/#breadcrumb\",\"itemListElement\":[{\"@type\":\"ListItem\",\"position\":1,\"name\":\"Home\",\"item\":\"https:\/\/naturalwomanhood.org\/\"},{\"@type\":\"ListItem\",\"position\":2,\"name\":\"Share FAM with your Community\",\"item\":\"https:\/\/naturalwomanhood.org\/share-fam-with-your-community\/\"},{\"@type\":\"ListItem\",\"position\":3,\"name\":\"Request a speaker: The Signs of the Female Cycle Explained\"}]},{\"@type\":\"WebSite\",\"@id\":\"https:\/\/naturalwomanhood.org\/#website\",\"url\":\"https:\/\/naturalwomanhood.org\/\",\"name\":\"Natural Womanhood\",\"description\":\"\",\"publisher\":{\"@id\":\"https:\/\/naturalwomanhood.org\/#organization\"},\"potentialAction\":[{\"@type\":\"SearchAction\",\"target\":{\"@type\":\"EntryPoint\",\"urlTemplate\":\"https:\/\/naturalwomanhood.org\/?s={search_term_string}\"},\"query-input\":{\"@type\":\"PropertyValueSpecification\",\"valueRequired\":true,\"valueName\":\"search_term_string\"}}],\"inLanguage\":\"fr-FR\"},{\"@type\":\"Organization\",\"@id\":\"https:\/\/naturalwomanhood.org\/#organization\",\"name\":\"Natural Womanhood\",\"url\":\"https:\/\/naturalwomanhood.org\/\",\"logo\":{\"@type\":\"ImageObject\",\"inLanguage\":\"fr-FR\",\"@id\":\"https:\/\/naturalwomanhood.org\/#\/schema\/logo\/image\/\",\"url\":\"\",\"contentUrl\":\"\",\"caption\":\"Natural Womanhood\"},\"image\":{\"@id\":\"https:\/\/naturalwomanhood.org\/#\/schema\/logo\/image\/\"},\"sameAs\":[\"https:\/\/www.facebook.com\/NaturalWomanhood\",\"https:\/\/x.com\/naturwomanhood\",\"https:\/\/www.instagram.com\/naturalwomanhood\/\",\"https:\/\/www.linkedin.com\/company\/natural-womanhood\/\",\"https:\/\/www.youtube.com\/channel\/UCt5gjuXYioYkx31Iq4tHLGg\"]}]}<\/script>\n<!-- \/ Yoast SEO Premium plugin. -->","yoast_head_json":{"title":"Les signes du cycle f\u00e9minin expliqu\u00e9s - Natural Womanhood","description":"Invitez un conf\u00e9rencier qualifi\u00e9 \u00e0 pr\u00e9senter notre expos\u00e9 sur les m\u00e9thodes de sensibilisation \u00e0 la fertilit\u00e9, \"Les signes du cycle f\u00e9minin expliqu\u00e9s\".\"","robots":{"index":"index","follow":"follow","max-snippet":"max-snippet:-1","max-image-preview":"max-image-preview:large","max-video-preview":"max-video-preview:-1"},"canonical":"https:\/\/naturalwomanhood.org\/fr\/partager-la-fam-avec-votre-communaute\/demander-a-un-orateur-les-signes-du-cycle-feminin-expliques\/","og_locale":"fr_FR","og_type":"article","og_title":"Request a speaker: The Signs of the Female Cycle Explained","og_description":"Invite a trained speaker to give our\u00a0presentation on fertility awareness methods, \"The Signs of the Female Cycle Explained\" \"The Signs of the Female Cycle","og_url":"https:\/\/naturalwomanhood.org\/fr\/partager-la-fam-avec-votre-communaute\/demander-a-un-orateur-les-signes-du-cycle-feminin-expliques\/","og_site_name":"Natural Womanhood","article_publisher":"https:\/\/www.facebook.com\/NaturalWomanhood","article_modified_time":"2021-04-20T22:57:49+00:00","og_image":[{"width":1200,"height":630,"url":"https:\/\/naturalwomanhood.org\/wp-content\/uploads\/nw-logo-social.jpg","type":"image\/jpeg"}],"twitter_card":"summary_large_image","twitter_site":"@naturwomanhood","twitter_misc":{"Dur\u00e9e de lecture estim\u00e9e":"1 minute"},"schema":{"@context":"https:\/\/schema.org","@graph":[{"@type":"WebPage","@id":"https:\/\/naturalwomanhood.org\/share-fam-with-your-community\/request-a-speaker-the-signs-of-the-female-cycle-explained\/","url":"https:\/\/naturalwomanhood.org\/share-fam-with-your-community\/request-a-speaker-the-signs-of-the-female-cycle-explained\/","name":"Les signes du cycle f\u00e9minin expliqu\u00e9s - Natural Womanhood","isPartOf":{"@id":"https:\/\/naturalwomanhood.org\/#website"},"datePublished":"2020-10-14T18:16:12+00:00","dateModified":"2021-04-20T22:57:49+00:00","description":"Invitez un conf\u00e9rencier qualifi\u00e9 \u00e0 pr\u00e9senter notre expos\u00e9 sur les m\u00e9thodes de sensibilisation \u00e0 la fertilit\u00e9, \"Les signes du cycle f\u00e9minin expliqu\u00e9s\".\"","breadcrumb":{"@id":"https:\/\/naturalwomanhood.org\/share-fam-with-your-community\/request-a-speaker-the-signs-of-the-female-cycle-explained\/#breadcrumb"},"inLanguage":"fr-FR","potentialAction":[{"@type":"ReadAction","target":["https:\/\/naturalwomanhood.org\/share-fam-with-your-community\/request-a-speaker-the-signs-of-the-female-cycle-explained\/"]}]},{"@type":"BreadcrumbList","@id":"https:\/\/naturalwomanhood.org\/share-fam-with-your-community\/request-a-speaker-the-signs-of-the-female-cycle-explained\/#breadcrumb","itemListElement":[{"@type":"ListItem","position":1,"name":"Home","item":"https:\/\/naturalwomanhood.org\/"},{"@type":"ListItem","position":2,"name":"Share FAM with your Community","item":"https:\/\/naturalwomanhood.org\/share-fam-with-your-community\/"},{"@type":"ListItem","position":3,"name":"Request a speaker: The Signs of the Female Cycle Explained"}]},{"@type":"WebSite","@id":"https:\/\/naturalwomanhood.org\/#website","url":"https:\/\/naturalwomanhood.org\/","name":"La f\u00e9minit\u00e9 naturelle","description":"","publisher":{"@id":"https:\/\/naturalwomanhood.org\/#organization"},"potentialAction":[{"@type":"SearchAction","target":{"@type":"EntryPoint","urlTemplate":"https:\/\/naturalwomanhood.org\/?s={search_term_string}"},"query-input":{"@type":"PropertyValueSpecification","valueRequired":true,"valueName":"search_term_string"}}],"inLanguage":"fr-FR"},{"@type":"Organization","@id":"https:\/\/naturalwomanhood.org\/#organization","name":"La f\u00e9minit\u00e9 naturelle","url":"https:\/\/naturalwomanhood.org\/","logo":{"@type":"ImageObject","inLanguage":"fr-FR","@id":"https:\/\/naturalwomanhood.org\/#\/schema\/logo\/image\/","url":"","contentUrl":"","caption":"Natural Womanhood"},"image":{"@id":"https:\/\/naturalwomanhood.org\/#\/schema\/logo\/image\/"},"sameAs":["https:\/\/www.facebook.com\/NaturalWomanhood","https:\/\/x.com\/naturwomanhood","https:\/\/www.instagram.com\/naturalwomanhood\/","https:\/\/www.linkedin.com\/company\/natural-womanhood\/","https:\/\/www.youtube.com\/channel\/UCt5gjuXYioYkx31Iq4tHLGg"]}]}},"taxonomy_info":[],"featured_image_src_large":false,"author_info":{"display_name":"Natural Womanhood","author_link":"https:\/\/naturalwomanhood.org\/fr\/author\/fiatadmin\/"},"comment_info":0,"_links":{"self":[{"href":"https:\/\/naturalwomanhood.org\/fr\/wp-json\/wp\/v2\/pages\/10786","targetHints":{"allow":["GET"]}}],"collection":[{"href":"https:\/\/naturalwomanhood.org\/fr\/wp-json\/wp\/v2\/pages"}],"about":[{"href":"https:\/\/naturalwomanhood.org\/fr\/wp-json\/wp\/v2\/types\/page"}],"author":[{"embeddable":true,"href":"https:\/\/naturalwomanhood.org\/fr\/wp-json\/wp\/v2\/users\/1"}],"replies":[{"embeddable":true,"href":"https:\/\/naturalwomanhood.org\/fr\/wp-json\/wp\/v2\/comments?post=10786"}],"version-history":[{"count":0,"href":"https:\/\/naturalwomanhood.org\/fr\/wp-json\/wp\/v2\/pages\/10786\/revisions"}],"up":[{"embeddable":true,"href":"https:\/\/naturalwomanhood.org\/fr\/wp-json\/wp\/v2\/pages\/10785"}],"wp:attachment":[{"href":"https:\/\/naturalwomanhood.org\/fr\/wp-json\/wp\/v2\/media?parent=10786"}],"curies":[{"name":"wp","href":"https:\/\/api.w.org\/{rel}","templated":true}]}}