{"id":10772,"date":"2020-10-14T13:48:46","date_gmt":"2020-10-14T17:48:46","guid":{"rendered":"https:\/\/naturalwomanhood.org\/?page_id=10772"},"modified":"2025-11-02T11:33:37","modified_gmt":"2025-11-02T17:33:37","slug":"trouver-un-instructeur-fam","status":"publish","type":"page","link":"https:\/\/naturalwomanhood.org\/fr\/find-a-fam-instructor\/","title":{"rendered":"Trouver un cours de sensibilisation \u00e0 la fertilit\u00e9 ou un instructeur"},"content":{"rendered":"<p id=\"choose-class\">La premi\u00e8re \u00e9tape de l'apprentissage d'une m\u00e9thode de connaissance de la fertilit\u00e9 (FAM) consiste \u00e0 choisir une m\u00e9thode. Pour b\u00e9n\u00e9ficier des taux d'efficacit\u00e9 \u00e9lev\u00e9s de chaque m\u00e9thode, assurez-vous d'apprendre aupr\u00e8s d'un instructeur certifi\u00e9. La bonne nouvelle, c'est que les rangs des instructeurs de sensibilisation \u00e0 la fertilit\u00e9 ne cessent de cro\u00eetre et qu'il est plus facile que jamais de trouver un cours ou un instructeur de sensibilisation \u00e0 la fertilit\u00e9.<\/p>\n\n\n\n<ol class=\"wp-block-list\">\n<li><a href=\"https:\/\/naturalwomanhood.org\/fr\/quiz-choisir-une-methode-de-sensibilisation-a-la-fertilite\/\" target=\"_blank\" rel=\"noreferrer noopener\">R\u00e9pondez \u00e0 ce quiz pour savoir quel FAM correspond le mieux \u00e0 vos besoins.<\/a><\/li>\n\n\n\n<li><a href=\"https:\/\/naturalwomanhood.org\/fr\/guide-complet-de-la-connaissance-de-la-fertilite\/\" target=\"_blank\" rel=\"noreferrer noopener\">T\u00e9l\u00e9charger le Guide complet des m\u00e9thodes de connaissance de la fertilit\u00e9<\/a>. <\/li>\n\n\n\n<li><a href=\"https:\/\/fertilityscienceinstitute.org\/nw-fabm\/\" target=\"_blank\" rel=\"noreferrer noopener\">Retrouvez notre annuaire des instructeurs FAM ici<\/a>. Pour trouver un instructeur dans votre r\u00e9gion, vous pouvez commencer par s\u00e9lectionner votre \u00e9tat et consulter la liste des personnes qui sont des \u201c\u00e9ducateurs FA\u201d ou des \u201c\u00e9ducateurs en fertilit\u00e9\u201d. Vous pouvez \u00e9galement s\u00e9lectionner la m\u00e9thode de sensibilisation \u00e0 la fertilit\u00e9 que vous souhaitez en premier lieu. Vous trouverez ci-dessous des informations sur les diff\u00e9rentes m\u00e9thodes possibles. Notez que ce r\u00e9pertoire est sponsoris\u00e9 par Couple to Couple League, ce qui explique pourquoi il y a plus d'enseignants actuellement. Notez \u00e9galement que bon nombre de ces \u00e9ducateurs en fertilit\u00e9 offrent une formation en ligne \u00e0 partir de n'importe quel endroit.<\/li>\n<\/ol>\n\n\n\n<p>Les organisations suivantes qui enseignent les m\u00e9thodes de sensibilisation \u00e0 la fertilit\u00e9 (FAM) ont \u00e9t\u00e9 s\u00e9lectionn\u00e9es par Natural Womanhood parce qu'elles sont fond\u00e9es sur des preuves, avec des taux d'efficacit\u00e9 \u00e9tay\u00e9s par la recherche. De plus, ces m\u00e9thodes permettent \u00e0 chaque femme d'observer et d'interpr\u00e9ter les signes uniques de fertilit\u00e9 de son corps, lui apprenant ainsi plus qu'une simple technique. Elles offrent \u00e9galement des conseils aux couples sur la mani\u00e8re dont la m\u00e9thode peut enrichir leur relation. Les liens ci-dessous vous m\u00e8neront \u00e0 l'annuaire national des fournisseurs de chaque m\u00e9thode de sensibilisation \u00e0 la fertilit\u00e9, o\u00f9 vous pourrez trouver un cours de sensibilisation \u00e0 la fertilit\u00e9 ou un instructeur individuel. <\/p>\n\n\n\n<h2 class=\"wp-block-heading\" id=\"h-billings-ovulation-method-nbsp\"><span id=\"billings-ovulation-method\"><a href=\"https:\/\/www.boma-usa.org\/find-a-boma-usa-teacher.html\" target=\"_blank\" rel=\"noreferrer noopener\">M\u00e9thode d'ovulation Billings<\/a>&nbsp;<\/span><\/h2>\n\n\n\n<p><a href=\"https:\/\/www.boma-usa.org\/find-a-boma-usa-teacher.html\" target=\"_blank\" rel=\"noreferrer noopener\">Enseignants de la Billings Ovulation Method\u2122<\/a> offrent une assistance individuelle et confidentielle, soit en face \u00e0 face, soit par l'interm\u00e9diaire de leur service d'enseignement par t\u00e9l\u00e9phone ou par Internet. Le BOM dispose d'un vaste r\u00e9seau international d'instructeurs.<\/p>\n\n\n\n<h2 class=\"wp-block-heading\" id=\"h-boston-cross-check\"><span id=\"boston-cross-check\"><a href=\"https:\/\/www.bostoncrosscheck.com\/\" target=\"_blank\" rel=\"noreferrer noopener\">Boston Cross Check<\/a><\/span><\/h2>\n\n\n\n<p>Le Boston Cross Check (BCC) est une forme moderne et flexible de gestion naturelle de la fertilit\u00e9. Les options du protocole standard comprennent diverses combinaisons de liquide cervical, de temp\u00e9rature basale du corps (TBC) et de suivi hormonal via le moniteur de fertilit\u00e9 Clearblue, avec des options alternatives pour le suivi de la LH et de la PdG. BCC propose des sessions en direct et \u00e0 distance pour les clients individuels et les couples. Les cours propos\u00e9s comprennent le Method Instructional Program (MIP) qui offre des options de protocole g\u00e9n\u00e9ral, un soutien \u00e0 l'allaitement post-partum et \u00e0 la p\u00e9rim\u00e9nopause. Les frais de cours, les structures et le mat\u00e9riel sont standardis\u00e9s. En savoir plus sur les instructeurs BCC et les options de formation&nbsp;<a href=\"https:\/\/www.bostoncrosscheck.com\/\" target=\"_blank\" rel=\"noreferrer noopener\">ici.<\/a><\/p>\n\n\n\n<h2 id=\"chartneo\" class=\"wp-block-heading\"><strong><a href=\"https:\/\/www.chartneo.com\/\" target=\"_blank\" rel=\"noreferrer noopener\">ChartNeo<\/a><\/strong><\/h2>\n\n\n\n<p>Chart Neo reprend les \u00e9l\u00e9ments \u00e9prouv\u00e9s des meilleures m\u00e9thodes bas\u00e9es sur la prise de conscience de la fertilit\u00e9 et les rassemble en un seul endroit pour la sant\u00e9 des femmes, la planification familiale et l'\u00e9valuation de l'infertilit\u00e9. Vous pouvez utiliser la carte en solo ou vous connecter avec un instructeur pour apprendre ou affiner vos comp\u00e9tences.<\/p>\n\n\n\n<h2 class=\"wp-block-heading\" id=\"h-creighton-fertilitycare-nbsp\"><span id=\"creighton-fertilitycare\"><strong><a href=\"http:\/\/www.fertilitycare.org\" target=\"_blank\" rel=\"noreferrer noopener\">Creighton FertilityCare<\/a>&nbsp;<\/strong><\/span><\/h2>\n\n\n\n<p><a href=\"http:\/\/www.fertilitycare.org\" target=\"_blank\" rel=\"noreferrer noopener\">Apprendre le syst\u00e8me du mod\u00e8le Creighton<\/a> se compose d'une s\u00e9ance d'introduction et d'une s\u00e9rie de s\u00e9ances d'enseignement de suivi (8 au cours de la premi\u00e8re ann\u00e9e, puis 1 tous les 6 \u00e0 12 mois). Le syst\u00e8me est con\u00e7u sur mesure pour \u00eatre utilis\u00e9 par chaque couple individuel gr\u00e2ce \u00e0 une s\u00e9rie de s\u00e9ances d'enseignement men\u00e9es avec un praticien FertilityCare\u2122 form\u00e9 ou un stagiaire praticien FertilityCare\u2122. Ces enseignants sont form\u00e9s dans le cadre d'un programme d'\u00e9ducation en sant\u00e9 alli\u00e9e de 13 mois qui est con\u00e7u pour les aider \u00e0 r\u00e9pondre aux besoins particuliers du client.<\/p>\n\n\n\n<h2 class=\"wp-block-heading\" id=\"h-couple-to-couple-league-nbsp\"><span id=\"couple-to-couple-league\"><strong><a href=\"https:\/\/ccli.org\/\" target=\"_blank\" rel=\"noreferrer noopener\">Ligue de couple \u00e0 couple<\/a>&nbsp;<\/strong><\/span><\/h2>\n\n\n\n<p><a href=\"https:\/\/register.ccli.org\/\">La ligue des couples<\/a> enseigne la m\u00e9thode sympto-thermique et propose trois options : des cours en direct sur place, des cours en direct en ligne et des cours en ligne \u00e0 son propre rythme. Leur cours en direct consiste en trois classes espac\u00e9es d'environ un mois. Le prix du cours est le m\u00eame quel que soit le type de cours choisi, et chaque cours comprend : une r\u00e9vision personnelle permanente des dossiers et une consultation avec un couple d'enseignants, un guide de l'\u00e9tudiant, un thermom\u00e8tre basal num\u00e9rique, un livret de dossiers et des duplicatas, un abonnement au bulletin \u00e9lectronique de l'\u00e9tudiant, un abonnement de six mois \u00e0 l'application CyclePro de CCL pour les dossiers.<em>Aller<\/em>et un abonnement d'un an au magazine prim\u00e9 du CCA,<em> Fondations familiales. <\/em>Les enseignants sont des b\u00e9n\u00e9voles qui ont re\u00e7u une formation approfondie et sont des couples mari\u00e9s qui pratiquent eux-m\u00eames la m\u00e9thode et donnent les cours ensemble.<\/p>\n\n\n\n<h2 class=\"wp-block-heading\" id=\"h-family-of-the-americas\"><span id=\"family-of-the-americas\"><strong><a href=\"http:\/\/www.familyplanning.net\" target=\"_blank\" rel=\"noreferrer noopener\">Famille des Am\u00e9riques<\/a><\/strong><\/span><\/h2>\n\n\n\n<p><a href=\"http:\/\/www.familyplanning.net\" target=\"_blank\" rel=\"noreferrer noopener\">Cours individuels<\/a>. Le mat\u00e9riel est disponible en plusieurs langues, dont l'espagnol et le vietnamien, et comprend l'utilisation d'un syst\u00e8me simplifi\u00e9 de tampons de couleur et d'autocollants. Les couples sont encourag\u00e9s \u00e0 suivre la formation d\u00e8s quatre \u00e0 six mois avant le mariage. Des r\u00e9visions de suivi peuvent \u00eatre programm\u00e9es deux fois par mois pendant les trois premiers mois et selon les besoins jusqu'\u00e0 ce que l'utilisatrice comprenne l'application de la m\u00e9thode de l'ovulation.<\/p>\n\n\n\n<h2 class=\"wp-block-heading\" id=\"h-femm\"><span id=\"femm\"><strong><a href=\"https:\/\/femmhealth.org\/classes\/\">FEMM<\/a><\/strong><\/span><\/h2>\n\n\n\n<p><a href=\"https:\/\/femmhealthapp.org\/\">F<\/a><a href=\"https:\/\/femmhealth.org\/classes\/\">\u00c9ducation et gestion m\u00e9dicale de l'infertilit\u00e9<\/a> (FEMM) offre une solution conviviale <a href=\"https:\/\/femmhealthapp.org\/\">application graphique<\/a>Les enseignants de l'\u00e9ducation physique et de l'\u00e9ducation \u00e0 la sant\u00e9, les formateurs en mati\u00e8re de graphiques et l'assistance m\u00e9dicale pour les adolescents et les femmes.<\/p>\n\n\n\n<h2 class=\"wp-block-heading\" id=\"h-marquette-university-method-nbsp\"><span id=\"marquette-university-method\"><strong><a href=\"https:\/\/www.marquettemethod.com\/\" target=\"_blank\" rel=\"noreferrer noopener\">M\u00e9thode de l'Universit\u00e9 Marquette<\/a>&nbsp;<\/strong><\/span><\/h2>\n\n\n\n<p>La m\u00e9thode Marquette, une m\u00e9thode sympto-hormonale tr\u00e8s efficace, peut \u00eatre enseign\u00e9e en ligne et s'accompagne d'un forum en ligne o\u00f9 vous pouvez obtenir des r\u00e9ponses \u00e0 vos questions. Cette m\u00e9thode utilise un moniteur de fertilit\u00e9 \u00e9lectronique (tel que ClearBlue) pour mesurer les niveaux d'hormones \u00e0 domicile, ainsi que des observations du liquide cervical, de la temp\u00e9rature basale du corps ou d'autres indicateurs biologiques de la fertilit\u00e9. Les cours sont disponibles <a href=\"https:\/\/www.marquettemethod.com\/\">ici<\/a> et <a href=\"https:\/\/www.mmnfp.com\/\">ici<\/a>.<\/p>\n\n\n\n<h2 class=\"wp-block-heading\" id=\"h-nfp-international\"><span id=\"nfp-international\"><strong><a href=\"http:\/\/www.nfpandmore.org\">PFN International<\/a><\/strong><\/span><\/h2>\n\n\n\n<p>Fournit un cours d'\u00e9tude en ligne sur la PFN et une m\u00e9thode appel\u00e9e <a href=\"https:\/\/naturalwomanhood.org\/fr\/allaitement-sensibilisation-a-la-fertilite-ne-pas-tomber-enceinte\/\">L'allaitement \u00e9cologique<\/a>\u00a0une m\u00e9thode d'allaitement largement utilis\u00e9e pour retarder la grossesse.<\/p>\n\n\n\n<h2 class=\"wp-block-heading\" id=\"h-symptopro-fertility-education-from-northwest-family-services-nbsp\"><span id=\"symptopro-fertility-education-from-northwest-family-services\"><strong><a href=\"https:\/\/www.symptopro.org\/\" target=\"_blank\" rel=\"noreferrer noopener\">SymptoPro\u2122 Fertility Education de Northwest Family Services<\/a>&nbsp;<\/strong><\/span><\/h2>\n\n\n\n<p>Northwest Family Services propose un r\u00e9seau de <a href=\"https:\/\/www.symptopro.org\/find-an-instructor.html\">les fournisseurs certifi\u00e9s SymptoPro\u2122<\/a> dans la plupart des \u00c9tats am\u00e9ricains. Les options d'apprentissage comprennent l'enseignement en personne et l'apprentissage en ligne \u00e0 son propre rythme. Quelle que soit la mani\u00e8re dont vous choisissez d'apprendre, vous recevrez un soutien gratuit et continu de votre instructeur certifi\u00e9 pour le reste de votre vie reproductive. Les instructeurs sont form\u00e9s et enti\u00e8rement \u00e9quip\u00e9s pour faire face \u00e0 toute situation particuli\u00e8re que pourrait rencontrer un client.<\/p>\n\n\n\n<p><\/p>\n\n\n\n<h2 class=\"wp-block-heading\" id=\"h-find-a-doctor-nbsp\"><span id=\"find-a-doctor\"><a href=\"#find-doctor\">Trouver un m\u00e9decin<\/a>&nbsp;<\/span><\/h2>\n\n\n\n<p>Pour trouver un m\u00e9decin bien inform\u00e9 sur la fertilit\u00e9 qui puisse vous aider \u00e0 r\u00e9tablir votre sant\u00e9 reproductive, y compris ceux qui peuvent vous rencontrer par t\u00e9l\u00e9m\u00e9decine, <a href=\"https:\/\/naturalwomanhood.org\/fr\/trouver-un-medecin\/\">cliquez ici<\/a>.<\/p>","protected":false},"excerpt":{"rendered":"La premi\u00e8re \u00e9tape de l'apprentissage d'une m\u00e9thode de connaissance de la fertilit\u00e9 (MAF) consiste \u00e0 choisir une m\u00e9thode. Pour b\u00e9n\u00e9ficier de...","protected":false},"author":1,"featured_media":0,"parent":0,"menu_order":0,"comment_status":"closed","ping_status":"closed","template":"","meta":{"_acf_changed":false,"_kad_blocks_custom_css":"","_kad_blocks_head_custom_js":"","_kad_blocks_body_custom_js":"","_kad_blocks_footer_custom_js":"","csco_singular_sidebar":"","csco_page_header_type":"","csco_page_load_nextpost":"","csco_post_video_location":[],"csco_post_video_url":"","csco_post_video_bg_start_time":0,"csco_post_video_bg_end_time":0,"footnotes":""},"class_list":{"0":"post-10772","1":"page","2":"type-page","3":"status-publish","5":"cs-entry","6":"cs-video-wrap"},"acf":[],"yoast_head":"<!-- This site is optimized with the Yoast SEO Premium plugin v27.2 (Yoast SEO v27.2) - https:\/\/yoast.com\/product\/yoast-seo-premium-wordpress\/ -->\n<title>Find a Fertility Awareness Class or Instructor - Natural Womanhood<\/title>\n<meta name=\"description\" content=\"Here you can find a brief description of the most reliable methods of fertility awareness, as well as how to find a class or instructor.\" \/>\n<meta name=\"robots\" content=\"index, follow, max-snippet:-1, max-image-preview:large, max-video-preview:-1\" \/>\n<link rel=\"canonical\" href=\"https:\/\/naturalwomanhood.org\/fr\/trouver-un-instructeur-fam\/\" \/>\n<meta property=\"og:locale\" content=\"fr_FR\" \/>\n<meta property=\"og:type\" content=\"article\" \/>\n<meta property=\"og:title\" content=\"Find a Fertility Awareness Class or Instructor\" \/>\n<meta property=\"og:description\" content=\"The first step to learning a fertility awareness method (FAM) is to choose a method. To benefit from the high efficacy rates of each method, be sure to\" \/>\n<meta property=\"og:url\" content=\"https:\/\/naturalwomanhood.org\/fr\/trouver-un-instructeur-fam\/\" \/>\n<meta property=\"og:site_name\" content=\"Natural Womanhood\" \/>\n<meta property=\"article:publisher\" content=\"https:\/\/www.facebook.com\/NaturalWomanhood\" \/>\n<meta property=\"article:modified_time\" content=\"2025-11-02T17:33:37+00:00\" \/>\n<meta property=\"og:image\" content=\"https:\/\/naturalwomanhood.org\/wp-content\/uploads\/nw-logo-social.jpg\" \/>\n\t<meta property=\"og:image:width\" content=\"1200\" \/>\n\t<meta property=\"og:image:height\" content=\"630\" \/>\n\t<meta property=\"og:image:type\" content=\"image\/jpeg\" \/>\n<meta name=\"twitter:card\" content=\"summary_large_image\" \/>\n<meta name=\"twitter:site\" content=\"@naturwomanhood\" \/>\n<meta name=\"twitter:label1\" content=\"Dur\u00e9e de lecture estim\u00e9e\" \/>\n\t<meta name=\"twitter:data1\" content=\"4 minutes\" \/>\n<script type=\"application\/ld+json\" class=\"yoast-schema-graph\">{\"@context\":\"https:\/\/schema.org\",\"@graph\":[{\"@type\":\"WebPage\",\"@id\":\"https:\/\/naturalwomanhood.org\/find-a-fam-instructor\/\",\"url\":\"https:\/\/naturalwomanhood.org\/find-a-fam-instructor\/\",\"name\":\"Find a Fertility Awareness Class or Instructor - Natural Womanhood\",\"isPartOf\":{\"@id\":\"https:\/\/naturalwomanhood.org\/#website\"},\"datePublished\":\"2020-10-14T17:48:46+00:00\",\"dateModified\":\"2025-11-02T17:33:37+00:00\",\"description\":\"Here you can find a brief description of the most reliable methods of fertility awareness, as well as how to find a class or instructor.\",\"breadcrumb\":{\"@id\":\"https:\/\/naturalwomanhood.org\/find-a-fam-instructor\/#breadcrumb\"},\"inLanguage\":\"fr-FR\",\"potentialAction\":[{\"@type\":\"ReadAction\",\"target\":[\"https:\/\/naturalwomanhood.org\/find-a-fam-instructor\/\"]}]},{\"@type\":\"BreadcrumbList\",\"@id\":\"https:\/\/naturalwomanhood.org\/find-a-fam-instructor\/#breadcrumb\",\"itemListElement\":[{\"@type\":\"ListItem\",\"position\":1,\"name\":\"Home\",\"item\":\"https:\/\/naturalwomanhood.org\/\"},{\"@type\":\"ListItem\",\"position\":2,\"name\":\"Find a Fertility Awareness Class or Instructor\"}]},{\"@type\":\"WebSite\",\"@id\":\"https:\/\/naturalwomanhood.org\/#website\",\"url\":\"https:\/\/naturalwomanhood.org\/\",\"name\":\"Natural Womanhood\",\"description\":\"\",\"publisher\":{\"@id\":\"https:\/\/naturalwomanhood.org\/#organization\"},\"potentialAction\":[{\"@type\":\"SearchAction\",\"target\":{\"@type\":\"EntryPoint\",\"urlTemplate\":\"https:\/\/naturalwomanhood.org\/?s={search_term_string}\"},\"query-input\":{\"@type\":\"PropertyValueSpecification\",\"valueRequired\":true,\"valueName\":\"search_term_string\"}}],\"inLanguage\":\"fr-FR\"},{\"@type\":\"Organization\",\"@id\":\"https:\/\/naturalwomanhood.org\/#organization\",\"name\":\"Natural Womanhood\",\"url\":\"https:\/\/naturalwomanhood.org\/\",\"logo\":{\"@type\":\"ImageObject\",\"inLanguage\":\"fr-FR\",\"@id\":\"https:\/\/naturalwomanhood.org\/#\/schema\/logo\/image\/\",\"url\":\"\",\"contentUrl\":\"\",\"caption\":\"Natural Womanhood\"},\"image\":{\"@id\":\"https:\/\/naturalwomanhood.org\/#\/schema\/logo\/image\/\"},\"sameAs\":[\"https:\/\/www.facebook.com\/NaturalWomanhood\",\"https:\/\/x.com\/naturwomanhood\",\"https:\/\/www.instagram.com\/naturalwomanhood\/\",\"https:\/\/www.linkedin.com\/company\/natural-womanhood\/\",\"https:\/\/www.youtube.com\/channel\/UCt5gjuXYioYkx31Iq4tHLGg\"]}]}<\/script>\n<!-- \/ Yoast SEO Premium plugin. -->","yoast_head_json":{"title":"Trouver un cours de sensibilisation \u00e0 la fertilit\u00e9 ou un instructeur - Natural Womanhood","description":"Vous trouverez ici une br\u00e8ve description des m\u00e9thodes les plus fiables de sensibilisation \u00e0 la fertilit\u00e9, ainsi que la mani\u00e8re de trouver un cours ou un instructeur.","robots":{"index":"index","follow":"follow","max-snippet":"max-snippet:-1","max-image-preview":"max-image-preview:large","max-video-preview":"max-video-preview:-1"},"canonical":"https:\/\/naturalwomanhood.org\/fr\/trouver-un-instructeur-fam\/","og_locale":"fr_FR","og_type":"article","og_title":"Find a Fertility Awareness Class or Instructor","og_description":"The first step to learning a fertility awareness method (FAM) is to choose a method. To benefit from the high efficacy rates of each method, be sure to","og_url":"https:\/\/naturalwomanhood.org\/fr\/trouver-un-instructeur-fam\/","og_site_name":"Natural Womanhood","article_publisher":"https:\/\/www.facebook.com\/NaturalWomanhood","article_modified_time":"2025-11-02T17:33:37+00:00","og_image":[{"width":1200,"height":630,"url":"https:\/\/naturalwomanhood.org\/wp-content\/uploads\/nw-logo-social.jpg","type":"image\/jpeg"}],"twitter_card":"summary_large_image","twitter_site":"@naturwomanhood","twitter_misc":{"Dur\u00e9e de lecture estim\u00e9e":"4 minutes"},"schema":{"@context":"https:\/\/schema.org","@graph":[{"@type":"WebPage","@id":"https:\/\/naturalwomanhood.org\/find-a-fam-instructor\/","url":"https:\/\/naturalwomanhood.org\/find-a-fam-instructor\/","name":"Trouver un cours de sensibilisation \u00e0 la fertilit\u00e9 ou un instructeur - Natural Womanhood","isPartOf":{"@id":"https:\/\/naturalwomanhood.org\/#website"},"datePublished":"2020-10-14T17:48:46+00:00","dateModified":"2025-11-02T17:33:37+00:00","description":"Vous trouverez ici une br\u00e8ve description des m\u00e9thodes les plus fiables de sensibilisation \u00e0 la fertilit\u00e9, ainsi que la mani\u00e8re de trouver un cours ou un instructeur.","breadcrumb":{"@id":"https:\/\/naturalwomanhood.org\/find-a-fam-instructor\/#breadcrumb"},"inLanguage":"fr-FR","potentialAction":[{"@type":"ReadAction","target":["https:\/\/naturalwomanhood.org\/find-a-fam-instructor\/"]}]},{"@type":"BreadcrumbList","@id":"https:\/\/naturalwomanhood.org\/find-a-fam-instructor\/#breadcrumb","itemListElement":[{"@type":"ListItem","position":1,"name":"Home","item":"https:\/\/naturalwomanhood.org\/"},{"@type":"ListItem","position":2,"name":"Find a Fertility Awareness Class or Instructor"}]},{"@type":"WebSite","@id":"https:\/\/naturalwomanhood.org\/#website","url":"https:\/\/naturalwomanhood.org\/","name":"La f\u00e9minit\u00e9 naturelle","description":"","publisher":{"@id":"https:\/\/naturalwomanhood.org\/#organization"},"potentialAction":[{"@type":"SearchAction","target":{"@type":"EntryPoint","urlTemplate":"https:\/\/naturalwomanhood.org\/?s={search_term_string}"},"query-input":{"@type":"PropertyValueSpecification","valueRequired":true,"valueName":"search_term_string"}}],"inLanguage":"fr-FR"},{"@type":"Organization","@id":"https:\/\/naturalwomanhood.org\/#organization","name":"La f\u00e9minit\u00e9 naturelle","url":"https:\/\/naturalwomanhood.org\/","logo":{"@type":"ImageObject","inLanguage":"fr-FR","@id":"https:\/\/naturalwomanhood.org\/#\/schema\/logo\/image\/","url":"","contentUrl":"","caption":"Natural Womanhood"},"image":{"@id":"https:\/\/naturalwomanhood.org\/#\/schema\/logo\/image\/"},"sameAs":["https:\/\/www.facebook.com\/NaturalWomanhood","https:\/\/x.com\/naturwomanhood","https:\/\/www.instagram.com\/naturalwomanhood\/","https:\/\/www.linkedin.com\/company\/natural-womanhood\/","https:\/\/www.youtube.com\/channel\/UCt5gjuXYioYkx31Iq4tHLGg"]}]}},"taxonomy_info":[],"featured_image_src_large":false,"author_info":{"display_name":"Natural Womanhood","author_link":"https:\/\/naturalwomanhood.org\/fr\/author\/fiatadmin\/"},"comment_info":0,"_links":{"self":[{"href":"https:\/\/naturalwomanhood.org\/fr\/wp-json\/wp\/v2\/pages\/10772","targetHints":{"allow":["GET"]}}],"collection":[{"href":"https:\/\/naturalwomanhood.org\/fr\/wp-json\/wp\/v2\/pages"}],"about":[{"href":"https:\/\/naturalwomanhood.org\/fr\/wp-json\/wp\/v2\/types\/page"}],"author":[{"embeddable":true,"href":"https:\/\/naturalwomanhood.org\/fr\/wp-json\/wp\/v2\/users\/1"}],"replies":[{"embeddable":true,"href":"https:\/\/naturalwomanhood.org\/fr\/wp-json\/wp\/v2\/comments?post=10772"}],"version-history":[{"count":0,"href":"https:\/\/naturalwomanhood.org\/fr\/wp-json\/wp\/v2\/pages\/10772\/revisions"}],"wp:attachment":[{"href":"https:\/\/naturalwomanhood.org\/fr\/wp-json\/wp\/v2\/media?parent=10772"}],"curies":[{"name":"wp","href":"https:\/\/api.w.org\/{rel}","templated":true}]}}