{"id":10771,"date":"2020-10-14T13:48:34","date_gmt":"2020-10-14T17:48:34","guid":{"rendered":"https:\/\/naturalwomanhood.org\/?page_id=10771"},"modified":"2025-11-02T11:41:04","modified_gmt":"2025-11-02T17:41:04","slug":"trouver-un-medecin","status":"publish","type":"page","link":"https:\/\/naturalwomanhood.org\/fr\/find-a-doctor\/","title":{"rendered":"Trouver un m\u00e9decin"},"content":{"rendered":"<p>La m\u00e9decine reproductive r\u00e9paratrice (MRR) est une innovation dans le domaine de la sant\u00e9 des femmes qui permet de surveiller et de maintenir la sant\u00e9 reproductive et gyn\u00e9cologique d'une femme. La m\u00e9decine reproductive restauratrice propose des traitements m\u00e9dicaux et chirurgicaux qui coop\u00e8rent totalement avec le syst\u00e8me reproductif. Les m\u00e9decins form\u00e9s \u00e0 la m\u00e9decine de la reproduction ne sont pas seulement comp\u00e9tents dans les domaines suivants <a href=\"https:\/\/naturalwomanhood.org\/fr\/theme\/les-methodes-de-sensibilisation-a-la-fertilite\/quest-ce-que-la-famille\/\" target=\"_blank\" rel=\"noreferrer noopener\">les m\u00e9thodes de sensibilisation \u00e0 la fertilit\u00e9 (FAM)<\/a>Ils ont \u00e9galement \u00e9t\u00e9 form\u00e9s pour traiter les femmes sur la base d'une compr\u00e9hension de leurs cycles de fertilit\u00e9. Cette approche des soins de sant\u00e9 est appel\u00e9e \"m\u00e9decine reproductive r\u00e9paratrice\" parce qu'elle vise \u00e0 trouver et \u00e0 traiter les causes profondes des troubles de la reproduction et de la menstruation, ainsi que de l'infertilit\u00e9. La m\u00e9decine reproductive restauratrice utilise la m\u00e9decine pour r\u00e9tablir les cycles sains des femmes et pour prot\u00e9ger et am\u00e9liorer leur fertilit\u00e9 naturelle.<\/p>\n\n\n\n<h2 class=\"wp-block-heading\" id=\"h-check-out-our-directory-of-fam-rrm-health-professionals-here\"><span id=\"check-out-our-directory-of-fam-rrm-health-professionals-here\"><a href=\"https:\/\/fertilityscienceinstitute.org\/nw-fabm\/\">Consultez notre annuaire des professionnels de la sant\u00e9 FAM \/ RRM <strong>ici<\/strong><\/a>.<\/span><\/h2>\n\n\n\n<p>Pour trouver un m\u00e9decin, s\u00e9lectionnez la sp\u00e9cialit\u00e9 qui vous int\u00e9resse dans la rubrique Titres de comp\u00e9tences (MD, ND, DO, NP ou DNP). Vous trouverez ci-dessous des informations sur les formations sp\u00e9cifiques que ces professionnels ont re\u00e7ues et d'autres moyens de trouver un m\u00e9decin dans votre r\u00e9gion.<\/p>\n\n\n\n<h2 class=\"wp-block-heading\" id=\"h-other-ways-to-find-a-doctor-trained-in-restorative-reproductive-medicine\"><span id=\"other-ways-to-find-a-doctor-trained-in-restorative-reproductive-medicine\">Autres moyens de trouver un m\u00e9decin form\u00e9 \u00e0 la m\u00e9decine reproductive r\u00e9paratrice<\/span><\/h2>\n\n\n\n<p><a href=\"https:\/\/www.fertilitycare.org\/what-is-crms\" target=\"_blank\" rel=\"noreferrer noopener\"><strong>CREIGHTON MODEL Fertilit\u00e9<em>Soins<\/em>&nbsp;Syst\u00e8me<\/strong><\/a> (CrMS) sont form\u00e9s \u00e0 l'identification et au traitement des causes profondes de l'infertilit\u00e9 et d'autres troubles de la sant\u00e9 des femmes \u00e0 l'aide de la m\u00e9thode de la <a href=\"https:\/\/naturalwomanhood.org\/fr\/naprotechnologie-reponses-aux-questions-les-plus-frequentes-sur-napro-2020\/\" target=\"_blank\" rel=\"noreferrer noopener\"><strong>NaProTECHNOLOGIE<\/strong><\/a> (Natural Procreative Technology). L'approche <a href=\"http:\/\/www.fertilitycare.org\/\" target=\"_blank\" rel=\"noreferrer noopener\">F\u00e9condit\u00e9<em>Soins<\/em> Centres d'Am\u00e9rique<\/a> offre un r\u00e9seau de consultants CrMS, que vous pouvez rechercher <a href=\"https:\/\/www.fertilitycare.org\/find-a-mc\" target=\"_blank\" rel=\"noreferrer noopener\">ici<\/a>.<\/p>\n\n\n\n<p><a href=\"https:\/\/www.femmhealth.org\/\" target=\"_blank\" rel=\"noreferrer noopener\"><strong>FEMM<\/strong><\/a> est un programme de sant\u00e9 f\u00e9minine qui enseigne le lien entre les hormones et la sant\u00e9, ainsi que la mani\u00e8re de surveiller les hormones et d'autres signes vitaux de la sant\u00e9 reproductive. Le programme FEMM comprend des protocoles m\u00e9dicaux et une prise en charge pour traiter les troubles de la sant\u00e9 reproductive.<\/p>\n\n\n\n<p><a href=\"https:\/\/neofertility.ie\/\" target=\"_blank\" rel=\"noreferrer noopener\"><strong>NeoFertility<\/strong><\/a>&nbsp;peut r\u00e9pondre \u00e0 presque tous les probl\u00e8mes de fertilit\u00e9. L'approche de Neo est efficace pour les patients qui ont connu ou ont \u00e9t\u00e9 diagnostiqu\u00e9s avec des fausses couches \u00e0 r\u00e9p\u00e9tition, une r\u00e9serve ovarienne r\u00e9duite, des ovaires polykystiques, l'endom\u00e9triose, l'infertilit\u00e9 masculine, et m\u00eame l'\u00e9chec de la FIV\/IUI. M\u00eame si vos probl\u00e8mes de fertilit\u00e9 sont \"inexpliqu\u00e9s\", Neo \u00e9puisera toutes les m\u00e9thodes de traitement pour aider \u00e0 d\u00e9couvrir la cause et la traiter en cons\u00e9quence.<\/p>\n\n\n\n<p><strong><a href=\"https:\/\/mycatholicdoctor.com\/womens-health\/\" target=\"_blank\" rel=\"noreferrer noopener\">Mon m\u00e9decin catholique<\/a><\/strong> est un groupe national de cliniciens qui offre des services de m\u00e9decine reproductive restauratrice selon plusieurs m\u00e9thodes dans l'ensemble des \u00c9tats-Unis. La PFN\/FABM, les soins primaires virtuels et les services sp\u00e9cialis\u00e9s sont \u00e9galement disponibles. La plupart des r\u00e9gimes d'assurance sont accept\u00e9s. La t\u00e9l\u00e9sant\u00e9 est disponible dans l'ensemble des \u00c9tats-Unis, et les services en personne sont disponibles dans certains endroits.&nbsp;<\/p>\n\n\n\n<p>Pour en savoir plus sur les diff\u00e9rentes organisations professionnelles de la m\u00e9decine reproductive restauratrice, <a href=\"https:\/\/naturalwomanhood.org\/fr\/theme\/organisations-professionnelles\/\">cliquez ici<\/a>. <\/p>\n\n\n\n<h2 class=\"wp-block-heading\" id=\"h-doctors-for-natural-womanhood\"><span id=\"doctors-for-natural-womanhood\">M\u00e9decins pour une f\u00e9minit\u00e9 naturelle<\/span><\/h2>\n\n\n\n<p><a href=\"https:\/\/naturalwomanhood.org\/fr\/a-propos-de\/medecins\/\" target=\"_blank\" rel=\"noreferrer noopener\">M\u00e9decins pour une f\u00e9minit\u00e9 naturelle<\/a> sont des m\u00e9decins qui travaillent dans divers domaines m\u00e9dicaux et qui pensent que le diagramme de fertilit\u00e9 est un signe vital de la sant\u00e9 d'une femme. Ces personnes pensent \u00e9galement que la GPA et la PFN peuvent constituer des formes s\u00fbres et tr\u00e8s efficaces de planification familiale. <a href=\"https:\/\/naturalwomanhood.org\/fr\/theme\/le-planning-familial-naturel\/le-controle-naturel-des-naissances\/\" target=\"_blank\" rel=\"noreferrer noopener\">le contr\u00f4le naturel des naissances<\/a>. Ils contribuent financi\u00e8rement \u00e0 Natural Womanhood afin que davantage de femmes soient inform\u00e9es des options qui s'offrent \u00e0 elles.<\/p>","protected":false},"excerpt":{"rendered":"La m\u00e9decine reproductive r\u00e9paratrice (MRR) est une innovation dans le domaine de la sant\u00e9 des femmes qui permet de surveiller et de maintenir...","protected":false},"author":1,"featured_media":0,"parent":0,"menu_order":0,"comment_status":"closed","ping_status":"closed","template":"","meta":{"_acf_changed":false,"_kad_blocks_custom_css":"","_kad_blocks_head_custom_js":"","_kad_blocks_body_custom_js":"","_kad_blocks_footer_custom_js":"","csco_singular_sidebar":"","csco_page_header_type":"","csco_page_load_nextpost":"","csco_post_video_location":[],"csco_post_video_url":"","csco_post_video_bg_start_time":0,"csco_post_video_bg_end_time":0,"footnotes":""},"class_list":{"0":"post-10771","1":"page","2":"type-page","3":"status-publish","5":"cs-entry","6":"cs-video-wrap"},"acf":[],"yoast_head":"<!-- This site is optimized with the Yoast SEO Premium plugin v27.2 (Yoast SEO v27.2) - https:\/\/yoast.com\/product\/yoast-seo-premium-wordpress\/ -->\n<title>Find a restorative reproductive medicine doctor - Natural Womanhood<\/title>\n<meta name=\"description\" content=\"Doctors trained in restorative reproductive medicine (RRM) treat the root causes of menstrual and reproductive disorders. Find them here.\" \/>\n<meta name=\"robots\" content=\"index, follow, max-snippet:-1, max-image-preview:large, max-video-preview:-1\" \/>\n<link rel=\"canonical\" href=\"https:\/\/naturalwomanhood.org\/fr\/trouver-un-medecin\/\" \/>\n<meta property=\"og:locale\" content=\"fr_FR\" \/>\n<meta property=\"og:type\" content=\"article\" \/>\n<meta property=\"og:title\" content=\"Find a Doctor\" \/>\n<meta property=\"og:description\" content=\"Restorative reproductive medicine (RRM) is an innovation in women&#039;s health science that monitors and maintains a woman&#039;s reproductive and gynecological\" \/>\n<meta property=\"og:url\" content=\"https:\/\/naturalwomanhood.org\/fr\/trouver-un-medecin\/\" \/>\n<meta property=\"og:site_name\" content=\"Natural Womanhood\" \/>\n<meta property=\"article:publisher\" content=\"https:\/\/www.facebook.com\/NaturalWomanhood\" \/>\n<meta property=\"article:modified_time\" content=\"2025-11-02T17:41:04+00:00\" \/>\n<meta property=\"og:image\" content=\"https:\/\/naturalwomanhood.org\/wp-content\/uploads\/nw-logo-social.jpg\" \/>\n\t<meta property=\"og:image:width\" content=\"1200\" \/>\n\t<meta property=\"og:image:height\" content=\"630\" \/>\n\t<meta property=\"og:image:type\" content=\"image\/jpeg\" \/>\n<meta name=\"twitter:card\" content=\"summary_large_image\" \/>\n<meta name=\"twitter:site\" content=\"@naturwomanhood\" \/>\n<meta name=\"twitter:label1\" content=\"Dur\u00e9e de lecture estim\u00e9e\" \/>\n\t<meta name=\"twitter:data1\" content=\"2 minutes\" \/>\n<script type=\"application\/ld+json\" class=\"yoast-schema-graph\">{\"@context\":\"https:\/\/schema.org\",\"@graph\":[{\"@type\":\"WebPage\",\"@id\":\"https:\/\/naturalwomanhood.org\/find-a-doctor\/\",\"url\":\"https:\/\/naturalwomanhood.org\/find-a-doctor\/\",\"name\":\"Find a restorative reproductive medicine doctor - Natural Womanhood\",\"isPartOf\":{\"@id\":\"https:\/\/naturalwomanhood.org\/#website\"},\"datePublished\":\"2020-10-14T17:48:34+00:00\",\"dateModified\":\"2025-11-02T17:41:04+00:00\",\"description\":\"Doctors trained in restorative reproductive medicine (RRM) treat the root causes of menstrual and reproductive disorders. Find them here.\",\"breadcrumb\":{\"@id\":\"https:\/\/naturalwomanhood.org\/find-a-doctor\/#breadcrumb\"},\"inLanguage\":\"fr-FR\",\"potentialAction\":[{\"@type\":\"ReadAction\",\"target\":[\"https:\/\/naturalwomanhood.org\/find-a-doctor\/\"]}]},{\"@type\":\"BreadcrumbList\",\"@id\":\"https:\/\/naturalwomanhood.org\/find-a-doctor\/#breadcrumb\",\"itemListElement\":[{\"@type\":\"ListItem\",\"position\":1,\"name\":\"Home\",\"item\":\"https:\/\/naturalwomanhood.org\/\"},{\"@type\":\"ListItem\",\"position\":2,\"name\":\"Find a Doctor\"}]},{\"@type\":\"WebSite\",\"@id\":\"https:\/\/naturalwomanhood.org\/#website\",\"url\":\"https:\/\/naturalwomanhood.org\/\",\"name\":\"Natural Womanhood\",\"description\":\"\",\"publisher\":{\"@id\":\"https:\/\/naturalwomanhood.org\/#organization\"},\"potentialAction\":[{\"@type\":\"SearchAction\",\"target\":{\"@type\":\"EntryPoint\",\"urlTemplate\":\"https:\/\/naturalwomanhood.org\/?s={search_term_string}\"},\"query-input\":{\"@type\":\"PropertyValueSpecification\",\"valueRequired\":true,\"valueName\":\"search_term_string\"}}],\"inLanguage\":\"fr-FR\"},{\"@type\":\"Organization\",\"@id\":\"https:\/\/naturalwomanhood.org\/#organization\",\"name\":\"Natural Womanhood\",\"url\":\"https:\/\/naturalwomanhood.org\/\",\"logo\":{\"@type\":\"ImageObject\",\"inLanguage\":\"fr-FR\",\"@id\":\"https:\/\/naturalwomanhood.org\/#\/schema\/logo\/image\/\",\"url\":\"\",\"contentUrl\":\"\",\"caption\":\"Natural Womanhood\"},\"image\":{\"@id\":\"https:\/\/naturalwomanhood.org\/#\/schema\/logo\/image\/\"},\"sameAs\":[\"https:\/\/www.facebook.com\/NaturalWomanhood\",\"https:\/\/x.com\/naturwomanhood\",\"https:\/\/www.instagram.com\/naturalwomanhood\/\",\"https:\/\/www.linkedin.com\/company\/natural-womanhood\/\",\"https:\/\/www.youtube.com\/channel\/UCt5gjuXYioYkx31Iq4tHLGg\"]}]}<\/script>\n<!-- \/ Yoast SEO Premium plugin. -->","yoast_head_json":{"title":"Trouver un m\u00e9decin sp\u00e9cialis\u00e9 dans la m\u00e9decine reproductive r\u00e9paratrice - Natural Womanhood","description":"Les m\u00e9decins form\u00e9s \u00e0 la m\u00e9decine reproductive restauratrice (MRR) traitent les causes profondes des troubles menstruels et reproductifs. Vous les trouverez ici.","robots":{"index":"index","follow":"follow","max-snippet":"max-snippet:-1","max-image-preview":"max-image-preview:large","max-video-preview":"max-video-preview:-1"},"canonical":"https:\/\/naturalwomanhood.org\/fr\/trouver-un-medecin\/","og_locale":"fr_FR","og_type":"article","og_title":"Find a Doctor","og_description":"Restorative reproductive medicine (RRM) is an innovation in women's health science that monitors and maintains a woman's reproductive and gynecological","og_url":"https:\/\/naturalwomanhood.org\/fr\/trouver-un-medecin\/","og_site_name":"Natural Womanhood","article_publisher":"https:\/\/www.facebook.com\/NaturalWomanhood","article_modified_time":"2025-11-02T17:41:04+00:00","og_image":[{"width":1200,"height":630,"url":"https:\/\/naturalwomanhood.org\/wp-content\/uploads\/nw-logo-social.jpg","type":"image\/jpeg"}],"twitter_card":"summary_large_image","twitter_site":"@naturwomanhood","twitter_misc":{"Dur\u00e9e de lecture estim\u00e9e":"2 minutes"},"schema":{"@context":"https:\/\/schema.org","@graph":[{"@type":"WebPage","@id":"https:\/\/naturalwomanhood.org\/find-a-doctor\/","url":"https:\/\/naturalwomanhood.org\/find-a-doctor\/","name":"Trouver un m\u00e9decin sp\u00e9cialis\u00e9 dans la m\u00e9decine reproductive r\u00e9paratrice - Natural Womanhood","isPartOf":{"@id":"https:\/\/naturalwomanhood.org\/#website"},"datePublished":"2020-10-14T17:48:34+00:00","dateModified":"2025-11-02T17:41:04+00:00","description":"Les m\u00e9decins form\u00e9s \u00e0 la m\u00e9decine reproductive restauratrice (MRR) traitent les causes profondes des troubles menstruels et reproductifs. Vous les trouverez ici.","breadcrumb":{"@id":"https:\/\/naturalwomanhood.org\/find-a-doctor\/#breadcrumb"},"inLanguage":"fr-FR","potentialAction":[{"@type":"ReadAction","target":["https:\/\/naturalwomanhood.org\/find-a-doctor\/"]}]},{"@type":"BreadcrumbList","@id":"https:\/\/naturalwomanhood.org\/find-a-doctor\/#breadcrumb","itemListElement":[{"@type":"ListItem","position":1,"name":"Home","item":"https:\/\/naturalwomanhood.org\/"},{"@type":"ListItem","position":2,"name":"Find a Doctor"}]},{"@type":"WebSite","@id":"https:\/\/naturalwomanhood.org\/#website","url":"https:\/\/naturalwomanhood.org\/","name":"La f\u00e9minit\u00e9 naturelle","description":"","publisher":{"@id":"https:\/\/naturalwomanhood.org\/#organization"},"potentialAction":[{"@type":"SearchAction","target":{"@type":"EntryPoint","urlTemplate":"https:\/\/naturalwomanhood.org\/?s={search_term_string}"},"query-input":{"@type":"PropertyValueSpecification","valueRequired":true,"valueName":"search_term_string"}}],"inLanguage":"fr-FR"},{"@type":"Organization","@id":"https:\/\/naturalwomanhood.org\/#organization","name":"La f\u00e9minit\u00e9 naturelle","url":"https:\/\/naturalwomanhood.org\/","logo":{"@type":"ImageObject","inLanguage":"fr-FR","@id":"https:\/\/naturalwomanhood.org\/#\/schema\/logo\/image\/","url":"","contentUrl":"","caption":"Natural Womanhood"},"image":{"@id":"https:\/\/naturalwomanhood.org\/#\/schema\/logo\/image\/"},"sameAs":["https:\/\/www.facebook.com\/NaturalWomanhood","https:\/\/x.com\/naturwomanhood","https:\/\/www.instagram.com\/naturalwomanhood\/","https:\/\/www.linkedin.com\/company\/natural-womanhood\/","https:\/\/www.youtube.com\/channel\/UCt5gjuXYioYkx31Iq4tHLGg"]}]}},"taxonomy_info":[],"featured_image_src_large":false,"author_info":{"display_name":"Natural Womanhood","author_link":"https:\/\/naturalwomanhood.org\/fr\/author\/fiatadmin\/"},"comment_info":0,"_links":{"self":[{"href":"https:\/\/naturalwomanhood.org\/fr\/wp-json\/wp\/v2\/pages\/10771","targetHints":{"allow":["GET"]}}],"collection":[{"href":"https:\/\/naturalwomanhood.org\/fr\/wp-json\/wp\/v2\/pages"}],"about":[{"href":"https:\/\/naturalwomanhood.org\/fr\/wp-json\/wp\/v2\/types\/page"}],"author":[{"embeddable":true,"href":"https:\/\/naturalwomanhood.org\/fr\/wp-json\/wp\/v2\/users\/1"}],"replies":[{"embeddable":true,"href":"https:\/\/naturalwomanhood.org\/fr\/wp-json\/wp\/v2\/comments?post=10771"}],"version-history":[{"count":0,"href":"https:\/\/naturalwomanhood.org\/fr\/wp-json\/wp\/v2\/pages\/10771\/revisions"}],"wp:attachment":[{"href":"https:\/\/naturalwomanhood.org\/fr\/wp-json\/wp\/v2\/media?parent=10771"}],"curies":[{"name":"wp","href":"https:\/\/api.w.org\/{rel}","templated":true}]}}