{"id":245,"date":"2014-09-21T11:54:32","date_gmt":"2014-09-21T11:54:32","guid":{"rendered":"http:\/\/natural-womanhood.local\/?page_id=245"},"modified":"2020-11-09T10:04:30","modified_gmt":"2020-11-09T16:04:30","slug":"encontrar-clase-pnf-texas-central","status":"publish","type":"page","link":"https:\/\/naturalwomanhood.org\/es\/learn\/get-started\/find-nfp-class-central-texas\/","title":{"rendered":"Encuentre una clase de PFN en el centro de Texas"},"content":{"rendered":"<p>Las siguientes clases est\u00e1n disponibles en la zona de San Antonio y Austin. Para las clases en otras \u00e1reas, haga clic en el nombre del m\u00e9todo y le llevar\u00e1 a la p\u00e1gina web nacional.<\/p>\n<p><a href=\"http:\/\/www.fertilitycare.org\/\" target=\"_blank\" rel=\"noopener noreferrer\"><strong>Creighton Fertilidad<i>Care\u2122<\/i> Sistema<\/strong><\/a><\/p>\n<p>El aprendizaje del Sistema Modelo Creighton consiste en una Sesi\u00f3n Introductoria y una serie de sesiones de ense\u00f1anza de seguimiento (8 el primer a\u00f1o, luego 1 cada 6 a 12 meses). El sistema se adapta a las necesidades de cada pareja. Esto se hace mediante una serie de sesiones de ense\u00f1anza realizadas en asociaci\u00f3n con un FertilityCare\u2122 Practitioner o un FertilityCare\u2122 Practitioner Intern formado. Estos profesores reciben formaci\u00f3n en un Programa de Educaci\u00f3n Sanitaria de 13 meses de duraci\u00f3n que est\u00e1 dise\u00f1ado para ayudarles a satisfacer las necesidades del cliente.<br \/>\n<strong>Austin, TX<\/strong><br \/>\nAustin Fertility<em>Atenci\u00f3n<\/em> Center 2026 Guadalupe, Austin, TX 78705 512-474-2757 <a href=\"mailto:austinfcc@gmail.com\">austinfcc@gmail.com<\/a> organizaci\u00f3n sin \u00e1nimo de lucro<\/p>\n<p><strong>San Antonio TX<\/strong><\/p>\n<ul>\n<li>\u00a0Tina Luther, MPA 210.262.9731 <a href=\"mailto:SAFertilityCare@yahoo.com\">SAFertilityCare@yahoo.com<\/a> twitter.com\/SAFertilityCare<\/li>\n<li>Monica Wilkes 202 W. Kronkosky Boerne, TX 78006 972.832.3682 <a href=\"mailto:jamonwilkes@gmail.com\">jamonwilkes@gmail.com <\/a><\/li>\n<\/ul>\n<p><strong>Otros centros en Texas:<\/strong><br \/>\n<a href=\"http:\/\/www.fertilitycare.org\/texas\/\">http:\/\/www.fertilitycare.org\/texas\/<\/a><\/p>\n<p><strong>Formaci\u00f3n a distancia (Creighton)<\/strong><\/p>\n<ul>\n<li>Suzy Younger, MS, FCP Clase en l\u00ednea Saint Joseph FertilityCare\u2122 Center 611 E Douglas Road, Suite 408 Mishawaka, IN 46545 Tel\u00e9fono: 574.335.6474 <a href=\"mailto:youngesu@sjrmc.com\">youngesu@sjrmc.com <\/a><\/li>\n<li>Shira R. Wise, M.Ed., CFCE Clase en l\u00ednea Lourdes FertilityCare\u2122 Center 516 W. Margaret St., Suite 9 PO Box 2568 Pasco, WA 99301 Phone: 509.542.3036 <a href=\"mailto:Shira.Wise@lourdesonline.org\">Shira.Wise@lourdesonline.org <\/a><\/li>\n<\/ul>\n<p><strong><a href=\"http:\/\/www.ccli.org\/\">M\u00e9todo sintot\u00e9rmico \/ Liga de Pareja a Pareja<\/a><\/strong><\/p>\n<p>El curso CCL consta de tres clases espaciadas aproximadamente un mes. La matr\u00edcula incluye la revisi\u00f3n personal del historial y el asesoramiento de la Pareja Docente, una Gu\u00eda del Estudiante, un term\u00f3metro basal digital, un cuadernillo de historiales, un a\u00f1o de la galardonada revista de CCL, Family Foundations, y un libro: Fertilidad, Ciclos y Nutrici\u00f3n de Marilyn M. Shannon. Los profesores reciben una amplia formaci\u00f3n y practican el m\u00e9todo en su pareja.<\/p>\n<ul>\n<li>Shelley y Neal Davis 922 San Fernando Lane New Braunfels, TX 78132 <a href=\"mailto:nealandshelley@gmail.com\">nealandshelley@gmail.com<\/a> 830-625-2726<\/li>\n<li>Chris &amp; Nicole Glowe 6150 Roft Rd. San Antonio, TX 78253 <a href=\"mailto:cnglowe@yahoo.com\">cnglowe@yahoo.com<\/a> 210.257.6616<\/li>\n<li>\u00a0Greg &amp; Martha Kauffman (ofrecen clases a distancia en l\u00ednea) 3843 Bulverde Parkway San Antonio, TX 78259 <a href=\"mailto:gregkauffman@earthlink.net\">gregkauffman@earthlink.net <\/a> 830.980.9723<\/li>\n<li>John &amp; Cathy Nix 8602 Artesia Gap Helotes, TX 7823 <a href=\"mailto:jandcnix@gmail.com\">jandcnix@gmail.com<\/a> 210.695.8020<\/li>\n<li>Robert &amp; Veronica Wallace 1710 Clower San Antonio, TX 78201 <a href=\"mailto:Robert@rwallaceconsulting.com\">Robert@rwallaceconsulting.com<\/a> 210.481.3020<\/li>\n<\/ul>\n<p><strong><a href=\"http:\/\/www.familyplanning.net\/\">Familia de las Am\u00e9ricas (M\u00e9todo de ovulaci\u00f3n)<\/a><\/strong><\/p>\n<p>Clases individuales.<\/p>\n<ul>\n<li>\u00a0Chris &amp; Diane Felux 1009 Trail St. Floresville, TX 78114 <a href=\"mailto:dianefelux@yahoo.com\">dianefelux@yahoo.com <\/a> 210.373.5144<\/li>\n<li>\u00a0Renee Kuntz 6907 Kitchener San Antonio, TX 78240 <a href=\"mailto:reneestb@sbcglobal.net\">reneestb@sbcglobal.net<\/a> 210.696.0896 x1006<\/li>\n<li>\u00a0Hermina Hinojosa (clases en espa\u00f1ol) San Antonio 210-367-5307<\/li>\n<\/ul>\n<p><strong><a href=\"http:\/\/nfp.marquette.edu\/nfp_quick_inst_intro.php\">M\u00e9todo de la Universidad Marquette<\/a>\u00a0<a href=\"http:\/\/nfp.marquette.edu\/nfp_quick_inst_intro.php\"><br \/>\n<\/a><\/strong><\/p>\n<p>Este enlace le llevar\u00e1 al sitio web principal. La instrucci\u00f3n est\u00e1 disponible en l\u00ednea y cuenta con el apoyo de un foro en l\u00ednea donde puede obtener respuestas a sus preguntas.<\/p>","protected":false},"excerpt":{"rendered":"Las siguientes clases est\u00e1n disponibles en el \u00e1rea de San Antonio y Austin. Para clases en otras \u00e1reas, haga clic en...","protected":false},"author":2,"featured_media":0,"parent":48,"menu_order":0,"comment_status":"closed","ping_status":"closed","template":"","meta":{"_acf_changed":false,"_kad_blocks_custom_css":"","_kad_blocks_head_custom_js":"","_kad_blocks_body_custom_js":"","_kad_blocks_footer_custom_js":"","csco_singular_sidebar":"","csco_page_header_type":"","csco_page_load_nextpost":"","csco_post_video_location":[],"csco_post_video_url":"","csco_post_video_bg_start_time":0,"csco_post_video_bg_end_time":0,"footnotes":""},"class_list":{"0":"post-245","1":"page","2":"type-page","3":"status-publish","5":"cs-entry","6":"cs-video-wrap"},"acf":[],"yoast_head":"<!-- This site is optimized with the Yoast SEO Premium plugin v27.2 (Yoast SEO v27.2) - https:\/\/yoast.com\/product\/yoast-seo-premium-wordpress\/ -->\n<title>Find an NFP class in Central Texas - Natural Womanhood<\/title>\n<meta name=\"description\" content=\"Here is the list and description of different NFP classes offered in San Antonio, TX and Austin, TX\" \/>\n<meta name=\"robots\" content=\"index, follow, max-snippet:-1, max-image-preview:large, max-video-preview:-1\" \/>\n<link rel=\"canonical\" href=\"https:\/\/naturalwomanhood.org\/es\/aprender\/empezar\/encontrar-clase-pnf-texas-central\/\" \/>\n<meta property=\"og:locale\" content=\"es_MX\" \/>\n<meta property=\"og:type\" content=\"article\" \/>\n<meta property=\"og:title\" content=\"Find an NFP class in Central Texas\" \/>\n<meta property=\"og:description\" content=\"The following classes are available in the San Antonio and Austin area. For classes in other areas, click on the method&#039;s name and it will take you to the\" \/>\n<meta property=\"og:url\" content=\"https:\/\/naturalwomanhood.org\/es\/aprender\/empezar\/encontrar-clase-pnf-texas-central\/\" \/>\n<meta property=\"og:site_name\" content=\"Natural Womanhood\" \/>\n<meta property=\"article:publisher\" content=\"https:\/\/www.facebook.com\/NaturalWomanhood\" \/>\n<meta property=\"article:modified_time\" content=\"2020-11-09T16:04:30+00:00\" \/>\n<meta property=\"og:image\" content=\"https:\/\/naturalwomanhood.org\/wp-content\/uploads\/nw-logo-social.jpg\" \/>\n\t<meta property=\"og:image:width\" content=\"1200\" \/>\n\t<meta property=\"og:image:height\" content=\"630\" \/>\n\t<meta property=\"og:image:type\" content=\"image\/jpeg\" \/>\n<meta name=\"twitter:card\" content=\"summary_large_image\" \/>\n<meta name=\"twitter:site\" content=\"@naturwomanhood\" \/>\n<meta name=\"twitter:label1\" content=\"Tiempo de lectura\" \/>\n\t<meta name=\"twitter:data1\" content=\"2 minutos\" \/>\n<script type=\"application\/ld+json\" class=\"yoast-schema-graph\">{\"@context\":\"https:\/\/schema.org\",\"@graph\":[{\"@type\":\"WebPage\",\"@id\":\"https:\/\/naturalwomanhood.org\/learn\/get-started\/find-nfp-class-central-texas\/\",\"url\":\"https:\/\/naturalwomanhood.org\/learn\/get-started\/find-nfp-class-central-texas\/\",\"name\":\"Find an NFP class in Central Texas - Natural Womanhood\",\"isPartOf\":{\"@id\":\"https:\/\/naturalwomanhood.org\/#website\"},\"datePublished\":\"2014-09-21T11:54:32+00:00\",\"dateModified\":\"2020-11-09T16:04:30+00:00\",\"description\":\"Here is the list and description of different NFP classes offered in San Antonio, TX and Austin, TX\",\"breadcrumb\":{\"@id\":\"https:\/\/naturalwomanhood.org\/learn\/get-started\/find-nfp-class-central-texas\/#breadcrumb\"},\"inLanguage\":\"es\",\"potentialAction\":[{\"@type\":\"ReadAction\",\"target\":[\"https:\/\/naturalwomanhood.org\/learn\/get-started\/find-nfp-class-central-texas\/\"]}]},{\"@type\":\"BreadcrumbList\",\"@id\":\"https:\/\/naturalwomanhood.org\/learn\/get-started\/find-nfp-class-central-texas\/#breadcrumb\",\"itemListElement\":[{\"@type\":\"ListItem\",\"position\":1,\"name\":\"Home\",\"item\":\"https:\/\/naturalwomanhood.org\/\"},{\"@type\":\"ListItem\",\"position\":2,\"name\":\"Learn\",\"item\":\"https:\/\/naturalwomanhood.org\/learn\/\"},{\"@type\":\"ListItem\",\"position\":3,\"name\":\"Get Started\",\"item\":\"https:\/\/naturalwomanhood.org\/learn\/get-started\/\"},{\"@type\":\"ListItem\",\"position\":4,\"name\":\"Find an NFP class in Central Texas\"}]},{\"@type\":\"WebSite\",\"@id\":\"https:\/\/naturalwomanhood.org\/#website\",\"url\":\"https:\/\/naturalwomanhood.org\/\",\"name\":\"Natural Womanhood\",\"description\":\"\",\"publisher\":{\"@id\":\"https:\/\/naturalwomanhood.org\/#organization\"},\"potentialAction\":[{\"@type\":\"SearchAction\",\"target\":{\"@type\":\"EntryPoint\",\"urlTemplate\":\"https:\/\/naturalwomanhood.org\/?s={search_term_string}\"},\"query-input\":{\"@type\":\"PropertyValueSpecification\",\"valueRequired\":true,\"valueName\":\"search_term_string\"}}],\"inLanguage\":\"es\"},{\"@type\":\"Organization\",\"@id\":\"https:\/\/naturalwomanhood.org\/#organization\",\"name\":\"Natural Womanhood\",\"url\":\"https:\/\/naturalwomanhood.org\/\",\"logo\":{\"@type\":\"ImageObject\",\"inLanguage\":\"es\",\"@id\":\"https:\/\/naturalwomanhood.org\/#\/schema\/logo\/image\/\",\"url\":\"\",\"contentUrl\":\"\",\"caption\":\"Natural Womanhood\"},\"image\":{\"@id\":\"https:\/\/naturalwomanhood.org\/#\/schema\/logo\/image\/\"},\"sameAs\":[\"https:\/\/www.facebook.com\/NaturalWomanhood\",\"https:\/\/x.com\/naturwomanhood\",\"https:\/\/www.instagram.com\/naturalwomanhood\/\",\"https:\/\/www.linkedin.com\/company\/natural-womanhood\/\",\"https:\/\/www.youtube.com\/channel\/UCt5gjuXYioYkx31Iq4tHLGg\"]}]}<\/script>\n<!-- \/ Yoast SEO Premium plugin. -->","yoast_head_json":{"title":"Encuentre una clase de PFN en Central Texas - Natural Womanhood","description":"Aqu\u00ed est\u00e1 la lista y la descripci\u00f3n de las diferentes clases de PFN que se ofrecen en San Antonio, TX y Austin, TX","robots":{"index":"index","follow":"follow","max-snippet":"max-snippet:-1","max-image-preview":"max-image-preview:large","max-video-preview":"max-video-preview:-1"},"canonical":"https:\/\/naturalwomanhood.org\/es\/aprender\/empezar\/encontrar-clase-pnf-texas-central\/","og_locale":"es_MX","og_type":"article","og_title":"Find an NFP class in Central Texas","og_description":"The following classes are available in the San Antonio and Austin area. For classes in other areas, click on the method's name and it will take you to the","og_url":"https:\/\/naturalwomanhood.org\/es\/aprender\/empezar\/encontrar-clase-pnf-texas-central\/","og_site_name":"Natural Womanhood","article_publisher":"https:\/\/www.facebook.com\/NaturalWomanhood","article_modified_time":"2020-11-09T16:04:30+00:00","og_image":[{"width":1200,"height":630,"url":"https:\/\/naturalwomanhood.org\/wp-content\/uploads\/nw-logo-social.jpg","type":"image\/jpeg"}],"twitter_card":"summary_large_image","twitter_site":"@naturwomanhood","twitter_misc":{"Tiempo de lectura":"2 minutos"},"schema":{"@context":"https:\/\/schema.org","@graph":[{"@type":"WebPage","@id":"https:\/\/naturalwomanhood.org\/learn\/get-started\/find-nfp-class-central-texas\/","url":"https:\/\/naturalwomanhood.org\/learn\/get-started\/find-nfp-class-central-texas\/","name":"Encuentre una clase de PFN en Central Texas - Natural Womanhood","isPartOf":{"@id":"https:\/\/naturalwomanhood.org\/#website"},"datePublished":"2014-09-21T11:54:32+00:00","dateModified":"2020-11-09T16:04:30+00:00","description":"Aqu\u00ed est\u00e1 la lista y la descripci\u00f3n de las diferentes clases de PFN que se ofrecen en San Antonio, TX y Austin, TX","breadcrumb":{"@id":"https:\/\/naturalwomanhood.org\/learn\/get-started\/find-nfp-class-central-texas\/#breadcrumb"},"inLanguage":"es","potentialAction":[{"@type":"ReadAction","target":["https:\/\/naturalwomanhood.org\/learn\/get-started\/find-nfp-class-central-texas\/"]}]},{"@type":"BreadcrumbList","@id":"https:\/\/naturalwomanhood.org\/learn\/get-started\/find-nfp-class-central-texas\/#breadcrumb","itemListElement":[{"@type":"ListItem","position":1,"name":"Home","item":"https:\/\/naturalwomanhood.org\/"},{"@type":"ListItem","position":2,"name":"Learn","item":"https:\/\/naturalwomanhood.org\/learn\/"},{"@type":"ListItem","position":3,"name":"Get Started","item":"https:\/\/naturalwomanhood.org\/learn\/get-started\/"},{"@type":"ListItem","position":4,"name":"Find an NFP class in Central Texas"}]},{"@type":"WebSite","@id":"https:\/\/naturalwomanhood.org\/#website","url":"https:\/\/naturalwomanhood.org\/","name":"Natural Womanhood","description":"","publisher":{"@id":"https:\/\/naturalwomanhood.org\/#organization"},"potentialAction":[{"@type":"SearchAction","target":{"@type":"EntryPoint","urlTemplate":"https:\/\/naturalwomanhood.org\/?s={search_term_string}"},"query-input":{"@type":"PropertyValueSpecification","valueRequired":true,"valueName":"search_term_string"}}],"inLanguage":"es"},{"@type":"Organization","@id":"https:\/\/naturalwomanhood.org\/#organization","name":"Natural Womanhood","url":"https:\/\/naturalwomanhood.org\/","logo":{"@type":"ImageObject","inLanguage":"es","@id":"https:\/\/naturalwomanhood.org\/#\/schema\/logo\/image\/","url":"","contentUrl":"","caption":"Natural Womanhood"},"image":{"@id":"https:\/\/naturalwomanhood.org\/#\/schema\/logo\/image\/"},"sameAs":["https:\/\/www.facebook.com\/NaturalWomanhood","https:\/\/x.com\/naturwomanhood","https:\/\/www.instagram.com\/naturalwomanhood\/","https:\/\/www.linkedin.com\/company\/natural-womanhood\/","https:\/\/www.youtube.com\/channel\/UCt5gjuXYioYkx31Iq4tHLGg"]}]}},"taxonomy_info":[],"featured_image_src_large":false,"author_info":{"display_name":"Gerard Migeon","author_link":"https:\/\/naturalwomanhood.org\/es\/author\/gerard\/"},"comment_info":0,"_links":{"self":[{"href":"https:\/\/naturalwomanhood.org\/es\/wp-json\/wp\/v2\/pages\/245","targetHints":{"allow":["GET"]}}],"collection":[{"href":"https:\/\/naturalwomanhood.org\/es\/wp-json\/wp\/v2\/pages"}],"about":[{"href":"https:\/\/naturalwomanhood.org\/es\/wp-json\/wp\/v2\/types\/page"}],"author":[{"embeddable":true,"href":"https:\/\/naturalwomanhood.org\/es\/wp-json\/wp\/v2\/users\/2"}],"replies":[{"embeddable":true,"href":"https:\/\/naturalwomanhood.org\/es\/wp-json\/wp\/v2\/comments?post=245"}],"version-history":[{"count":0,"href":"https:\/\/naturalwomanhood.org\/es\/wp-json\/wp\/v2\/pages\/245\/revisions"}],"up":[{"embeddable":true,"href":"https:\/\/naturalwomanhood.org\/es\/wp-json\/wp\/v2\/pages\/48"}],"wp:attachment":[{"href":"https:\/\/naturalwomanhood.org\/es\/wp-json\/wp\/v2\/media?parent=245"}],"curies":[{"name":"wp","href":"https:\/\/api.w.org\/{rel}","templated":true}]}}