{"id":2244,"date":"2020-11-13T07:46:24","date_gmt":"2020-11-13T13:46:24","guid":{"rendered":"https:\/\/natural-womanhood.local\/?page_id=2244"},"modified":"2021-04-21T18:12:00","modified_gmt":"2021-04-21T23:12:00","slug":"politica-de-privacidad","status":"publish","type":"page","link":"https:\/\/naturalwomanhood.org\/es\/privacy-policy\/","title":{"rendered":"Pol\u00edtica de privacidad"},"content":{"rendered":"<p>Es pol\u00edtica de Natural Womanhood respetar la privacidad de quienes visitan nuestro sitio web. Esta pol\u00edtica de privacidad revela las pr\u00e1cticas de privacidad para&nbsp;<a href=\"https:\/\/naturalwomanhood.org\/es\/\" target=\"_blank\" rel=\"noreferrer noopener\">www.naturalwomanhood.org<\/a>.<\/p>\n\n\n\n<h1 id=\"information-collection-use-and-sharing\" class=\"wp-block-heading\">Recogida, uso e intercambio de informaci\u00f3n<\/h1>\n\n\n\n<p>La siguiente informaci\u00f3n se recopila y almacena autom\u00e1ticamente de todos los usuarios que acceden al sitio web de Natural Womanhood:<\/p>\n\n\n\n<ul class=\"wp-block-list\"><li>El dominio de Internet (por ejemplo, \"<a href=\"http:\/\/xcompany.com\/\" target=\"_blank\" rel=\"noreferrer noopener\">xcompany.com<\/a>\" si utiliza una cuenta privada de acceso a Internet, o \"<a href=\"http:\/\/yourschool.edu\/\" target=\"_blank\" rel=\"noreferrer noopener\">tuescuela.edu<\/a>\" si se conecta desde el dominio de una universidad) y la direcci\u00f3n de Protocolo de Internet (IP) desde la que accede a nuestro sitio;<\/li><li>El tipo de hardware, navegador y sistema operativo utilizados para acceder a nuestro sitio;<\/li><li>La fecha y hora de acceso a nuestro sitio;<\/li><li>El n\u00famero de bytes de datos transmitidos durante su visita;<\/li><li>Informaci\u00f3n sobre transacciones y rutas hacia y desde su ordenador;<\/li><li>Las p\u00e1ginas que visita; y<\/li><li>Si ha accedido a nuestro sitio desde otro sitio web, la direcci\u00f3n de ese sitio web (URL).<\/li><\/ul>\n\n\n\n<p>Esta informaci\u00f3n se utiliza para fines como evaluar qu\u00e9 informaci\u00f3n interesa m\u00e1s a los usuarios y mejorar el sistema.<\/p>\n\n\n\n<p>A menos que decida hacerlo (por ejemplo, enviando un correo electr\u00f3nico, respondiendo a un formulario de comentarios o de \"contacto\", realizando una compra en la tienda en l\u00ednea), el sitio web de Natural Womanhood no obtiene informaci\u00f3n de identificaci\u00f3n personal.<\/p>\n\n\n\n<p>Consideramos \"informaci\u00f3n de identificaci\u00f3n personal\" cualquier informaci\u00f3n que pueda utilizarse razonablemente para identificarle. Esto puede incluir, pero no se limita a:<\/p>\n\n\n\n<ul class=\"wp-block-list\"><li>Tu nombre;<\/li><li>Su direcci\u00f3n (excluido el c\u00f3digo postal);<\/li><li>Su direcci\u00f3n de correo electr\u00f3nico;<\/li><li>Tarjeta de cr\u00e9dito o datos bancarios;<\/li><li>N\u00famero de tel\u00e9fono.<\/li><\/ul>\n\n\n\n<p>Cualquier informaci\u00f3n personal que proporcione a trav\u00e9s del sitio web de Natural Womanhood se recoge \u00fanicamente con fines de transacci\u00f3n y nunca se comparte con terceros, salvo en la medida en que sea necesario para satisfacer su solicitud, por ejemplo, para enviar un pedido. No almacenamos, ni electr\u00f3nicamente ni de ninguna otra forma, los datos de su tarjeta de cr\u00e9dito o informaci\u00f3n bancaria.<\/p>\n\n\n\n<p>A menos que nos pida que no lo hagamos, podemos ponernos en contacto con usted por correo electr\u00f3nico en el futuro para informarle sobre ofertas especiales, nuevos productos o servicios, o cambios en esta pol\u00edtica de privacidad. En cualquier momento puede optar por que no nos pongamos en contacto con usted en el futuro.<\/p>\n\n\n\n<h1 id=\"surveys\" class=\"wp-block-heading\">Encuestas<\/h1>\n\n\n\n<p>De vez en cuando podemos solicitar informaci\u00f3n a trav\u00e9s de encuestas. La participaci\u00f3n en estas encuestas es totalmente voluntaria y usted puede decidir si desea o no participar y, por tanto, revelar esta informaci\u00f3n. La informaci\u00f3n de las encuestas se utilizar\u00e1 para supervisar o mejorar el uso y la satisfacci\u00f3n de este sitio y de los servicios que ofrecemos.<\/p>\n\n\n\n<h1 id=\"links\" class=\"wp-block-heading\">Enlaces<\/h1>\n\n\n\n<p>Este sitio web contiene algunos enlaces a otros sitios. Tenga en cuenta que no somos responsables del contenido ni de las pr\u00e1cticas de privacidad de esos otros sitios. Animamos a nuestros usuarios a que est\u00e9n atentos cuando salgan de nuestro sitio y a que lean las declaraciones de privacidad de cualquier otro sitio que recopile informaci\u00f3n de identificaci\u00f3n personal.<\/p>\n\n\n\n<h1 id=\"updates\" class=\"wp-block-heading\">Actualizaciones<\/h1>\n\n\n\n<p>Nuestra Pol\u00edtica de Privacidad puede cambiar de vez en cuando y todas las actualizaciones se publicar\u00e1n en esta p\u00e1gina.<\/p>","protected":false},"excerpt":{"rendered":"Es pol\u00edtica de Natural Womanhood respetar la privacidad de quienes visitan nuestro sitio web. Esta pol\u00edtica de privacidad...","protected":false},"author":2,"featured_media":0,"parent":0,"menu_order":0,"comment_status":"closed","ping_status":"closed","template":"","meta":{"_acf_changed":false,"_kad_blocks_custom_css":"","_kad_blocks_head_custom_js":"","_kad_blocks_body_custom_js":"","_kad_blocks_footer_custom_js":"","csco_singular_sidebar":"","csco_page_header_type":"","csco_page_load_nextpost":"","csco_post_video_location":[],"csco_post_video_url":"","csco_post_video_bg_start_time":0,"csco_post_video_bg_end_time":0,"footnotes":""},"class_list":{"0":"post-2244","1":"page","2":"type-page","3":"status-publish","5":"cs-entry","6":"cs-video-wrap"},"acf":[],"yoast_head":"<!-- This site is optimized with the Yoast SEO Premium plugin v27.2 (Yoast SEO v27.2) - https:\/\/yoast.com\/product\/yoast-seo-premium-wordpress\/ -->\n<title>Natural Womanhood&#039;s Privacy Policy - Natural Womanhood<\/title>\n<meta name=\"description\" content=\"It is Natural Womanhood&#039;s policy to respect the privacy of those who visit our website. Read Natural Womanhood&#039;s full privacy policy, here.\" \/>\n<meta name=\"robots\" content=\"index, follow, max-snippet:-1, max-image-preview:large, max-video-preview:-1\" \/>\n<link rel=\"canonical\" href=\"https:\/\/naturalwomanhood.org\/es\/politica-de-privacidad\/\" \/>\n<meta property=\"og:locale\" content=\"es_MX\" \/>\n<meta property=\"og:type\" content=\"article\" \/>\n<meta property=\"og:title\" content=\"Privacy Policy\" \/>\n<meta property=\"og:description\" content=\"It is Natural Womanhood&#039;s policy to respect the privacy of those who visit our website. This privacy policy discloses the privacy practices\" \/>\n<meta property=\"og:url\" content=\"https:\/\/naturalwomanhood.org\/es\/politica-de-privacidad\/\" \/>\n<meta property=\"og:site_name\" content=\"Natural Womanhood\" \/>\n<meta property=\"article:publisher\" content=\"https:\/\/www.facebook.com\/NaturalWomanhood\" \/>\n<meta property=\"article:modified_time\" content=\"2021-04-21T23:12:00+00:00\" \/>\n<meta property=\"og:image\" content=\"https:\/\/naturalwomanhood.org\/wp-content\/uploads\/nw-logo-social.jpg\" \/>\n\t<meta property=\"og:image:width\" content=\"1200\" \/>\n\t<meta property=\"og:image:height\" content=\"630\" \/>\n\t<meta property=\"og:image:type\" content=\"image\/jpeg\" \/>\n<meta name=\"twitter:card\" content=\"summary_large_image\" \/>\n<meta name=\"twitter:site\" content=\"@naturwomanhood\" \/>\n<meta name=\"twitter:label1\" content=\"Tiempo de lectura\" \/>\n\t<meta name=\"twitter:data1\" content=\"2 minutos\" \/>\n<script type=\"application\/ld+json\" class=\"yoast-schema-graph\">{\"@context\":\"https:\/\/schema.org\",\"@graph\":[{\"@type\":\"WebPage\",\"@id\":\"https:\/\/naturalwomanhood.org\/privacy-policy\/\",\"url\":\"https:\/\/naturalwomanhood.org\/privacy-policy\/\",\"name\":\"Natural Womanhood's Privacy Policy - Natural Womanhood\",\"isPartOf\":{\"@id\":\"https:\/\/naturalwomanhood.org\/#website\"},\"datePublished\":\"2020-11-13T13:46:24+00:00\",\"dateModified\":\"2021-04-21T23:12:00+00:00\",\"description\":\"It is Natural Womanhood's policy to respect the privacy of those who visit our website. Read Natural Womanhood's full privacy policy, here.\",\"breadcrumb\":{\"@id\":\"https:\/\/naturalwomanhood.org\/privacy-policy\/#breadcrumb\"},\"inLanguage\":\"es\",\"potentialAction\":[{\"@type\":\"ReadAction\",\"target\":[\"https:\/\/naturalwomanhood.org\/privacy-policy\/\"]}]},{\"@type\":\"BreadcrumbList\",\"@id\":\"https:\/\/naturalwomanhood.org\/privacy-policy\/#breadcrumb\",\"itemListElement\":[{\"@type\":\"ListItem\",\"position\":1,\"name\":\"Home\",\"item\":\"https:\/\/naturalwomanhood.org\/\"},{\"@type\":\"ListItem\",\"position\":2,\"name\":\"Privacy Policy\"}]},{\"@type\":\"WebSite\",\"@id\":\"https:\/\/naturalwomanhood.org\/#website\",\"url\":\"https:\/\/naturalwomanhood.org\/\",\"name\":\"Natural Womanhood\",\"description\":\"\",\"publisher\":{\"@id\":\"https:\/\/naturalwomanhood.org\/#organization\"},\"potentialAction\":[{\"@type\":\"SearchAction\",\"target\":{\"@type\":\"EntryPoint\",\"urlTemplate\":\"https:\/\/naturalwomanhood.org\/?s={search_term_string}\"},\"query-input\":{\"@type\":\"PropertyValueSpecification\",\"valueRequired\":true,\"valueName\":\"search_term_string\"}}],\"inLanguage\":\"es\"},{\"@type\":\"Organization\",\"@id\":\"https:\/\/naturalwomanhood.org\/#organization\",\"name\":\"Natural Womanhood\",\"url\":\"https:\/\/naturalwomanhood.org\/\",\"logo\":{\"@type\":\"ImageObject\",\"inLanguage\":\"es\",\"@id\":\"https:\/\/naturalwomanhood.org\/#\/schema\/logo\/image\/\",\"url\":\"\",\"contentUrl\":\"\",\"caption\":\"Natural Womanhood\"},\"image\":{\"@id\":\"https:\/\/naturalwomanhood.org\/#\/schema\/logo\/image\/\"},\"sameAs\":[\"https:\/\/www.facebook.com\/NaturalWomanhood\",\"https:\/\/x.com\/naturwomanhood\",\"https:\/\/www.instagram.com\/naturalwomanhood\/\",\"https:\/\/www.linkedin.com\/company\/natural-womanhood\/\",\"https:\/\/www.youtube.com\/channel\/UCt5gjuXYioYkx31Iq4tHLGg\"]}]}<\/script>\n<!-- \/ Yoast SEO Premium plugin. -->","yoast_head_json":{"title":"Pol\u00edtica de privacidad de Natural Womanhood - Natural Womanhood","description":"La pol\u00edtica de Natural Womanhood es respetar la privacidad de quienes visitan nuestro sitio web. Lea la pol\u00edtica de privacidad completa de Natural Womanhood, aqu\u00ed.","robots":{"index":"index","follow":"follow","max-snippet":"max-snippet:-1","max-image-preview":"max-image-preview:large","max-video-preview":"max-video-preview:-1"},"canonical":"https:\/\/naturalwomanhood.org\/es\/politica-de-privacidad\/","og_locale":"es_MX","og_type":"article","og_title":"Privacy Policy","og_description":"It is Natural Womanhood's policy to respect the privacy of those who visit our website. This privacy policy discloses the privacy practices","og_url":"https:\/\/naturalwomanhood.org\/es\/politica-de-privacidad\/","og_site_name":"Natural Womanhood","article_publisher":"https:\/\/www.facebook.com\/NaturalWomanhood","article_modified_time":"2021-04-21T23:12:00+00:00","og_image":[{"width":1200,"height":630,"url":"https:\/\/naturalwomanhood.org\/wp-content\/uploads\/nw-logo-social.jpg","type":"image\/jpeg"}],"twitter_card":"summary_large_image","twitter_site":"@naturwomanhood","twitter_misc":{"Tiempo de lectura":"2 minutos"},"schema":{"@context":"https:\/\/schema.org","@graph":[{"@type":"WebPage","@id":"https:\/\/naturalwomanhood.org\/privacy-policy\/","url":"https:\/\/naturalwomanhood.org\/privacy-policy\/","name":"Pol\u00edtica de privacidad de Natural Womanhood - Natural Womanhood","isPartOf":{"@id":"https:\/\/naturalwomanhood.org\/#website"},"datePublished":"2020-11-13T13:46:24+00:00","dateModified":"2021-04-21T23:12:00+00:00","description":"La pol\u00edtica de Natural Womanhood es respetar la privacidad de quienes visitan nuestro sitio web. Lea la pol\u00edtica de privacidad completa de Natural Womanhood, aqu\u00ed.","breadcrumb":{"@id":"https:\/\/naturalwomanhood.org\/privacy-policy\/#breadcrumb"},"inLanguage":"es","potentialAction":[{"@type":"ReadAction","target":["https:\/\/naturalwomanhood.org\/privacy-policy\/"]}]},{"@type":"BreadcrumbList","@id":"https:\/\/naturalwomanhood.org\/privacy-policy\/#breadcrumb","itemListElement":[{"@type":"ListItem","position":1,"name":"Home","item":"https:\/\/naturalwomanhood.org\/"},{"@type":"ListItem","position":2,"name":"Privacy Policy"}]},{"@type":"WebSite","@id":"https:\/\/naturalwomanhood.org\/#website","url":"https:\/\/naturalwomanhood.org\/","name":"Natural Womanhood","description":"","publisher":{"@id":"https:\/\/naturalwomanhood.org\/#organization"},"potentialAction":[{"@type":"SearchAction","target":{"@type":"EntryPoint","urlTemplate":"https:\/\/naturalwomanhood.org\/?s={search_term_string}"},"query-input":{"@type":"PropertyValueSpecification","valueRequired":true,"valueName":"search_term_string"}}],"inLanguage":"es"},{"@type":"Organization","@id":"https:\/\/naturalwomanhood.org\/#organization","name":"Natural Womanhood","url":"https:\/\/naturalwomanhood.org\/","logo":{"@type":"ImageObject","inLanguage":"es","@id":"https:\/\/naturalwomanhood.org\/#\/schema\/logo\/image\/","url":"","contentUrl":"","caption":"Natural Womanhood"},"image":{"@id":"https:\/\/naturalwomanhood.org\/#\/schema\/logo\/image\/"},"sameAs":["https:\/\/www.facebook.com\/NaturalWomanhood","https:\/\/x.com\/naturwomanhood","https:\/\/www.instagram.com\/naturalwomanhood\/","https:\/\/www.linkedin.com\/company\/natural-womanhood\/","https:\/\/www.youtube.com\/channel\/UCt5gjuXYioYkx31Iq4tHLGg"]}]}},"taxonomy_info":[],"featured_image_src_large":false,"author_info":{"display_name":"Gerard Migeon","author_link":"https:\/\/naturalwomanhood.org\/es\/author\/gerard\/"},"comment_info":0,"_links":{"self":[{"href":"https:\/\/naturalwomanhood.org\/es\/wp-json\/wp\/v2\/pages\/2244","targetHints":{"allow":["GET"]}}],"collection":[{"href":"https:\/\/naturalwomanhood.org\/es\/wp-json\/wp\/v2\/pages"}],"about":[{"href":"https:\/\/naturalwomanhood.org\/es\/wp-json\/wp\/v2\/types\/page"}],"author":[{"embeddable":true,"href":"https:\/\/naturalwomanhood.org\/es\/wp-json\/wp\/v2\/users\/2"}],"replies":[{"embeddable":true,"href":"https:\/\/naturalwomanhood.org\/es\/wp-json\/wp\/v2\/comments?post=2244"}],"version-history":[{"count":0,"href":"https:\/\/naturalwomanhood.org\/es\/wp-json\/wp\/v2\/pages\/2244\/revisions"}],"wp:attachment":[{"href":"https:\/\/naturalwomanhood.org\/es\/wp-json\/wp\/v2\/media?parent=2244"}],"curies":[{"name":"wp","href":"https:\/\/api.w.org\/{rel}","templated":true}]}}