{"id":1888,"date":"2017-10-17T21:21:10","date_gmt":"2017-10-18T01:21:10","guid":{"rendered":"https:\/\/natural-womanhood.local\/?page_id=1888"},"modified":"2020-11-09T10:04:21","modified_gmt":"2020-11-09T16:04:21","slug":"bigparty","status":"publish","type":"page","link":"https:\/\/naturalwomanhood.org\/es\/bigparty\/","title":{"rendered":"bigparty"},"content":{"rendered":"<h3 id=\"the-big-party\">La gran fiesta<\/h3>\n<p>\u00a1La Gran Fiesta es el primer acto anual de recaudaci\u00f3n de fondos organizado por Natural Womanhood!<\/p>\n<p>\u00bfPor qu\u00e9 necesitamos recaudar fondos? Nuestro objetivo es que todas las mujeres conozcan los m\u00e9todos de conocimiento de la fertilidad, su eficacia y sus beneficios. Actualmente, Natural Womanhood se financia mediante donaciones individuales. Producir nuestros contenidos educativos y promocionarlos cuesta dinero. Tambi\u00e9n estamos estudiando la posibilidad de ampliar nuestro alcance con nuevas herramientas y publicidad m\u00e1s espec\u00edfica, por lo que necesitamos aumentar nuestra financiaci\u00f3n.<\/p>\n<p><strong>Por eso estamos organizando la Gran Fiesta, un acto divertido e inspirador para todas las personas que creen que el conocimiento de la fertilidad y la PFN son las mejores opciones para las mujeres.<\/strong><\/p>\n<p>Es <strong>el jueves 9 de noviembre de 2017 en el Museo Witte, una de las instalaciones m\u00e1s prestigiosas de San Antonio.<\/strong>. El Witte es tambi\u00e9n nuestro Museo de Historia Natural local, lo cual es significativo porque nuestra campa\u00f1a consiste en compartir con el p\u00fablico informaci\u00f3n cient\u00edfica sobre el cuerpo de la mujer y la fertilidad.<\/p>\n<p>&nbsp;<\/p>\n<p><img fetchpriority=\"high\" decoding=\"async\" class=\"aligncenter size-large wp-image-1891\" src=\"https:\/\/naturalwomanhood.org\/wp-content\/uploads\/Prassel-10-500x350.jpg\" alt=\"\" width=\"500\" height=\"350\" \/><\/p>\n<p>Este es el programa:<\/p>\n<p>Comienza a las 18.30 horas con bebidas y aperitivos, y muchas personas con las que establecer contactos (esperamos m\u00e1s de 200).<\/p>\n<p>A las 20.00 horas, nuestro orador invitado, <strong><a href=\"https:\/\/naturalwomanhood.us7.list-manage.com\/track\/click?u=5f3e70721e5e9b79cea11fbe5&amp;id=4890ce6c1d&amp;e=5f480fa70c\">Doctor Patrick Fagan<\/a><\/strong>, experto en ciencias sociales de renombre nacional, va a compartir <strong>investigaci\u00f3n pionera<\/strong> <strong>sobre el enga\u00f1o de los anticonceptivos y mejores formas de encontrar una vida amorosa satisfactoria<\/strong>.<\/p>\n<p>Su charla ir\u00e1 seguida de la <strong>testimonio personal de nuestra amiga Jackie Aguilar, usuaria y profesora de la PFN<\/strong> de ambos Pareja a Pareja liga y Creighton M\u00e9todos.<\/p>\n<p><img decoding=\"async\" class=\"aligncenter wp-image-1890\" src=\"https:\/\/naturalwomanhood.org\/wp-content\/uploads\/Jackie-e1508288918397.jpg\" alt=\"\" width=\"200\" height=\"263\" srcset=\"https:\/\/naturalwomanhood.org\/wp-content\/uploads\/Jackie-e1508288918397.jpg 747w, https:\/\/naturalwomanhood.org\/wp-content\/uploads\/Jackie-e1508288918397-380x500.jpg 380w, https:\/\/naturalwomanhood.org\/wp-content\/uploads\/Jackie-e1508288918397-228x300.jpg 228w\" sizes=\"(max-width: 200px) 100vw, 200px\" \/><\/p>\n<p>Por \u00faltimo, dar\u00e9 un<strong> breve actualizaci\u00f3n de nuestro trabajo y nuestros planes para los pr\u00f3ximos 3 a\u00f1os<\/strong>, y compartir c\u00f3mo su presencia y apoyo pueden marcar la diferencia en la cultura del matrimonio y la familia.<\/p>\n<p>A las 9 de la noche, pensamos que lo m\u00e1s rom\u00e1ntico ser\u00eda <strong>finalizar\u00e1 con un baile que durar\u00e1 hasta las 23.00 horas<\/strong>.<\/p>\n<p>As\u00ed que venga y disfrute de la buena compa\u00f1\u00eda, la buena comida y bebida (\u00a12 bebidas gratis!) y las charlas inspiradoras.<\/p>\n<p><strong>Inscr\u00edbete ahora para asistir a la primera Natural Womanhood's Big Party<\/strong>:\u00a0<strong><a href=\"https:\/\/naturalwomanhood.us7.list-manage.com\/track\/click?u=5f3e70721e5e9b79cea11fbe5&amp;id=8529664470&amp;e=5f480fa70c\">Haga clic aqu\u00ed para inscribirse.<\/a><\/strong><\/p>\n<p>Si no puede unirse a nosotros, \u00bfconsiderar\u00eda la posibilidad de ser patrocinador? Cualquier ayuda nos viene bien. Haz un donativo en Eventbrite o convi\u00e9rtete en patrocinador. Puedes ver nuestro <a href=\"https:\/\/www.eventbrite.com\/e\/the-big-party-tickets-38361643709\"><strong>opciones de patrocinio en este enlace<\/strong><\/a>.<\/p>\n<p>Gracias de antemano por su apoyo.<\/p>\n<p>Gerard Migeon<\/p>","protected":false},"excerpt":{"rendered":"\u00a1La Gran Fiesta La Gran Fiesta es el primer evento anual de recaudaci\u00f3n de fondos organizado por Natural Womanhood! \u00bfPor qu\u00e9...","protected":false},"author":2,"featured_media":0,"parent":0,"menu_order":0,"comment_status":"closed","ping_status":"closed","template":"","meta":{"_acf_changed":false,"_kad_blocks_custom_css":"","_kad_blocks_head_custom_js":"","_kad_blocks_body_custom_js":"","_kad_blocks_footer_custom_js":"","csco_singular_sidebar":"","csco_page_header_type":"","csco_page_load_nextpost":"","csco_post_video_location":[],"csco_post_video_url":"","csco_post_video_bg_start_time":0,"csco_post_video_bg_end_time":0,"footnotes":""},"class_list":{"0":"post-1888","1":"page","2":"type-page","3":"status-publish","5":"cs-entry","6":"cs-video-wrap"},"acf":[],"yoast_head":"<!-- This site is optimized with the Yoast SEO Premium plugin v27.2 (Yoast SEO v27.2) - https:\/\/yoast.com\/product\/yoast-seo-premium-wordpress\/ -->\n<title>bigparty - Natural Womanhood<\/title>\n<meta name=\"robots\" content=\"index, follow, max-snippet:-1, max-image-preview:large, max-video-preview:-1\" \/>\n<link rel=\"canonical\" href=\"https:\/\/naturalwomanhood.org\/es\/bigparty\/\" \/>\n<meta property=\"og:locale\" content=\"es_MX\" \/>\n<meta property=\"og:type\" content=\"article\" \/>\n<meta property=\"og:title\" content=\"bigparty\" \/>\n<meta property=\"og:description\" content=\"The Big Party The Big Party is the first annual fundraising event organized by Natural Womanhood! Why do we need a fundraiser? Our goal is that all women\" \/>\n<meta property=\"og:url\" content=\"https:\/\/naturalwomanhood.org\/es\/bigparty\/\" \/>\n<meta property=\"og:site_name\" content=\"Natural Womanhood\" \/>\n<meta property=\"article:publisher\" content=\"https:\/\/www.facebook.com\/NaturalWomanhood\" \/>\n<meta property=\"article:modified_time\" content=\"2020-11-09T16:04:21+00:00\" \/>\n<meta property=\"og:image\" content=\"https:\/\/naturalwomanhood.org\/wp-content\/uploads\/Prassel-10-500x350.jpg\" \/>\n<meta name=\"twitter:card\" content=\"summary_large_image\" \/>\n<meta name=\"twitter:site\" content=\"@naturwomanhood\" \/>\n<meta name=\"twitter:label1\" content=\"Tiempo de lectura\" \/>\n\t<meta name=\"twitter:data1\" content=\"2 minutos\" \/>\n<script type=\"application\/ld+json\" class=\"yoast-schema-graph\">{\"@context\":\"https:\/\/schema.org\",\"@graph\":[{\"@type\":\"WebPage\",\"@id\":\"https:\/\/naturalwomanhood.org\/bigparty\/\",\"url\":\"https:\/\/naturalwomanhood.org\/bigparty\/\",\"name\":\"bigparty - Natural Womanhood\",\"isPartOf\":{\"@id\":\"https:\/\/naturalwomanhood.org\/#website\"},\"primaryImageOfPage\":{\"@id\":\"https:\/\/naturalwomanhood.org\/bigparty\/#primaryimage\"},\"image\":{\"@id\":\"https:\/\/naturalwomanhood.org\/bigparty\/#primaryimage\"},\"thumbnailUrl\":\"https:\/\/naturalwomanhood.org\/wp-content\/uploads\/Prassel-10-500x350.jpg\",\"datePublished\":\"2017-10-18T01:21:10+00:00\",\"dateModified\":\"2020-11-09T16:04:21+00:00\",\"breadcrumb\":{\"@id\":\"https:\/\/naturalwomanhood.org\/bigparty\/#breadcrumb\"},\"inLanguage\":\"es\",\"potentialAction\":[{\"@type\":\"ReadAction\",\"target\":[\"https:\/\/naturalwomanhood.org\/bigparty\/\"]}]},{\"@type\":\"ImageObject\",\"inLanguage\":\"es\",\"@id\":\"https:\/\/naturalwomanhood.org\/bigparty\/#primaryimage\",\"url\":\"https:\/\/naturalwomanhood.org\/wp-content\/uploads\/Prassel-10-500x350.jpg\",\"contentUrl\":\"https:\/\/naturalwomanhood.org\/wp-content\/uploads\/Prassel-10-500x350.jpg\"},{\"@type\":\"BreadcrumbList\",\"@id\":\"https:\/\/naturalwomanhood.org\/bigparty\/#breadcrumb\",\"itemListElement\":[{\"@type\":\"ListItem\",\"position\":1,\"name\":\"Home\",\"item\":\"https:\/\/naturalwomanhood.org\/\"},{\"@type\":\"ListItem\",\"position\":2,\"name\":\"bigparty\"}]},{\"@type\":\"WebSite\",\"@id\":\"https:\/\/naturalwomanhood.org\/#website\",\"url\":\"https:\/\/naturalwomanhood.org\/\",\"name\":\"Natural Womanhood\",\"description\":\"\",\"publisher\":{\"@id\":\"https:\/\/naturalwomanhood.org\/#organization\"},\"potentialAction\":[{\"@type\":\"SearchAction\",\"target\":{\"@type\":\"EntryPoint\",\"urlTemplate\":\"https:\/\/naturalwomanhood.org\/?s={search_term_string}\"},\"query-input\":{\"@type\":\"PropertyValueSpecification\",\"valueRequired\":true,\"valueName\":\"search_term_string\"}}],\"inLanguage\":\"es\"},{\"@type\":\"Organization\",\"@id\":\"https:\/\/naturalwomanhood.org\/#organization\",\"name\":\"Natural Womanhood\",\"url\":\"https:\/\/naturalwomanhood.org\/\",\"logo\":{\"@type\":\"ImageObject\",\"inLanguage\":\"es\",\"@id\":\"https:\/\/naturalwomanhood.org\/#\/schema\/logo\/image\/\",\"url\":\"\",\"contentUrl\":\"\",\"caption\":\"Natural Womanhood\"},\"image\":{\"@id\":\"https:\/\/naturalwomanhood.org\/#\/schema\/logo\/image\/\"},\"sameAs\":[\"https:\/\/www.facebook.com\/NaturalWomanhood\",\"https:\/\/x.com\/naturwomanhood\",\"https:\/\/www.instagram.com\/naturalwomanhood\/\",\"https:\/\/www.linkedin.com\/company\/natural-womanhood\/\",\"https:\/\/www.youtube.com\/channel\/UCt5gjuXYioYkx31Iq4tHLGg\"]}]}<\/script>\n<!-- \/ Yoast SEO Premium plugin. -->","yoast_head_json":{"title":"bigparty - Femineidad natural","robots":{"index":"index","follow":"follow","max-snippet":"max-snippet:-1","max-image-preview":"max-image-preview:large","max-video-preview":"max-video-preview:-1"},"canonical":"https:\/\/naturalwomanhood.org\/es\/bigparty\/","og_locale":"es_MX","og_type":"article","og_title":"bigparty","og_description":"The Big Party The Big Party is the first annual fundraising event organized by Natural Womanhood! Why do we need a fundraiser? Our goal is that all women","og_url":"https:\/\/naturalwomanhood.org\/es\/bigparty\/","og_site_name":"Natural Womanhood","article_publisher":"https:\/\/www.facebook.com\/NaturalWomanhood","article_modified_time":"2020-11-09T16:04:21+00:00","og_image":[{"url":"https:\/\/naturalwomanhood.org\/wp-content\/uploads\/Prassel-10-500x350.jpg","type":"","width":"","height":""}],"twitter_card":"summary_large_image","twitter_site":"@naturwomanhood","twitter_misc":{"Tiempo de lectura":"2 minutos"},"schema":{"@context":"https:\/\/schema.org","@graph":[{"@type":"WebPage","@id":"https:\/\/naturalwomanhood.org\/bigparty\/","url":"https:\/\/naturalwomanhood.org\/bigparty\/","name":"bigparty - Femineidad natural","isPartOf":{"@id":"https:\/\/naturalwomanhood.org\/#website"},"primaryImageOfPage":{"@id":"https:\/\/naturalwomanhood.org\/bigparty\/#primaryimage"},"image":{"@id":"https:\/\/naturalwomanhood.org\/bigparty\/#primaryimage"},"thumbnailUrl":"https:\/\/naturalwomanhood.org\/wp-content\/uploads\/Prassel-10-500x350.jpg","datePublished":"2017-10-18T01:21:10+00:00","dateModified":"2020-11-09T16:04:21+00:00","breadcrumb":{"@id":"https:\/\/naturalwomanhood.org\/bigparty\/#breadcrumb"},"inLanguage":"es","potentialAction":[{"@type":"ReadAction","target":["https:\/\/naturalwomanhood.org\/bigparty\/"]}]},{"@type":"ImageObject","inLanguage":"es","@id":"https:\/\/naturalwomanhood.org\/bigparty\/#primaryimage","url":"https:\/\/naturalwomanhood.org\/wp-content\/uploads\/Prassel-10-500x350.jpg","contentUrl":"https:\/\/naturalwomanhood.org\/wp-content\/uploads\/Prassel-10-500x350.jpg"},{"@type":"BreadcrumbList","@id":"https:\/\/naturalwomanhood.org\/bigparty\/#breadcrumb","itemListElement":[{"@type":"ListItem","position":1,"name":"Home","item":"https:\/\/naturalwomanhood.org\/"},{"@type":"ListItem","position":2,"name":"bigparty"}]},{"@type":"WebSite","@id":"https:\/\/naturalwomanhood.org\/#website","url":"https:\/\/naturalwomanhood.org\/","name":"Natural Womanhood","description":"","publisher":{"@id":"https:\/\/naturalwomanhood.org\/#organization"},"potentialAction":[{"@type":"SearchAction","target":{"@type":"EntryPoint","urlTemplate":"https:\/\/naturalwomanhood.org\/?s={search_term_string}"},"query-input":{"@type":"PropertyValueSpecification","valueRequired":true,"valueName":"search_term_string"}}],"inLanguage":"es"},{"@type":"Organization","@id":"https:\/\/naturalwomanhood.org\/#organization","name":"Natural Womanhood","url":"https:\/\/naturalwomanhood.org\/","logo":{"@type":"ImageObject","inLanguage":"es","@id":"https:\/\/naturalwomanhood.org\/#\/schema\/logo\/image\/","url":"","contentUrl":"","caption":"Natural Womanhood"},"image":{"@id":"https:\/\/naturalwomanhood.org\/#\/schema\/logo\/image\/"},"sameAs":["https:\/\/www.facebook.com\/NaturalWomanhood","https:\/\/x.com\/naturwomanhood","https:\/\/www.instagram.com\/naturalwomanhood\/","https:\/\/www.linkedin.com\/company\/natural-womanhood\/","https:\/\/www.youtube.com\/channel\/UCt5gjuXYioYkx31Iq4tHLGg"]}]}},"taxonomy_info":[],"featured_image_src_large":false,"author_info":{"display_name":"Gerard Migeon","author_link":"https:\/\/naturalwomanhood.org\/es\/author\/gerard\/"},"comment_info":0,"_links":{"self":[{"href":"https:\/\/naturalwomanhood.org\/es\/wp-json\/wp\/v2\/pages\/1888","targetHints":{"allow":["GET"]}}],"collection":[{"href":"https:\/\/naturalwomanhood.org\/es\/wp-json\/wp\/v2\/pages"}],"about":[{"href":"https:\/\/naturalwomanhood.org\/es\/wp-json\/wp\/v2\/types\/page"}],"author":[{"embeddable":true,"href":"https:\/\/naturalwomanhood.org\/es\/wp-json\/wp\/v2\/users\/2"}],"replies":[{"embeddable":true,"href":"https:\/\/naturalwomanhood.org\/es\/wp-json\/wp\/v2\/comments?post=1888"}],"version-history":[{"count":0,"href":"https:\/\/naturalwomanhood.org\/es\/wp-json\/wp\/v2\/pages\/1888\/revisions"}],"wp:attachment":[{"href":"https:\/\/naturalwomanhood.org\/es\/wp-json\/wp\/v2\/media?parent=1888"}],"curies":[{"name":"wp","href":"https:\/\/api.w.org\/{rel}","templated":true}]}}