{"id":14772,"date":"2022-04-29T09:15:55","date_gmt":"2022-04-29T14:15:55","guid":{"rendered":"https:\/\/naturalwomanhood.org\/?page_id=14772"},"modified":"2024-03-13T16:09:24","modified_gmt":"2024-03-13T21:09:24","slug":"crisis-de-la-pildora-abortiva","status":"publish","type":"page","link":"https:\/\/naturalwomanhood.org\/es\/abortion-pill-crisis\/","title":{"rendered":"Ver: La crisis de la p\u00edldora abortiva con Lila Rose"},"content":{"rendered":"<ul class=\"wp-block-list\"><\/ul>\n\n\n\n<figure class=\"wp-block-embed is-type-video is-provider-youtube wp-block-embed-youtube wp-embed-aspect-16-9 wp-has-aspect-ratio\"><div class=\"wp-block-embed__wrapper\">\n<iframe title=\"La crisis de la p\u00edldora abortiva\" width=\"1200\" height=\"675\" src=\"https:\/\/www.youtube.com\/embed\/cI3onDz8G-o?feature=oembed\" frameborder=\"0\" allow=\"accelerometer; autoplay; clipboard-write; encrypted-media; gyroscope; picture-in-picture; web-share\" allowfullscreen><\/iframe>\n<\/div><figcaption class=\"wp-element-caption\">En este seminario web de 2022, la fundadora y Presidenta de Live Action, Lila Rose, habl\u00f3 sobre los efectos secundarios y los riesgos de la p\u00edldora abortiva.  <\/figcaption><\/figure>\n\n\n\n<p>comparti\u00f3 Rose:<\/p>\n\n\n\n<ul class=\"wp-block-list\">\n<li>Historia y contexto del desarrollo de la p\u00edldora abortiva<\/li>\n\n\n\n<li>C\u00f3mo act\u00faan los dos medicamentos de la p\u00edldora abortiva<\/li>\n\n\n\n<li>Por qu\u00e9 la industria del aborto favorece el aborto farmacol\u00f3gico<\/li>\n\n\n\n<li>Riesgos para las mujeres<\/li>\n\n\n\n<li>C\u00f3mo las p\u00edldoras abortivas convierten la propia casa, dormitorio, etc. de una mujer en una cl\u00ednica abortiva<\/li>\n\n\n\n<li>Anulaci\u00f3n de la p\u00edldora abortiva (m\u00e1s sobre la anulaci\u00f3n <a href=\"https:\/\/naturalwomanhood.org\/es\/detener-un-aborto-farmacologico-con-anulacion-de-la-pildora-abortiva\/\" target=\"_blank\" rel=\"noreferrer noopener\">aqu\u00ed<\/a>)<\/li>\n<\/ul>\n\n\n\n<p><em>Esta p\u00e1gina se actualiz\u00f3 por \u00faltima vez el 13 de marzo de 2024. <\/em><\/p>","protected":false},"excerpt":{"rendered":"Rose comparti\u00f3: Esta p\u00e1gina se actualiz\u00f3 por \u00faltima vez el 13 de marzo de 2024.","protected":false},"author":1,"featured_media":0,"parent":0,"menu_order":0,"comment_status":"closed","ping_status":"closed","template":"","meta":{"_acf_changed":false,"_kad_blocks_custom_css":"","_kad_blocks_head_custom_js":"","_kad_blocks_body_custom_js":"","_kad_blocks_footer_custom_js":"","csco_singular_sidebar":"","csco_page_header_type":"","csco_page_load_nextpost":"","csco_post_video_location":[],"csco_post_video_url":"","csco_post_video_bg_start_time":0,"csco_post_video_bg_end_time":0,"footnotes":""},"class_list":{"0":"post-14772","1":"page","2":"type-page","3":"status-publish","5":"cs-entry","6":"cs-video-wrap"},"acf":[],"yoast_head":"<!-- This site is optimized with the Yoast SEO Premium plugin v27.2 (Yoast SEO v27.2) - https:\/\/yoast.com\/product\/yoast-seo-premium-wordpress\/ -->\n<title>Watch: The abortion pill crisis with Lila Rose - Natural Womanhood<\/title>\n<meta name=\"description\" content=\"-1389\" \/>\n<meta name=\"robots\" content=\"index, follow, max-snippet:-1, max-image-preview:large, max-video-preview:-1\" \/>\n<link rel=\"canonical\" href=\"https:\/\/naturalwomanhood.org\/es\/crisis-de-la-pildora-abortiva\/\" \/>\n<meta property=\"og:locale\" content=\"es_MX\" \/>\n<meta property=\"og:type\" content=\"article\" \/>\n<meta property=\"og:title\" content=\"Watch: The abortion pill crisis with Lila Rose\" \/>\n<meta property=\"og:description\" content=\"https:\/\/www.youtube.com\/watch?v=cI3onDz8G-o In this 2022 webinar, Live Action founder and President Lila Rose spoke on the side effects and risks of the\" \/>\n<meta property=\"og:url\" content=\"https:\/\/naturalwomanhood.org\/es\/crisis-de-la-pildora-abortiva\/\" \/>\n<meta property=\"og:site_name\" content=\"Natural Womanhood\" \/>\n<meta property=\"article:publisher\" content=\"https:\/\/www.facebook.com\/NaturalWomanhood\" \/>\n<meta property=\"article:modified_time\" content=\"2024-03-13T21:09:24+00:00\" \/>\n<meta property=\"og:image\" content=\"https:\/\/naturalwomanhood.org\/wp-content\/uploads\/nw-logo-social.jpg\" \/>\n\t<meta property=\"og:image:width\" content=\"1200\" \/>\n\t<meta property=\"og:image:height\" content=\"630\" \/>\n\t<meta property=\"og:image:type\" content=\"image\/jpeg\" \/>\n<meta name=\"twitter:card\" content=\"summary_large_image\" \/>\n<meta name=\"twitter:site\" content=\"@naturwomanhood\" \/>\n<meta name=\"twitter:label1\" content=\"Tiempo de lectura\" \/>\n\t<meta name=\"twitter:data1\" content=\"1 minuto\" \/>\n<script type=\"application\/ld+json\" class=\"yoast-schema-graph\">{\"@context\":\"https:\/\/schema.org\",\"@graph\":[{\"@type\":\"WebPage\",\"@id\":\"https:\/\/naturalwomanhood.org\/abortion-pill-crisis\/\",\"url\":\"https:\/\/naturalwomanhood.org\/abortion-pill-crisis\/\",\"name\":\"Watch: The abortion pill crisis with Lila Rose - Natural Womanhood\",\"isPartOf\":{\"@id\":\"https:\/\/naturalwomanhood.org\/#website\"},\"datePublished\":\"2022-04-29T14:15:55+00:00\",\"dateModified\":\"2024-03-13T21:09:24+00:00\",\"description\":\"-1389\",\"breadcrumb\":{\"@id\":\"https:\/\/naturalwomanhood.org\/abortion-pill-crisis\/#breadcrumb\"},\"inLanguage\":\"es\",\"potentialAction\":[{\"@type\":\"ReadAction\",\"target\":[\"https:\/\/naturalwomanhood.org\/abortion-pill-crisis\/\"]}]},{\"@type\":\"BreadcrumbList\",\"@id\":\"https:\/\/naturalwomanhood.org\/abortion-pill-crisis\/#breadcrumb\",\"itemListElement\":[{\"@type\":\"ListItem\",\"position\":1,\"name\":\"Home\",\"item\":\"https:\/\/naturalwomanhood.org\/\"},{\"@type\":\"ListItem\",\"position\":2,\"name\":\"Watch: The abortion pill crisis with Lila Rose\"}]},{\"@type\":\"WebSite\",\"@id\":\"https:\/\/naturalwomanhood.org\/#website\",\"url\":\"https:\/\/naturalwomanhood.org\/\",\"name\":\"Natural Womanhood\",\"description\":\"\",\"publisher\":{\"@id\":\"https:\/\/naturalwomanhood.org\/#organization\"},\"potentialAction\":[{\"@type\":\"SearchAction\",\"target\":{\"@type\":\"EntryPoint\",\"urlTemplate\":\"https:\/\/naturalwomanhood.org\/?s={search_term_string}\"},\"query-input\":{\"@type\":\"PropertyValueSpecification\",\"valueRequired\":true,\"valueName\":\"search_term_string\"}}],\"inLanguage\":\"es\"},{\"@type\":\"Organization\",\"@id\":\"https:\/\/naturalwomanhood.org\/#organization\",\"name\":\"Natural Womanhood\",\"url\":\"https:\/\/naturalwomanhood.org\/\",\"logo\":{\"@type\":\"ImageObject\",\"inLanguage\":\"es\",\"@id\":\"https:\/\/naturalwomanhood.org\/#\/schema\/logo\/image\/\",\"url\":\"\",\"contentUrl\":\"\",\"caption\":\"Natural Womanhood\"},\"image\":{\"@id\":\"https:\/\/naturalwomanhood.org\/#\/schema\/logo\/image\/\"},\"sameAs\":[\"https:\/\/www.facebook.com\/NaturalWomanhood\",\"https:\/\/x.com\/naturwomanhood\",\"https:\/\/www.instagram.com\/naturalwomanhood\/\",\"https:\/\/www.linkedin.com\/company\/natural-womanhood\/\",\"https:\/\/www.youtube.com\/channel\/UCt5gjuXYioYkx31Iq4tHLGg\"]}]}<\/script>\n<!-- \/ Yoast SEO Premium plugin. -->","yoast_head_json":{"title":"Ver: La crisis de la p\u00edldora abortiva con Lila Rose - Natural Womanhood","description":"-1389","robots":{"index":"index","follow":"follow","max-snippet":"max-snippet:-1","max-image-preview":"max-image-preview:large","max-video-preview":"max-video-preview:-1"},"canonical":"https:\/\/naturalwomanhood.org\/es\/crisis-de-la-pildora-abortiva\/","og_locale":"es_MX","og_type":"article","og_title":"Watch: The abortion pill crisis with Lila Rose","og_description":"https:\/\/www.youtube.com\/watch?v=cI3onDz8G-o In this 2022 webinar, Live Action founder and President Lila Rose spoke on the side effects and risks of the","og_url":"https:\/\/naturalwomanhood.org\/es\/crisis-de-la-pildora-abortiva\/","og_site_name":"Natural Womanhood","article_publisher":"https:\/\/www.facebook.com\/NaturalWomanhood","article_modified_time":"2024-03-13T21:09:24+00:00","og_image":[{"width":1200,"height":630,"url":"https:\/\/naturalwomanhood.org\/wp-content\/uploads\/nw-logo-social.jpg","type":"image\/jpeg"}],"twitter_card":"summary_large_image","twitter_site":"@naturwomanhood","twitter_misc":{"Tiempo de lectura":"1 minuto"},"schema":{"@context":"https:\/\/schema.org","@graph":[{"@type":"WebPage","@id":"https:\/\/naturalwomanhood.org\/abortion-pill-crisis\/","url":"https:\/\/naturalwomanhood.org\/abortion-pill-crisis\/","name":"Ver: La crisis de la p\u00edldora abortiva con Lila Rose - Natural Womanhood","isPartOf":{"@id":"https:\/\/naturalwomanhood.org\/#website"},"datePublished":"2022-04-29T14:15:55+00:00","dateModified":"2024-03-13T21:09:24+00:00","description":"-1389","breadcrumb":{"@id":"https:\/\/naturalwomanhood.org\/abortion-pill-crisis\/#breadcrumb"},"inLanguage":"es","potentialAction":[{"@type":"ReadAction","target":["https:\/\/naturalwomanhood.org\/abortion-pill-crisis\/"]}]},{"@type":"BreadcrumbList","@id":"https:\/\/naturalwomanhood.org\/abortion-pill-crisis\/#breadcrumb","itemListElement":[{"@type":"ListItem","position":1,"name":"Home","item":"https:\/\/naturalwomanhood.org\/"},{"@type":"ListItem","position":2,"name":"Watch: The abortion pill crisis with Lila Rose"}]},{"@type":"WebSite","@id":"https:\/\/naturalwomanhood.org\/#website","url":"https:\/\/naturalwomanhood.org\/","name":"Natural Womanhood","description":"","publisher":{"@id":"https:\/\/naturalwomanhood.org\/#organization"},"potentialAction":[{"@type":"SearchAction","target":{"@type":"EntryPoint","urlTemplate":"https:\/\/naturalwomanhood.org\/?s={search_term_string}"},"query-input":{"@type":"PropertyValueSpecification","valueRequired":true,"valueName":"search_term_string"}}],"inLanguage":"es"},{"@type":"Organization","@id":"https:\/\/naturalwomanhood.org\/#organization","name":"Natural Womanhood","url":"https:\/\/naturalwomanhood.org\/","logo":{"@type":"ImageObject","inLanguage":"es","@id":"https:\/\/naturalwomanhood.org\/#\/schema\/logo\/image\/","url":"","contentUrl":"","caption":"Natural Womanhood"},"image":{"@id":"https:\/\/naturalwomanhood.org\/#\/schema\/logo\/image\/"},"sameAs":["https:\/\/www.facebook.com\/NaturalWomanhood","https:\/\/x.com\/naturwomanhood","https:\/\/www.instagram.com\/naturalwomanhood\/","https:\/\/www.linkedin.com\/company\/natural-womanhood\/","https:\/\/www.youtube.com\/channel\/UCt5gjuXYioYkx31Iq4tHLGg"]}]}},"taxonomy_info":[],"featured_image_src_large":false,"author_info":{"display_name":"Natural Womanhood","author_link":"https:\/\/naturalwomanhood.org\/es\/author\/fiatadmin\/"},"comment_info":0,"_links":{"self":[{"href":"https:\/\/naturalwomanhood.org\/es\/wp-json\/wp\/v2\/pages\/14772","targetHints":{"allow":["GET"]}}],"collection":[{"href":"https:\/\/naturalwomanhood.org\/es\/wp-json\/wp\/v2\/pages"}],"about":[{"href":"https:\/\/naturalwomanhood.org\/es\/wp-json\/wp\/v2\/types\/page"}],"author":[{"embeddable":true,"href":"https:\/\/naturalwomanhood.org\/es\/wp-json\/wp\/v2\/users\/1"}],"replies":[{"embeddable":true,"href":"https:\/\/naturalwomanhood.org\/es\/wp-json\/wp\/v2\/comments?post=14772"}],"version-history":[{"count":0,"href":"https:\/\/naturalwomanhood.org\/es\/wp-json\/wp\/v2\/pages\/14772\/revisions"}],"wp:attachment":[{"href":"https:\/\/naturalwomanhood.org\/es\/wp-json\/wp\/v2\/media?parent=14772"}],"curies":[{"name":"wp","href":"https:\/\/api.w.org\/{rel}","templated":true}]}}