{"id":11904,"date":"2021-06-22T16:42:13","date_gmt":"2021-06-22T21:42:13","guid":{"rendered":"https:\/\/naturalwomanhood.org\/?page_id=11904"},"modified":"2023-03-29T07:58:41","modified_gmt":"2023-03-29T12:58:41","slug":"donar-2","status":"publish","type":"page","link":"https:\/\/naturalwomanhood.org\/es\/donar\/","title":{"rendered":"Donar"},"content":{"rendered":"<p>Gracias por ayudarnos en nuestra misi\u00f3n de mejorar la alfabetizaci\u00f3n sobre salud de las mujeres, ayudarlas a comprender su propio ciclo de fertilidad natural y descubrir formas m\u00e1s saludables de evitar o lograr el embarazo.<\/p>\n\n\n\n<p>Como organizaci\u00f3n sin fines de lucro 501c3, Natural Womanhood depende de la generosidad de fundaciones, patrocinadores corporativos y donantes individuales.<\/p>\n\n\n\n<p>Su donaci\u00f3n se destinar\u00e1 a crear contenido educativo informativo y a promoverlo para que las mujeres y parejas que buscan alternativas a los anticonceptivos puedan encontrarlas. Tambi\u00e9n nos ayudar\u00e1 a educar, alentar y empoderar a mujeres y hombres para que se conviertan en agentes de cambio, de modo que todas las mujeres en los Estados Unidos y el mundo puedan recuperar su condici\u00f3n de feminidad natural.<\/p>\n\n\n\n<p>Si desea enviar su donaci\u00f3n por correo, <a href=\"https:\/\/naturalwomanhood.org\/wp-content\/uploads\/pledge_2020.pdf\" target=\"_blank\" rel=\"noreferrer noopener\">por favor abra este archivo PDF<\/a> y env\u00edelo por correo a Natural Womanhood, P.O. Box 780374, San Antonio, TX 78278.<\/p>\n\n\n\n<div class=\"accordion fi-accordion mb-5\" id=\"faq-block_796b75625bcd6280fd9f6e6b895bd11d\">\n  <div class=\"card\">\n    <div class=\"card-header\">\n      <h2 id=\"donacion-unica\" class=\"mb-0\">\n        <button class=\"btn btn-link btn-block justify-content-between d-flex align-items-center\" type=\"button\" data-toggle=\"collapse\" data-target=\"#faq_faq-block_796b75625bcd6280fd9f6e6b895bd11d_1\" aria-expanded=\"false\">\n          Donaci\u00f3n \u00fanica <i class=\"fas fa-chevron-circle-right float-right has-red-color\" data-fa-transform=\"grow-9\"><\/i><i class=\"fas fa-chevron-circle-down float-right has-red-color\" data-fa-transform=\"grow-9\"><\/i>\n        <\/button>\n      <\/h2>\n    <\/div>\n\n    <div id=\"faq_faq-block_796b75625bcd6280fd9f6e6b895bd11d_1\" class=\"collapse\" data-parent=\"#faq-block_796b75625bcd6280fd9f6e6b895bd11d\">\n      <div class=\"card-body\">\n        \n      <\/div>\n    <\/div>\n  <\/div>\n  <div class=\"card\">\n    <div class=\"card-header\">\n      <h2 id=\"donacion-mensual\" class=\"mb-0\">\n        <button class=\"btn btn-link btn-block justify-content-between d-flex align-items-center\" type=\"button\" data-toggle=\"collapse\" data-target=\"#faq_faq-block_796b75625bcd6280fd9f6e6b895bd11d_2\" aria-expanded=\"false\">\n          Donaci\u00f3n mensual <i class=\"fas fa-chevron-circle-right float-right has-red-color\" data-fa-transform=\"grow-9\"><\/i><i class=\"fas fa-chevron-circle-down float-right has-red-color\" data-fa-transform=\"grow-9\"><\/i>\n        <\/button>\n      <\/h2>\n    <\/div>\n\n    <div id=\"faq_faq-block_796b75625bcd6280fd9f6e6b895bd11d_2\" class=\"collapse\" data-parent=\"#faq-block_796b75625bcd6280fd9f6e6b895bd11d\">\n      <div class=\"card-body\">\n        \n      <\/div>\n    <\/div>\n  <\/div>\n<\/div>\n\n\n\n<p>Tambi\u00e9n puede contribuir a Natural Womanhood cuando compre en Amazon Smile: simplemente haga clic <a href=\"https:\/\/smile.amazon.com\/ch\/46-1289199\">en este enlace<\/a> y siga las instrucciones.<\/p>\n\n\n\n<div id=\"amznCharityBanner\"><script type=\"text\/javascript\">(function() {var iFrame = document.createElement('iframe'); iFrame.style.display = 'none'; iFrame.style.border = \"none\"; iFrame.width = 310; iFrame.height = 256; iFrame.setAttribute && iFrame.setAttribute('scrolling', 'no'); iFrame.setAttribute('frameborder', '0'); setTimeout(function() {var contents = (iFrame.contentWindow) ? iFrame.contentWindow : (iFrame.contentDocument.document) ? iFrame.contentDocument.document : iFrame.contentDocument; contents.document.open(); contents.document.write(decodeURIComponent(\"%3Cdiv%20id%3D%22amznCharityBannerInner%22%3E%3Ca%20href%3D%22https%3A%2F%2Fsmile.amazon.com%2Fch%2F46-1289199%22%20target%3D%22_blank%22%3E%3Cdiv%20class%3D%22text%22%20height%3D%22%22%3E%3Cdiv%20class%3D%22support-wrapper%22%3E%3Cdiv%20class%3D%22support%22%20style%3D%22font-size%3A%2025px%3B%20line-height%3A%2028px%3B%20margin-top%3A%2015px%3B%20margin-bottom%3A%2015px%3B%22%3ESupport%20%3Cspan%20id%3D%22charity-name%22%20style%3D%22display%3A%20inline-block%3B%22%3ENatural%20Womanhood.%3C%2Fspan%3E%3C%2Fdiv%3E%3C%2Fdiv%3E%3Cp%20class%3D%22when-shop%22%3EWhen%20you%20shop%20at%20%3Cb%3Esmile.amazon.com%2C%3C%2Fb%3E%3C%2Fp%3E%3Cp%20class%3D%22donates%22%3EAmazon%20donates.%3C%2Fp%3E%3C%2Fdiv%3E%3C%2Fa%3E%3C%2Fdiv%3E%3Cstyle%3E%23amznCharityBannerInner%7Bbackground-image%3Aurl(https%3A%2F%2Fimages-na.ssl-images-amazon.com%2Fimages%2FG%2F01%2Fx-locale%2Fpaladin%2Fcharitycentral%2Fbanner-background-image._CB309675353_.png)%3Bwidth%3A300px%3Bheight%3A250px%3Bposition%3Arelative%7D%23amznCharityBannerInner%20a%7Bdisplay%3Ablock%3Bwidth%3A100%25%3Bheight%3A100%25%3Bposition%3Arelative%3Bcolor%3A%23000%3Btext-decoration%3Anone%7D.text%7Bposition%3Aabsolute%3Btop%3A20px%3Bleft%3A15px%3Bright%3A15px%3Bbottom%3A100px%7D.support-wrapper%7Boverflow%3Ahidden%3Bmax-height%3A86px%7D.support%7Bfont-family%3AArial%2Csans%3Bfont-weight%3A700%3Bline-height%3A28px%3Bfont-size%3A25px%3Bcolor%3A%23333%3Btext-align%3Acenter%3Bmargin%3A0%3Bpadding%3A0%3Bbackground%3A0%200%7D.when-shop%7Bfont-family%3AArial%2Csans%3Bfont-size%3A15px%3Bfont-weight%3A400%3Bline-height%3A25px%3Bcolor%3A%23333%3Btext-align%3Acenter%3Bmargin%3A0%3Bpadding%3A0%3Bbackground%3A0%200%7D.donates%7Bfont-family%3AArial%2Csans%3Bfont-size%3A15px%3Bfont-weight%3A400%3Bline-height%3A21px%3Bcolor%3A%23333%3Btext-align%3Acenter%3Bmargin%3A0%3Bpadding%3A0%3Bbackground%3A0%200%7D%3C%2Fstyle%3E\")); contents.document.close(); iFrame.style.display = 'block';}); document.getElementById('amznCharityBanner').appendChild(iFrame); })(); <\/script>\n<p>&nbsp;<\/p>\n<\/div>","protected":false},"excerpt":{"rendered":"Gracias por ayudarnos en nuestra misi\u00f3n de mejorar la alfabetizaci\u00f3n sobre salud de las mujeres, ayudarlas a comprender...","protected":false},"author":1,"featured_media":0,"parent":0,"menu_order":0,"comment_status":"closed","ping_status":"closed","template":"","meta":{"_acf_changed":false,"_kad_blocks_custom_css":"","_kad_blocks_head_custom_js":"","_kad_blocks_body_custom_js":"","_kad_blocks_footer_custom_js":"","csco_singular_sidebar":"","csco_page_header_type":"","csco_page_load_nextpost":"","csco_post_video_location":[],"csco_post_video_url":"","csco_post_video_bg_start_time":0,"csco_post_video_bg_end_time":0,"footnotes":""},"class_list":{"0":"post-11904","1":"page","2":"type-page","3":"status-publish","5":"cs-entry","6":"cs-video-wrap"},"acf":[],"yoast_head":"<!-- This site is optimized with the Yoast SEO Premium plugin v27.2 (Yoast SEO v27.2) - https:\/\/yoast.com\/product\/yoast-seo-premium-wordpress\/ -->\n<title>Donar - Natural Womanhood<\/title>\n<meta name=\"robots\" content=\"index, follow, max-snippet:-1, max-image-preview:large, max-video-preview:-1\" \/>\n<link rel=\"canonical\" href=\"https:\/\/naturalwomanhood.org\/es\/donar\/\" \/>\n<meta property=\"og:locale\" content=\"es_MX\" \/>\n<meta property=\"og:type\" content=\"article\" \/>\n<meta property=\"og:title\" content=\"Donar\" \/>\n<meta property=\"og:description\" content=\"Gracias por ayudarnos en nuestra misi\u00f3n de mejorar la alfabetizaci\u00f3n sobre salud de las mujeres, ayudarlas a comprender su propio ciclo de fertilidad\" \/>\n<meta property=\"og:url\" content=\"https:\/\/naturalwomanhood.org\/es\/donar\/\" \/>\n<meta property=\"og:site_name\" content=\"Natural Womanhood\" \/>\n<meta property=\"article:publisher\" content=\"https:\/\/www.facebook.com\/NaturalWomanhood\" \/>\n<meta property=\"article:modified_time\" content=\"2023-03-29T12:58:41+00:00\" \/>\n<meta property=\"og:image\" content=\"https:\/\/naturalwomanhood.org\/wp-content\/uploads\/nw-logo-social.jpg\" \/>\n\t<meta property=\"og:image:width\" content=\"1200\" \/>\n\t<meta property=\"og:image:height\" content=\"630\" \/>\n\t<meta property=\"og:image:type\" content=\"image\/jpeg\" \/>\n<meta name=\"twitter:card\" content=\"summary_large_image\" \/>\n<meta name=\"twitter:site\" content=\"@naturwomanhood\" \/>\n<meta name=\"twitter:label1\" content=\"Tiempo de lectura\" \/>\n\t<meta name=\"twitter:data1\" content=\"1 minuto\" \/>\n<script type=\"application\/ld+json\" class=\"yoast-schema-graph\">{\"@context\":\"https:\/\/schema.org\",\"@graph\":[{\"@type\":\"WebPage\",\"@id\":\"https:\/\/naturalwomanhood.org\/es\/donar\/\",\"url\":\"https:\/\/naturalwomanhood.org\/es\/donar\/\",\"name\":\"Donar - Natural Womanhood\",\"isPartOf\":{\"@id\":\"https:\/\/naturalwomanhood.org\/#website\"},\"datePublished\":\"2021-06-22T21:42:13+00:00\",\"dateModified\":\"2023-03-29T12:58:41+00:00\",\"breadcrumb\":{\"@id\":\"https:\/\/naturalwomanhood.org\/es\/donar\/#breadcrumb\"},\"inLanguage\":\"es\",\"potentialAction\":[{\"@type\":\"ReadAction\",\"target\":[\"https:\/\/naturalwomanhood.org\/es\/donar\/\"]}]},{\"@type\":\"BreadcrumbList\",\"@id\":\"https:\/\/naturalwomanhood.org\/es\/donar\/#breadcrumb\",\"itemListElement\":[{\"@type\":\"ListItem\",\"position\":1,\"name\":\"Home\",\"item\":\"https:\/\/naturalwomanhood.org\/\"},{\"@type\":\"ListItem\",\"position\":2,\"name\":\"Donar\"}]},{\"@type\":\"WebSite\",\"@id\":\"https:\/\/naturalwomanhood.org\/#website\",\"url\":\"https:\/\/naturalwomanhood.org\/\",\"name\":\"Natural Womanhood\",\"description\":\"\",\"publisher\":{\"@id\":\"https:\/\/naturalwomanhood.org\/#organization\"},\"potentialAction\":[{\"@type\":\"SearchAction\",\"target\":{\"@type\":\"EntryPoint\",\"urlTemplate\":\"https:\/\/naturalwomanhood.org\/?s={search_term_string}\"},\"query-input\":{\"@type\":\"PropertyValueSpecification\",\"valueRequired\":true,\"valueName\":\"search_term_string\"}}],\"inLanguage\":\"es\"},{\"@type\":\"Organization\",\"@id\":\"https:\/\/naturalwomanhood.org\/#organization\",\"name\":\"Natural Womanhood\",\"url\":\"https:\/\/naturalwomanhood.org\/\",\"logo\":{\"@type\":\"ImageObject\",\"inLanguage\":\"es\",\"@id\":\"https:\/\/naturalwomanhood.org\/#\/schema\/logo\/image\/\",\"url\":\"\",\"contentUrl\":\"\",\"caption\":\"Natural Womanhood\"},\"image\":{\"@id\":\"https:\/\/naturalwomanhood.org\/#\/schema\/logo\/image\/\"},\"sameAs\":[\"https:\/\/www.facebook.com\/NaturalWomanhood\",\"https:\/\/x.com\/naturwomanhood\",\"https:\/\/www.instagram.com\/naturalwomanhood\/\",\"https:\/\/www.linkedin.com\/company\/natural-womanhood\/\",\"https:\/\/www.youtube.com\/channel\/UCt5gjuXYioYkx31Iq4tHLGg\"]}]}<\/script>\n<!-- \/ Yoast SEO Premium plugin. -->","yoast_head_json":{"title":"Donar - Femineidad natural","robots":{"index":"index","follow":"follow","max-snippet":"max-snippet:-1","max-image-preview":"max-image-preview:large","max-video-preview":"max-video-preview:-1"},"canonical":"https:\/\/naturalwomanhood.org\/es\/donar\/","og_locale":"es_MX","og_type":"article","og_title":"Donar","og_description":"Gracias por ayudarnos en nuestra misi\u00f3n de mejorar la alfabetizaci\u00f3n sobre salud de las mujeres, ayudarlas a comprender su propio ciclo de fertilidad","og_url":"https:\/\/naturalwomanhood.org\/es\/donar\/","og_site_name":"Natural Womanhood","article_publisher":"https:\/\/www.facebook.com\/NaturalWomanhood","article_modified_time":"2023-03-29T12:58:41+00:00","og_image":[{"width":1200,"height":630,"url":"https:\/\/naturalwomanhood.org\/wp-content\/uploads\/nw-logo-social.jpg","type":"image\/jpeg"}],"twitter_card":"summary_large_image","twitter_site":"@naturwomanhood","twitter_misc":{"Tiempo de lectura":"1 minuto"},"schema":{"@context":"https:\/\/schema.org","@graph":[{"@type":"WebPage","@id":"https:\/\/naturalwomanhood.org\/es\/donar\/","url":"https:\/\/naturalwomanhood.org\/es\/donar\/","name":"Donar - Femineidad natural","isPartOf":{"@id":"https:\/\/naturalwomanhood.org\/#website"},"datePublished":"2021-06-22T21:42:13+00:00","dateModified":"2023-03-29T12:58:41+00:00","breadcrumb":{"@id":"https:\/\/naturalwomanhood.org\/es\/donar\/#breadcrumb"},"inLanguage":"es","potentialAction":[{"@type":"ReadAction","target":["https:\/\/naturalwomanhood.org\/es\/donar\/"]}]},{"@type":"BreadcrumbList","@id":"https:\/\/naturalwomanhood.org\/es\/donar\/#breadcrumb","itemListElement":[{"@type":"ListItem","position":1,"name":"Home","item":"https:\/\/naturalwomanhood.org\/"},{"@type":"ListItem","position":2,"name":"Donar"}]},{"@type":"WebSite","@id":"https:\/\/naturalwomanhood.org\/#website","url":"https:\/\/naturalwomanhood.org\/","name":"Natural Womanhood","description":"","publisher":{"@id":"https:\/\/naturalwomanhood.org\/#organization"},"potentialAction":[{"@type":"SearchAction","target":{"@type":"EntryPoint","urlTemplate":"https:\/\/naturalwomanhood.org\/?s={search_term_string}"},"query-input":{"@type":"PropertyValueSpecification","valueRequired":true,"valueName":"search_term_string"}}],"inLanguage":"es"},{"@type":"Organization","@id":"https:\/\/naturalwomanhood.org\/#organization","name":"Natural Womanhood","url":"https:\/\/naturalwomanhood.org\/","logo":{"@type":"ImageObject","inLanguage":"es","@id":"https:\/\/naturalwomanhood.org\/#\/schema\/logo\/image\/","url":"","contentUrl":"","caption":"Natural Womanhood"},"image":{"@id":"https:\/\/naturalwomanhood.org\/#\/schema\/logo\/image\/"},"sameAs":["https:\/\/www.facebook.com\/NaturalWomanhood","https:\/\/x.com\/naturwomanhood","https:\/\/www.instagram.com\/naturalwomanhood\/","https:\/\/www.linkedin.com\/company\/natural-womanhood\/","https:\/\/www.youtube.com\/channel\/UCt5gjuXYioYkx31Iq4tHLGg"]}]}},"taxonomy_info":[],"featured_image_src_large":false,"author_info":{"display_name":"Natural Womanhood","author_link":"https:\/\/naturalwomanhood.org\/es\/author\/fiatadmin\/"},"comment_info":0,"_links":{"self":[{"href":"https:\/\/naturalwomanhood.org\/es\/wp-json\/wp\/v2\/pages\/11904","targetHints":{"allow":["GET"]}}],"collection":[{"href":"https:\/\/naturalwomanhood.org\/es\/wp-json\/wp\/v2\/pages"}],"about":[{"href":"https:\/\/naturalwomanhood.org\/es\/wp-json\/wp\/v2\/types\/page"}],"author":[{"embeddable":true,"href":"https:\/\/naturalwomanhood.org\/es\/wp-json\/wp\/v2\/users\/1"}],"replies":[{"embeddable":true,"href":"https:\/\/naturalwomanhood.org\/es\/wp-json\/wp\/v2\/comments?post=11904"}],"version-history":[{"count":0,"href":"https:\/\/naturalwomanhood.org\/es\/wp-json\/wp\/v2\/pages\/11904\/revisions"}],"wp:attachment":[{"href":"https:\/\/naturalwomanhood.org\/es\/wp-json\/wp\/v2\/media?parent=11904"}],"curies":[{"name":"wp","href":"https:\/\/api.w.org\/{rel}","templated":true}]}}