{"id":10859,"date":"2020-11-09T13:08:06","date_gmt":"2020-11-09T19:08:06","guid":{"rendered":"https:\/\/naturalwomanhood.org\/?page_id=10859"},"modified":"2026-02-17T17:31:34","modified_gmt":"2026-02-17T23:31:34","slug":"nuestro-impacto","status":"publish","type":"page","link":"https:\/\/naturalwomanhood.org\/es\/our-impact\/","title":{"rendered":"Nuestro impacto"},"content":{"rendered":"<div class=\"wp-block-image\">\n<figure class=\"aligncenter size-large\"><img decoding=\"async\" src=\"https:\/\/naturalwomanhood.org\/wp-content\/uploads\/impact-page-1-464x1024.jpg\" alt=\"\" class=\"wp-image-14182\"\/><\/figure>\n<\/div>\n\n<div class=\"wp-block-image\">\n<figure class=\"aligncenter size-large is-resized\"><img fetchpriority=\"high\" decoding=\"async\" width=\"791\" height=\"1024\" src=\"https:\/\/naturalwomanhood.org\/wp-content\/uploads\/2025-Impact-Report2.3-01-791x1024.png\" alt=\"\" class=\"wp-image-24059\" style=\"width:642px;height:auto\" srcset=\"https:\/\/naturalwomanhood.org\/wp-content\/uploads\/2025-Impact-Report2.3-01-791x1024.png 791w, https:\/\/naturalwomanhood.org\/wp-content\/uploads\/2025-Impact-Report2.3-01-232x300.png 232w, https:\/\/naturalwomanhood.org\/wp-content\/uploads\/2025-Impact-Report2.3-01-768x994.png 768w, https:\/\/naturalwomanhood.org\/wp-content\/uploads\/2025-Impact-Report2.3-01-1187x1536.png 1187w, https:\/\/naturalwomanhood.org\/wp-content\/uploads\/2025-Impact-Report2.3-01-1583x2048.png 1583w, https:\/\/naturalwomanhood.org\/wp-content\/uploads\/2025-Impact-Report2.3-01-9x12.png 9w, https:\/\/naturalwomanhood.org\/wp-content\/uploads\/2025-Impact-Report2.3-01-380x492.png 380w, https:\/\/naturalwomanhood.org\/wp-content\/uploads\/2025-Impact-Report2.3-01-800x1035.png 800w, https:\/\/naturalwomanhood.org\/wp-content\/uploads\/2025-Impact-Report2.3-01-1160x1501.png 1160w, https:\/\/naturalwomanhood.org\/wp-content\/uploads\/2025-Impact-Report2.3-01-scaled.png 1978w\" sizes=\"(max-width: 791px) 100vw, 791px\" \/><\/figure>\n<\/div>\n\n<div class=\"wp-block-image\">\n<figure class=\"aligncenter size-large is-resized\"><img decoding=\"async\" width=\"791\" height=\"1024\" src=\"https:\/\/naturalwomanhood.org\/wp-content\/uploads\/2025-Impact-Report-Jan-26-02-791x1024.png\" alt=\"\" class=\"wp-image-23992\" style=\"width:642px;height:auto\" srcset=\"https:\/\/naturalwomanhood.org\/wp-content\/uploads\/2025-Impact-Report-Jan-26-02-791x1024.png 791w, https:\/\/naturalwomanhood.org\/wp-content\/uploads\/2025-Impact-Report-Jan-26-02-232x300.png 232w, https:\/\/naturalwomanhood.org\/wp-content\/uploads\/2025-Impact-Report-Jan-26-02-768x994.png 768w, https:\/\/naturalwomanhood.org\/wp-content\/uploads\/2025-Impact-Report-Jan-26-02-1187x1536.png 1187w, https:\/\/naturalwomanhood.org\/wp-content\/uploads\/2025-Impact-Report-Jan-26-02-1583x2048.png 1583w, https:\/\/naturalwomanhood.org\/wp-content\/uploads\/2025-Impact-Report-Jan-26-02-9x12.png 9w, https:\/\/naturalwomanhood.org\/wp-content\/uploads\/2025-Impact-Report-Jan-26-02-380x492.png 380w, https:\/\/naturalwomanhood.org\/wp-content\/uploads\/2025-Impact-Report-Jan-26-02-800x1035.png 800w, https:\/\/naturalwomanhood.org\/wp-content\/uploads\/2025-Impact-Report-Jan-26-02-1160x1501.png 1160w, https:\/\/naturalwomanhood.org\/wp-content\/uploads\/2025-Impact-Report-Jan-26-02-scaled.png 1978w\" sizes=\"(max-width: 791px) 100vw, 791px\" \/><\/figure>\n<\/div>\n\n\n<p><\/p>","protected":false},"excerpt":{"rendered":"","protected":false},"author":1,"featured_media":0,"parent":0,"menu_order":0,"comment_status":"closed","ping_status":"closed","template":"","meta":{"_acf_changed":false,"_kad_blocks_custom_css":"","_kad_blocks_head_custom_js":"","_kad_blocks_body_custom_js":"","_kad_blocks_footer_custom_js":"","csco_singular_sidebar":"","csco_page_header_type":"","csco_page_load_nextpost":"","csco_post_video_location":[],"csco_post_video_url":"","csco_post_video_bg_start_time":0,"csco_post_video_bg_end_time":0,"footnotes":""},"class_list":{"0":"post-10859","1":"page","2":"type-page","3":"status-publish","5":"cs-entry","6":"cs-video-wrap"},"acf":[],"yoast_head":"<!-- This site is optimized with the Yoast SEO Premium plugin v27.2 (Yoast SEO v27.2) - https:\/\/yoast.com\/product\/yoast-seo-premium-wordpress\/ -->\n<title>The Natural Womanhood Impact - Natural Womanhood<\/title>\n<meta name=\"description\" content=\"Find out the real-world impact Natural Womanhood is having on fertility awareness education, authentic reproductive health, and body literacy.\" \/>\n<meta name=\"robots\" content=\"index, follow, max-snippet:-1, max-image-preview:large, max-video-preview:-1\" \/>\n<link rel=\"canonical\" href=\"https:\/\/naturalwomanhood.org\/es\/nuestro-impacto\/\" \/>\n<meta property=\"og:locale\" content=\"es_MX\" \/>\n<meta property=\"og:type\" content=\"article\" \/>\n<meta property=\"og:title\" content=\"Our Impact\" \/>\n<meta property=\"og:url\" content=\"https:\/\/naturalwomanhood.org\/es\/nuestro-impacto\/\" \/>\n<meta property=\"og:site_name\" content=\"Natural Womanhood\" \/>\n<meta property=\"article:publisher\" content=\"https:\/\/www.facebook.com\/NaturalWomanhood\" \/>\n<meta property=\"article:modified_time\" content=\"2026-02-17T23:31:34+00:00\" \/>\n<meta property=\"og:image\" content=\"https:\/\/naturalwomanhood.org\/wp-content\/uploads\/impact-page-1-1-1-1-1.jpg\" \/>\n\t<meta property=\"og:image:width\" content=\"1123\" \/>\n\t<meta property=\"og:image:height\" content=\"2481\" \/>\n\t<meta property=\"og:image:type\" content=\"image\/jpeg\" \/>\n<meta name=\"twitter:card\" content=\"summary_large_image\" \/>\n<meta name=\"twitter:site\" content=\"@naturwomanhood\" \/>\n<meta name=\"twitter:label1\" content=\"Tiempo de lectura\" \/>\n\t<meta name=\"twitter:data1\" content=\"1 minuto\" \/>\n<script type=\"application\/ld+json\" class=\"yoast-schema-graph\">{\"@context\":\"https:\/\/schema.org\",\"@graph\":[{\"@type\":\"WebPage\",\"@id\":\"https:\/\/naturalwomanhood.org\/our-impact\/\",\"url\":\"https:\/\/naturalwomanhood.org\/our-impact\/\",\"name\":\"The Natural Womanhood Impact - Natural Womanhood\",\"isPartOf\":{\"@id\":\"https:\/\/naturalwomanhood.org\/#website\"},\"primaryImageOfPage\":{\"@id\":\"https:\/\/naturalwomanhood.org\/our-impact\/#primaryimage\"},\"image\":{\"@id\":\"https:\/\/naturalwomanhood.org\/our-impact\/#primaryimage\"},\"thumbnailUrl\":\"https:\/\/naturalwomanhood.org\/wp-content\/uploads\/impact-page-1-464x1024.jpg\",\"datePublished\":\"2020-11-09T19:08:06+00:00\",\"dateModified\":\"2026-02-17T23:31:34+00:00\",\"description\":\"Find out the real-world impact Natural Womanhood is having on fertility awareness education, authentic reproductive health, and body literacy.\",\"breadcrumb\":{\"@id\":\"https:\/\/naturalwomanhood.org\/our-impact\/#breadcrumb\"},\"inLanguage\":\"es\",\"potentialAction\":[{\"@type\":\"ReadAction\",\"target\":[\"https:\/\/naturalwomanhood.org\/our-impact\/\"]}]},{\"@type\":\"ImageObject\",\"inLanguage\":\"es\",\"@id\":\"https:\/\/naturalwomanhood.org\/our-impact\/#primaryimage\",\"url\":\"https:\/\/naturalwomanhood.org\/wp-content\/uploads\/impact-page-1-464x1024.jpg\",\"contentUrl\":\"https:\/\/naturalwomanhood.org\/wp-content\/uploads\/impact-page-1-464x1024.jpg\"},{\"@type\":\"BreadcrumbList\",\"@id\":\"https:\/\/naturalwomanhood.org\/our-impact\/#breadcrumb\",\"itemListElement\":[{\"@type\":\"ListItem\",\"position\":1,\"name\":\"Home\",\"item\":\"https:\/\/naturalwomanhood.org\/\"},{\"@type\":\"ListItem\",\"position\":2,\"name\":\"Our Impact\"}]},{\"@type\":\"WebSite\",\"@id\":\"https:\/\/naturalwomanhood.org\/#website\",\"url\":\"https:\/\/naturalwomanhood.org\/\",\"name\":\"Natural Womanhood\",\"description\":\"\",\"publisher\":{\"@id\":\"https:\/\/naturalwomanhood.org\/#organization\"},\"potentialAction\":[{\"@type\":\"SearchAction\",\"target\":{\"@type\":\"EntryPoint\",\"urlTemplate\":\"https:\/\/naturalwomanhood.org\/?s={search_term_string}\"},\"query-input\":{\"@type\":\"PropertyValueSpecification\",\"valueRequired\":true,\"valueName\":\"search_term_string\"}}],\"inLanguage\":\"es\"},{\"@type\":\"Organization\",\"@id\":\"https:\/\/naturalwomanhood.org\/#organization\",\"name\":\"Natural Womanhood\",\"url\":\"https:\/\/naturalwomanhood.org\/\",\"logo\":{\"@type\":\"ImageObject\",\"inLanguage\":\"es\",\"@id\":\"https:\/\/naturalwomanhood.org\/#\/schema\/logo\/image\/\",\"url\":\"\",\"contentUrl\":\"\",\"caption\":\"Natural Womanhood\"},\"image\":{\"@id\":\"https:\/\/naturalwomanhood.org\/#\/schema\/logo\/image\/\"},\"sameAs\":[\"https:\/\/www.facebook.com\/NaturalWomanhood\",\"https:\/\/x.com\/naturwomanhood\",\"https:\/\/www.instagram.com\/naturalwomanhood\/\",\"https:\/\/www.linkedin.com\/company\/natural-womanhood\/\",\"https:\/\/www.youtube.com\/channel\/UCt5gjuXYioYkx31Iq4tHLGg\"]}]}<\/script>\n<!-- \/ Yoast SEO Premium plugin. -->","yoast_head_json":{"title":"El impacto de la feminidad natural - Natural Womanhood","description":"Descubra el impacto real que Natural Womanhood est\u00e1 teniendo en la educaci\u00f3n sobre la fertilidad, la aut\u00e9ntica salud reproductiva y la educaci\u00f3n sobre el cuerpo.","robots":{"index":"index","follow":"follow","max-snippet":"max-snippet:-1","max-image-preview":"max-image-preview:large","max-video-preview":"max-video-preview:-1"},"canonical":"https:\/\/naturalwomanhood.org\/es\/nuestro-impacto\/","og_locale":"es_MX","og_type":"article","og_title":"Our Impact","og_url":"https:\/\/naturalwomanhood.org\/es\/nuestro-impacto\/","og_site_name":"Natural Womanhood","article_publisher":"https:\/\/www.facebook.com\/NaturalWomanhood","article_modified_time":"2026-02-17T23:31:34+00:00","og_image":[{"width":1123,"height":2481,"url":"https:\/\/naturalwomanhood.org\/wp-content\/uploads\/impact-page-1-1-1-1-1.jpg","type":"image\/jpeg"}],"twitter_card":"summary_large_image","twitter_site":"@naturwomanhood","twitter_misc":{"Tiempo de lectura":"1 minuto"},"schema":{"@context":"https:\/\/schema.org","@graph":[{"@type":"WebPage","@id":"https:\/\/naturalwomanhood.org\/our-impact\/","url":"https:\/\/naturalwomanhood.org\/our-impact\/","name":"El impacto de la feminidad natural - Natural Womanhood","isPartOf":{"@id":"https:\/\/naturalwomanhood.org\/#website"},"primaryImageOfPage":{"@id":"https:\/\/naturalwomanhood.org\/our-impact\/#primaryimage"},"image":{"@id":"https:\/\/naturalwomanhood.org\/our-impact\/#primaryimage"},"thumbnailUrl":"https:\/\/naturalwomanhood.org\/wp-content\/uploads\/impact-page-1-464x1024.jpg","datePublished":"2020-11-09T19:08:06+00:00","dateModified":"2026-02-17T23:31:34+00:00","description":"Descubra el impacto real que Natural Womanhood est\u00e1 teniendo en la educaci\u00f3n sobre la fertilidad, la aut\u00e9ntica salud reproductiva y la educaci\u00f3n sobre el cuerpo.","breadcrumb":{"@id":"https:\/\/naturalwomanhood.org\/our-impact\/#breadcrumb"},"inLanguage":"es","potentialAction":[{"@type":"ReadAction","target":["https:\/\/naturalwomanhood.org\/our-impact\/"]}]},{"@type":"ImageObject","inLanguage":"es","@id":"https:\/\/naturalwomanhood.org\/our-impact\/#primaryimage","url":"https:\/\/naturalwomanhood.org\/wp-content\/uploads\/impact-page-1-464x1024.jpg","contentUrl":"https:\/\/naturalwomanhood.org\/wp-content\/uploads\/impact-page-1-464x1024.jpg"},{"@type":"BreadcrumbList","@id":"https:\/\/naturalwomanhood.org\/our-impact\/#breadcrumb","itemListElement":[{"@type":"ListItem","position":1,"name":"Home","item":"https:\/\/naturalwomanhood.org\/"},{"@type":"ListItem","position":2,"name":"Our Impact"}]},{"@type":"WebSite","@id":"https:\/\/naturalwomanhood.org\/#website","url":"https:\/\/naturalwomanhood.org\/","name":"Natural Womanhood","description":"","publisher":{"@id":"https:\/\/naturalwomanhood.org\/#organization"},"potentialAction":[{"@type":"SearchAction","target":{"@type":"EntryPoint","urlTemplate":"https:\/\/naturalwomanhood.org\/?s={search_term_string}"},"query-input":{"@type":"PropertyValueSpecification","valueRequired":true,"valueName":"search_term_string"}}],"inLanguage":"es"},{"@type":"Organization","@id":"https:\/\/naturalwomanhood.org\/#organization","name":"Natural Womanhood","url":"https:\/\/naturalwomanhood.org\/","logo":{"@type":"ImageObject","inLanguage":"es","@id":"https:\/\/naturalwomanhood.org\/#\/schema\/logo\/image\/","url":"","contentUrl":"","caption":"Natural Womanhood"},"image":{"@id":"https:\/\/naturalwomanhood.org\/#\/schema\/logo\/image\/"},"sameAs":["https:\/\/www.facebook.com\/NaturalWomanhood","https:\/\/x.com\/naturwomanhood","https:\/\/www.instagram.com\/naturalwomanhood\/","https:\/\/www.linkedin.com\/company\/natural-womanhood\/","https:\/\/www.youtube.com\/channel\/UCt5gjuXYioYkx31Iq4tHLGg"]}]}},"taxonomy_info":[],"featured_image_src_large":false,"author_info":{"display_name":"Natural Womanhood","author_link":"https:\/\/naturalwomanhood.org\/es\/author\/fiatadmin\/"},"comment_info":0,"_links":{"self":[{"href":"https:\/\/naturalwomanhood.org\/es\/wp-json\/wp\/v2\/pages\/10859","targetHints":{"allow":["GET"]}}],"collection":[{"href":"https:\/\/naturalwomanhood.org\/es\/wp-json\/wp\/v2\/pages"}],"about":[{"href":"https:\/\/naturalwomanhood.org\/es\/wp-json\/wp\/v2\/types\/page"}],"author":[{"embeddable":true,"href":"https:\/\/naturalwomanhood.org\/es\/wp-json\/wp\/v2\/users\/1"}],"replies":[{"embeddable":true,"href":"https:\/\/naturalwomanhood.org\/es\/wp-json\/wp\/v2\/comments?post=10859"}],"version-history":[{"count":0,"href":"https:\/\/naturalwomanhood.org\/es\/wp-json\/wp\/v2\/pages\/10859\/revisions"}],"wp:attachment":[{"href":"https:\/\/naturalwomanhood.org\/es\/wp-json\/wp\/v2\/media?parent=10859"}],"curies":[{"name":"wp","href":"https:\/\/api.w.org\/{rel}","templated":true}]}}