{"id":10788,"date":"2020-10-14T14:16:51","date_gmt":"2020-10-14T18:16:51","guid":{"rendered":"https:\/\/naturalwomanhood.org\/?page_id=10788"},"modified":"2024-03-13T12:28:41","modified_gmt":"2024-03-13T17:28:41","slug":"sensibilizacion-sobre-fertilidad-para-profesionales-sanitarios","status":"publish","type":"page","link":"https:\/\/naturalwomanhood.org\/es\/fertility-awareness-for-health-professionals\/","title":{"rendered":"Conocimiento de la fertilidad para profesionales de la salud"},"content":{"rendered":"\n<p>We have three good reasons why you should consider incorporating fertility awareness methods (FAMs) into your healthcare practice, no matter your specialty\u2014and we have the tools to help you do it. From suggestions for professional organizations to join, to our own Natural Womanhood brochures to share with your patients, we&#8217;ve made it easier than ever for you to feel confident incorporating FAMs into your practice. Read on to find out more. <\/p>\n\n\n\n<h3 id=\"are-you-wondering-how-can-fam-improve-your-practice\" class=\"wp-block-heading\">Are you wondering how can FAM improve your practice?<\/h3>\n\n\n\n<p>Here are some of the reasons why healthcare and wellness providers can benefit from adding fertility awareness methods (FAM) to their practice.<\/p>\n\n\n\n<h4 class=\"wp-block-heading\" id=\"h-1-today-s-patients-want-side-effect-free-options-for-family-planning\"><span id=\"1-todays-patients-want-side-effect-free-options-for-family-planning\">1. Today\u2019s patients want side-effect free options for family planning.<\/span><\/h4>\n\n\n\n<p>The truth is, more women than ever are dissatisfied with hormonal birth control methods, in great part due to the disagreeable (and even\u00a0<a href=\"https:\/\/www.thepublicdiscourse.com\/2019\/03\/49896\/\" target=\"_blank\" rel=\"noreferrer noopener\">life-threatening<\/a>)\u00a0<a href=\"https:\/\/naturalwomanhood.org\/10-most-common-birth-control-side-effects-2018\/\" target=\"_blank\" rel=\"noreferrer noopener\">birth control side effects<\/a>\u00a0they experience.\u00a0<a href=\"https:\/\/naturalwomanhood.org\/women-have-not-felt-heard-in-their-search-for-natural-alternatives-to-birth-control-022319\/\" target=\"_blank\" rel=\"noreferrer noopener\">Women report they have not felt heard<\/a>\u00a0in their desire for safer, natural, effective methods of family planning, and in their search for real solutions to their reproductive health issues. When doctors give women the impression they\u00a0<a href=\"https:\/\/naturalwomanhood.org\/real-women-dispel-the-myth-that-charting-is-too-complicated-040319\/\" target=\"_blank\" rel=\"noreferrer noopener\">are not\u00a0<em>capable<\/em><\/a>\u00a0of learning and observing their bodies\u2019 natural signs of fertility, the medical community is underappreciating not only their patients\u2019 abilities, but also the health benefits of tracking the biomarkers of women\u2019s menstrual cycles.<\/p>\n\n\n\n<p>In a&nbsp;<a href=\"https:\/\/naturalwomanhood.org\/observing-birth-control-side-effects-drove-one-obgyn-to-offer-fertility-awareness-032719\/\" target=\"_blank\" rel=\"noreferrer noopener\">Natural Womanhood interview<\/a>, Dr. Summer Holmes Mason, a board-certified OBGYN, shared how she came to start offering fertility awareness options in her practice. While prescribing hormonal contraceptives was her primary method of treating women with various medical issues, Dr. Holmes Mason explains, she eventually started noticing that these contraceptives were not always producing desirable effects. She recalls, \u201cAfter a couple of years, I realized people were coming back to me with more side effects than I thought was acceptable.\u201d<\/p>\n\n\n\n<p>She knew there had to be more options for her patients, which led her to discover fertility awareness methods (FAMs); safer, side-effect-free options for preventing pregnancy and managing women\u2019s health issues. Since she had limited education about FAMs in medical school, she had to educate herself, but she soon found it was worth the effort. Now, Dr. Holmes Mason offers both hormonal birth control and natural FAM options to her patients, as she explains: \u201cI really try to utilize the informed consent process. I feel like my patients will know what they are getting into if they are getting hormonal contraceptives, and let them make that choice for themselves . . . for those people who don\u2019t want to, after having that discussion, I have so much more to offer.\u201d<\/p>\n\n\n\n<p>Women today are seeking doctors with more to offer them for their family planning and health issues than hormonal birth control. Even the supposedly\u00a0<a href=\"https:\/\/naturalwomanhood.org\/is-copper-iud-toxic-painful-cause-hormone-imbalance-side-effects-thyroid-natural-birth-control-08112018\/\" target=\"_blank\" rel=\"noreferrer noopener\">natural, hormone-free copper IUD affects patients\u2019 natural hormonal balance<\/a>, since copper affects the thyroid. Too many women are tired of experiencing adverse effects and are searching for\u00a0<em>truly<\/em>\u00a0natural, safe, and effective methods.<\/p>\n\n\n\n<h4 class=\"wp-block-heading\" id=\"h-2-offering-fertility-awareness-methods-will-help-doctors-retain-patients\"><span id=\"2-offering-fertility-awareness-methods-will-help-doctors-retain-patients\">2. Offering fertility awareness methods will help doctors retain patients.<\/span><\/h4>\n\n\n\n<p>Because women are not typically offered natural options for family planning by their doctors, women who want such options are starting to look harder for doctors who are knowledgeable in fertility awareness methods. Many women are taking their reproductive health concerns into their own hands by seeking doctors who offer more than pharmaceutical birth control as a one-size-fits-all solution for a range of health issues.<\/p>\n\n\n\n<p>As one woman named Andrea recently shared with us:<\/p>\n\n\n\n<p>\u201cI was most worried about my&nbsp;<em>doctor<\/em>&nbsp;being knowledgeable enough to help me use FAMs. I asked my gynecologist (part of a world class healthcare system) for information about fertility awareness methods of contraception, but she stared at me blankly. When I clarified and called it [Natural Family Planning], she referred me to&nbsp;<a href=\"https:\/\/irh.org\/\" target=\"_blank\" rel=\"noreferrer noopener\">the Institute for Reproductive Health<\/a>&nbsp;at Georgetown University, which was fine, but it\u2019s geared toward women in third-world countries. Therefore, I didn\u2019t stay with that practice. I found a more informed gynecologist who not only can read charts, but can also understand me perfectly when I say something like, \u2018I\u2019m getting a lot of tacky fluid during phase 2.\u2019 While it is sad that I knew more than my first doctor, it was well worth changing doctors to someone who could better assist me in using FAMs.\u201d<\/p>\n\n\n\n<p>Dr. Marguerite Duane, a board-certified family physician,&nbsp;<a href=\"http:\/\/fertilityfriday.com\/dr-marguerite-duane-facts\/\" target=\"_blank\" rel=\"noreferrer noopener\">explained in a Fertility Friday podcast<\/a>&nbsp;why medical professionals are typically not educated about FAMs in their medical training (herself included). First, FAMs are not profit-generating like birth control, so they have difficulty competing against highly marketed pharmaceutical products. Second, medical professionals are given less than accurate accounts of&nbsp;<a href=\"https:\/\/naturalwomanhood.org\/topic\/natural-family-planning\/effectiveness-rates\/\" target=\"_blank\" rel=\"noreferrer noopener\">FAM effectiveness rates<\/a>. Third, with the way our healthcare system is currently set up, most physicians do not have time to explain fertility awareness to their patients and review their cycles and charts (sadly, it\u2019s much easier and quicker to simply prescribe a pill). And fourth, many doctors are misinformed in their medical training, wrongly associating modern fertility awareness methods with the outdated rhythm method.<\/p>\n\n\n\n<p>With these obstacles standing in the way, it\u2019s no surprise that more doctors are not aware of fertility awareness methods. As Dr. Duane stated in the podcast, \u201cI firmly believe as a physician and as a woman, this information should be available to every woman, and every medical professional that provides women\u2019s health services should be trained in these methods.\u201d<\/p>\n\n\n\n<h4 class=\"wp-block-heading\" id=\"h-3-charting-will-give-more-information-about-a-patient-s-health-to-assist-in-a-treatment-plan\"><span id=\"3-charting-will-give-more-information-about-a-patients-health-to-assist-in-a-treatment-plan\">3. Charting will give more information about a patient\u2019s health to assist in a treatment plan.<\/span><\/h4>\n\n\n\n<p>The primary reason doctors should consider adding fertility awareness methods to their practice is because doing so serves the health of their patients. At a 2019&nbsp;<a href=\"https:\/\/www.factsaboutfertility.org\/facts-spring-conference-highlights\/\" target=\"_blank\" rel=\"noreferrer noopener\">Fertility Appreciation Collaborative to Teach the Science (FACTS) Conference<\/a>&nbsp;in Cleveland, Ohio, two doctors gave a presentation called \u201cThe Female Cycle as the Fifth Vital Sign\u201d that confirmed the medical value of charting. Family physician Dr. Kathleen Heimann explained that if doctors were to properly treat women in their entirety, they would look at&nbsp;<em>five<\/em>&nbsp;vital signs, rather than just the&nbsp;<a href=\"https:\/\/www.hopkinsmedicine.org\/healthlibrary\/conditions\/cardiovascular_diseases\/vital_signs_body_temperature_pulse_rate_respiration_rate_blood_pressure_85,p00866\" target=\"_blank\" rel=\"noreferrer noopener\">usual four signs<\/a>&nbsp;observed by most doctors.<\/p>\n\n\n\n<p>At the same FACTS conference, Dr. Kim Vacca, a pediatrician, explained how charting using FAMs is for more than just family planning, since it can contribute to a woman\u2019s overall health, starting in adolescence. Mothers are desperately searching for\u00a0<a href=\"https:\/\/naturalwomanhood.org\/topic\/fertility-awareness-methods\/teaching-teens\/\" target=\"_blank\" rel=\"noreferrer noopener\">birth control alternatives for their teenage daughters<\/a>, who are being prescribed the Pill for things like irregular periods, PMS, or acne, only to find that it is only covering up their symptoms, not treating their problems, and sometimes causes\u00a0<a href=\"https:\/\/naturalwomanhood.org\/study-shows-link-between-teen-birth-control-use-and-adult-depression-2019\/\" target=\"_blank\" rel=\"noreferrer noopener\">even worse side effects<\/a>. Fertility awareness can\u00a0<a href=\"https:\/\/naturalwomanhood.org\/empowering-teenage-girls-to-know-their-bodies\/\" target=\"_blank\" rel=\"noreferrer noopener\">provide clarity and empowerment<\/a>\u00a0for teens going through the often confusing and tumultuous time of puberty.<\/p>\n\n\n\n<p>Dr. Heimann and Dr. Vacca are not the only ones who believe that doctors need to start paying more attention to a woman\u2019s cycle. The Committee on Adolescent Health Care in the American College of Obstetricians and Gynecologists<a href=\"https:\/\/www.acog.org\/Clinical-Guidance-and-Publications\/Committee-Opinions\/Committee-on-Adolescent-Health-Care\/Menstruation-in-Girls-and-Adolescents-Using-the-Menstrual-Cycle-as-a-Vital-Sign?IsMobileSet=false\" target=\"_blank\" rel=\"noreferrer noopener\">&nbsp;states<\/a>&nbsp;that \u201cby including an evaluation of the menstrual cycle as an additional vital sign, clinicians reinforce its importance in assessing overall health status for patients and caretakers.\u201d<\/p>\n\n\n\n<p>In short, doctors need to become more informed about the importance of empowering their female patients to manage their health with access to, and information on, fertility awareness methods. Not only will knowledge of natural family planning options provide doctors with the side-effect-free, pregnancy prevention options patients today are seeking (and help them retain more patients in the process), but FAMs will also give today\u2019s doctors a new tool in their kit equipping them to truly help women\u2014and to help women help themselves.<\/p>\n\n\n\n<h3 id=\"do-you-want-to-connect-with-other-healthcare-providers-interested-in-fam\" class=\"wp-block-heading\">Do you want to connect with other healthcare providers interested in FAM?<\/h3>\n\n\n\n<p><a href=\"https:\/\/naturalwomanhood.org\/topic\/professional-organizations\/\" target=\"_blank\" rel=\"noreferrer noopener\">Click here<\/a> to find a list of our favorite professional organizations dedicated to fertility awareness and the practice of restorative reproductive medicine (RRM).<\/p>\n\n\n\n<h3 id=\"are-you-looking-for-materials-on-fam-to-share-with-your-patients\" class=\"wp-block-heading\">Are you looking for materials on FAM to share with your patients?<\/h3>\n\n\n\n<p><a href=\"https:\/\/naturalwomanhood.org\/fertility-awareness-for-health-professionals\/brochures\/\" target=\"_blank\" rel=\"noreferrer noopener\">Click here<\/a> to view and order Natural Womanhood&#8217;s colorful and informative brochures, &#8220;Know Your Body&#8221; and &#8220;What guys need to know about birth control.&#8221; Natural Womanhood is proud to offer these resources in both English and Spanish. <\/p>\n\n\n\n<p><\/p>\n","protected":false},"excerpt":{"rendered":"Tenemos tres buenas razones por las que deber\u00eda considerar la incorporaci\u00f3n de m\u00e9todos de conocimiento de la fertilidad (FAM) en su pr\u00e1ctica sanitaria,...","protected":false},"author":1,"featured_media":0,"parent":0,"menu_order":0,"comment_status":"closed","ping_status":"closed","template":"","meta":{"_acf_changed":false,"_kad_blocks_custom_css":"","_kad_blocks_head_custom_js":"","_kad_blocks_body_custom_js":"","_kad_blocks_footer_custom_js":"","csco_singular_sidebar":"","csco_page_header_type":"","csco_page_load_nextpost":"","csco_post_video_location":[],"csco_post_video_url":"","csco_post_video_bg_start_time":0,"csco_post_video_bg_end_time":0,"footnotes":""},"class_list":{"0":"post-10788","1":"page","2":"type-page","3":"status-publish","5":"cs-entry","6":"cs-video-wrap"},"acf":[],"yoast_head":"<!-- This site is optimized with the Yoast SEO Premium plugin v27.2 (Yoast SEO v27.2) - https:\/\/yoast.com\/product\/yoast-seo-premium-wordpress\/ -->\n<title>Fertility Awareness for Health Professionals - Natural Womanhood<\/title>\n<meta name=\"robots\" content=\"index, follow, max-snippet:-1, max-image-preview:large, max-video-preview:-1\" \/>\n<link rel=\"canonical\" href=\"https:\/\/naturalwomanhood.org\/es\/sensibilizacion-sobre-fertilidad-para-profesionales-sanitarios\/\" \/>\n<meta property=\"og:locale\" content=\"es_MX\" \/>\n<meta property=\"og:type\" content=\"article\" \/>\n<meta property=\"og:title\" content=\"Fertility Awareness for Health Professionals\" \/>\n<meta property=\"og:description\" content=\"We have three good reasons why you should consider incorporating fertility awareness methods (FAMs) into your healthcare practice, no matter your\" \/>\n<meta property=\"og:url\" content=\"https:\/\/naturalwomanhood.org\/es\/sensibilizacion-sobre-fertilidad-para-profesionales-sanitarios\/\" \/>\n<meta property=\"og:site_name\" content=\"Natural Womanhood\" \/>\n<meta property=\"article:publisher\" content=\"https:\/\/www.facebook.com\/NaturalWomanhood\" \/>\n<meta property=\"article:modified_time\" content=\"2024-03-13T17:28:41+00:00\" \/>\n<meta property=\"og:image\" content=\"https:\/\/naturalwomanhood.org\/wp-content\/uploads\/nw-logo-social.jpg\" \/>\n\t<meta property=\"og:image:width\" content=\"1200\" \/>\n\t<meta property=\"og:image:height\" content=\"630\" \/>\n\t<meta property=\"og:image:type\" content=\"image\/jpeg\" \/>\n<meta name=\"twitter:card\" content=\"summary_large_image\" \/>\n<meta name=\"twitter:site\" content=\"@naturwomanhood\" \/>\n<meta name=\"twitter:label1\" content=\"Tiempo de lectura\" \/>\n\t<meta name=\"twitter:data1\" content=\"7 minutos\" \/>\n<script type=\"application\/ld+json\" class=\"yoast-schema-graph\">{\"@context\":\"https:\/\/schema.org\",\"@graph\":[{\"@type\":\"WebPage\",\"@id\":\"https:\/\/naturalwomanhood.org\/fertility-awareness-for-health-professionals\/\",\"url\":\"https:\/\/naturalwomanhood.org\/fertility-awareness-for-health-professionals\/\",\"name\":\"Fertility Awareness for Health Professionals - Natural Womanhood\",\"isPartOf\":{\"@id\":\"https:\/\/naturalwomanhood.org\/#website\"},\"datePublished\":\"2020-10-14T18:16:51+00:00\",\"dateModified\":\"2024-03-13T17:28:41+00:00\",\"breadcrumb\":{\"@id\":\"https:\/\/naturalwomanhood.org\/fertility-awareness-for-health-professionals\/#breadcrumb\"},\"inLanguage\":\"es\",\"potentialAction\":[{\"@type\":\"ReadAction\",\"target\":[\"https:\/\/naturalwomanhood.org\/fertility-awareness-for-health-professionals\/\"]}]},{\"@type\":\"BreadcrumbList\",\"@id\":\"https:\/\/naturalwomanhood.org\/fertility-awareness-for-health-professionals\/#breadcrumb\",\"itemListElement\":[{\"@type\":\"ListItem\",\"position\":1,\"name\":\"Home\",\"item\":\"https:\/\/naturalwomanhood.org\/\"},{\"@type\":\"ListItem\",\"position\":2,\"name\":\"Fertility Awareness for Health Professionals\"}]},{\"@type\":\"WebSite\",\"@id\":\"https:\/\/naturalwomanhood.org\/#website\",\"url\":\"https:\/\/naturalwomanhood.org\/\",\"name\":\"Natural Womanhood\",\"description\":\"\",\"publisher\":{\"@id\":\"https:\/\/naturalwomanhood.org\/#organization\"},\"potentialAction\":[{\"@type\":\"SearchAction\",\"target\":{\"@type\":\"EntryPoint\",\"urlTemplate\":\"https:\/\/naturalwomanhood.org\/?s={search_term_string}\"},\"query-input\":{\"@type\":\"PropertyValueSpecification\",\"valueRequired\":true,\"valueName\":\"search_term_string\"}}],\"inLanguage\":\"es\"},{\"@type\":\"Organization\",\"@id\":\"https:\/\/naturalwomanhood.org\/#organization\",\"name\":\"Natural Womanhood\",\"url\":\"https:\/\/naturalwomanhood.org\/\",\"logo\":{\"@type\":\"ImageObject\",\"inLanguage\":\"es\",\"@id\":\"https:\/\/naturalwomanhood.org\/#\/schema\/logo\/image\/\",\"url\":\"\",\"contentUrl\":\"\",\"caption\":\"Natural Womanhood\"},\"image\":{\"@id\":\"https:\/\/naturalwomanhood.org\/#\/schema\/logo\/image\/\"},\"sameAs\":[\"https:\/\/www.facebook.com\/NaturalWomanhood\",\"https:\/\/x.com\/naturwomanhood\",\"https:\/\/www.instagram.com\/naturalwomanhood\/\",\"https:\/\/www.linkedin.com\/company\/natural-womanhood\/\",\"https:\/\/www.youtube.com\/channel\/UCt5gjuXYioYkx31Iq4tHLGg\"]}]}<\/script>\n<!-- \/ Yoast SEO Premium plugin. -->","yoast_head_json":{"title":"Conocimiento de la fertilidad para profesionales de la salud - Natural Womanhood","robots":{"index":"index","follow":"follow","max-snippet":"max-snippet:-1","max-image-preview":"max-image-preview:large","max-video-preview":"max-video-preview:-1"},"canonical":"https:\/\/naturalwomanhood.org\/es\/sensibilizacion-sobre-fertilidad-para-profesionales-sanitarios\/","og_locale":"es_MX","og_type":"article","og_title":"Fertility Awareness for Health Professionals","og_description":"We have three good reasons why you should consider incorporating fertility awareness methods (FAMs) into your healthcare practice, no matter your","og_url":"https:\/\/naturalwomanhood.org\/es\/sensibilizacion-sobre-fertilidad-para-profesionales-sanitarios\/","og_site_name":"Natural Womanhood","article_publisher":"https:\/\/www.facebook.com\/NaturalWomanhood","article_modified_time":"2024-03-13T17:28:41+00:00","og_image":[{"width":1200,"height":630,"url":"https:\/\/naturalwomanhood.org\/wp-content\/uploads\/nw-logo-social.jpg","type":"image\/jpeg"}],"twitter_card":"summary_large_image","twitter_site":"@naturwomanhood","twitter_misc":{"Tiempo de lectura":"7 minutos"},"schema":{"@context":"https:\/\/schema.org","@graph":[{"@type":"WebPage","@id":"https:\/\/naturalwomanhood.org\/fertility-awareness-for-health-professionals\/","url":"https:\/\/naturalwomanhood.org\/fertility-awareness-for-health-professionals\/","name":"Conocimiento de la fertilidad para profesionales de la salud - Natural Womanhood","isPartOf":{"@id":"https:\/\/naturalwomanhood.org\/#website"},"datePublished":"2020-10-14T18:16:51+00:00","dateModified":"2024-03-13T17:28:41+00:00","breadcrumb":{"@id":"https:\/\/naturalwomanhood.org\/fertility-awareness-for-health-professionals\/#breadcrumb"},"inLanguage":"es","potentialAction":[{"@type":"ReadAction","target":["https:\/\/naturalwomanhood.org\/fertility-awareness-for-health-professionals\/"]}]},{"@type":"BreadcrumbList","@id":"https:\/\/naturalwomanhood.org\/fertility-awareness-for-health-professionals\/#breadcrumb","itemListElement":[{"@type":"ListItem","position":1,"name":"Home","item":"https:\/\/naturalwomanhood.org\/"},{"@type":"ListItem","position":2,"name":"Fertility Awareness for Health Professionals"}]},{"@type":"WebSite","@id":"https:\/\/naturalwomanhood.org\/#website","url":"https:\/\/naturalwomanhood.org\/","name":"Natural Womanhood","description":"","publisher":{"@id":"https:\/\/naturalwomanhood.org\/#organization"},"potentialAction":[{"@type":"SearchAction","target":{"@type":"EntryPoint","urlTemplate":"https:\/\/naturalwomanhood.org\/?s={search_term_string}"},"query-input":{"@type":"PropertyValueSpecification","valueRequired":true,"valueName":"search_term_string"}}],"inLanguage":"es"},{"@type":"Organization","@id":"https:\/\/naturalwomanhood.org\/#organization","name":"Natural Womanhood","url":"https:\/\/naturalwomanhood.org\/","logo":{"@type":"ImageObject","inLanguage":"es","@id":"https:\/\/naturalwomanhood.org\/#\/schema\/logo\/image\/","url":"","contentUrl":"","caption":"Natural Womanhood"},"image":{"@id":"https:\/\/naturalwomanhood.org\/#\/schema\/logo\/image\/"},"sameAs":["https:\/\/www.facebook.com\/NaturalWomanhood","https:\/\/x.com\/naturwomanhood","https:\/\/www.instagram.com\/naturalwomanhood\/","https:\/\/www.linkedin.com\/company\/natural-womanhood\/","https:\/\/www.youtube.com\/channel\/UCt5gjuXYioYkx31Iq4tHLGg"]}]}},"taxonomy_info":[],"featured_image_src_large":false,"author_info":{"display_name":"Natural Womanhood","author_link":"https:\/\/naturalwomanhood.org\/es\/author\/fiatadmin\/"},"comment_info":0,"_links":{"self":[{"href":"https:\/\/naturalwomanhood.org\/es\/wp-json\/wp\/v2\/pages\/10788","targetHints":{"allow":["GET"]}}],"collection":[{"href":"https:\/\/naturalwomanhood.org\/es\/wp-json\/wp\/v2\/pages"}],"about":[{"href":"https:\/\/naturalwomanhood.org\/es\/wp-json\/wp\/v2\/types\/page"}],"author":[{"embeddable":true,"href":"https:\/\/naturalwomanhood.org\/es\/wp-json\/wp\/v2\/users\/1"}],"replies":[{"embeddable":true,"href":"https:\/\/naturalwomanhood.org\/es\/wp-json\/wp\/v2\/comments?post=10788"}],"version-history":[{"count":0,"href":"https:\/\/naturalwomanhood.org\/es\/wp-json\/wp\/v2\/pages\/10788\/revisions"}],"wp:attachment":[{"href":"https:\/\/naturalwomanhood.org\/es\/wp-json\/wp\/v2\/media?parent=10788"}],"curies":[{"name":"wp","href":"https:\/\/api.w.org\/{rel}","templated":true}]}}