{"id":10786,"date":"2020-10-14T14:16:12","date_gmt":"2020-10-14T18:16:12","guid":{"rendered":"https:\/\/naturalwomanhood.org\/?page_id=10786"},"modified":"2021-04-20T17:57:49","modified_gmt":"2021-04-20T22:57:49","slug":"solicitar-un-orador-los-signos-del-ciclo-femenino-explicados","status":"publish","type":"page","link":"https:\/\/naturalwomanhood.org\/es\/share-fam-with-your-community\/request-a-speaker-the-signs-of-the-female-cycle-explained\/","title":{"rendered":"Solicitar un ponente: Explicaci\u00f3n de los signos del ciclo femenino"},"content":{"rendered":"<p><strong>Invitar a un conferenciante formado para que imparta nuestra presentaci\u00f3n sobre m\u00e9todos de conocimiento de la fertilidad, \"Explicaci\u00f3n de los signos del ciclo femenino\".<\/strong><\/p>\n\n\n\n<p>\"Explicaci\u00f3n de los signos del ciclo femenino\" es una presentaci\u00f3n de 50 minutos de duraci\u00f3n que introduce a las mujeres y a las parejas en los signos de fertilidad, los m\u00e9todos de observaci\u00f3n de la fertilidad (FAM) y el modo en que los gr\u00e1ficos pueden ayudar a las mujeres a controlar su salud y planificar su familia. Esta presentaci\u00f3n ofrece una visi\u00f3n general perfecta para un p\u00fablico general que puede no haber o\u00eddo hablar antes de los FAM, y destaca c\u00f3mo los FAM no s\u00f3lo proporcionan una alternativa saludable para la planificaci\u00f3n familiar, sino tambi\u00e9n su potencial para <a href=\"https:\/\/naturalwomanhood.org\/es\/tema\/planificacion-familiar-natural\/salud-relacional\/\" target=\"_blank\" rel=\"noreferrer noopener\">relaciones de beneficio<\/a>. <\/p>\n\n\n\n<p>\"Los signos del ciclo femenino explicados\" se dise\u00f1\u00f3 en colaboraci\u00f3n con\u00a0<a href=\"https:\/\/www.factsaboutfertility.org\/\" target=\"_blank\" rel=\"noreferrer noopener\">HECHOS<\/a>una organizaci\u00f3n de profesionales m\u00e9dicos dedicada a la promoci\u00f3n de m\u00e9todos de concienciaci\u00f3n sobre la fertilidad. La presentaci\u00f3n se ofrece a trav\u00e9s de la red nacional FACTS de conferenciantes formados. <\/p>\n\n\n\n<p>Esta presentaci\u00f3n est\u00e1 basada en la ciencia, pero es accesible. Se ha dise\u00f1ado para ayudar a las personas a tomar decisiones informadas sobre su salud reproductiva y las opciones de planificaci\u00f3n familiar, e incluye una presentaci\u00f3n equilibrada de <a href=\"https:\/\/naturalwomanhood.org\/es\/tema\/metodos-de-conocimiento-de-la-fertilidad\/aprender-un-metodo\/\" target=\"_blank\" rel=\"noreferrer noopener\">todos los principales m\u00e9todos de conocimiento de la fertilidad<\/a>. \u00a0<\/p>\n\n\n\n<p>\u00bfEst\u00e1 interesado en traer a un ponente para que ofrezca nuestra presentaci\u00f3n a su grupo? <a href=\"https:\/\/www.factsaboutfertility.org\/learn-more\/educational-presentations\/\" target=\"_blank\" rel=\"noreferrer noopener\">Pulse aqu\u00ed<\/a>\u00a0para reservar un ponente que imparta nuestra presentaci\u00f3n, \"Explicaci\u00f3n de los signos del ciclo femenino\", y <a href=\"https:\/\/www.factsaboutfertility.org\/learn-more\/webinars\/\" target=\"_blank\" rel=\"noreferrer noopener\">aqu\u00ed<\/a> para ver un pr\u00f3ximo seminario web de FACTS.<\/p>","protected":false},"excerpt":{"rendered":"Invite a trained speaker to give our\u00a0presentation on fertility awareness methods, &#8220;The Signs of the Female Cycle Explained&#8221;&hellip;","protected":false},"author":1,"featured_media":0,"parent":10785,"menu_order":0,"comment_status":"closed","ping_status":"closed","template":"","meta":{"_acf_changed":false,"_kad_blocks_custom_css":"","_kad_blocks_head_custom_js":"","_kad_blocks_body_custom_js":"","_kad_blocks_footer_custom_js":"","csco_singular_sidebar":"","csco_page_header_type":"","csco_page_load_nextpost":"","csco_post_video_location":[],"csco_post_video_url":"","csco_post_video_bg_start_time":0,"csco_post_video_bg_end_time":0,"footnotes":""},"class_list":{"0":"post-10786","1":"page","2":"type-page","3":"status-publish","5":"cs-entry","6":"cs-video-wrap"},"acf":[],"yoast_head":"<!-- This site is optimized with the Yoast SEO Premium plugin v27.2 (Yoast SEO v27.2) - https:\/\/yoast.com\/product\/yoast-seo-premium-wordpress\/ -->\n<title>The Signs of the Female Cycle Explained - Natural Womanhood<\/title>\n<meta name=\"description\" content=\"Invite a trained speaker to give our presentation on fertility awareness methods, &quot;The Signs of the Female Cycle Explained.&quot;\" \/>\n<meta name=\"robots\" content=\"index, follow, max-snippet:-1, max-image-preview:large, max-video-preview:-1\" \/>\n<link rel=\"canonical\" href=\"https:\/\/naturalwomanhood.org\/es\/comparte-fam-con-tu-comunidad\/solicitar-un-orador-los-signos-del-ciclo-femenino-explicados\/\" \/>\n<meta property=\"og:locale\" content=\"es_MX\" \/>\n<meta property=\"og:type\" content=\"article\" \/>\n<meta property=\"og:title\" content=\"Request a speaker: The Signs of the Female Cycle Explained\" \/>\n<meta property=\"og:description\" content=\"Invite a trained speaker to give our\u00a0presentation on fertility awareness methods, &quot;The Signs of the Female Cycle Explained&quot; &quot;The Signs of the Female Cycle\" \/>\n<meta property=\"og:url\" content=\"https:\/\/naturalwomanhood.org\/es\/comparte-fam-con-tu-comunidad\/solicitar-un-orador-los-signos-del-ciclo-femenino-explicados\/\" \/>\n<meta property=\"og:site_name\" content=\"Natural Womanhood\" \/>\n<meta property=\"article:publisher\" content=\"https:\/\/www.facebook.com\/NaturalWomanhood\" \/>\n<meta property=\"article:modified_time\" content=\"2021-04-20T22:57:49+00:00\" \/>\n<meta property=\"og:image\" content=\"https:\/\/naturalwomanhood.org\/wp-content\/uploads\/nw-logo-social.jpg\" \/>\n\t<meta property=\"og:image:width\" content=\"1200\" \/>\n\t<meta property=\"og:image:height\" content=\"630\" \/>\n\t<meta property=\"og:image:type\" content=\"image\/jpeg\" \/>\n<meta name=\"twitter:card\" content=\"summary_large_image\" \/>\n<meta name=\"twitter:site\" content=\"@naturwomanhood\" \/>\n<meta name=\"twitter:label1\" content=\"Tiempo de lectura\" \/>\n\t<meta name=\"twitter:data1\" content=\"1 minuto\" \/>\n<script type=\"application\/ld+json\" class=\"yoast-schema-graph\">{\"@context\":\"https:\/\/schema.org\",\"@graph\":[{\"@type\":\"WebPage\",\"@id\":\"https:\/\/naturalwomanhood.org\/share-fam-with-your-community\/request-a-speaker-the-signs-of-the-female-cycle-explained\/\",\"url\":\"https:\/\/naturalwomanhood.org\/share-fam-with-your-community\/request-a-speaker-the-signs-of-the-female-cycle-explained\/\",\"name\":\"The Signs of the Female Cycle Explained - Natural Womanhood\",\"isPartOf\":{\"@id\":\"https:\/\/naturalwomanhood.org\/#website\"},\"datePublished\":\"2020-10-14T18:16:12+00:00\",\"dateModified\":\"2021-04-20T22:57:49+00:00\",\"description\":\"Invite a trained speaker to give our presentation on fertility awareness methods, \\\"The Signs of the Female Cycle Explained.\\\"\",\"breadcrumb\":{\"@id\":\"https:\/\/naturalwomanhood.org\/share-fam-with-your-community\/request-a-speaker-the-signs-of-the-female-cycle-explained\/#breadcrumb\"},\"inLanguage\":\"es\",\"potentialAction\":[{\"@type\":\"ReadAction\",\"target\":[\"https:\/\/naturalwomanhood.org\/share-fam-with-your-community\/request-a-speaker-the-signs-of-the-female-cycle-explained\/\"]}]},{\"@type\":\"BreadcrumbList\",\"@id\":\"https:\/\/naturalwomanhood.org\/share-fam-with-your-community\/request-a-speaker-the-signs-of-the-female-cycle-explained\/#breadcrumb\",\"itemListElement\":[{\"@type\":\"ListItem\",\"position\":1,\"name\":\"Home\",\"item\":\"https:\/\/naturalwomanhood.org\/\"},{\"@type\":\"ListItem\",\"position\":2,\"name\":\"Share FAM with your Community\",\"item\":\"https:\/\/naturalwomanhood.org\/share-fam-with-your-community\/\"},{\"@type\":\"ListItem\",\"position\":3,\"name\":\"Request a speaker: The Signs of the Female Cycle Explained\"}]},{\"@type\":\"WebSite\",\"@id\":\"https:\/\/naturalwomanhood.org\/#website\",\"url\":\"https:\/\/naturalwomanhood.org\/\",\"name\":\"Natural Womanhood\",\"description\":\"\",\"publisher\":{\"@id\":\"https:\/\/naturalwomanhood.org\/#organization\"},\"potentialAction\":[{\"@type\":\"SearchAction\",\"target\":{\"@type\":\"EntryPoint\",\"urlTemplate\":\"https:\/\/naturalwomanhood.org\/?s={search_term_string}\"},\"query-input\":{\"@type\":\"PropertyValueSpecification\",\"valueRequired\":true,\"valueName\":\"search_term_string\"}}],\"inLanguage\":\"es\"},{\"@type\":\"Organization\",\"@id\":\"https:\/\/naturalwomanhood.org\/#organization\",\"name\":\"Natural Womanhood\",\"url\":\"https:\/\/naturalwomanhood.org\/\",\"logo\":{\"@type\":\"ImageObject\",\"inLanguage\":\"es\",\"@id\":\"https:\/\/naturalwomanhood.org\/#\/schema\/logo\/image\/\",\"url\":\"\",\"contentUrl\":\"\",\"caption\":\"Natural Womanhood\"},\"image\":{\"@id\":\"https:\/\/naturalwomanhood.org\/#\/schema\/logo\/image\/\"},\"sameAs\":[\"https:\/\/www.facebook.com\/NaturalWomanhood\",\"https:\/\/x.com\/naturwomanhood\",\"https:\/\/www.instagram.com\/naturalwomanhood\/\",\"https:\/\/www.linkedin.com\/company\/natural-womanhood\/\",\"https:\/\/www.youtube.com\/channel\/UCt5gjuXYioYkx31Iq4tHLGg\"]}]}<\/script>\n<!-- \/ Yoast SEO Premium plugin. -->","yoast_head_json":{"title":"Explicaci\u00f3n de los signos del ciclo femenino - Natural Womanhood","description":"Invita a un ponente formado para que imparta nuestra presentaci\u00f3n sobre m\u00e9todos de conocimiento de la fertilidad, \"Explicaci\u00f3n de los signos del ciclo femenino\".","robots":{"index":"index","follow":"follow","max-snippet":"max-snippet:-1","max-image-preview":"max-image-preview:large","max-video-preview":"max-video-preview:-1"},"canonical":"https:\/\/naturalwomanhood.org\/es\/comparte-fam-con-tu-comunidad\/solicitar-un-orador-los-signos-del-ciclo-femenino-explicados\/","og_locale":"es_MX","og_type":"article","og_title":"Request a speaker: The Signs of the Female Cycle Explained","og_description":"Invite a trained speaker to give our\u00a0presentation on fertility awareness methods, \"The Signs of the Female Cycle Explained\" \"The Signs of the Female Cycle","og_url":"https:\/\/naturalwomanhood.org\/es\/comparte-fam-con-tu-comunidad\/solicitar-un-orador-los-signos-del-ciclo-femenino-explicados\/","og_site_name":"Natural Womanhood","article_publisher":"https:\/\/www.facebook.com\/NaturalWomanhood","article_modified_time":"2021-04-20T22:57:49+00:00","og_image":[{"width":1200,"height":630,"url":"https:\/\/naturalwomanhood.org\/wp-content\/uploads\/nw-logo-social.jpg","type":"image\/jpeg"}],"twitter_card":"summary_large_image","twitter_site":"@naturwomanhood","twitter_misc":{"Tiempo de lectura":"1 minuto"},"schema":{"@context":"https:\/\/schema.org","@graph":[{"@type":"WebPage","@id":"https:\/\/naturalwomanhood.org\/share-fam-with-your-community\/request-a-speaker-the-signs-of-the-female-cycle-explained\/","url":"https:\/\/naturalwomanhood.org\/share-fam-with-your-community\/request-a-speaker-the-signs-of-the-female-cycle-explained\/","name":"Explicaci\u00f3n de los signos del ciclo femenino - Natural Womanhood","isPartOf":{"@id":"https:\/\/naturalwomanhood.org\/#website"},"datePublished":"2020-10-14T18:16:12+00:00","dateModified":"2021-04-20T22:57:49+00:00","description":"Invita a un ponente formado para que imparta nuestra presentaci\u00f3n sobre m\u00e9todos de conocimiento de la fertilidad, \"Explicaci\u00f3n de los signos del ciclo femenino\".","breadcrumb":{"@id":"https:\/\/naturalwomanhood.org\/share-fam-with-your-community\/request-a-speaker-the-signs-of-the-female-cycle-explained\/#breadcrumb"},"inLanguage":"es","potentialAction":[{"@type":"ReadAction","target":["https:\/\/naturalwomanhood.org\/share-fam-with-your-community\/request-a-speaker-the-signs-of-the-female-cycle-explained\/"]}]},{"@type":"BreadcrumbList","@id":"https:\/\/naturalwomanhood.org\/share-fam-with-your-community\/request-a-speaker-the-signs-of-the-female-cycle-explained\/#breadcrumb","itemListElement":[{"@type":"ListItem","position":1,"name":"Home","item":"https:\/\/naturalwomanhood.org\/"},{"@type":"ListItem","position":2,"name":"Share FAM with your Community","item":"https:\/\/naturalwomanhood.org\/share-fam-with-your-community\/"},{"@type":"ListItem","position":3,"name":"Request a speaker: The Signs of the Female Cycle Explained"}]},{"@type":"WebSite","@id":"https:\/\/naturalwomanhood.org\/#website","url":"https:\/\/naturalwomanhood.org\/","name":"Natural Womanhood","description":"","publisher":{"@id":"https:\/\/naturalwomanhood.org\/#organization"},"potentialAction":[{"@type":"SearchAction","target":{"@type":"EntryPoint","urlTemplate":"https:\/\/naturalwomanhood.org\/?s={search_term_string}"},"query-input":{"@type":"PropertyValueSpecification","valueRequired":true,"valueName":"search_term_string"}}],"inLanguage":"es"},{"@type":"Organization","@id":"https:\/\/naturalwomanhood.org\/#organization","name":"Natural Womanhood","url":"https:\/\/naturalwomanhood.org\/","logo":{"@type":"ImageObject","inLanguage":"es","@id":"https:\/\/naturalwomanhood.org\/#\/schema\/logo\/image\/","url":"","contentUrl":"","caption":"Natural Womanhood"},"image":{"@id":"https:\/\/naturalwomanhood.org\/#\/schema\/logo\/image\/"},"sameAs":["https:\/\/www.facebook.com\/NaturalWomanhood","https:\/\/x.com\/naturwomanhood","https:\/\/www.instagram.com\/naturalwomanhood\/","https:\/\/www.linkedin.com\/company\/natural-womanhood\/","https:\/\/www.youtube.com\/channel\/UCt5gjuXYioYkx31Iq4tHLGg"]}]}},"taxonomy_info":[],"featured_image_src_large":false,"author_info":{"display_name":"Natural Womanhood","author_link":"https:\/\/naturalwomanhood.org\/es\/author\/fiatadmin\/"},"comment_info":0,"_links":{"self":[{"href":"https:\/\/naturalwomanhood.org\/es\/wp-json\/wp\/v2\/pages\/10786","targetHints":{"allow":["GET"]}}],"collection":[{"href":"https:\/\/naturalwomanhood.org\/es\/wp-json\/wp\/v2\/pages"}],"about":[{"href":"https:\/\/naturalwomanhood.org\/es\/wp-json\/wp\/v2\/types\/page"}],"author":[{"embeddable":true,"href":"https:\/\/naturalwomanhood.org\/es\/wp-json\/wp\/v2\/users\/1"}],"replies":[{"embeddable":true,"href":"https:\/\/naturalwomanhood.org\/es\/wp-json\/wp\/v2\/comments?post=10786"}],"version-history":[{"count":0,"href":"https:\/\/naturalwomanhood.org\/es\/wp-json\/wp\/v2\/pages\/10786\/revisions"}],"up":[{"embeddable":true,"href":"https:\/\/naturalwomanhood.org\/es\/wp-json\/wp\/v2\/pages\/10785"}],"wp:attachment":[{"href":"https:\/\/naturalwomanhood.org\/es\/wp-json\/wp\/v2\/media?parent=10786"}],"curies":[{"name":"wp","href":"https:\/\/api.w.org\/{rel}","templated":true}]}}