{"id":10775,"date":"2020-10-14T13:49:56","date_gmt":"2020-10-14T17:49:56","guid":{"rendered":"https:\/\/naturalwomanhood.org\/?page_id=10775"},"modified":"2025-02-24T12:04:01","modified_gmt":"2025-02-24T18:04:01","slug":"medicina-reproductiva-reparadora","status":"publish","type":"page","link":"https:\/\/naturalwomanhood.org\/es\/find-a-doctor\/restorative-reproductive-medicine\/","title":{"rendered":"Medicina Reproductiva Reparadora"},"content":{"rendered":"<p>La medicina reproductiva reparadora (MRR) es una innovaci\u00f3n en la ciencia de la salud femenina que controla y mantiene la salud reproductiva y ginecol\u00f3gica de la mujer. La RRM proporciona tratamientos m\u00e9dicos y quir\u00fargicos que cooperan completamente con el sistema reproductivo. Los m\u00e9dicos formados en RRM no s\u00f3lo est\u00e1n versados en&nbsp;<a href=\"https:\/\/naturalwomanhood.org\/es\/tema\/metodos-de-conocimiento-de-la-fertilidad\/que-es-la-fam\/\" target=\"_blank\" rel=\"noreferrer noopener\">m\u00e9todos de conocimiento de la fertilidad (FAM)<\/a>Pero tambi\u00e9n han recibido formaci\u00f3n para tratar a las mujeres bas\u00e1ndose en la comprensi\u00f3n de sus ciclos de fertilidad. Este enfoque de la atenci\u00f3n sanitaria se denomina \"medicina reproductiva reparadora\" porque su objetivo es encontrar y tratar las causas profundas de los trastornos reproductivos y menstruales, as\u00ed como de la infertilidad. La RRM utiliza la medicina para restablecer los ciclos saludables de la mujer y proteger y mejorar su fertilidad natural.<\/p>\n\n\n\n<h2 class=\"wp-block-heading\" id=\"h-how-to-find-a-doctor-trained-in-restorative-reproductive-medicine\"><span id=\"how-to-find-a-doctor-trained-in-restorative-reproductive-medicine\">C\u00f3mo encontrar un m\u00e9dico especializado en medicina reproductiva reparadora<\/span><\/h2>\n\n\n\n<p><strong>Consulte nuestro directorio de proveedores de FAM&nbsp;<a href=\"https:\/\/fertilityscienceinstitute.org\/nw-fabm\/\" target=\"_blank\" rel=\"noreferrer noopener\">aqu\u00ed<\/a>. Para encontrar un m\u00e9dico, seleccione la especialidad que desee en Credencial (MD, ND, DO, NP o DNP). A continuaci\u00f3n puedes leer sobre la formaci\u00f3n espec\u00edfica que recibieron estos profesionales y otras formas de encontrar uno en tu zona.<\/strong><\/p>\n\n\n\n<p><a href=\"https:\/\/www.fertilitycare.org\/what-is-crms\" target=\"_blank\" rel=\"noreferrer noopener\">MODELO CREIGHTON Fertilidad<em>Atenci\u00f3n<\/em>&nbsp;Sistema<\/a>&nbsp;(CrMS) est\u00e1n capacitados para identificar y tratar la causa de la infertilidad y otros trastornos de la salud de la mujer utilizando el m\u00e9todo <a href=\"https:\/\/naturalwomanhood.org\/es\/naprotecnologia-respuestas-a-las-preguntas-mas-frecuentes-sobre-napro-2020\/\" target=\"_blank\" rel=\"noreferrer noopener\"><strong>NaProTECNOLOG\u00cdA<\/strong><\/a> (Tecnolog\u00eda de Procreaci\u00f3n Natural). El sitio&nbsp;<a rel=\"noreferrer noopener\" href=\"http:\/\/www.fertilitycare.org\/\" target=\"_blank\">Fertilidad<em>Atenci\u00f3n<\/em>&nbsp;Centros de Am\u00e9rica<\/a>&nbsp;ofrece una red de consultores de CrMS, que puede buscar&nbsp;<a href=\"https:\/\/www.fertilitycare.org\/find-a-mc\" target=\"_blank\" rel=\"noreferrer noopener\">aqu\u00ed<\/a>.<\/p>\n\n\n\n<p><a href=\"https:\/\/www.femmhealth.org\/\" target=\"_blank\" rel=\"noreferrer noopener\"><strong>FEMM<\/strong><\/a>&nbsp;es un programa de salud femenina que ense\u00f1a la relaci\u00f3n entre las hormonas y la salud, y c\u00f3mo controlar las hormonas y otros signos vitales de la salud reproductiva. El programa FEMM incluye protocolos m\u00e9dicos y gesti\u00f3n para tratar trastornos de la salud reproductiva.<\/p>\n\n\n\n<p><a href=\"https:\/\/neofertility.ie\/\" target=\"_blank\" rel=\"noreferrer noopener\"><strong>NeoFertility<\/strong><\/a> puede ayudar con casi cualquier problema de fertilidad. El enfoque Neo es eficaz para pacientes que han experimentado o se les ha diagnosticado aborto espont\u00e1neo recurrente, reserva ov\u00e1rica reducida, ovarios poliqu\u00edsticos, endometriosis, infertilidad por factor masculino e incluso FIV\/IUI fallidas. Incluso si sus problemas de fertilidad son \"inexplicables\", Neo agotar\u00e1 todos los m\u00e9todos de tratamiento para ayudar a descubrir la causa y tratarla en consecuencia.<\/p>\n\n\n\n<h2 id=\"professional-organizations\" class=\"wp-block-heading\">Organizaciones profesionales<\/h2>\n\n\n\n<p>Existen varios institutos y organizaciones que investigan y promueven la evoluci\u00f3n cient\u00edfica de la medicina reproductiva reparadora. Haga clic en <a href=\"https:\/\/naturalwomanhood.org\/es\/tema\/sensibilizacion-sobre-fertilidad-para-profesionales-sanitarios\/organizaciones-profesionales\/\" target=\"_blank\" rel=\"noreferrer noopener\">aqu\u00ed<\/a> para encontrar una lista de organizaciones profesionales especializadas en la ciencia de la GRR. <\/p>\n\n\n\n<h2 class=\"wp-block-heading\" id=\"h-telehealth\"><span id=\"telehealth\">Telesalud <\/span><\/h2>\n\n\n\n<p>Los profesionales de este\u00a0<a href=\"https:\/\/naturalwomanhood.org\/es\/buscar-un-medico\/telesalud\/\" target=\"_blank\" rel=\"noreferrer noopener\">lista (que incluye m\u00e9dicos, auxiliares m\u00e9dicos, enfermeros y enfermeras)<\/a> puede ayudarle a tratar una serie de trastornos menstruales y reproductivos y otros problemas de salud de la mujer a trav\u00e9s de la telesalud.<\/p>\n\n\n\n<h2 class=\"wp-block-heading\" id=\"h-doctors-for-natural-womanhood\"><span id=\"doctors-for-natural-womanhood\">M\u00e9dicos para una feminidad natural<\/span><\/h2>\n\n\n\n<p><a href=\"https:\/\/naturalwomanhood.org\/es\/acerca-de\/medicos\/\" target=\"_blank\" rel=\"noreferrer noopener\">M\u00e9dicos para una feminidad natural<\/a>&nbsp;son m\u00e9dicos que trabajan en diversos campos de la medicina y que creen que los gr\u00e1ficos de fertilidad son un signo vital de la salud de la mujer. Estas personas tambi\u00e9n creen que los FAM y la PFN pueden servir como formas seguras y altamente eficaces de&nbsp;<a href=\"https:\/\/naturalwomanhood.org\/es\/tema\/planificacion-familiar-natural\/control-de-natalidad-natural\/\" target=\"_blank\" rel=\"noreferrer noopener\">control de natalidad natural<\/a>. Contribuyen econ\u00f3micamente a Natural Womanhood para que m\u00e1s mujeres est\u00e9n informadas de sus opciones.<\/p>","protected":false},"excerpt":{"rendered":"La medicina reproductiva reparadora (MRR) es una innovaci\u00f3n en la ciencia de la salud de la mujer que controla y mantiene...","protected":false},"author":1,"featured_media":0,"parent":10771,"menu_order":0,"comment_status":"closed","ping_status":"closed","template":"","meta":{"_acf_changed":false,"_kad_blocks_custom_css":"","_kad_blocks_head_custom_js":"","_kad_blocks_body_custom_js":"","_kad_blocks_footer_custom_js":"","csco_singular_sidebar":"","csco_page_header_type":"","csco_page_load_nextpost":"","csco_post_video_location":[],"csco_post_video_url":"","csco_post_video_bg_start_time":0,"csco_post_video_bg_end_time":0,"footnotes":""},"class_list":{"0":"post-10775","1":"page","2":"type-page","3":"status-publish","5":"cs-entry","6":"cs-video-wrap"},"acf":[],"yoast_head":"<!-- This site is optimized with the Yoast SEO Premium plugin v27.2 (Yoast SEO v27.2) - https:\/\/yoast.com\/product\/yoast-seo-premium-wordpress\/ -->\n<title>Restorative Reproductive Medicine - Natural Womanhood<\/title>\n<meta name=\"robots\" content=\"index, follow, max-snippet:-1, max-image-preview:large, max-video-preview:-1\" \/>\n<link rel=\"canonical\" href=\"https:\/\/naturalwomanhood.org\/es\/buscar-un-medico\/medicina-reproductiva-reparadora\/\" \/>\n<meta property=\"og:locale\" content=\"es_MX\" \/>\n<meta property=\"og:type\" content=\"article\" \/>\n<meta property=\"og:title\" content=\"Restorative Reproductive Medicine\" \/>\n<meta property=\"og:description\" content=\"Restorative reproductive medicine (RRM) is an innovation in women\u2019s health science that monitors and maintains a woman\u2019s reproductive and gynecological\" \/>\n<meta property=\"og:url\" content=\"https:\/\/naturalwomanhood.org\/es\/buscar-un-medico\/medicina-reproductiva-reparadora\/\" \/>\n<meta property=\"og:site_name\" content=\"Natural Womanhood\" \/>\n<meta property=\"article:publisher\" content=\"https:\/\/www.facebook.com\/NaturalWomanhood\" \/>\n<meta property=\"article:modified_time\" content=\"2025-02-24T18:04:01+00:00\" \/>\n<meta property=\"og:image\" content=\"https:\/\/naturalwomanhood.org\/wp-content\/uploads\/nw-logo-social.jpg\" \/>\n\t<meta property=\"og:image:width\" content=\"1200\" \/>\n\t<meta property=\"og:image:height\" content=\"630\" \/>\n\t<meta property=\"og:image:type\" content=\"image\/jpeg\" \/>\n<meta name=\"twitter:card\" content=\"summary_large_image\" \/>\n<meta name=\"twitter:site\" content=\"@naturwomanhood\" \/>\n<meta name=\"twitter:label1\" content=\"Tiempo de lectura\" \/>\n\t<meta name=\"twitter:data1\" content=\"2 minutos\" \/>\n<script type=\"application\/ld+json\" class=\"yoast-schema-graph\">{\"@context\":\"https:\/\/schema.org\",\"@graph\":[{\"@type\":\"WebPage\",\"@id\":\"https:\/\/naturalwomanhood.org\/find-a-doctor\/restorative-reproductive-medicine\/\",\"url\":\"https:\/\/naturalwomanhood.org\/find-a-doctor\/restorative-reproductive-medicine\/\",\"name\":\"Restorative Reproductive Medicine - Natural Womanhood\",\"isPartOf\":{\"@id\":\"https:\/\/naturalwomanhood.org\/#website\"},\"datePublished\":\"2020-10-14T17:49:56+00:00\",\"dateModified\":\"2025-02-24T18:04:01+00:00\",\"breadcrumb\":{\"@id\":\"https:\/\/naturalwomanhood.org\/find-a-doctor\/restorative-reproductive-medicine\/#breadcrumb\"},\"inLanguage\":\"es\",\"potentialAction\":[{\"@type\":\"ReadAction\",\"target\":[\"https:\/\/naturalwomanhood.org\/find-a-doctor\/restorative-reproductive-medicine\/\"]}]},{\"@type\":\"BreadcrumbList\",\"@id\":\"https:\/\/naturalwomanhood.org\/find-a-doctor\/restorative-reproductive-medicine\/#breadcrumb\",\"itemListElement\":[{\"@type\":\"ListItem\",\"position\":1,\"name\":\"Home\",\"item\":\"https:\/\/naturalwomanhood.org\/\"},{\"@type\":\"ListItem\",\"position\":2,\"name\":\"Find a Doctor\",\"item\":\"https:\/\/naturalwomanhood.org\/find-a-doctor\/\"},{\"@type\":\"ListItem\",\"position\":3,\"name\":\"Restorative Reproductive Medicine\"}]},{\"@type\":\"WebSite\",\"@id\":\"https:\/\/naturalwomanhood.org\/#website\",\"url\":\"https:\/\/naturalwomanhood.org\/\",\"name\":\"Natural Womanhood\",\"description\":\"\",\"publisher\":{\"@id\":\"https:\/\/naturalwomanhood.org\/#organization\"},\"potentialAction\":[{\"@type\":\"SearchAction\",\"target\":{\"@type\":\"EntryPoint\",\"urlTemplate\":\"https:\/\/naturalwomanhood.org\/?s={search_term_string}\"},\"query-input\":{\"@type\":\"PropertyValueSpecification\",\"valueRequired\":true,\"valueName\":\"search_term_string\"}}],\"inLanguage\":\"es\"},{\"@type\":\"Organization\",\"@id\":\"https:\/\/naturalwomanhood.org\/#organization\",\"name\":\"Natural Womanhood\",\"url\":\"https:\/\/naturalwomanhood.org\/\",\"logo\":{\"@type\":\"ImageObject\",\"inLanguage\":\"es\",\"@id\":\"https:\/\/naturalwomanhood.org\/#\/schema\/logo\/image\/\",\"url\":\"\",\"contentUrl\":\"\",\"caption\":\"Natural Womanhood\"},\"image\":{\"@id\":\"https:\/\/naturalwomanhood.org\/#\/schema\/logo\/image\/\"},\"sameAs\":[\"https:\/\/www.facebook.com\/NaturalWomanhood\",\"https:\/\/x.com\/naturwomanhood\",\"https:\/\/www.instagram.com\/naturalwomanhood\/\",\"https:\/\/www.linkedin.com\/company\/natural-womanhood\/\",\"https:\/\/www.youtube.com\/channel\/UCt5gjuXYioYkx31Iq4tHLGg\"]}]}<\/script>\n<!-- \/ Yoast SEO Premium plugin. -->","yoast_head_json":{"title":"Medicina Reproductiva Reparadora - Natural Womanhood","robots":{"index":"index","follow":"follow","max-snippet":"max-snippet:-1","max-image-preview":"max-image-preview:large","max-video-preview":"max-video-preview:-1"},"canonical":"https:\/\/naturalwomanhood.org\/es\/buscar-un-medico\/medicina-reproductiva-reparadora\/","og_locale":"es_MX","og_type":"article","og_title":"Restorative Reproductive Medicine","og_description":"Restorative reproductive medicine (RRM) is an innovation in women\u2019s health science that monitors and maintains a woman\u2019s reproductive and gynecological","og_url":"https:\/\/naturalwomanhood.org\/es\/buscar-un-medico\/medicina-reproductiva-reparadora\/","og_site_name":"Natural Womanhood","article_publisher":"https:\/\/www.facebook.com\/NaturalWomanhood","article_modified_time":"2025-02-24T18:04:01+00:00","og_image":[{"width":1200,"height":630,"url":"https:\/\/naturalwomanhood.org\/wp-content\/uploads\/nw-logo-social.jpg","type":"image\/jpeg"}],"twitter_card":"summary_large_image","twitter_site":"@naturwomanhood","twitter_misc":{"Tiempo de lectura":"2 minutos"},"schema":{"@context":"https:\/\/schema.org","@graph":[{"@type":"WebPage","@id":"https:\/\/naturalwomanhood.org\/find-a-doctor\/restorative-reproductive-medicine\/","url":"https:\/\/naturalwomanhood.org\/find-a-doctor\/restorative-reproductive-medicine\/","name":"Medicina Reproductiva Reparadora - Natural Womanhood","isPartOf":{"@id":"https:\/\/naturalwomanhood.org\/#website"},"datePublished":"2020-10-14T17:49:56+00:00","dateModified":"2025-02-24T18:04:01+00:00","breadcrumb":{"@id":"https:\/\/naturalwomanhood.org\/find-a-doctor\/restorative-reproductive-medicine\/#breadcrumb"},"inLanguage":"es","potentialAction":[{"@type":"ReadAction","target":["https:\/\/naturalwomanhood.org\/find-a-doctor\/restorative-reproductive-medicine\/"]}]},{"@type":"BreadcrumbList","@id":"https:\/\/naturalwomanhood.org\/find-a-doctor\/restorative-reproductive-medicine\/#breadcrumb","itemListElement":[{"@type":"ListItem","position":1,"name":"Home","item":"https:\/\/naturalwomanhood.org\/"},{"@type":"ListItem","position":2,"name":"Find a Doctor","item":"https:\/\/naturalwomanhood.org\/find-a-doctor\/"},{"@type":"ListItem","position":3,"name":"Restorative Reproductive Medicine"}]},{"@type":"WebSite","@id":"https:\/\/naturalwomanhood.org\/#website","url":"https:\/\/naturalwomanhood.org\/","name":"Natural Womanhood","description":"","publisher":{"@id":"https:\/\/naturalwomanhood.org\/#organization"},"potentialAction":[{"@type":"SearchAction","target":{"@type":"EntryPoint","urlTemplate":"https:\/\/naturalwomanhood.org\/?s={search_term_string}"},"query-input":{"@type":"PropertyValueSpecification","valueRequired":true,"valueName":"search_term_string"}}],"inLanguage":"es"},{"@type":"Organization","@id":"https:\/\/naturalwomanhood.org\/#organization","name":"Natural Womanhood","url":"https:\/\/naturalwomanhood.org\/","logo":{"@type":"ImageObject","inLanguage":"es","@id":"https:\/\/naturalwomanhood.org\/#\/schema\/logo\/image\/","url":"","contentUrl":"","caption":"Natural Womanhood"},"image":{"@id":"https:\/\/naturalwomanhood.org\/#\/schema\/logo\/image\/"},"sameAs":["https:\/\/www.facebook.com\/NaturalWomanhood","https:\/\/x.com\/naturwomanhood","https:\/\/www.instagram.com\/naturalwomanhood\/","https:\/\/www.linkedin.com\/company\/natural-womanhood\/","https:\/\/www.youtube.com\/channel\/UCt5gjuXYioYkx31Iq4tHLGg"]}]}},"taxonomy_info":[],"featured_image_src_large":false,"author_info":{"display_name":"Natural Womanhood","author_link":"https:\/\/naturalwomanhood.org\/es\/author\/fiatadmin\/"},"comment_info":0,"_links":{"self":[{"href":"https:\/\/naturalwomanhood.org\/es\/wp-json\/wp\/v2\/pages\/10775","targetHints":{"allow":["GET"]}}],"collection":[{"href":"https:\/\/naturalwomanhood.org\/es\/wp-json\/wp\/v2\/pages"}],"about":[{"href":"https:\/\/naturalwomanhood.org\/es\/wp-json\/wp\/v2\/types\/page"}],"author":[{"embeddable":true,"href":"https:\/\/naturalwomanhood.org\/es\/wp-json\/wp\/v2\/users\/1"}],"replies":[{"embeddable":true,"href":"https:\/\/naturalwomanhood.org\/es\/wp-json\/wp\/v2\/comments?post=10775"}],"version-history":[{"count":0,"href":"https:\/\/naturalwomanhood.org\/es\/wp-json\/wp\/v2\/pages\/10775\/revisions"}],"up":[{"embeddable":true,"href":"https:\/\/naturalwomanhood.org\/es\/wp-json\/wp\/v2\/pages\/10771"}],"wp:attachment":[{"href":"https:\/\/naturalwomanhood.org\/es\/wp-json\/wp\/v2\/media?parent=10775"}],"curies":[{"name":"wp","href":"https:\/\/api.w.org\/{rel}","templated":true}]}}